

{"id":71,"date":"2018-02-14T13:57:20","date_gmt":"2018-02-14T12:57:20","guid":{"rendered":"https:\/\/project.inria.fr\/gtecmrv\/?page_id=71"},"modified":"2018-02-27T17:40:38","modified_gmt":"2018-02-27T16:40:38","slug":"appel-a-contribution","status":"publish","type":"page","link":"https:\/\/project.inria.fr\/gtecmrv\/appel-a-contribution\/","title":{"rendered":"Appel \u00e0 contribution"},"content":{"rendered":"<p>Les inscriptions (gratuites) s&rsquo;effectuent sur le <a href=\"https:\/\/project.inria.fr\/gtecmrv\/formulaire-dinscription\/\" target=\"_blank\" rel=\"noopener\">site web<\/a>.<\/p>\n<p>Si vous souhaitez proposer une communication orale sur un des sujets de ces journ\u00e9es, vous pouvez nous envoyer un r\u00e9sum\u00e9, au format word (mod\u00e8le r\u00e9cup\u00e9rable <a href=\"https:\/\/project.inria.fr\/gtecmrv\/files\/2018\/02\/abstract.docx\">ici<\/a>), \u00e0 l&rsquo;adresse <a href=\"mailto:gt-ecmrv2018@inria.fr\">gt-ecmrv2018@inria.fr<\/a>.<\/p>\n<p><strong>Date limite de soumission des r\u00e9sum\u00e9s : le 28 Mars 2018<\/strong><\/p>\n<p>&nbsp;<\/p>\n","protected":false},"excerpt":{"rendered":"<p>Les inscriptions (gratuites) s&rsquo;effectuent sur le site web. Si vous souhaitez proposer une communication orale sur un des sujets de ces journ\u00e9es, vous pouvez nous envoyer un r\u00e9sum\u00e9, au format word (mod\u00e8le r\u00e9cup\u00e9rable ici), \u00e0 l&rsquo;adresse gt-ecmrv2018@inria.fr. Date limite de soumission des r\u00e9sum\u00e9s : le 28 Mars 2018 &nbsp;<\/p>\n<p> <a class=\"continue-reading-link\" href=\"https:\/\/project.inria.fr\/gtecmrv\/appel-a-contribution\/\"><span>Continue reading<\/span><i class=\"crycon-right-dir\"><\/i><\/a> <\/p>\n","protected":false},"author":89,"featured_media":0,"parent":0,"menu_order":0,"comment_status":"closed","ping_status":"closed","template":"","meta":{"footnotes":""},"class_list":["post-71","page","type-page","status-publish","hentry"],"_links":{"self":[{"href":"https:\/\/project.inria.fr\/gtecmrv\/wp-json\/wp\/v2\/pages\/71","targetHints":{"allow":["GET"]}}],"collection":[{"href":"https:\/\/project.inria.fr\/gtecmrv\/wp-json\/wp\/v2\/pages"}],"about":[{"href":"https:\/\/project.inria.fr\/gtecmrv\/wp-json\/wp\/v2\/types\/page"}],"author":[{"embeddable":true,"href":"https:\/\/project.inria.fr\/gtecmrv\/wp-json\/wp\/v2\/users\/89"}],"replies":[{"embeddable":true,"href":"https:\/\/project.inria.fr\/gtecmrv\/wp-json\/wp\/v2\/comments?post=71"}],"version-history":[{"count":11,"href":"https:\/\/project.inria.fr\/gtecmrv\/wp-json\/wp\/v2\/pages\/71\/revisions"}],"predecessor-version":[{"id":225,"href":"https:\/\/project.inria.fr\/gtecmrv\/wp-json\/wp\/v2\/pages\/71\/revisions\/225"}],"wp:attachment":[{"href":"https:\/\/project.inria.fr\/gtecmrv\/wp-json\/wp\/v2\/media?parent=71"}],"curies":[{"name":"wp","href":"https:\/\/api.w.org\/{rel}","templated":true}]}}