

{"id":76,"date":"2018-02-14T14:00:31","date_gmt":"2018-02-14T13:00:31","guid":{"rendered":"https:\/\/project.inria.fr\/gtecmrv\/?page_id=76"},"modified":"2018-04-20T21:14:48","modified_gmt":"2018-04-20T19:14:48","slug":"programme","status":"publish","type":"page","link":"https:\/\/project.inria.fr\/gtecmrv\/programme\/","title":{"rendered":"Programme"},"content":{"rendered":"<h1>Programme<\/h1>\n<h1>18 Avril<\/h1>\n<p>13h30 accueil \u2013 caf\u00e9<\/p>\n<p>14h Bienvenue \u00e0 l\u2019ENS \u2013 introduction<\/p>\n<p>14h30 Session 1 \u2013 Capture et mod\u00e9lisation de la performance motrice, dans le cadre d\u2019un apprentissage en environnement virtuel<\/p>\n<ul>\n<li>14h30\u00a0: Correction de donn\u00e9es squelettiques estim\u00e9es \u00e0 partir d\u2019une cam\u00e9ra de profondeur. <strong>Pierre Pantard<\/strong>, Franck Multon. Universit\u00e9 Rennes<\/li>\n<li>15h00\u00a0: Curvilinear Displacement based approach for online 3D action detection. Yacine Boulahia, Eric Anquetil, <strong>Franck Multon<\/strong>, Richard Kulpa. Universit\u00e9 Rennes \u2013 Insa Rennes<\/li>\n<\/ul>\n<p>15h30 Pause-caf\u00e9<\/p>\n<p>16h00 session 2 \u2013 Evaluation assist\u00e9e par ordinateur de la performance motrice dans une boucle d\u2019apprentissage en environnement virtuel<\/p>\n<ul>\n<li>16h00 \u00c9valuation de la performance de gestes musicaux \u00e0 partir de donn\u00e9es captur\u00e9es. Lei Chen, <strong>Sylvie Gibet<\/strong>. Universit\u00e9 Bretagne Sud<\/li>\n<li>16h30 Time-series averaging using constrained dynamic time warping with tolerance. Marion Morel, C Achard, <strong>Richard Kulpa<\/strong>, S Dubuisson. UPMC Sorbonne Universit\u00e9s \u2013 Universit\u00e9 Rennes<\/li>\n<li>17h00 Improving training performances with an error-based assistance for gesture guidance. Florian Jeanne, <strong>Indira Thouvenin<\/strong> Sorbonne universit\u00e9s, Universit\u00e9 de Technologie de Compi\u00e8gne, CNRS UMR 7253 Heudiasyc<\/li>\n<\/ul>\n<p>17h30 Visite immermove et d\u00e9mos<\/p>\n<p>18h45 cocktail dinatoire<\/p>\n<p>20h55 dernier bus pour retourner sur Rennes<\/p>\n<h1>19 Avril<\/h1>\n<p>8h30 accueil \u2013 caf\u00e9<\/p>\n<p>9h00\u00a0Session 3 \u2013 Perception et retours multisensoriels de sa performance : voir son corps, perception des interactions avec l\u2019environnement\u2026<\/p>\n<ul>\n<li>9h00 Evaluation des erreurs de vitesse per\u00e7ue durant la marche et la course en environnement virtuel. <strong>Th\u00e9o Perrin<\/strong>, Hugo Kerherv\u00e9, Charles Faure, G. Cattozzo, Benoit Bideau, Richard Kulpa, Univ Rennes.<\/li>\n<li>9h30 Influence de la main virtuelle sur une t\u00e2che d\u2019apprentissage moteur dans un environnement virtuel immersif. <strong>Aylen Ricca<\/strong>, Amine Chellali, Samir Otmane, IBISC Paris Saclay<\/li>\n<li>10h00 Effet de retours vibratoires sur la pr\u00e9cision de gestes de pointage en environnement constrain. <strong>Daniel Mestre<\/strong>, CNRS<\/li>\n<\/ul>\n<p>10h30 Pause-caf\u00e9<\/p>\n<p>11h00 Session 4 \u2013 Exp\u00e9riences d\u2019apprentissage moteur, avec transfert des comp\u00e9tences vers la pratique r\u00e9elle<\/p>\n<ul>\n<li>11h00 Fid\u00e9lit\u00e9 biom\u00e9canique de t\u00e2ches de pick-and-place simul\u00e9es avec rendu haptique. <strong>Simon Hilt<\/strong>, Charles Pontonnier, Georges Dumont. ENS de Rennes<\/li>\n<li>11h30 Les syst\u00e8mes haptique dans le cadre du contr\u00f4le et de l\u2019apprentissage du geste. <strong>Pierre Vercruysse<\/strong>, Haption<\/li>\n<\/ul>\n<p>12h conclusion des journ\u00e9es<\/p>\n<p>12h30 Buffet<\/p>\n","protected":false},"excerpt":{"rendered":"<p>Programme 18 Avril 13h30 accueil \u2013 caf\u00e9 14h Bienvenue \u00e0 l\u2019ENS \u2013 introduction 14h30 Session 1 \u2013 Capture et mod\u00e9lisation de la performance motrice, dans le cadre d\u2019un apprentissage en environnement virtuel 14h30\u00a0: Correction de donn\u00e9es squelettiques estim\u00e9es \u00e0 partir d\u2019une cam\u00e9ra de profondeur. Pierre Pantard, Franck Multon. Universit\u00e9 Rennes\u2026<\/p>\n<p> <a class=\"continue-reading-link\" href=\"https:\/\/project.inria.fr\/gtecmrv\/programme\/\"><span>Continue reading<\/span><i class=\"crycon-right-dir\"><\/i><\/a> <\/p>\n","protected":false},"author":89,"featured_media":0,"parent":0,"menu_order":0,"comment_status":"closed","ping_status":"closed","template":"","meta":{"footnotes":""},"class_list":["post-76","page","type-page","status-publish","hentry"],"_links":{"self":[{"href":"https:\/\/project.inria.fr\/gtecmrv\/wp-json\/wp\/v2\/pages\/76","targetHints":{"allow":["GET"]}}],"collection":[{"href":"https:\/\/project.inria.fr\/gtecmrv\/wp-json\/wp\/v2\/pages"}],"about":[{"href":"https:\/\/project.inria.fr\/gtecmrv\/wp-json\/wp\/v2\/types\/page"}],"author":[{"embeddable":true,"href":"https:\/\/project.inria.fr\/gtecmrv\/wp-json\/wp\/v2\/users\/89"}],"replies":[{"embeddable":true,"href":"https:\/\/project.inria.fr\/gtecmrv\/wp-json\/wp\/v2\/comments?post=76"}],"version-history":[{"count":10,"href":"https:\/\/project.inria.fr\/gtecmrv\/wp-json\/wp\/v2\/pages\/76\/revisions"}],"predecessor-version":[{"id":231,"href":"https:\/\/project.inria.fr\/gtecmrv\/wp-json\/wp\/v2\/pages\/76\/revisions\/231"}],"wp:attachment":[{"href":"https:\/\/project.inria.fr\/gtecmrv\/wp-json\/wp\/v2\/media?parent=76"}],"curies":[{"name":"wp","href":"https:\/\/api.w.org\/{rel}","templated":true}]}}