

{"id":94,"date":"2024-02-28T10:45:03","date_gmt":"2024-02-28T09:45:03","guid":{"rendered":"https:\/\/project.inria.fr\/hipothec\/?page_id=94"},"modified":"2026-02-02T22:22:04","modified_gmt":"2026-02-02T21:22:04","slug":"consortium","status":"publish","type":"page","link":"https:\/\/project.inria.fr\/hipothec\/consortium\/","title":{"rendered":"The consortium"},"content":{"rendered":"\n<div style=\"height:40px\" aria-hidden=\"true\" class=\"wp-block-spacer\"><\/div>\n\n\n\n<p class=\"has-text-align-left\" style=\"font-size:26px\">The North pole<\/p>\n\n\n\n<div class=\"wp-block-group\"><div class=\"wp-block-group__inner-container is-layout-constrained wp-block-group-is-layout-constrained\">\n<ul class=\"wp-block-list has-medium-font-size\">\n<li><a href=\"https:\/\/sites.google.com\/view\/chezsimonlemaire\/\" target=\"_blank\" rel=\"noreferrer noopener\">Simon Lemaire<\/a> (CR, <strong>coordinator<\/strong>) &amp; <a href=\"https:\/\/tchaumont.github.io\/\" target=\"_blank\" rel=\"noreferrer noopener\">Th\u00e9ophile Chaumont-Frelet<\/a> (CR), Centre Inria de l&#8217;Universit\u00e9 de Lille<\/li>\n\n\n\n<li><a href=\"https:\/\/www.uphf.fr\/ceramaths\/membres\/nicaise_serge\" target=\"_blank\" rel=\"noreferrer noopener\">Serge Nicaise<\/a> (PR), Universit\u00e9 Polytechnique des Hauts-de-France (Valenciennes)<\/li>\n<\/ul>\n\n\n\n<div style=\"height:21px\" aria-hidden=\"true\" class=\"wp-block-spacer\"><\/div>\n\n\n\n<div style=\"height:0px\" aria-hidden=\"true\" class=\"wp-block-spacer\"><\/div>\n\n\n\n<ul class=\"wp-block-list has-medium-font-size\">\n<li><a href=\"https:\/\/theses.fr\/s350907\">Marwa Salah<\/a> (post-doc, since 02\/2026), Centre Inria de l&#8217;Universit\u00e9 de Lille:\n<ul class=\"wp-block-list\">\n<li>&#8220;Taming flaws in the polyhedral simulation of eddy current testing&#8221;<\/li>\n<\/ul>\n<\/li>\n\n\n\n<li><a href=\"https:\/\/theses.fr\/s418209\" target=\"_blank\" rel=\"noreferrer noopener\">Cyrian Marczewski<\/a> (PhD student, since 09\/2025), UPHF (Valenciennes) &amp; Centre Inria de l&#8217;Universit\u00e9 de Lille:\n<ul class=\"wp-block-list\">\n<li>&#8220;A posteriori error analysis for hybrid high-order methods, application to the harmonic Maxwell equations&#8221;<\/li>\n<\/ul>\n<\/li>\n<\/ul>\n<\/div><\/div>\n\n\n\n<div style=\"height:28px\" aria-hidden=\"true\" class=\"wp-block-spacer\"><\/div>\n\n\n\n<p class=\"has-text-align-left\" style=\"font-size:26px\">EDF R&amp;D<\/p>\n\n\n\n<ul class=\"wp-block-list\">\n<li class=\"has-medium-font-size\"><a href=\"http:\/\/dalphin5.free.fr\/\" data-type=\"URL\" data-id=\"http:\/\/dalphin5.free.fr\/\" target=\"_blank\" rel=\"noreferrer noopener\">J\u00e9r\u00e9my Dalphin<\/a> (IR), EDF Lab Paris-Saclay<\/li>\n\n\n\n<li class=\"has-medium-font-size\"><a href=\"https:\/\/www.linkedin.com\/in\/jean-pierre-ducreux-9bba8b97\/\" target=\"_blank\" rel=\"noreferrer noopener\">Jean-Pierre Ducreux<\/a> (IR), EDF Lab Paris-Saclay<\/li>\n<\/ul>\n\n\n\n<div style=\"height:24px\" aria-hidden=\"true\" class=\"wp-block-spacer\"><\/div>\n\n\n\n<p class=\"has-text-align-left\" style=\"font-size:26px\">The South pole<\/p>\n\n\n\n<ul class=\"wp-block-list has-medium-font-size\">\n<li><a href=\"https:\/\/math.univ-cotedazur.fr\/~frapetti\/\" target=\"_blank\" rel=\"noreferrer noopener\">Francesca Rapetti<\/a> (MCF HDR), Universit\u00e9 C\u00f4te d&#8217;Azur (Nice)<\/li>\n\n\n\n<li><a href=\"https:\/\/imag.umontpellier.fr\/~di-pietro\/\" target=\"_blank\" rel=\"noreferrer noopener\">Daniele A. Di Pietro<\/a> (PR), Universit\u00e9 de Montpellier<\/li>\n<\/ul>\n\n\n\n<div style=\"height:17px\" aria-hidden=\"true\" class=\"wp-block-spacer\"><\/div>\n\n\n\n<ul class=\"wp-block-list has-medium-font-size\">\n<li><a href=\"https:\/\/theses.fr\/s402507\" target=\"_blank\" rel=\"noreferrer noopener\">Emil H\u00f6ssjer<\/a> (PhD student, since 11\/2024), Universit\u00e9 de Montpellier &amp; Universit\u00e9 C\u00f4te d&#8217;Azur (Nice): \n<ul class=\"wp-block-list\">\n<li>&#8220;Multigrid strategies for hybrid discretizations of problems in electromagnetism&#8221;<\/li>\n<\/ul>\n<\/li>\n<\/ul>\n\n\n\n<div style=\"height:75px\" aria-hidden=\"true\" class=\"wp-block-spacer\"><\/div>\n\n\n\n<figure class=\"wp-block-image size-large is-resized is-style-default\"><a href=\"https:\/\/project.inria.fr\/hipothec\/files\/2024\/02\/logo_consortium.png\"><img loading=\"lazy\" decoding=\"async\" width=\"1024\" height=\"95\" src=\"https:\/\/project.inria.fr\/hipothec\/files\/2024\/02\/logo_consortium-1024x95.png\" alt=\"\" class=\"wp-image-146\" style=\"width:1242px;height:114px\" srcset=\"https:\/\/project.inria.fr\/hipothec\/files\/2024\/02\/logo_consortium-1024x95.png 1024w, https:\/\/project.inria.fr\/hipothec\/files\/2024\/02\/logo_consortium-300x28.png 300w, https:\/\/project.inria.fr\/hipothec\/files\/2024\/02\/logo_consortium-768x71.png 768w, https:\/\/project.inria.fr\/hipothec\/files\/2024\/02\/logo_consortium-1536x142.png 1536w, https:\/\/project.inria.fr\/hipothec\/files\/2024\/02\/logo_consortium-2048x190.png 2048w, https:\/\/project.inria.fr\/hipothec\/files\/2024\/02\/logo_consortium-150x14.png 150w\" sizes=\"auto, (max-width: 1024px) 100vw, 1024px\" \/><\/a><\/figure>\n","protected":false},"excerpt":{"rendered":"<p>The North pole EDF R&amp;D The South pole<\/p>\n<p> <a class=\"continue-reading-link\" href=\"https:\/\/project.inria.fr\/hipothec\/consortium\/\"><span>Continue reading<\/span><i class=\"crycon-right-dir\"><\/i><\/a> <\/p>\n","protected":false},"author":2438,"featured_media":0,"parent":0,"menu_order":0,"comment_status":"closed","ping_status":"closed","template":"","meta":{"footnotes":""},"class_list":["post-94","page","type-page","status-publish","hentry"],"_links":{"self":[{"href":"https:\/\/project.inria.fr\/hipothec\/wp-json\/wp\/v2\/pages\/94","targetHints":{"allow":["GET"]}}],"collection":[{"href":"https:\/\/project.inria.fr\/hipothec\/wp-json\/wp\/v2\/pages"}],"about":[{"href":"https:\/\/project.inria.fr\/hipothec\/wp-json\/wp\/v2\/types\/page"}],"author":[{"embeddable":true,"href":"https:\/\/project.inria.fr\/hipothec\/wp-json\/wp\/v2\/users\/2438"}],"replies":[{"embeddable":true,"href":"https:\/\/project.inria.fr\/hipothec\/wp-json\/wp\/v2\/comments?post=94"}],"version-history":[{"count":54,"href":"https:\/\/project.inria.fr\/hipothec\/wp-json\/wp\/v2\/pages\/94\/revisions"}],"predecessor-version":[{"id":446,"href":"https:\/\/project.inria.fr\/hipothec\/wp-json\/wp\/v2\/pages\/94\/revisions\/446"}],"wp:attachment":[{"href":"https:\/\/project.inria.fr\/hipothec\/wp-json\/wp\/v2\/media?parent=94"}],"curies":[{"name":"wp","href":"https:\/\/api.w.org\/{rel}","templated":true}]}}