

{"id":96,"date":"2024-02-28T10:45:03","date_gmt":"2024-02-28T09:45:03","guid":{"rendered":"https:\/\/project.inria.fr\/hipothec\/?page_id=96"},"modified":"2024-08-23T13:57:29","modified_gmt":"2024-08-23T11:57:29","slug":"publications","status":"publish","type":"page","link":"https:\/\/project.inria.fr\/hipothec\/publications\/","title":{"rendered":"Publications"},"content":{"rendered":"\n   <!DOCTYPE html PUBLIC \"-\/\/W3C\/\/DTD XHTML 1.0 Transitional\/\/EN\" \"http:\/\/www.w3.org\/TR\/xhtml1\/DTD\/xhtml1-transitional.dtd\"> <html xmlns='http:\/\/www.w3.org\/1999\/xhtml' xml:lang='fr' lang='fr'> <head> <meta name=\"robots\" content=\"noindex, nofollow\" \/> <meta http-equiv=\"content-type\" content= \"text\/html;charset=UTF-8\" \/> <meta http-equiv=\"Content-Language\" content=\"fr\" \/> <link rel=\"stylesheet\" type=\"text\/css\" href=\"..\/css\/VisuGen.css\" \/> <link rel=\"stylesheet\" type=\"text\/css\" href=\"https:\/\/haltools.inria.fr\/\/css\/VisuRubriqueEncadre.css\" \/> <!-- Piwik haltools.inria.fr--> <script type=\"text\/javascript\">   var _paq = _paq || [];   _paq.push(['trackPageView']);   _paq.push(['enableLinkTracking']);   (function() {     var u=\"\/\/piwik.inria.fr\/\";     _paq.push(['setTrackerUrl', u+'piwik.php']);     _paq.push(['setSiteId', 25]);     var d=document, g=d.createElement('script'), s=d.getElementsByTagName('script')[0];     g.type='text\/javascript'; g.async=true; g.defer=true; g.src=u+'piwik.js'; s.parentNode.insertBefore(g,s);   })(); <\/script> <noscript><p><img decoding=\"async\" src=\"\/\/piwik.inria.fr\/piwik.php?idsite=25\" style=\"border:0;\" alt=\"\" \/><\/p><\/noscript> <!-- End Piwik Code -->  <title>Publications HAL du projet ANR.  ANR-23-CE46-0013<\/title> <\/head> <body> <div id=\"res_script\"> <p class='Rubrique'>2026<\/p> <p class='SousRubrique'>Preprints, Working Papers, &#8230;<\/p> <dl class='NoticeRes'> <dt class=\"ChampRes\">titre<\/dt><dd class=\"ValeurRes Titre\"><a href=\"https:\/\/hal.science\/hal-05513767v1\" target=\"_blank\" >Equivalence of mixed and nonconforming methods on general polytopal partitions. Part I: Multiscale and projection methods<\/a><\/dd> <dt class=\"ChampRes\">auteur<\/dt><dd class=\"ValeurRes Auteurs\">Simon Lemaire<\/dd> <dt class=\"ChampRes\">article<\/dt><dd class=\"ValeurRes article\">2026<\/dd> <dt class=\"ChampRes\">Acc\u00e8s au texte int\u00e9gral et bibtex<\/dt> <dd class=\"ValeurRes Fichier_joint\"> <a href=\"https:\/\/hal.science\/hal-05513767\/file\/equiv.pdf\"  target=\"_blank\"> <img decoding=\"async\" alt=\"https:\/\/hal.science\/hal-05513767\/file\/equiv.pdf\" src=\"https:\/\/haltools.inria.fr\/images\/Haltools_pdf.png\" border=\"0\" title=\"https:\/\/hal.science\/hal-05513767\/file\/equiv.pdf\" \/><\/a> <span class=\"LienBibtexACoteFulltext\"><a href=\"https:\/\/hal.science\/hal-05513767v1\/bibtex\" target=\"_self\"> <img decoding=\"async\" alt=\"BibTex\" src=\"https:\/\/haltools.inria.fr\/images\/Haltools_bibtex3.png\" border=\"0\"  title=\"BibTex\" \/><\/a> <\/span><\/dd> <\/dl> <p class='Rubrique'>2025<\/p> <p class='SousRubrique'>Journal articles<\/p> <dl class='NoticeRes'> <dt class=\"ChampRes\">titre<\/dt><dd class=\"ValeurRes Titre\"><a href=\"https:\/\/hal.science\/hal-04081568v3\" target=\"_blank\" >Discrete Weber inequalities and related Maxwell compactness for hybrid spaces over polyhedral partitions of domains with general topology<\/a><\/dd> <dt class=\"ChampRes\">auteur<\/dt><dd class=\"ValeurRes Auteurs\">Simon Lemaire, Silvano Pitassi<\/dd> <dt class=\"ChampRes\">article<\/dt><dd class=\"ValeurRes article\"><i>Foundations of Computational Mathematics<\/i>, 2025, 25 (3), pp.725-763. <a target=\"_blank\" href=\"https:\/\/dx.doi.org\/10.1007\/s10208-024-09648-9\">&#x27E8;10.1007\/s10208-024-09648-9&#x27E9;<\/a><\/dd> <dt class=\"ChampRes\">Acc\u00e8s au texte int\u00e9gral et bibtex<\/dt> <dd class=\"ValeurRes Fichier_joint\"> <a href=\"https:\/\/hal.science\/hal-04081568\/file\/hybrid_weber.pdf\"  target=\"_blank\"> <img decoding=\"async\" alt=\"https:\/\/hal.science\/hal-04081568\/file\/hybrid_weber.pdf\" src=\"https:\/\/haltools.inria.fr\/images\/Haltools_pdf.png\" border=\"0\" title=\"https:\/\/hal.science\/hal-04081568\/file\/hybrid_weber.pdf\" \/><\/a> <span class=\"LienBibtexACoteFulltext\"><a href=\"https:\/\/hal.science\/hal-04081568v3\/bibtex\" target=\"_self\"> <img decoding=\"async\" alt=\"BibTex\" src=\"https:\/\/haltools.inria.fr\/images\/Haltools_bibtex3.png\" border=\"0\"  title=\"BibTex\" \/><\/a> <\/span><\/dd> <\/dl> <dl class='NoticeRes'> <dt class=\"ChampRes\">titre<\/dt><dd class=\"ValeurRes Titre\"><a href=\"https:\/\/hal.science\/hal-04663200v3\" target=\"_blank\" >Hybrid high-order approximations of div-curl systems on domains with general topology<\/a><\/dd> <dt class=\"ChampRes\">auteur<\/dt><dd class=\"ValeurRes Auteurs\">J\u00e9r\u00e9my Dalphin, Jean-Pierre Ducreux, Simon Lemaire, Silvano Pitassi<\/dd> <dt class=\"ChampRes\">article<\/dt><dd class=\"ValeurRes article\"><i>SIAM Journal on Scientific Computing<\/i>, 2025, 47 (5), pp.A2988-A3016. <a target=\"_blank\" href=\"https:\/\/dx.doi.org\/10.1137\/25M1744356\">&#x27E8;10.1137\/25M1744356&#x27E9;<\/a><\/dd> <dt class=\"ChampRes\">Acc\u00e8s au texte int\u00e9gral et bibtex<\/dt> <dd class=\"ValeurRes Fichier_joint\"> <a href=\"https:\/\/hal.science\/hal-04663200\/file\/hybrid_divcurl.pdf\"  target=\"_blank\"> <img decoding=\"async\" alt=\"https:\/\/hal.science\/hal-04663200\/file\/hybrid_divcurl.pdf\" src=\"https:\/\/haltools.inria.fr\/images\/Haltools_pdf.png\" border=\"0\" title=\"https:\/\/hal.science\/hal-04663200\/file\/hybrid_divcurl.pdf\" \/><\/a> <span class=\"LienBibtexACoteFulltext\"><a href=\"https:\/\/hal.science\/hal-04663200v3\/bibtex\" target=\"_self\"> <img decoding=\"async\" alt=\"BibTex\" src=\"https:\/\/haltools.inria.fr\/images\/Haltools_bibtex3.png\" border=\"0\"  title=\"BibTex\" \/><\/a> <\/span><\/dd> <\/dl> <p class='SousRubrique'>Preprints, Working Papers, &#8230;<\/p> <dl class='NoticeRes'> <dt class=\"ChampRes\">titre<\/dt><dd class=\"ValeurRes Titre\"><a href=\"https:\/\/hal.science\/hal-05304175v2\" target=\"_blank\" >Commuting quasi-interpolators and Maxwell compactness for a polytopal de Rham complex<\/a><\/dd> <dt class=\"ChampRes\">auteur<\/dt><dd class=\"ValeurRes Auteurs\">Th\u00e9ophile Chaumont-Frelet, J\u00e9r\u00f4me Droniou, Simon Lemaire<\/dd> <dt class=\"ChampRes\">article<\/dt><dd class=\"ValeurRes article\">2025<\/dd> <dt class=\"ChampRes\">Acc\u00e8s au texte int\u00e9gral et bibtex<\/dt> <dd class=\"ValeurRes Fichier_joint\"> <a href=\"https:\/\/hal.science\/hal-05304175\/file\/ddr_compactness.pdf\"  target=\"_blank\"> <img decoding=\"async\" alt=\"https:\/\/hal.science\/hal-05304175\/file\/ddr_compactness.pdf\" src=\"https:\/\/haltools.inria.fr\/images\/Haltools_pdf.png\" border=\"0\" title=\"https:\/\/hal.science\/hal-05304175\/file\/ddr_compactness.pdf\" \/><\/a> <span class=\"LienBibtexACoteFulltext\"><a href=\"https:\/\/hal.science\/hal-05304175v2\/bibtex\" target=\"_self\"> <img decoding=\"async\" alt=\"BibTex\" src=\"https:\/\/haltools.inria.fr\/images\/Haltools_bibtex3.png\" border=\"0\"  title=\"BibTex\" \/><\/a> <\/span><\/dd> <\/dl> <\/div> <\/body> <\/html> \n","protected":false},"excerpt":{"rendered":"<p>Publications HAL du projet ANR. ANR-23-CE46-0013 2026 Preprints, Working Papers, &#8230; titre Equivalence of mixed and nonconforming methods on general polytopal partitions. Part I: Multiscale and projection methods auteur Simon Lemaire article 2026 Acc\u00e8s au texte int\u00e9gral et bibtex 2025 Journal articles titre Discrete Weber inequalities and related Maxwell compactness\u2026<\/p>\n<p> <a class=\"continue-reading-link\" href=\"https:\/\/project.inria.fr\/hipothec\/publications\/\"><span>Continue reading<\/span><i class=\"crycon-right-dir\"><\/i><\/a> <\/p>\n","protected":false},"author":2438,"featured_media":0,"parent":0,"menu_order":0,"comment_status":"closed","ping_status":"closed","template":"","meta":{"footnotes":""},"class_list":["post-96","page","type-page","status-publish","hentry"],"_links":{"self":[{"href":"https:\/\/project.inria.fr\/hipothec\/wp-json\/wp\/v2\/pages\/96","targetHints":{"allow":["GET"]}}],"collection":[{"href":"https:\/\/project.inria.fr\/hipothec\/wp-json\/wp\/v2\/pages"}],"about":[{"href":"https:\/\/project.inria.fr\/hipothec\/wp-json\/wp\/v2\/types\/page"}],"author":[{"embeddable":true,"href":"https:\/\/project.inria.fr\/hipothec\/wp-json\/wp\/v2\/users\/2438"}],"replies":[{"embeddable":true,"href":"https:\/\/project.inria.fr\/hipothec\/wp-json\/wp\/v2\/comments?post=96"}],"version-history":[{"count":12,"href":"https:\/\/project.inria.fr\/hipothec\/wp-json\/wp\/v2\/pages\/96\/revisions"}],"predecessor-version":[{"id":385,"href":"https:\/\/project.inria.fr\/hipothec\/wp-json\/wp\/v2\/pages\/96\/revisions\/385"}],"wp:attachment":[{"href":"https:\/\/project.inria.fr\/hipothec\/wp-json\/wp\/v2\/media?parent=96"}],"curies":[{"name":"wp","href":"https:\/\/api.w.org\/{rel}","templated":true}]}}