

{"id":4,"date":"2011-12-08T11:55:34","date_gmt":"2011-12-08T11:55:34","guid":{"rendered":"http:\/\/project.inria.fr\/template1\/?page_id=4"},"modified":"2020-01-24T13:20:17","modified_gmt":"2020-01-24T12:20:17","slug":"home","status":"publish","type":"page","link":"https:\/\/project.inria.fr\/historia\/","title":{"rendered":"Accueil"},"content":{"rendered":"<p>Le projet HistorIA r\u00e9unit des chercheurs en histoire, en sciences sociales computationnelles et en visualisation d&rsquo;information, pour d\u00e9velopper des grandes bases de donn\u00e9es historiques en y appliquant des m\u00e9thodes de fouille de donn\u00e9es, notamment autour de l&rsquo;analyse des r\u00e9seaux de relations, tout en mettant en \u0153uvre une approche it\u00e9rative centr\u00e9e sur l&rsquo;appropriation des outils d&rsquo;exploration et d&rsquo;analyse par les historiens.  Pour cela, l&rsquo;accent est mis sur l&rsquo;explicabilit\u00e9 des algorithmes et sur l&rsquo;analyse de donn\u00e9es progressive.<\/p>\n<h2>Partenaires<\/h2>\n<ul>\n<li><a href=\"http:\/\/ww.aviz.fr\/\">Inria, projet Aviz<\/a> (interaction et visualisation, data science)<br \/>\nResponsable: <a href=\"mailto:jean-daniel.fekete@inria.fr\">Jean-Daniel Fekete<\/a>\n<\/li>\n<li><a href=\"http:\/\/ses.telecom-paristech.fr\/\">T\u00e9l\u00e9com ParisTech, dept SES<\/a> (data science, sciences \u00e9co et sociales)<br \/>\nResponsable: <a href=\"mailto:cprieur@enst.fr\">Christophe Prieur<\/a>\n<\/li>\n<li><a href=\"http:\/\/www.lied-pieri.univ-paris-diderot.fr\/\">Universit\u00e9 Paris-Diderot, LIED<\/a> (histoire \u00e9conomique)<br \/>\nResponsable:\u00a0<a href=\"mailto:zacarias.moutoukias@univ-paris-diderot.fr\">Zacarias Moutoukias<\/a>\n<\/li>\n<li><a href=\"http:\/\/ladehis.ehess.fr\/\">EHESS, LaD\u00e9HiS<\/a> (histoire sociale)<br \/>\nResponsable:\u00a0<a href=\"mailto:pascal.cristofoli@ehess.fr\">Pascal Cristofoli<\/a>\n<\/li>\n<\/ul>\n<p><\/p>","protected":false},"excerpt":{"rendered":"<p>Le projet HistorIA r\u00e9unit des chercheurs en histoire, en sciences sociales computationnelles et en visualisation d&rsquo;information, pour d\u00e9velopper des grandes bases de donn\u00e9es historiques en y appliquant des m\u00e9thodes de fouille de donn\u00e9es, notamment autour de l&rsquo;analyse des r\u00e9seaux de relations, tout en mettant en \u0153uvre une approche it\u00e9rative centr\u00e9e\u2026<\/p>\n<p> <a class=\"continue-reading-link\" href=\"https:\/\/project.inria.fr\/historia\/\"><span>Continue reading<\/span><i class=\"crycon-right-dir\"><\/i><\/a> <\/p>\n","protected":false},"author":1,"featured_media":0,"parent":0,"menu_order":0,"comment_status":"closed","ping_status":"open","template":"","meta":{"footnotes":""},"class_list":["post-4","page","type-page","status-publish","hentry"],"_links":{"self":[{"href":"https:\/\/project.inria.fr\/historia\/wp-json\/wp\/v2\/pages\/4","targetHints":{"allow":["GET"]}}],"collection":[{"href":"https:\/\/project.inria.fr\/historia\/wp-json\/wp\/v2\/pages"}],"about":[{"href":"https:\/\/project.inria.fr\/historia\/wp-json\/wp\/v2\/types\/page"}],"author":[{"embeddable":true,"href":"https:\/\/project.inria.fr\/historia\/wp-json\/wp\/v2\/users\/1"}],"replies":[{"embeddable":true,"href":"https:\/\/project.inria.fr\/historia\/wp-json\/wp\/v2\/comments?post=4"}],"version-history":[{"count":11,"href":"https:\/\/project.inria.fr\/historia\/wp-json\/wp\/v2\/pages\/4\/revisions"}],"predecessor-version":[{"id":82,"href":"https:\/\/project.inria.fr\/historia\/wp-json\/wp\/v2\/pages\/4\/revisions\/82"}],"wp:attachment":[{"href":"https:\/\/project.inria.fr\/historia\/wp-json\/wp\/v2\/media?parent=4"}],"curies":[{"name":"wp","href":"https:\/\/api.w.org\/{rel}","templated":true}]}}