

{"id":4,"date":"2011-12-08T11:55:34","date_gmt":"2011-12-08T11:55:34","guid":{"rendered":"http:\/\/project.inria.fr\/template1\/?page_id=4"},"modified":"2017-05-27T17:04:25","modified_gmt":"2017-05-27T15:04:25","slug":"home","status":"publish","type":"page","link":"https:\/\/project.inria.fr\/iabem2018\/","title":{"rendered":"Welcome to IABEM 2018"},"content":{"rendered":"<p>The Institut National de Recherche en Informatique et Automatique (INRIA), Universit\u00e9 Pierre-et-Marie Curie Paris 6 (UPMC), the Ecole Nationale Sup\u00e9rieure des Techniques Avanc\u00e9es (ENSTA), and the Centre National de la Recherche Scientifique (CNRS) have the pleasure to host the next symposium of the International Association for Boundary Element Methods (IABEM) that will take place on June 26-28 2018, on the campus of University Paris 6 at Jussieu in the heart of Paris latin quarter.<\/p>\n<p>The IABEM symposium provides a forum for researchers and engineers around the world to discuss recent developments in the Boundary Element Method (BEM) and new challenges ahead. This event focuses on boundary integral equations, and aims\u00a0at gathering all scientists interested in this topic, both from a theoretical and applied point of view.<\/p>\n<p>IABEM is affiliated organization of the International Union of Theoretical and Applied Mechanics (<a href=\"http:\/\/iutam.org\" target=\"_blank\" rel=\"noopener noreferrer\">IUTAM<\/a>).<\/p>\n<p>If you wish to register to the IABEM 2018 mailing list, please send an email to <a href=\"mailto:sympa_inria@inria.fr?subject= &amp;body= SUBSCRIBE iabem2018 your name\">sympa_inria@inria.fr<\/a> with only text in the body: SUBSCRIBE iabem2018\u00a0 your name<\/p>\n<p><a href=\"https:\/\/project.inria.fr\/iabem2018\/files\/2017\/05\/poster-iabem2018-1.png\"><img loading=\"lazy\" decoding=\"async\" class=\" wp-image-304 aligncenter\" src=\"https:\/\/project.inria.fr\/iabem2018\/files\/2017\/05\/poster-iabem2018-212x300.png\" alt=\"\" width=\"362\" height=\"512\" srcset=\"https:\/\/project.inria.fr\/iabem2018\/files\/2017\/05\/poster-iabem2018-212x300.png 212w, https:\/\/project.inria.fr\/iabem2018\/files\/2017\/05\/poster-iabem2018-768x1086.png 768w, https:\/\/project.inria.fr\/iabem2018\/files\/2017\/05\/poster-iabem2018-724x1024.png 724w, https:\/\/project.inria.fr\/iabem2018\/files\/2017\/05\/poster-iabem2018-106x150.png 106w, https:\/\/project.inria.fr\/iabem2018\/files\/2017\/05\/poster-iabem2018.png 1276w\" sizes=\"auto, (max-width: 362px) 100vw, 362px\" \/><\/a><\/p>","protected":false},"excerpt":{"rendered":"<p>The Institut National de Recherche en Informatique et Automatique (INRIA), Universit\u00e9 Pierre-et-Marie Curie Paris 6 (UPMC), the Ecole Nationale Sup\u00e9rieure des Techniques Avanc\u00e9es (ENSTA), and the Centre National de la Recherche Scientifique (CNRS) have the pleasure to host the next symposium of the International Association for Boundary Element Methods (IABEM)\u2026<\/p>\n<p> <a class=\"continue-reading-link\" href=\"https:\/\/project.inria.fr\/iabem2018\/\"><span>Continue reading<\/span><i class=\"crycon-right-dir\"><\/i><\/a> <\/p>\n","protected":false},"author":1,"featured_media":0,"parent":0,"menu_order":0,"comment_status":"closed","ping_status":"open","template":"","meta":{"footnotes":""},"class_list":["post-4","page","type-page","status-publish","hentry"],"_links":{"self":[{"href":"https:\/\/project.inria.fr\/iabem2018\/wp-json\/wp\/v2\/pages\/4","targetHints":{"allow":["GET"]}}],"collection":[{"href":"https:\/\/project.inria.fr\/iabem2018\/wp-json\/wp\/v2\/pages"}],"about":[{"href":"https:\/\/project.inria.fr\/iabem2018\/wp-json\/wp\/v2\/types\/page"}],"author":[{"embeddable":true,"href":"https:\/\/project.inria.fr\/iabem2018\/wp-json\/wp\/v2\/users\/1"}],"replies":[{"embeddable":true,"href":"https:\/\/project.inria.fr\/iabem2018\/wp-json\/wp\/v2\/comments?post=4"}],"version-history":[{"count":18,"href":"https:\/\/project.inria.fr\/iabem2018\/wp-json\/wp\/v2\/pages\/4\/revisions"}],"predecessor-version":[{"id":309,"href":"https:\/\/project.inria.fr\/iabem2018\/wp-json\/wp\/v2\/pages\/4\/revisions\/309"}],"wp:attachment":[{"href":"https:\/\/project.inria.fr\/iabem2018\/wp-json\/wp\/v2\/media?parent=4"}],"curies":[{"name":"wp","href":"https:\/\/api.w.org\/{rel}","templated":true}]}}