

{"id":126,"date":"2018-01-26T20:12:52","date_gmt":"2018-01-26T19:12:52","guid":{"rendered":"https:\/\/project.inria.fr\/icoda\/?page_id=126"},"modified":"2021-11-09T09:29:46","modified_gmt":"2021-11-09T08:29:46","slug":"resources","status":"publish","type":"page","link":"https:\/\/project.inria.fr\/icoda\/resources\/","title":{"rendered":"Resources"},"content":{"rendered":"<p>This page lists the resources (publications, knowledge bases, software, demos, <em>etc<\/em>.) developed whithin the iCODA project and made available.<\/p>\n<h5>Press releases and mentions<\/h5>\n<ul>\n<li>\n<p class=\"titre\"><a href=\"https:\/\/www.ouest-france.fr\/politique\/grand-debat-national\/climat-ce-que-les-francais-font-deja-ce-qu-ils-se-declarent-prets-faire-6264587\">Climat. Ce que les Fran\u00e7ais font d\u00e9j\u00e0, ce qu\u2019ils se d\u00e9clarent pr\u00eats \u00e0 faire.<\/a> Un article r\u00e9sultant de l&#8217;analyse des donn\u00e9es du Grand D\u00e9bat National sur le volet \u00e9cologie, publi\u00e9 par Ouest France, 16\/03\/2019.<\/p>\n<\/li>\n<li>\n<p class=\"titre\"><a href=\"http:\/\/www.lemonde.fr\/sciences\/video\/2018\/01\/24\/comment-la-science-aide-a-reperer-les-fake-news_5246356_1650684.html\">Comment la science aide \u00e0 rep\u00e9rer les \u00ab\u00a0fake news\u00a0\u00bb ?<\/a> Reportage de Universciences.tv r\u00e9alis\u00e9 par Alice Pouyat et Lydie Marlin, publi\u00e9 sur le site du Monde.fr, 24\/01\/2018.<\/p>\n<\/li>\n<li>Adrien S\u00e9n\u00e9cat. <a href=\"http:\/\/www.lemonde.fr\/le-blog-du-decodex\/article\/2017\/12\/04\/comment-des-chercheurs-ont-utilise-les-donnees-du-decodex-pour-analyser-la-presidentielle_5224376_5095029.html\">Comment des chercheurs ont utilis\u00e9 les donn\u00e9es du D\u00e9codex pour analyser la pr\u00e9sidentielle<\/a>. Blog du journal Le Monde, 04\/12\/2017. <time datetime=\"2017-12-04T15:32:35+01:00\"><\/time><\/li>\n<li style=\"list-style-type: none;\"><\/li>\n<\/ul>\n<h5>Software resources<\/h5>\n<ul>\n<li><strong><a href=\"https:\/\/github.com\/Jean-Francois-Baget\/pytimedb\">pytimdb<\/a><\/strong>, a Python library for importing time-related data in RDF\/S (using owl:time), and store it in a database (mongodb) while computing all consequences of the inserted data (and detecting inconsistencies).<\/li>\n<li><a href=\"https:\/\/pages.saclay.inria.fr\/maxime.buron\/projects\/obi-wan\/\"><b>Obi-Wan<\/b><\/a> is a query answering system for RDF integration following the Ontology-Based Data Access paradigm, where heterogeneous data sources are integrated using Global-Local-As-View mappings into an RDF graph with an RDFS ontology. It supports Basic Graph Pattern Queries on both the data triples generated by the mappings and the triples of ontology. It implements both <i>mediation<\/i> and <i>materialization<\/i>-based query answering approaches. For both approaches, it proposes several strategies for query answering, which move the ontological reasoning from query time to a preprocessing step.<\/li>\n<li>http:\/\/storifier.cs.toronto.edu<\/li>\n<li>https:\/\/gitlab.inria.fr\/ilda\/hyperstorylines<\/li>\n<li><strong><a href=\"https:\/\/gitlab.inria.fr\/celvaigh\/licoda\">Licoda<\/a><\/strong>: Collective Entity Linker with RDF KB for iCoda project<\/li>\n<\/ul>\n<h5>Publications<\/h5>\n<p><em>Conferences:<\/em><\/p>\n<ul>\n<li>Maxime Buron, Fran\u00e7ois Goasdou\u00e9, Ioana Manolescu, Marie-Laure Mugnier: <a href=\"https:\/\/hal.inria.fr\/hal-02051413\">Reformulation-Based Query Answering for RDF Graphs with RDFS Ontologies<\/a>. ESWC 2019: 19-35<\/li>\n<li>Cheikh Brahim El Vaigh, Fran\u00e7ois Goasdou\u00e9, Guillaume Gravier, Pascale S\u00e9billot: <a href=\"https:\/\/hal.inria.fr\/hal-02171981\">Using Knowledge Base Semantics in Context-Aware Entity Linking<\/a>. DocEng 2019: 8:1-8:10<\/li>\n<li>Maxime Buron, Fran\u00e7ois Goasdou\u00e9, Ioana Manolescu, Marie-Laure Mugnier: <a href=\"https:\/\/hal.inria.fr\/hal-02921434\">Obi-Wan: Ontology-Based RDF Integration of Heterogeneous Data<\/a>. Proc. VLDB Endow. 13(12): 2933-2936 (2020)<\/li>\n<li>Maxime Buron, Fran\u00e7ois Goasdou\u00e9, Ioana Manolescu, Marie-Laure Mugnier: <a href=\"https:\/\/hal.inria.fr\/hal-02446427\">Ontology-Based RDF Integration of Heterogeneous Data<\/a>. EDBT 2020: 299-310<\/li>\n<li>Maxime Buron, Fran\u00e7ois Goasdou\u00e9, Ioana Manolescu, Tayeb Merabti, Marie-Laure Mugnier: <a href=\"https:\/\/hal.inria.fr\/hal-02921457\">Revisiting RDF storage layouts for efficient query answering<\/a>. SSWS@ISWC 2020: 17-32<\/li>\n<li>Cheikh Brahim El Vaigh, Fran\u00e7ois Torregrossa, Robin Allesiardo, Guillaume Gravier, Pascale S\u00e9billot: <a href=\"https:\/\/hal.inria.fr\/hal-02999303\">A correlation-based entity embedding approach for robust entity linking<\/a>. ICTAI 2020: 949-954<\/li>\n<li>Cheikh Brahim El Vaigh, Fran\u00e7ois Goasdou\u00e9, Guillaume Gravier, Pascale S\u00e9billot: <a href=\"https:\/\/hal.inria.fr\/hal-02937580\">A Novel Path-Based Entity Relatedness Measure for Efficient Collective Entity Linking<\/a>. ISWC 2020: 164-182<\/li>\n<\/ul>\n<p><em>\u00a0<\/em><\/p>\n<p><em>Journal articles:<\/em><\/p>\n<ul>\n<li>Vanessa Pe\u00f1a-Araya, Tong Xue, Emmanuel Pietriga, Laurent Amsaleg, Anastasia Bezerianos. <a href=\"https:\/\/hal.inria.fr\/hal-03352276\">HyperStorylines: Interactively Untangling Dynamic Hypergraphs. Information Visualization<\/a>, 2021.<\/li>\n<li>Nicole Sultanum, Anastasia Bezerianos, Fanny Chevalier (2021). Text Visualization and Close Reading for Journalism with Storifier. IEEE Trans. on Visualization &amp; Computer Graphics (Proc. VIS 2021 \/ TVCG).<\/li>\n<\/ul>\n<p><em>\u00a0<\/em><\/p>\n<p><em>Ph.D theses:<\/em><\/p>\n<ul>\n<li>Maxime Buron: <a href=\"https:\/\/hal.inria.fr\/tel-03107689\">Efficient reasoning on large and heterogeneous graphs<\/a>. (Raisonnement efficace sur des grands graphes h\u00e9t\u00e9rog\u00e8nes). \u00c9cole Polytechnique, Palaiseau, France, Oct 2020<\/li>\n<li>Cheikh Brahim El Vaigh: <a href=\"https:\/\/hal.inria.fr\/tel-03131484\">Content and data linking leveraging ontological knowledge in data journalism<\/a>.University of Rennes 1, France,\u00a0Jan 2021<\/li>\n<\/ul>\n","protected":false},"excerpt":{"rendered":"<p>This page lists the resources (publications, knowledge bases, software, demos, etc.) developed whithin the iCODA project and made available. Press releases and mentions Climat. Ce que les Fran\u00e7ais font d\u00e9j\u00e0, ce qu\u2019ils se d\u00e9clarent pr\u00eats \u00e0 faire. Un article r\u00e9sultant de l&#8217;analyse des donn\u00e9es du Grand D\u00e9bat National sur le\u2026<\/p>\n<p> <a class=\"continue-reading-link\" href=\"https:\/\/project.inria.fr\/icoda\/resources\/\"><span>Continue reading<\/span><i class=\"crycon-right-dir\"><\/i><\/a> <\/p>\n","protected":false},"author":800,"featured_media":0,"parent":0,"menu_order":0,"comment_status":"closed","ping_status":"closed","template":"","meta":{"footnotes":""},"class_list":["post-126","page","type-page","status-publish","hentry"],"_links":{"self":[{"href":"https:\/\/project.inria.fr\/icoda\/wp-json\/wp\/v2\/pages\/126","targetHints":{"allow":["GET"]}}],"collection":[{"href":"https:\/\/project.inria.fr\/icoda\/wp-json\/wp\/v2\/pages"}],"about":[{"href":"https:\/\/project.inria.fr\/icoda\/wp-json\/wp\/v2\/types\/page"}],"author":[{"embeddable":true,"href":"https:\/\/project.inria.fr\/icoda\/wp-json\/wp\/v2\/users\/800"}],"replies":[{"embeddable":true,"href":"https:\/\/project.inria.fr\/icoda\/wp-json\/wp\/v2\/comments?post=126"}],"version-history":[{"count":7,"href":"https:\/\/project.inria.fr\/icoda\/wp-json\/wp\/v2\/pages\/126\/revisions"}],"predecessor-version":[{"id":172,"href":"https:\/\/project.inria.fr\/icoda\/wp-json\/wp\/v2\/pages\/126\/revisions\/172"}],"wp:attachment":[{"href":"https:\/\/project.inria.fr\/icoda\/wp-json\/wp\/v2\/media?parent=126"}],"curies":[{"name":"wp","href":"https:\/\/api.w.org\/{rel}","templated":true}]}}