

{"id":4,"date":"2011-12-08T11:55:34","date_gmt":"2011-12-08T11:55:34","guid":{"rendered":"http:\/\/project.inria.fr\/template1\/?page_id=4"},"modified":"2021-10-28T11:56:05","modified_gmt":"2021-10-28T09:56:05","slug":"home","status":"publish","type":"page","link":"https:\/\/project.inria.fr\/ifpen\/fr\/","title":{"rendered":"Accueil"},"content":{"rendered":"<p>Le laboratoire commun IFPEN &ndash; Inria <strong>Convergence HPC \/ IA \/ HPDA pour la transition \u00e9nerg\u00e9tique<\/strong> est un partenariat strat\u00e9gique entre l&rsquo;<a href=\"https:\/\/www.ifpenergiesnouvelles.fr\/\">IFPEN<\/a> et l&rsquo;<a href=\"https:\/\/www.inria.fr\">Inria<\/a> sous forme d&rsquo;un contrat-cadre, lanc\u00e9 en juin 2020 dans l&rsquo;extension des collaborations pr\u00e9c\u00e9dentes. Le but de ce laboratoire sans murs est de promouvoir les collaborations entre les deux instituts en vertu de la transition \u00e9nerg\u00e9tique. Les deux organisations y fl\u00e8chent des moyens pour des projets de th\u00e8se et post-doc, \u00e0 la base d&rsquo;un appel annuel.<\/p>\n<p><\/p>","protected":false},"excerpt":{"rendered":"<p>Le laboratoire commun IFPEN &ndash; Inria Convergence HPC \/ IA \/ HPDA pour la transition \u00e9nerg\u00e9tique est un partenariat strat\u00e9gique entre l&rsquo;IFPEN et l&rsquo;Inria sous forme d&rsquo;un contrat-cadre, lanc\u00e9 en juin 2020 dans l&rsquo;extension des collaborations pr\u00e9c\u00e9dentes. Le but de ce laboratoire sans murs est de promouvoir les collaborations entre\u2026<\/p>\n<p> <a class=\"continue-reading-link\" href=\"https:\/\/project.inria.fr\/ifpen\/fr\/\"><span>Continue reading<\/span><i class=\"crycon-right-dir\"><\/i><\/a> <\/p>\n","protected":false},"author":1,"featured_media":0,"parent":0,"menu_order":0,"comment_status":"closed","ping_status":"open","template":"","meta":{"footnotes":""},"class_list":["post-4","page","type-page","status-publish","hentry"],"_links":{"self":[{"href":"https:\/\/project.inria.fr\/ifpen\/fr\/wp-json\/wp\/v2\/pages\/4","targetHints":{"allow":["GET"]}}],"collection":[{"href":"https:\/\/project.inria.fr\/ifpen\/fr\/wp-json\/wp\/v2\/pages"}],"about":[{"href":"https:\/\/project.inria.fr\/ifpen\/fr\/wp-json\/wp\/v2\/types\/page"}],"author":[{"embeddable":true,"href":"https:\/\/project.inria.fr\/ifpen\/fr\/wp-json\/wp\/v2\/users\/1"}],"replies":[{"embeddable":true,"href":"https:\/\/project.inria.fr\/ifpen\/fr\/wp-json\/wp\/v2\/comments?post=4"}],"version-history":[{"count":14,"href":"https:\/\/project.inria.fr\/ifpen\/fr\/wp-json\/wp\/v2\/pages\/4\/revisions"}],"predecessor-version":[{"id":138,"href":"https:\/\/project.inria.fr\/ifpen\/fr\/wp-json\/wp\/v2\/pages\/4\/revisions\/138"}],"wp:attachment":[{"href":"https:\/\/project.inria.fr\/ifpen\/fr\/wp-json\/wp\/v2\/media?parent=4"}],"curies":[{"name":"wp","href":"https:\/\/api.w.org\/{rel}","templated":true}]}}