

{"id":126,"date":"2021-10-28T11:27:01","date_gmt":"2021-10-28T09:27:01","guid":{"rendered":"https:\/\/project.inria.fr\/ifpen\/?page_id=126"},"modified":"2021-10-28T11:27:01","modified_gmt":"2021-10-28T09:27:01","slug":"2017-workshop","status":"publish","type":"page","link":"https:\/\/project.inria.fr\/ifpen\/2017-workshop\/","title":{"rendered":"2017 workshop"},"content":{"rendered":"<p><\/p>\n<h4><strong>2 octobre 2017<\/strong><br \/>\nsalle Glycines, IFPEN,\u00a01 Avenue de Bois-Pr\u00e9au, Rueil Malmaison<\/h4>\n<h4><strong>Programme<\/strong><\/h4>\n<ul>\n<li>10h00 : Introduction (Zakia Benjelloun Touimi)\u00a0 \u00a0 \u00a0 \u00a0 \u00a0 \u00a0 \u00a0 \u00a0 \u00a0 \u00a0 \u00a0 \u00a0 \u00a0 \u00a0 \u00a0 \u00a0 \u00a0 \u00a010 mn<\/li>\n<li>10h10 : Introduction verrous IFPEN\u00a0 (Isabelle Faille)\u00a0 \u00a0 \u00a0 \u00a0 \u00a0 \u00a0 \u00a0 \u00a0 \u00a0 \u00a0 \u00a0 \u00a0 \u00a0 10 mn<\/li>\n<li>10h20 : Jean-Marc Gratien\u00a0 (25 mn + 5 mn de questions)\u00a0 \u00a0 \u00a0 \u00a0 \u00a0 \u00a0 \u00a0 \u00a0 \u00a0 \u00a030 mn<\/li>\n<\/ul>\n<p><strong><em>Implementing linear solver algorithms with Runtime System Tools to perform on Many-Core Architectures<\/em><\/strong><\/p>\n<ul>\n<li>10h50\u00a0: Laura Grigori\u00a0\u00a0\u00a0\u00a0\u00a0\u00a0\u00a0\u00a0 \u00a0\u00a0\u00a0\u00a0\u00a0\u00a0(25 mn + 5 mn de questions)\u00a0 \u00a0 \u00a0 \u00a0 \u00a0 \u00a0 \u00a0 \u00a0 30 mn<\/li>\n<\/ul>\n<p><strong><em>Enlarged Krylov methods for reducing communication when solving large sparse linear systems of equations<\/em><\/strong><\/p>\n<ul>\n<li>11h20 : Michel Kern\u00a0\u00a0\u00a0\u00a0\u00a0\u00a0\u00a0\u00a0\u00a0\u00a0\u00a0\u00a0\u00a0\u00a0 \u00a0\u00a0(25 mn + 5 mn de questions)\u00a0\u00a0\u00a0\u00a0\u00a0\u00a0\u00a0\u00a0\u00a0\u00a0\u00a0\u00a0\u00a0\u00a0\u00a0\u00a0 30 mn<\/li>\n<\/ul>\n<p><strong><em>Space-time domain decomposition and a posteriori stopping criteria for a nonlinear parabolic model with discontinuous capillary pressure\u00a0<\/em><\/strong><\/p>\n<ul>\n<li>11h50 : Cl\u00e9ment Canc\u00e8s\u00a0\u00a0\u00a0\u00a0\u00a0\u00a0\u00a0\u00a0 (25 mn + 5 mn de questions)\u00a0 \u00a0 \u00a0 \u00a0 \u00a0 \u00a0 \u00a0 \u00a0 \u00a0 30 mn<\/li>\n<\/ul>\n<p><strong><em>Mod\u00e8le et sch\u00e9ma pour la simulation stratigraphique avec couplage s\u00e9diment-eau<\/em><\/strong><\/p>\n<ul>\n<li>12h20 : Verrou data (Van Bui Tran) + Rencontre scientifique\u00a0(Thibault Faney)\u00a0 \u00a010 mn<\/li>\n<li>12h30 \u2013 14h00\u00a0\u00a0\u00a0\u00a0\u00a0\u00a0\u00a0\u00a0\u00a0\u00a0\u00a0\u00a0\u00a0\u00a0 Repas<\/li>\n<li>14h00 : \u00a0Matteo Cicuttin\u00a0\u00a0\u00a0\u00a0\u00a0\u00a0\u00a0 (25 mn + 5 mn de questions)\u00a0\u00a0\u00a0\u00a0 \u00a0\u00a0\u00a0\u00a0\u00a0\u00a0\u00a0\u00a0\u00a0\u00a0\u00a0\u00a0 30 mn<\/li>\n<\/ul>\n<p><strong><em>Hybrid High-Order methods: basics, implementation, multiscale problems<\/em><\/strong><\/p>\n<ul>\n<li>14h30 : G\u00e9raldine Pichot\u00a0\u00a0\u00a0\u00a0\u00a0\u00a0\u00a0\u00a0\u00a0 (25 mn + 5 mn de questions)\u00a0 \u00a0 \u00a0 \u00a0 \u00a0 \u00a0 \u00a0 \u00a0 30 mn<\/li>\n<\/ul>\n<p><strong><em>Realistic geometric modeling of fracture networks.<\/em><\/strong><\/p>\n<ul>\n<li>15h00 : Anthony Michel\u00a0\u00a0\u00a0\u00a0\u00a0\u00a0\u00a0\u00a0 (25 mn + 5 mn de questions)\u00a0\u00a0\u00a0\u00a0\u00a0\u00a0\u00a0\u00a0\u00a0\u00a0\u00a0\u00a0\u00a0\u00a0\u00a0\u00a0\u00a0 30 mn<\/li>\n<\/ul>\n<p><strong><em>Reactive flows<\/em><\/strong><\/p>\n<ul>\n<li>15h30 : Conclusion (Martin Vohralik)<\/li>\n<\/ul>\n<p><a href=\"http:\/\/team.inria.fr\/serena\/files\/2017\/09\/plan_d_acces_ifpen_rueil.pdf\">Comment venir<\/a><\/p>","protected":false},"excerpt":{"rendered":"<p>2 octobre 2017 salle Glycines, IFPEN,\u00a01 Avenue de Bois-Pr\u00e9au, Rueil Malmaison Programme 10h00 : Introduction (Zakia Benjelloun Touimi)\u00a0 \u00a0 \u00a0 \u00a0 \u00a0 \u00a0 \u00a0 \u00a0 \u00a0 \u00a0 \u00a0 \u00a0 \u00a0 \u00a0 \u00a0 \u00a0 \u00a0 \u00a010 mn 10h10 : Introduction verrous IFPEN\u00a0 (Isabelle Faille)\u00a0 \u00a0 \u00a0 \u00a0 \u00a0 \u00a0 \u00a0 \u00a0\u2026<\/p>\n<p> <a class=\"continue-reading-link\" href=\"https:\/\/project.inria.fr\/ifpen\/2017-workshop\/\"><span>Continue reading<\/span><i class=\"crycon-right-dir\"><\/i><\/a> <\/p>\n","protected":false},"author":932,"featured_media":0,"parent":0,"menu_order":0,"comment_status":"closed","ping_status":"closed","template":"","meta":{"footnotes":""},"class_list":["post-126","page","type-page","status-publish","hentry"],"_links":{"self":[{"href":"https:\/\/project.inria.fr\/ifpen\/wp-json\/wp\/v2\/pages\/126","targetHints":{"allow":["GET"]}}],"collection":[{"href":"https:\/\/project.inria.fr\/ifpen\/wp-json\/wp\/v2\/pages"}],"about":[{"href":"https:\/\/project.inria.fr\/ifpen\/wp-json\/wp\/v2\/types\/page"}],"author":[{"embeddable":true,"href":"https:\/\/project.inria.fr\/ifpen\/wp-json\/wp\/v2\/users\/932"}],"replies":[{"embeddable":true,"href":"https:\/\/project.inria.fr\/ifpen\/wp-json\/wp\/v2\/comments?post=126"}],"version-history":[{"count":1,"href":"https:\/\/project.inria.fr\/ifpen\/wp-json\/wp\/v2\/pages\/126\/revisions"}],"predecessor-version":[{"id":127,"href":"https:\/\/project.inria.fr\/ifpen\/wp-json\/wp\/v2\/pages\/126\/revisions\/127"}],"wp:attachment":[{"href":"https:\/\/project.inria.fr\/ifpen\/wp-json\/wp\/v2\/media?parent=126"}],"curies":[{"name":"wp","href":"https:\/\/api.w.org\/{rel}","templated":true}]}}