

{"id":129,"date":"2021-10-28T11:30:24","date_gmt":"2021-10-28T09:30:24","guid":{"rendered":"https:\/\/project.inria.fr\/ifpen\/?page_id=129"},"modified":"2021-10-28T11:30:24","modified_gmt":"2021-10-28T09:30:24","slug":"2018-workshop","status":"publish","type":"page","link":"https:\/\/project.inria.fr\/ifpen\/2018-workshop\/","title":{"rendered":"2018 workshop"},"content":{"rendered":"<p><\/p>\n<h4><strong>26 novembre 2018<\/strong><br \/>\nSalle Jacques-Louis Lions 2<br \/>\nB\u00e2timent C, rez-de-chauss\u00e9e<br \/>\nInria, 2 rue Simone Iff, Paris 12\u00e8me<br \/>\n<\/h4>\n<p><a href=\"http:\/\/www.inria.fr\/centre\/paris\/presentation\/comment-venir\">Comment venir<\/a><\/p>\n<h4><strong>Programme<\/strong><\/h4>\n<ul>\n<li>9h45h-10h15 : <strong>Accueil autour d\u2019un caf\u00e9<\/strong><\/li>\n<li>10h15-10h30 : <em>Avenant contrat cadre IFPEN\/INRIA<\/em> (2018-2022), ajout de la nouvelle th\u00e9matique  \u00ab Intelligence Artificielle et science des donn\u00e9es \u00bb (<strong>Van Bui-Tran<\/strong>)<\/li>\n<li>10h30-11h : <em>M\u00e9thodes de d\u00e9composition de domaine via le langage d\u00e9di\u00e9 FreeFem++<\/em> (<strong>Fr\u00e9deric Nataf<\/strong>)<\/li>\n<li>11h-11h30 : <em>Goal-oriented a posteriori error estimation for conforming and nonconforming approximations with inexact solvers<\/em> (<strong>Soleiman Yousef<\/strong>)<\/li>\n<li>11h30-12h : <em>Reduced-Basis method for two-phase darcean flows<\/em> (<strong>S\u00e9bastien Boyaval<\/strong>)<\/li>\n<li>12h-12h30 : <em>Etude et simulation d\u2019un mod\u00e8le stratigraphique advecto-diffusif non-lin\u00e9aire avec fronti\u00e8res mobiles<\/em> (<strong>Huy Quang Tran<\/strong>)<\/li>\n<li>12h30-14h00 : <strong>Repas<\/strong>: <a href=\"http:\/\/www.creperieparisbreizh.fr\/home\/\">Cr\u00eaperie Paris Breizh<\/a>, 177 avenue Daumesnil, 75012 Paris<\/li>\n<li>14h00-14h30 : <em>A posteriori error estimates and adaptive stopping criteria for a compositional two-phase flow with nonlinear complementarity constraints<\/em>  (<strong>Jad Dabaghi<\/strong>)<\/li>\n<li>14h30-15h00 : <em>Adaptive resolution of linear systems based on error estimators<\/em> (<strong>Zakariae Jorti<\/strong>)<\/li>\n<li>15h00-15h30 : <em>Mod\u00e8le cin\u00e9tique pour le transport r\u00e9actif<\/em> (<strong>Bastien Hamlat<\/strong>)<\/li>\n<li>15h30-15h45 : <strong>Pause-caf\u00e9<\/strong><\/li>\n<li>15h45-16h15 : <em>Strat\u00e9gie(s) pour am\u00e9liorer la robustesse de l\u2019algorithme de Newton intervenant dans la r\u00e9solution de l\u2019\u00e9quation de Richards<\/em> (<strong>Guillaume Ench\u00e9ry<\/strong>)<\/li>\n<li>16h15-16h20 :  <em>Conclusion de la journ\u00e9e<\/em> (<strong>Martin Vohral\u00edk<\/strong>)<\/li>\n<\/ul>\n<p><\/p>","protected":false},"excerpt":{"rendered":"<p>26 novembre 2018 Salle Jacques-Louis Lions 2 B\u00e2timent C, rez-de-chauss\u00e9e Inria, 2 rue Simone Iff, Paris 12\u00e8me Comment venir Programme 9h45h-10h15 : Accueil autour d\u2019un caf\u00e9 10h15-10h30 : Avenant contrat cadre IFPEN\/INRIA (2018-2022), ajout de la nouvelle th\u00e9matique \u00ab Intelligence Artificielle et science des donn\u00e9es \u00bb (Van Bui-Tran) 10h30-11h :\u2026<\/p>\n<p> <a class=\"continue-reading-link\" href=\"https:\/\/project.inria.fr\/ifpen\/2018-workshop\/\"><span>Continue reading<\/span><i class=\"crycon-right-dir\"><\/i><\/a> <\/p>\n","protected":false},"author":932,"featured_media":0,"parent":0,"menu_order":0,"comment_status":"closed","ping_status":"closed","template":"","meta":{"footnotes":""},"class_list":["post-129","page","type-page","status-publish","hentry"],"_links":{"self":[{"href":"https:\/\/project.inria.fr\/ifpen\/wp-json\/wp\/v2\/pages\/129","targetHints":{"allow":["GET"]}}],"collection":[{"href":"https:\/\/project.inria.fr\/ifpen\/wp-json\/wp\/v2\/pages"}],"about":[{"href":"https:\/\/project.inria.fr\/ifpen\/wp-json\/wp\/v2\/types\/page"}],"author":[{"embeddable":true,"href":"https:\/\/project.inria.fr\/ifpen\/wp-json\/wp\/v2\/users\/932"}],"replies":[{"embeddable":true,"href":"https:\/\/project.inria.fr\/ifpen\/wp-json\/wp\/v2\/comments?post=129"}],"version-history":[{"count":1,"href":"https:\/\/project.inria.fr\/ifpen\/wp-json\/wp\/v2\/pages\/129\/revisions"}],"predecessor-version":[{"id":130,"href":"https:\/\/project.inria.fr\/ifpen\/wp-json\/wp\/v2\/pages\/129\/revisions\/130"}],"wp:attachment":[{"href":"https:\/\/project.inria.fr\/ifpen\/wp-json\/wp\/v2\/media?parent=129"}],"curies":[{"name":"wp","href":"https:\/\/api.w.org\/{rel}","templated":true}]}}