

{"id":132,"date":"2021-10-28T11:33:12","date_gmt":"2021-10-28T09:33:12","guid":{"rendered":"https:\/\/project.inria.fr\/ifpen\/?page_id=132"},"modified":"2021-10-28T11:33:12","modified_gmt":"2021-10-28T09:33:12","slug":"2019-workshop","status":"publish","type":"page","link":"https:\/\/project.inria.fr\/ifpen\/2019-workshop\/","title":{"rendered":"2019 workshop"},"content":{"rendered":"<h4><strong>8 novembre 2019<\/strong><br \/>\nSalle Glycines 8, IFPEN,\u00a01 Avenue de Bois-Pr\u00e9au, Rueil Malmaison<\/h4>\n<p>&nbsp;<\/p>\n<p><strong>09h15-9h45 : Accueil autour d\u2019un caf\u00e9<\/strong><\/p>\n<p>09h45-09h50 : <em>Introduction<\/em> (<strong>Z. Benjelloun-Touimi<\/strong>)<\/p>\n<p>09h50-10h10 : <em>M\u00e9thode des \u00c9l\u00e9ments Virtuels pour le calcul de la d\u00e9formation m\u00e9canique coupl\u00e9e aux \u00e9coulements en milieux poreux<\/em> (<strong>J. Coulet, F. Nataf, V. Girault, I. Faille*<\/strong>)<\/p>\n<p>10h10-10h30 : <em>Mod\u00e9lisation des r\u00e9actions cin\u00e9tiques multiphasiques pour la g\u00e9ochimie<\/em> (<strong>B. Hamlat, J. Erhel, A. Michel*, T. Faney<\/strong>)<\/p>\n<p>10h30-10h50 : <em>Vers une prise en compte plus robuste et pr\u00e9cise des effets capillaires lors de simulations d\u2019\u00e9coulements multiphasiques en milieux poreux<\/em> (<strong>S. Bassetto*, C. Canc\u00e8s, Q.H. Tran, G. Ench\u00e9ry<\/strong>)<\/p>\n<p><strong>10h50-11h10 : Pause <\/strong><\/p>\n<p>11h10-11h30 : <em>From a posteriori algebraic error estimator to multilevel iterative solver with p-robust behavior<\/em> (<strong>A. Miraci, J. Papez, M. Vohralik<\/strong>)<\/p>\n<p>11h30-11h50\u00a0 : <em>Exploiting symmetries in multipole methods<\/em> (<strong>X. Cla<\/strong><strong>e<\/strong><strong>ys*, L. Agelas, I. Ben Gharbia, A. Anciaux<\/strong>)<\/p>\n<p>11h50-12h10 : <em>Estimation d\u2019erreur a-posteriori pour l\u2019 inversion de syst\u00e8mes lin\u00e9aires<\/em> (<strong>Z. Jorti, A. Anciaux*, Y. Soleiman*, L. Grigori<\/strong>)<\/p>\n<p><strong>12h10-14h : D\u00e9jeuner<\/strong><\/p>\n<p>14h-14h45 : \u00a0<em>A multipoint stress-flux mixed finite element method for the Stokes-Biot model <\/em>(<strong>S. Caucao, T. Li., I. Yotov*<\/strong>)<\/p>\n<p>14h45-15h15 : <em>Analyse d&#8217;incertitudes et de robustesse pour les mod\u00e8les \u00e0 entr\u00e9es fonctionnelles <\/em>(<strong>C. Prieur*, D. Sinoquet, M. Munoz-Zuniga*<\/strong>)<\/p>\n<p><strong>15h15-15h25 : Pause<\/strong><\/p>\n<p>15h25-15h35 <em>: Physics Informed Deep Learning : Application aux \u00e9v\u00e8nements d\u2019ouverture et de fermeture de puits<\/em>\u00a0 (<strong>S. Desroziers*, T. Faney, F. Nataf<\/strong>)<\/p>\n<p>15h35-15h50 : <em>Collaboration avec Inria pour une initiation \u00e0 la TDA<\/em> (<strong>V. Bui Tran*, F. Chazal, M. Glisse, J. M. Gratien<\/strong>)<\/p>\n<p>15h50-16h00 : <em>Exploration de techniques de machine learning pour la CFD<\/em> (<strong>M. Schoenauer, J.M. Gratien*, M. Rolland<\/strong>)<\/p>\n<p>16h00-16h20 : <em>Pr\u00e9sentation du programme de travail initial pour le projet de laboratoire commun <\/em>(<strong>G. Ench\u00e9ry*<\/strong>)<\/p>\n<p><strong>16h20-16h30 : Conclusions et fin de la journ\u00e9e<\/strong><\/p>\n","protected":false},"excerpt":{"rendered":"<p>8 novembre 2019 Salle Glycines 8, IFPEN,\u00a01 Avenue de Bois-Pr\u00e9au, Rueil Malmaison &nbsp; 09h15-9h45 : Accueil autour d\u2019un caf\u00e9 09h45-09h50 : Introduction (Z. Benjelloun-Touimi) 09h50-10h10 : M\u00e9thode des \u00c9l\u00e9ments Virtuels pour le calcul de la d\u00e9formation m\u00e9canique coupl\u00e9e aux \u00e9coulements en milieux poreux (J. Coulet, F. Nataf, V. Girault, I.\u2026<\/p>\n<p> <a class=\"continue-reading-link\" href=\"https:\/\/project.inria.fr\/ifpen\/2019-workshop\/\"><span>Continue reading<\/span><i class=\"crycon-right-dir\"><\/i><\/a> <\/p>\n","protected":false},"author":932,"featured_media":0,"parent":0,"menu_order":0,"comment_status":"closed","ping_status":"closed","template":"","meta":{"footnotes":""},"class_list":["post-132","page","type-page","status-publish","hentry"],"_links":{"self":[{"href":"https:\/\/project.inria.fr\/ifpen\/wp-json\/wp\/v2\/pages\/132","targetHints":{"allow":["GET"]}}],"collection":[{"href":"https:\/\/project.inria.fr\/ifpen\/wp-json\/wp\/v2\/pages"}],"about":[{"href":"https:\/\/project.inria.fr\/ifpen\/wp-json\/wp\/v2\/types\/page"}],"author":[{"embeddable":true,"href":"https:\/\/project.inria.fr\/ifpen\/wp-json\/wp\/v2\/users\/932"}],"replies":[{"embeddable":true,"href":"https:\/\/project.inria.fr\/ifpen\/wp-json\/wp\/v2\/comments?post=132"}],"version-history":[{"count":1,"href":"https:\/\/project.inria.fr\/ifpen\/wp-json\/wp\/v2\/pages\/132\/revisions"}],"predecessor-version":[{"id":133,"href":"https:\/\/project.inria.fr\/ifpen\/wp-json\/wp\/v2\/pages\/132\/revisions\/133"}],"wp:attachment":[{"href":"https:\/\/project.inria.fr\/ifpen\/wp-json\/wp\/v2\/media?parent=132"}],"curies":[{"name":"wp","href":"https:\/\/api.w.org\/{rel}","templated":true}]}}