

{"id":135,"date":"2021-10-28T11:36:29","date_gmt":"2021-10-28T09:36:29","guid":{"rendered":"https:\/\/project.inria.fr\/ifpen\/?page_id=135"},"modified":"2021-10-28T11:36:29","modified_gmt":"2021-10-28T09:36:29","slug":"2020-workshop","status":"publish","type":"page","link":"https:\/\/project.inria.fr\/ifpen\/2020-workshop\/","title":{"rendered":"2020 workshop"},"content":{"rendered":"<p><\/p>\n<h4><strong>IFPEN \/ Inria meeting 2020<\/strong><\/h4>\n<h4><strong>December 1st, 2020<\/strong><\/h4>\n<p><strong><span style=\"color: red;\">online at https:\/\/teams.microsoft.com\/<\/span><\/strong><\/p>\n<h4><strong>Programme<\/strong><\/h4>\n<p><strong>09h20-09h40 : Accueil <\/strong><\/p>\n<p><strong>09h40-09h50 : Introduction (Jean-Fr\u00e9d\u00e9ric Gerbeau et <span class=\"\">Dominique Humeau<\/span>)<\/strong><\/p>\n<p><u>Simulation des \u00e9coulements en milieux poreux<\/u><\/p>\n<p>09h50-10h10 : <em>Discr\u00e9tisation par volumes finis et r\u00e9solution num\u00e9rique de l\u2019\u00e9quation de Richards<\/em> (<strong>Sabrina Bassetto<\/strong>, Cl\u00e9ment Canc\u00e8s, Guillaume Ench\u00e9ry, Quang Huy Tran)<\/p>\n<p>10h10-10h30 : <em>Semismooth and smoothing Newton methods for nonlinear systems with complementarity constraints: comparison, adaptivity and, inexact resolution<\/em> (<strong>Jo\u00eblle Ferzly<\/strong>, Ibtihel Ben Gharbia, Martin Vohralik, Soleiman Yousef) <a href=\"http:\/\/team.inria.fr\/serena\/files\/2020\/09\/JF-IFPEN-Inria.pdf\"><img loading=\"lazy\" decoding=\"async\" src=\"http:\/\/team.inria.fr\/serena\/files\/2020\/09\/pdficon.png\" alt=\"\" width=\"24\" height=\"24\" \/><\/a><\/p>\n<p>10h30-10h50 : <em>A posteriori error estimates for the Richards equation<\/em> (<strong>Koondanibha Mitra<\/strong>, Martin Vohralik) <a href=\"http:\/\/team.inria.fr\/serena\/files\/2020\/12\/KMitra_INRIA-IFPEN-meet.pdf\"><img loading=\"lazy\" decoding=\"async\" src=\"http:\/\/team.inria.fr\/serena\/files\/2020\/09\/pdficon.png\" alt=\"\" width=\"24\" height=\"24\" \/><\/a><\/p>\n<p><strong>10h50-12h : Pause technique <\/strong><\/p>\n<p>12h-12h20 : <em>Mod\u00e9lisation par flot de gradient avec application aux milieux poreux<\/em> (<strong>Cl\u00e9ment Canc\u00e8s<\/strong>) <a href=\"http:\/\/team.inria.fr\/serena\/files\/2020\/12\/Cances_IFPENInria.pdf\"><img loading=\"lazy\" decoding=\"async\" src=\"http:\/\/team.inria.fr\/serena\/files\/2020\/09\/pdficon.png\" alt=\"\" width=\"24\" height=\"24\" \/><\/a><\/p>\n<p><u>M\u00e9thodes de r\u00e9solutions de grands syst\u00e8mes lin\u00e9aires<\/u><\/p>\n<p>12h20-12h40 : <em>Factorisations incompl\u00e8tes et r\u00e9solution de syst\u00e8mes triangulaires pour des machines exploitant un parall\u00e9lisme \u00e0 grain fin<\/em> (<strong>Abul-Karim Mohamed El Maarouf<\/strong>, Luc Giraud, Abdou Guermouche, Thomas Guignon)<\/p>\n<p><strong>12h40-14h : Pause d\u00e9jeuner<\/strong><\/p>\n<p><u>Mod\u00e9lisation de syst\u00e8mes physiques \u00e0 l\u2019aide de techniques d\u2019apprentissage<\/u><\/p>\n<p>14h-14h20 : <em>Reduced basis approximation and a posteriori error bounds for 4D-Var data assimilation<\/em> (<strong>S\u00e9bastien Boyaval<\/strong>) <a href=\"http:\/\/team.inria.fr\/serena\/files\/2020\/12\/2020_rb.pdf\"><img loading=\"lazy\" decoding=\"async\" src=\"http:\/\/team.inria.fr\/serena\/files\/2020\/09\/pdficon.png\" alt=\"\" width=\"24\" height=\"24\" \/><\/a><\/p>\n<p>14h20-14h40 : <em>Chimie computationnelle appliqu\u00e9e \u00e0 la r\u00e9activit\u00e9 catalytique : approches DFT et couplage \u00e0 des techniques de type \u00ab machine learning \u00bb<\/em> (<strong>Thomas Pigeon<\/strong>, Tony Leli\u00e8vre, Pascal Raybaud, Gabriel Stoltz, Manuel Corral Valero, Ani Anciaux-Sedrakian, Maxime Moreaud)<\/p>\n<p>14h40-15h : <em>Machine learning pour la CFD<\/em> (Michele Alessandro Bucci, Marc Schoenauer, <strong>Jean-Marc Gratien<\/strong>, Matthieu Rolland)<\/p>\n<p><strong>15h-15h20 : Pause th\u00e9<\/strong><\/p>\n<p><u>Analyse de donn\u00e9es<\/u><\/p>\n<p>15h20-15h40 : <em>Couplage d\u2019algorithmes \u00ab Operational Modal Analysis \u00bb (OMA) bas\u00e9s sur les mesures capteurs avec des mod\u00e8les physiques analytiques et\/ou num\u00e9riques d\u2019\u00e9oliennes<\/em> (Laurent Mevel et <strong>Jean-Marc Leroy<\/strong>)<\/p>\n<p>15h40-16h : <em>Datashape<\/em> (<strong>Jisu Kim<\/strong>) <a href=\"http:\/\/team.inria.fr\/serena\/files\/2020\/12\/Kim_011220.pdf\"><img loading=\"lazy\" decoding=\"async\" src=\"http:\/\/team.inria.fr\/serena\/files\/2020\/09\/pdficon.png\" alt=\"\" width=\"24\" height=\"24\" \/><\/a><\/p>\n<p>16h-16h20 : <em>Construction automatique d\u2019un mod\u00e8le dynamique de suivi d\u2019interface par analyse d\u2019images 4D<\/em> (<strong>Jean-Fran\u00e7ois Lecomte<\/strong>) <a href=\"http:\/\/team.inria.fr\/serena\/files\/2020\/12\/Lecomte_011220.pdf\"><img loading=\"lazy\" decoding=\"async\" src=\"http:\/\/team.inria.fr\/serena\/files\/2020\/09\/pdficon.png\" alt=\"\" width=\"24\" height=\"24\" \/><\/a><\/p>\n<p><u>Simulation des \u00e9coulements en milieux poreux<\/u><\/p>\n<p>16h20-16h50 : <em>Sch\u00e9mas volumes finis non-lin\u00e9aires pour la simulation des \u00e9coulements diphasiques en milieux poreux<\/em> (<strong>Guillaume Ench\u00e9ry<\/strong>, L\u00e9o Ag\u00e9las)<\/p>\n<p><strong>16h50-17h : Conclusions et fin de la journ\u00e9e<\/strong><\/p>","protected":false},"excerpt":{"rendered":"<p>IFPEN \/ Inria meeting 2020 December 1st, 2020 online at https:\/\/teams.microsoft.com\/ Programme 09h20-09h40 : Accueil 09h40-09h50 : Introduction (Jean-Fr\u00e9d\u00e9ric Gerbeau et Dominique Humeau) Simulation des \u00e9coulements en milieux poreux 09h50-10h10 : Discr\u00e9tisation par volumes finis et r\u00e9solution num\u00e9rique de l\u2019\u00e9quation de Richards (Sabrina Bassetto, Cl\u00e9ment Canc\u00e8s, Guillaume Ench\u00e9ry, Quang Huy\u2026<\/p>\n<p> <a class=\"continue-reading-link\" href=\"https:\/\/project.inria.fr\/ifpen\/2020-workshop\/\"><span>Continue reading<\/span><i class=\"crycon-right-dir\"><\/i><\/a> <\/p>\n","protected":false},"author":932,"featured_media":0,"parent":0,"menu_order":0,"comment_status":"closed","ping_status":"closed","template":"","meta":{"footnotes":""},"class_list":["post-135","page","type-page","status-publish","hentry"],"_links":{"self":[{"href":"https:\/\/project.inria.fr\/ifpen\/wp-json\/wp\/v2\/pages\/135","targetHints":{"allow":["GET"]}}],"collection":[{"href":"https:\/\/project.inria.fr\/ifpen\/wp-json\/wp\/v2\/pages"}],"about":[{"href":"https:\/\/project.inria.fr\/ifpen\/wp-json\/wp\/v2\/types\/page"}],"author":[{"embeddable":true,"href":"https:\/\/project.inria.fr\/ifpen\/wp-json\/wp\/v2\/users\/932"}],"replies":[{"embeddable":true,"href":"https:\/\/project.inria.fr\/ifpen\/wp-json\/wp\/v2\/comments?post=135"}],"version-history":[{"count":1,"href":"https:\/\/project.inria.fr\/ifpen\/wp-json\/wp\/v2\/pages\/135\/revisions"}],"predecessor-version":[{"id":136,"href":"https:\/\/project.inria.fr\/ifpen\/wp-json\/wp\/v2\/pages\/135\/revisions\/136"}],"wp:attachment":[{"href":"https:\/\/project.inria.fr\/ifpen\/wp-json\/wp\/v2\/media?parent=135"}],"curies":[{"name":"wp","href":"https:\/\/api.w.org\/{rel}","templated":true}]}}