

{"id":143,"date":"2021-11-12T23:16:11","date_gmt":"2021-11-12T22:16:11","guid":{"rendered":"https:\/\/project.inria.fr\/ifpen\/?page_id=143"},"modified":"2021-11-12T23:24:44","modified_gmt":"2021-11-12T22:24:44","slug":"2021-workshop","status":"publish","type":"page","link":"https:\/\/project.inria.fr\/ifpen\/2021-workshop\/","title":{"rendered":"2021 workshop"},"content":{"rendered":"<p><strong>November 15, 2021<\/strong><\/p>\n<p><strong>IFP Energies nouvelles<\/strong>, Amphith\u00e9\u00e2tre des S\u00e9quo\u00efas,\u00a01 av. de Bois-Pr\u00e9au, 92852 Rueil-Malmaison (to obtain your badge d\u2019acc\u00e8s, please bring an ID).\u00a0How to come: <a href=\"https:\/\/project.inria.fr\/ifpen\/files\/2021\/11\/Acces-IFPEN-Rueil_Septembre-2016.pdf\">please see here<\/a>.<\/p>\n<p><strong>Programme<\/strong><\/p>\n<p><strong>9h-9h30 :<\/strong>\u00a0\u00a0\u00a0\u00a0\u00a0\u00a0\u00a0\u00a0\u00a0\u00a0\u00a0 \u00a0\u00a0\u00a0\u00a0\u00a0\u00a0\u00a0\u00a0\u00a0\u00a0\u00a0\u00a0\u00a0\u00a0\u00a0 <em>Accueil des participants<\/em><\/p>\n<p><strong>9h30-9h45 :<\/strong>\u00a0\u00a0\u00a0\u00a0\u00a0\u00a0 \u00a0\u00a0\u00a0\u00a0\u00a0\u00a0\u00a0\u00a0\u00a0\u00a0\u00a0\u00a0\u00a0\u00a0\u00a0 <em>Introduction de la journ\u00e9e et rappel des objectifs de l\u2019accord cadre<\/em>, <u>Jacques Sainte-Marie<\/u><\/p>\n<p><strong>9h45-10h15 :<\/strong>\u00a0 \u00a0 \u00a0\u00a0\u00a0\u00a0\u00a0\u00a0\u00a0\u00a0\u00a0\u00a0\u00a0\u00a0\u00a0\u00a0\u00a0 <em>Efficient Solvers based on Hybrid High-Order (HHO) methods for flow simulations in fractured rocks<\/em>, Alexandre Ern, Florent H\u00e9din, <u>G\u00e9raldine Pichot<\/u> and Nicolas Pignet<\/p>\n<p><strong>10h15-10h45 :<\/strong>\u00a0 \u00a0\u00a0\u00a0\u00a0\u00a0\u00a0\u00a0\u00a0\u00a0\u00a0\u00a0\u00a0\u00a0\u00a0\u00a0 <em>Model adaptation in fractured porous media: existence of solutions and numerical strategies<\/em>, <u>Alessio Fumagalli,<\/u> Francesco Patacchini<\/p>\n<p><strong>10h45-11h15 : <\/strong>\u00a0\u00a0\u00a0\u00a0\u00a0\u00a0\u00a0\u00a0\u00a0\u00a0\u00a0\u00a0\u00a0\u00a0\u00a0\u00a0 <em>Energy-stable discretization of two-phase flows in deformable porous media with frictional contact at matrix\u2013fracture interfaces<\/em>, <u>Roland Masson<\/u>, Francesco Bonaldi, J\u00e9rome Droniou, Antoine Pasteau<\/p>\n<p><strong>11h15-11h30 :<\/strong> \u00a0\u00a0\u00a0\u00a0\u00a0\u00a0\u00a0\u00a0\u00a0\u00a0\u00a0\u00a0\u00a0\u00a0\u00a0\u00a0 <em>Discussions<\/em><\/p>\n<p><strong>11h30-12h :<\/strong>\u00a0\u00a0 \u00a0\u00a0\u00a0\u00a0\u00a0\u00a0\u00a0\u00a0\u00a0\u00a0\u00a0\u00a0\u00a0\u00a0\u00a0\u00a0\u00a0\u00a0\u00a0 <em>A journey through the parallel linear algebra solvers of Inria Bordeaux<\/em>, <u> Luc Giraud<\/u><\/p>\n<p><strong>12h-12h30 :<\/strong>\u00a0\u00a0 \u00a0\u00a0\u00a0\u00a0\u00a0\u00a0\u00a0\u00a0\u00a0\u00a0\u00a0\u00a0\u00a0\u00a0\u00a0\u00a0\u00a0\u00a0\u00a0 <em>ALIEN, an Open and Extensible Framework for Linear Algebra and Solvers<\/em>, <u> Jean-Marc Gratien<\/u><\/p>\n<p><strong>12h30-14h :<\/strong>\u00a0\u00a0 \u00a0\u00a0\u00a0\u00a0\u00a0\u00a0\u00a0\u00a0\u00a0\u00a0\u00a0\u00a0\u00a0\u00a0\u00a0\u00a0\u00a0\u00a0\u00a0 <em>D\u00e9jeuner<\/em><\/p>\n<p><strong>14h-14h15 :<\/strong>\u00a0\u00a0 \u00a0\u00a0\u00a0\u00a0\u00a0\u00a0\u00a0\u00a0\u00a0\u00a0\u00a0\u00a0\u00a0\u00a0\u00a0\u00a0\u00a0\u00a0\u00a0 <em>Introduction sur la mod\u00e9lisation des \u00e9oliennes offshores \u00e0 IFPEN<\/em>, <u>Pauline Bozonnet<\/u><\/p>\n<p><strong>14h15-14h30\u00a0:<\/strong> \u00a0\u00a0\u00a0\u00a0\u00a0\u00a0\u00a0\u00a0\u00a0\u00a0\u00a0\u00a0\u00a0\u00a0\u00a0\u00a0 <em>Utilisation de simulations grandes \u00e9chelles pour construire un mod\u00e8le de turbulence ajout\u00e9e dans le sillage des \u00e9oliennes<\/em>, <u>Erwan Jezequel<\/u>, F. Blondel,<\/p>\n<p><strong>14h30-14h45\u00a0:<\/strong>\u00a0\u00a0\u00a0\u00a0\u00a0\u00a0\u00a0\u00a0\u00a0\u00a0\u00a0\u00a0\u00a0\u00a0\u00a0\u00a0\u00a0 <em>CFD for Floating Offshore Wind Turbine Hydrodynamics<\/em>, <u>Adri\u00e0 Borras-Nadal<\/u><\/p>\n<p><strong>14h45-15h15 :<\/strong> \u00a0\u00a0\u00a0\u00a0\u00a0\u00a0\u00a0\u00a0\u00a0\u00a0\u00a0\u00a0\u00a0\u00a0\u00a0\u00a0 <em>Simulation de la flottaison par des mod\u00e8les d&#8217;\u00e9coulement pour les grandes \u00e9chelles<\/em>, <u>Martin Parisot<\/u><\/p>\n<p><strong>15h15-15h30 : <\/strong>\u00a0\u00a0\u00a0\u00a0\u00a0\u00a0\u00a0\u00a0\u00a0\u00a0\u00a0\u00a0\u00a0\u00a0\u00a0 <em>Discussions<\/em><\/p>\n<p><strong>15h30-16h :\u00a0<\/strong>\u00a0 \u00a0\u00a0\u00a0\u00a0\u00a0\u00a0\u00a0\u00a0\u00a0\u00a0\u00a0\u00a0\u00a0\u00a0\u00a0\u00a0\u00a0\u00a0\u00a0 <em>Modeling of wind farms using the Lagrangian approach<\/em>, <u>Mireille Bossy<\/u><\/p>\n<p><strong>16h-16h30 :<\/strong>\u00a0\u00a0 \u00a0\u00a0\u00a0\u00a0\u00a0\u00a0\u00a0\u00a0\u00a0\u00a0\u00a0\u00a0\u00a0\u00a0\u00a0\u00a0\u00a0\u00a0\u00a0 <em>Optimisation sous contraintes probabilistes d&#8217;un syst\u00e8me complexe. Application au dimensionnement d&#8217;une \u00e9olienne offshore flottante<\/em>, Alexis Cousin, <u>Josselin Garnier<\/u>, Miguel Munoz Zuniga, Martin Guiton<\/p>\n<p><strong>16h30-17h :<\/strong>\u00a0\u00a0 \u00a0\u00a0\u00a0\u00a0\u00a0\u00a0\u00a0\u00a0\u00a0\u00a0\u00a0\u00a0\u00a0\u00a0\u00a0\u00a0\u00a0\u00a0\u00a0 <em>Inversion robuste d\u2019un code de calcul prenant en entr\u00e9e des donn\u00e9es de nature fonctionnelle. Application \u00e0 la conception d\u2019\u00e9oliennes<\/em>, Cl\u00e9ment Duhamel, Cl\u00e9mentine Prieur, C\u00e9line Helbert, <u>Miguel Munoz Zuniga<\/u>, Delphine Sinoquet<\/p>\n<p><strong>17h-17h15 :<\/strong>\u00a0\u00a0 \u00a0\u00a0\u00a0\u00a0\u00a0\u00a0\u00a0\u00a0\u00a0\u00a0\u00a0\u00a0\u00a0\u00a0\u00a0\u00a0\u00a0\u00a0\u00a0 <em>Conclusion de la journ\u00e9e<\/em>, <u>Olga Vizika<\/u><\/p>","protected":false},"excerpt":{"rendered":"<p>November 15, 2021 IFP Energies nouvelles, Amphith\u00e9\u00e2tre des S\u00e9quo\u00efas,\u00a01 av. de Bois-Pr\u00e9au, 92852 Rueil-Malmaison (to obtain your badge d\u2019acc\u00e8s, please bring an ID).\u00a0How to come: please see here. Programme 9h-9h30 :\u00a0\u00a0\u00a0\u00a0\u00a0\u00a0\u00a0\u00a0\u00a0\u00a0\u00a0 \u00a0\u00a0\u00a0\u00a0\u00a0\u00a0\u00a0\u00a0\u00a0\u00a0\u00a0\u00a0\u00a0\u00a0\u00a0 Accueil des participants 9h30-9h45 :\u00a0\u00a0\u00a0\u00a0\u00a0\u00a0 \u00a0\u00a0\u00a0\u00a0\u00a0\u00a0\u00a0\u00a0\u00a0\u00a0\u00a0\u00a0\u00a0\u00a0\u00a0 Introduction de la journ\u00e9e et rappel des objectifs de l\u2019accord cadre, Jacques\u2026<\/p>\n<p> <a class=\"continue-reading-link\" href=\"https:\/\/project.inria.fr\/ifpen\/2021-workshop\/\"><span>Continue reading<\/span><i class=\"crycon-right-dir\"><\/i><\/a> <\/p>\n","protected":false},"author":932,"featured_media":0,"parent":0,"menu_order":0,"comment_status":"closed","ping_status":"closed","template":"","meta":{"footnotes":""},"class_list":["post-143","page","type-page","status-publish","hentry"],"_links":{"self":[{"href":"https:\/\/project.inria.fr\/ifpen\/wp-json\/wp\/v2\/pages\/143","targetHints":{"allow":["GET"]}}],"collection":[{"href":"https:\/\/project.inria.fr\/ifpen\/wp-json\/wp\/v2\/pages"}],"about":[{"href":"https:\/\/project.inria.fr\/ifpen\/wp-json\/wp\/v2\/types\/page"}],"author":[{"embeddable":true,"href":"https:\/\/project.inria.fr\/ifpen\/wp-json\/wp\/v2\/users\/932"}],"replies":[{"embeddable":true,"href":"https:\/\/project.inria.fr\/ifpen\/wp-json\/wp\/v2\/comments?post=143"}],"version-history":[{"count":6,"href":"https:\/\/project.inria.fr\/ifpen\/wp-json\/wp\/v2\/pages\/143\/revisions"}],"predecessor-version":[{"id":151,"href":"https:\/\/project.inria.fr\/ifpen\/wp-json\/wp\/v2\/pages\/143\/revisions\/151"}],"wp:attachment":[{"href":"https:\/\/project.inria.fr\/ifpen\/wp-json\/wp\/v2\/media?parent=143"}],"curies":[{"name":"wp","href":"https:\/\/api.w.org\/{rel}","templated":true}]}}