

{"id":289,"date":"2024-10-15T10:23:13","date_gmt":"2024-10-15T08:23:13","guid":{"rendered":"https:\/\/project.inria.fr\/ifpen\/?page_id=289"},"modified":"2024-12-16T14:11:59","modified_gmt":"2024-12-16T13:11:59","slug":"2024-workshop","status":"publish","type":"page","link":"https:\/\/project.inria.fr\/ifpen\/2024-workshop\/","title":{"rendered":"2024 workshop"},"content":{"rendered":"<p><\/p>\n<h4><strong>December 09, 2024<\/strong><br \/>\nJacques-Louis Lions amphitheater<br \/>\nInria Paris, 48 rue Barrault, Paris 13th district<\/h4>\n<p><a href=\"https:\/\/www.inria.fr\/en\/how-reach-us\">How to reach us<\/a><br \/>\n(to obtain your badge d\u2019acc\u00e8s, please bring an ID)<br \/>\nAlso online in Webex.<\/p>\n<h4><strong>Program<\/strong><\/h4>\n<ul>\n<li>9h30-9h50: <strong>Welcome coffee<\/strong><\/li>\n<li>9h50-10h00 : <em>Introduction<\/em> (<strong>Ani Anciaux-Sedrakian, Mathieu Feraille, Jacques Sainte-Marie<\/strong>)<\/li>\n<li>10h00-10h30: <em>Rare events sampling methods and machine learning techniques for the simulation of catalytic reactions<\/em> (<strong>Tony Leli\u00e8vre<\/strong>, in collaboration with Thomas Pigeon, Pascal Raybaud, Gabriel Stoltz, Manuel Corral Valero, Ani Anciaux-Sedrakian, and Maxime Moreaud) &nbsp; <a href=\"https:\/\/project.inria.fr\/ifpen\/files\/2024\/12\/01_IFPEN_Inria_Lelievre.pdf\">presentation <img decoding=\"async\" class=\"alignnone size-small\" src=\"https:\/\/project.inria.fr\/ifpen\/files\/2022\/12\/pdficon.png\" alt=\"Pdf icon\" width=\"30\"> <\/a><\/li>\n<li>10h30-11h00: <em>Mod\u00e9lisation de l&#8217;a\u00e9ro-\u00e9lasticti\u00e9 en grandes transformations par un couplage partitionn\u00e9 : application aux grandes \u00e9oliennes<\/em> (<strong>Caroline Le Guern<\/strong>, in collaboration with Fr\u00e9d\u00e9ric Blondel, Nicolas Guy, Jean-Lou Pfister, and Michel Bergmann) &nbsp; <a href=\"https:\/\/project.inria.fr\/ifpen\/files\/2024\/12\/02_Presentation_INRIA.pdf\">presentation <img decoding=\"async\" class=\"alignnone size-small\" src=\"https:\/\/project.inria.fr\/ifpen\/files\/2022\/12\/pdficon.png\" alt=\"Pdf icon\" width=\"30\"> <\/a><\/li>\n<li>11h00-11h30: <strong>Coffee break<\/strong><\/li>\n<li>11h30-12h00: <em>WFCRL: a multi-agent reinforcement learning benchmark for wind farm control<\/em> (<strong>Claire Bizon Monroc<\/strong>, in collaboration with Ana Bu\u0161i\u0107, Donatien Dubuc, and Jiamin Zhu) &nbsp; <a href=\"https:\/\/project.inria.fr\/ifpen\/files\/2024\/12\/03_Journees-IFPEN-Inria-Slides-BIZON-MONROC-noappendice-noanim.pdf\">presentation <img decoding=\"async\" class=\"alignnone size-small\" src=\"https:\/\/project.inria.fr\/ifpen\/files\/2022\/12\/pdficon.png\" alt=\"Pdf icon\" width=\"30\"> <\/a><\/li>\n<li>12h00-12h30: <em>Optimizing simulations by exploring design space with CORHPEX<\/em> (<strong>Lana Scravaglieri<\/strong>, in collaboration with Ani Anciaux-Sedrakian, Thomas Guignon, Olivier Aumage, and Mihail Popov)&nbsp; <a href=\"https:\/\/project.inria.fr\/ifpen\/files\/2024\/12\/04_slides.pdf\">presentation <img decoding=\"async\" class=\"alignnone size-small\" src=\"https:\/\/project.inria.fr\/ifpen\/files\/2022\/12\/pdficon.png\" alt=\"Pdf icon\" width=\"30\"> <\/a><\/li>\n<li>12h30-13h00: <em>Numerical modeling of the impact of hydrate formation during geological carbon storage (GCS)<\/em> (<strong>Eric Flauraud<\/strong>, in collaboration with Anthony Michel) &nbsp; <a href=\"https:\/\/project.inria.fr\/ifpen\/files\/2024\/12\/05_Presentation_IFPEN-INRIA_09_12_2024_Flauraud.pdf\">presentation <img decoding=\"async\" class=\"alignnone size-small\" src=\"https:\/\/project.inria.fr\/ifpen\/files\/2022\/12\/pdficon.png\" alt=\"Pdf icon\" width=\"30\"> <\/a><\/li>\n<li>13h00-14h15: <strong>Lunch<\/strong><\/li>\n<li>14h15-14h45: <em>An adaptive regularization strategy for efficiently solving the Richards equation<\/em> (<strong>Ari Rappaport<\/strong>, in collaboration with Fran\u00e7ois F\u00e9votte, and Martin Vohral\u00edk) &nbsp; <a href=\"https:\/\/project.inria.fr\/ifpen\/files\/2024\/12\/06_inriaIFPEN.pdf\">presentation <img decoding=\"async\" class=\"alignnone size-small\" src=\"https:\/\/project.inria.fr\/ifpen\/files\/2022\/12\/pdficon.png\" alt=\"Pdf icon\" width=\"30\"> <\/a><\/li>\n<li>14h45-15h15: <em>High-order flux reconstruction schemes for combustion and AMR<\/em> (<strong>Romaric Simo Tamou<\/strong>, in collaboration with Vincent Perrier, Quang Huy Tran, Julien Bohbot, and Julien Coatleven) &nbsp; <a href=\"https:\/\/project.inria.fr\/ifpen\/files\/2024\/12\/07_Romaric_IFPEN_INRIA.pdf\">presentation <img decoding=\"async\" class=\"alignnone size-small\" src=\"https:\/\/project.inria.fr\/ifpen\/files\/2022\/12\/pdficon.png\" alt=\"Pdf icon\" width=\"30\"> <\/a><\/li>\n<li>15h15-15h45: <strong>Coffee break<\/strong><\/li>\n<li>15h45-16h15: <em>Application of the reduced basis method to compressible single-phase flows in porous media<\/em> (<strong>Jana Tarhini<\/strong>, in collaboration with S\u00e9bastien Boyaval, Guillaume Ench\u00e9ry, and Quang Huy Tran) &nbsp; <a href=\"https:\/\/project.inria.fr\/ifpen\/files\/2024\/12\/08_main_www.pdf\">presentation <img decoding=\"async\" class=\"alignnone size-small\" src=\"https:\/\/project.inria.fr\/ifpen\/files\/2022\/12\/pdficon.png\" alt=\"Pdf icon\" width=\"30\"> <\/a><\/li>\n<li>16h15-16h45: <em>Reactive flash: unified formulation and efficient resolution<\/em> (<strong>Cl\u00e9ment Canc\u00e8s<\/strong>, in collaboration with Ibtihel Ben Gharbia, Thibault Faney, Maxime Jonval, and Quang-Huy Tran) &nbsp; <a href=\"https:\/\/project.inria.fr\/ifpen\/files\/2024\/12\/09_IfpenInria2024_Cances.pdf\">presentation <img decoding=\"async\" class=\"alignnone size-small\" src=\"https:\/\/project.inria.fr\/ifpen\/files\/2022\/12\/pdficon.png\" alt=\"Pdf icon\" width=\"30\"> <\/a><\/li>\n<li>16h45-17h15: <em>Espaces grossiers adaptatifs pour les m\u00e9thodes de d\u00e9composition de domaine<\/em> (<strong>Fr\u00e9d\u00e9ric Nataf<\/strong>) &nbsp; <a href=\"https:\/\/project.inria.fr\/ifpen\/files\/2024\/12\/10_ifpen-inria-2024.pdf\">presentation <img decoding=\"async\" class=\"alignnone size-small\" src=\"https:\/\/project.inria.fr\/ifpen\/files\/2022\/12\/pdficon.png\" alt=\"Pdf icon\" width=\"30\"> <\/a><\/li>\n<li>17h15-17h20: <em>Conclusion<\/em> (<strong>Martin Vohral\u00edk<\/strong>)<\/li>\n<\/ul>\n<p><\/p>","protected":false},"excerpt":{"rendered":"<p>December 09, 2024 Jacques-Louis Lions amphitheater Inria Paris, 48 rue Barrault, Paris 13th district How to reach us (to obtain your badge d\u2019acc\u00e8s, please bring an ID) Also online in Webex. Program 9h30-9h50: Welcome coffee 9h50-10h00 : Introduction (Ani Anciaux-Sedrakian, Mathieu Feraille, Jacques Sainte-Marie) 10h00-10h30: Rare events sampling methods and\u2026<\/p>\n<p> <a class=\"continue-reading-link\" href=\"https:\/\/project.inria.fr\/ifpen\/2024-workshop\/\"><span>Continue reading<\/span><i class=\"crycon-right-dir\"><\/i><\/a> <\/p>\n","protected":false},"author":932,"featured_media":0,"parent":0,"menu_order":0,"comment_status":"closed","ping_status":"closed","template":"","meta":{"footnotes":""},"class_list":["post-289","page","type-page","status-publish","hentry"],"_links":{"self":[{"href":"https:\/\/project.inria.fr\/ifpen\/wp-json\/wp\/v2\/pages\/289","targetHints":{"allow":["GET"]}}],"collection":[{"href":"https:\/\/project.inria.fr\/ifpen\/wp-json\/wp\/v2\/pages"}],"about":[{"href":"https:\/\/project.inria.fr\/ifpen\/wp-json\/wp\/v2\/types\/page"}],"author":[{"embeddable":true,"href":"https:\/\/project.inria.fr\/ifpen\/wp-json\/wp\/v2\/users\/932"}],"replies":[{"embeddable":true,"href":"https:\/\/project.inria.fr\/ifpen\/wp-json\/wp\/v2\/comments?post=289"}],"version-history":[{"count":54,"href":"https:\/\/project.inria.fr\/ifpen\/wp-json\/wp\/v2\/pages\/289\/revisions"}],"predecessor-version":[{"id":380,"href":"https:\/\/project.inria.fr\/ifpen\/wp-json\/wp\/v2\/pages\/289\/revisions\/380"}],"wp:attachment":[{"href":"https:\/\/project.inria.fr\/ifpen\/wp-json\/wp\/v2\/media?parent=289"}],"curies":[{"name":"wp","href":"https:\/\/api.w.org\/{rel}","templated":true}]}}