

{"id":418,"date":"2025-11-18T09:41:44","date_gmt":"2025-11-18T08:41:44","guid":{"rendered":"https:\/\/project.inria.fr\/ifpen\/?page_id=418"},"modified":"2025-11-25T10:18:45","modified_gmt":"2025-11-25T09:18:45","slug":"2025-workshop","status":"publish","type":"page","link":"https:\/\/project.inria.fr\/ifpen\/2025-workshop\/","title":{"rendered":"2025 workshop"},"content":{"rendered":"<p><\/p>\n<h4><strong>Wednesday December 10, 2025<\/strong><br \/>\n<strong>IFP Energies nouvelles<\/strong>, amphith\u00e9\u00e2tre S\u00e9quo\u00efas, 1 av. de Bois-Pr\u00e9au, 92852 Rueil-Malmaison (to obtain your badge d\u2019acc\u00e8s, please bring an ID).&nbsp;How to come: <a href=\"https:\/\/project.inria.fr\/ifpen\/files\/2021\/11\/Acces-IFPEN-Rueil_Septembre-2016.pdf\">please see here<\/a>.<br \/>\nAlso online in Teams.<\/p>\n<h4><strong>Program<\/strong><\/h4>\n<ul>\n<li>9h30-9h50: <strong>Welcome coffee<\/strong><\/li>\n<li>9h50-10h00 : <em>Introduction<\/em><\/li>\n<li>10h00-10h30: <em>A posteriori error estimators and adaptivity for the SPE11 benchmark project<\/em> (<strong>I. Lannabi<\/strong>, in collaboration with E. Flauraud, M. Vohralik, S. Youssef) <\/li>\n<li>10h30-11h00: <em>A nonlinear preconditioning technique for unbalanced nonlinear systems<\/em> (<strong>A. Marelli<\/strong>, in collaboration with A. Anciaux-Sedrakian, K. Brenner, Q.H. Tran) <\/li>\n<li>11h00-11h15: <strong>Coffee break<\/strong><\/li>\n<li>11h15-11h45: <em>  Iterative coupling algorithms for mixed-dimensional poromechanical models in faulted geological systems<\/em> (<strong>M. Jonval<\/strong>, in collaboration with G. Ench\u00e9ry, I. Faille, R. Masson) <\/li>\n<li>11h45-12h15: <em> A primal-dual hyper-reduced semi-smooth Newton method for non-linear parameterized variational inequalities<\/em> (<strong>S. Ezzehi<\/strong>, in collaboration with V. Ehrlacher, G. Ench\u00e9ry, T. Faney) <\/li>\n<li>12h15-12h45: <em>Mixed precision multigrid V-cycle method<\/em> (<strong>P. Vacek<\/strong>, in collaboration with A. Anciaux-Sedrakian)<\/li>\n<li>12h45-14h00: <strong>Lunch<\/strong><\/li>\n<li>14h00-14h30: <em>Optimal urban mobility network design for sustainable space sharing between vehicles and soft transport modes<\/em> (<strong>M. Campero Jurado<\/strong>, in collaboration with C. Canudas De Wit, G. De Nunzio) <\/li>\n<li>14h30-15h00: <em>Optimization of the environmental performance of urban mobility via macroscopic and multi-modal modeling approaches<\/em> (<strong>A. Joumaa<\/strong>, in collaboration with P. Goatin, G. De Nunzio)<\/li>\n<li>15h00-15h15: <strong>Coffee break<\/strong><\/li>\n<li>15h15-15h45: <em> Linear analytical model for static traffic assignment<\/em> (<strong>B. Leroux <\/strong>, in collaboration with A. Sciaretta)<\/li>\n<li>15h45-16h15: <em>Model correction through learning for calculating wind turbine efficiency<\/em> (<strong>A. Timbeau <\/strong>, in collaboration with W. Gonclaves, N. Guy, J. Salomon)<\/li>\n<li>16h15-16h45: <em>Neural network for subgrid turbulence modeling for large eddy imulations<\/em> (<strong>E. Vital <\/strong>, in collaboration with Y. Ayoun, J. Bohbot, T. Faney, J.-M. Gratien)<\/li>\n<li>16h45-17h00: <em>Conclusion<\/em><\/li>\n<\/ul>\n<p><\/p>","protected":false},"excerpt":{"rendered":"<p>Wednesday December 10, 2025 IFP Energies nouvelles, amphith\u00e9\u00e2tre S\u00e9quo\u00efas, 1 av. de Bois-Pr\u00e9au, 92852 Rueil-Malmaison (to obtain your badge d\u2019acc\u00e8s, please bring an ID).&nbsp;How to come: please see here. Also online in Teams. Program 9h30-9h50: Welcome coffee 9h50-10h00 : Introduction 10h00-10h30: A posteriori error estimators and adaptivity for the SPE11\u2026<\/p>\n<p> <a class=\"continue-reading-link\" href=\"https:\/\/project.inria.fr\/ifpen\/2025-workshop\/\"><span>Continue reading<\/span><i class=\"crycon-right-dir\"><\/i><\/a> <\/p>\n","protected":false},"author":932,"featured_media":0,"parent":0,"menu_order":0,"comment_status":"closed","ping_status":"closed","template":"","meta":{"footnotes":""},"class_list":["post-418","page","type-page","status-publish","hentry"],"_links":{"self":[{"href":"https:\/\/project.inria.fr\/ifpen\/wp-json\/wp\/v2\/pages\/418","targetHints":{"allow":["GET"]}}],"collection":[{"href":"https:\/\/project.inria.fr\/ifpen\/wp-json\/wp\/v2\/pages"}],"about":[{"href":"https:\/\/project.inria.fr\/ifpen\/wp-json\/wp\/v2\/types\/page"}],"author":[{"embeddable":true,"href":"https:\/\/project.inria.fr\/ifpen\/wp-json\/wp\/v2\/users\/932"}],"replies":[{"embeddable":true,"href":"https:\/\/project.inria.fr\/ifpen\/wp-json\/wp\/v2\/comments?post=418"}],"version-history":[{"count":16,"href":"https:\/\/project.inria.fr\/ifpen\/wp-json\/wp\/v2\/pages\/418\/revisions"}],"predecessor-version":[{"id":439,"href":"https:\/\/project.inria.fr\/ifpen\/wp-json\/wp\/v2\/pages\/418\/revisions\/439"}],"wp:attachment":[{"href":"https:\/\/project.inria.fr\/ifpen\/wp-json\/wp\/v2\/media?parent=418"}],"curies":[{"name":"wp","href":"https:\/\/api.w.org\/{rel}","templated":true}]}}