

{"id":68,"date":"2020-10-07T11:30:44","date_gmt":"2020-10-07T09:30:44","guid":{"rendered":"https:\/\/project.inria.fr\/impress\/?page_id=68"},"modified":"2022-03-10T12:42:37","modified_gmt":"2022-03-10T11:42:37","slug":"members","status":"publish","type":"page","link":"https:\/\/project.inria.fr\/impress\/members\/","title":{"rendered":"Members"},"content":{"rendered":"<p><\/p>\n<ul>\n<li>Project Leaders:\n<ul>\n<li><a href=\"http:\/\/researchers.lille.inria.fr\/pdenis\/\">Pascal Denis<\/a>, <a href=\"https:\/\/team.inria.fr\/magnet\/\">Magnet<\/a>, Researcher, Inria Lille<\/li>\n<li><a href=\"http:\/\/www.dfki.de\/~ivana\/\">Ivana Kruijff-Korbayov\u00e1<\/a>, Researcher, <a href=\"https:\/\/www.dfki.de\/en\/web\/research\/research-departments\/multilinguality-and-language-technology\/\">MLT<\/a>, DFKI\u00a0Saarbr\u00fccken<\/li>\n<\/ul>\n<\/li>\n<li>Inria collaborators:\n<ul>\n<li><a href=\"http:\/\/members.loria.fr\/PdeGroote\">Philippe de Groote<\/a>, Research Director, <a href=\"https:\/\/team.inria.fr\/semagramme\/\">S\u00e9magramme<\/a>, Inria Nancy<\/li>\n<li><a href=\"http:\/\/members.loria.fr\/sylvain.pogodalla\">Sylvain Pogodalla<\/a>, Researcher, <a href=\"https:\/\/team.inria.fr\/semagramme\/\">S\u00e9magramme<\/a>, Inria Nancy<\/li>\n<li><a href=\"https:\/\/members.loria.fr\/EVincent\/\">Emmanuel Vincent<\/a>, Research Director, <a href=\"https:\/\/team.inria.fr\/multispeech\">Multispeech<\/a>, Inria Nancy<\/li>\n<li>Priyansh Trivedi, PhD student, Univ. Nancy<\/li>\n<li><a href=\"http:\/\/www.grappa.univ-lille3.fr\/~gilleron\/\">R\u00e9mi Gilleron<\/a>, Prof. Univ. Lille<\/li>\n<\/ul>\n<\/li>\n<li>DFKI collaborators:\n<ul>\n<li><a href=\"https:\/\/www.dfki.de\/web\/ueber-uns\/mitarbeiter\/person\/ceog01\/\">Cennet Oguz<\/a>, Researcher \/ PhD candidate,\u00a0<a href=\"https:\/\/www.dfki.de\/en\/web\/research\/research-departments\/multilinguality-and-language-technology\/\">MLT<\/a>, DFKI\u00a0Saarbr\u00fccken<\/li>\n<li><a href=\"https:\/\/www.dfki.de\/web\/ueber-uns\/mitarbeiter\/person\/cres01\">Cristina Espan\u0303a i Bonet<\/a>, MLT, DFKI Saarbru\u0308cken<\/li>\n<li><a href=\"https:\/\/www.dfki.de\/web\/ueber-uns\/mitarbeiter\/person\/nask01\">Natalia Skachkova<\/a>, Researcher \/ PhD candidate, MLT, DFKI Saarbru\u0308cken<\/li>\n<\/ul>\n<\/li>\n<\/ul>\n<p><\/p>","protected":false},"excerpt":{"rendered":"<p>Project Leaders: Pascal Denis, Magnet, Researcher, Inria Lille Ivana Kruijff-Korbayov\u00e1, Researcher, MLT, DFKI\u00a0Saarbr\u00fccken Inria collaborators: Philippe de Groote, Research Director, S\u00e9magramme, Inria Nancy Sylvain Pogodalla, Researcher, S\u00e9magramme, Inria Nancy Emmanuel Vincent, Research Director, Multispeech, Inria Nancy Priyansh Trivedi, PhD student, Univ. Nancy R\u00e9mi Gilleron, Prof. Univ. Lille DFKI collaborators: Cennet\u2026<\/p>\n<p> <a class=\"continue-reading-link\" href=\"https:\/\/project.inria.fr\/impress\/members\/\"><span>Continue reading<\/span><i class=\"crycon-right-dir\"><\/i><\/a> <\/p>\n","protected":false},"author":1085,"featured_media":0,"parent":0,"menu_order":0,"comment_status":"closed","ping_status":"closed","template":"","meta":{"footnotes":""},"class_list":["post-68","page","type-page","status-publish","hentry"],"_links":{"self":[{"href":"https:\/\/project.inria.fr\/impress\/wp-json\/wp\/v2\/pages\/68","targetHints":{"allow":["GET"]}}],"collection":[{"href":"https:\/\/project.inria.fr\/impress\/wp-json\/wp\/v2\/pages"}],"about":[{"href":"https:\/\/project.inria.fr\/impress\/wp-json\/wp\/v2\/types\/page"}],"author":[{"embeddable":true,"href":"https:\/\/project.inria.fr\/impress\/wp-json\/wp\/v2\/users\/1085"}],"replies":[{"embeddable":true,"href":"https:\/\/project.inria.fr\/impress\/wp-json\/wp\/v2\/comments?post=68"}],"version-history":[{"count":5,"href":"https:\/\/project.inria.fr\/impress\/wp-json\/wp\/v2\/pages\/68\/revisions"}],"predecessor-version":[{"id":107,"href":"https:\/\/project.inria.fr\/impress\/wp-json\/wp\/v2\/pages\/68\/revisions\/107"}],"wp:attachment":[{"href":"https:\/\/project.inria.fr\/impress\/wp-json\/wp\/v2\/media?parent=68"}],"curies":[{"name":"wp","href":"https:\/\/api.w.org\/{rel}","templated":true}]}}