

{"id":95,"date":"2021-10-15T13:13:37","date_gmt":"2021-10-15T11:13:37","guid":{"rendered":"https:\/\/project.inria.fr\/impress\/?page_id=95"},"modified":"2023-02-16T12:06:12","modified_gmt":"2023-02-16T11:06:12","slug":"publications","status":"publish","type":"page","link":"https:\/\/project.inria.fr\/impress\/publications\/","title":{"rendered":"Publications"},"content":{"rendered":"<p><\/p>\n<h3><span dir=\"ltr\" role=\"presentation\">2023<\/span><\/h3>\n<ul>\n<li>Joseph Renner, Pascal Denis, R\u00e9mi Gilleron, and Ang\u00e8le Brunelli\u00e8re. 2023. <span lang=\"en-US\"><a href=\"https:\/\/hal.science\/hal-03986142v1\">Exploring Category Structure with Contextual Language Models and Lexical Semantic Networks<\/a>. <\/span><span lang=\"en-US\">To appear in<\/span><span lang=\"en-US\">: <\/span><span lang=\"en-US\"><i>Proceedings of the Conference of the European Chapter of the Association for Computational Linguistics (EACL 2023)<\/i><\/span><span lang=\"en-US\">, May 2023, Dubrovnik, Croatia. <\/span><\/li>\n<\/ul>\n<h3><span dir=\"ltr\" role=\"presentation\">2022<\/span><\/h3>\n<ul>\n<li><span dir=\"ltr\" role=\"presentation\">Cennet Oguz, Ivana Kruijff-Korbayov\u00e1, Pascal Denis, Emmanuel Vincent, <\/span><span dir=\"ltr\" role=\"presentation\">and Josef van Genabith. 2022. <a href=\"https:\/\/hal.inria.fr\/hal-03807530\/document\"><span dir=\"ltr\" aria-owns=\"pdfjs_internal_id_20R\">Chop and change: Anaphora resolution in instructional<\/span> cooking videos<\/a>. In: <em>Findings of AACL-IJCNLP 2022 &#8211; 2nd Conference of the Asia-Pacific Chapter of the Association for Computational Linguistics &#8211; 12th International Joint Conference on Natural Language Processing<\/em>, Nov 2022, Taipeh, Taiwan.<br \/>\n<\/span><\/li>\n<li>\n<p class=\"lead\"><span dir=\"ltr\" role=\"presentation\">Tatiana Anikina, Natalia Skachkova,\u00a0Joseph Renner, Priyansh Trivedi. 2022.\u00a0<a href=\"https:\/\/aclanthology.org\/2022.codi-crac.2.pdf\">Anaphora Resolution in Dialogue: System Description (CODI-CRAC 2022 Shared Task)<\/a>. In: <em>Proceedings of the CODI-CRAC 2022 Shared Task on Anaphora, Bridging, and Discourse Deixis in Dialogue<\/em>, pages 15\u201327 Gyeongju, Republic of Korea, October 17, 2022.<\/span><\/p>\n<\/li>\n<\/ul>\n<h3><\/h3>\n<h3>2021<\/h3>\n<ul>\n<li>Joseph Renner, Priyansh Trivedi, Gaurav Maheshwari, R\u00e9mi Gilleron, and Pascal Denis. 2021. An End-to-End Approach for Full Bridging Resolution. In: <em>Proceedings of the Fourth Workshop on Computational Models of<\/em> <em>Reference, Anaphora and Coreference (CRAC 2021)<\/em>, to be held at <em>EMNLP<\/em><em>2021<\/em>.<\/li>\n<li>Tatiana Anikina, Cennet Oguz, Natalia Skachkova, Siyu Tao, Sharmila Upadhyaya, and Ivana Kruijff- Korbayova\u0301. 2021. <a href=\"https:\/\/aclanthology.org\/2021.codi-sharedtask.3.pdf\">Anaphora Resolution in Dialogue: Description of the DFKI- TalkingRobots System for the CODI-CRAC 2021 Shared-Task<\/a>. In: Proceedings of the Fourth Workshop on Computational Models of Reference, Anaphora and Coreference (CRAC 2021), held at EMNLP 2021.<\/li>\n<li>Natalia Skachkova, Cennet Oguz, Tatiana Anikina, Siyu Tao, Sharmila Upadhyaya, and Ivana Kruijff- Korbayova\u0301. 2021. <a href=\"https:\/\/aclanthology.org\/2021.codi-sharedtask.7.pdf\">Anaphora Resolution in Dialogue: Cross-Team Analysis of the DFKI- TalkingRobots Team Submissions for the CODI-CRAC 2021 Shared-Task<\/a>. In: Proceedings of the Fourth Workshop on Computational Models of Reference, Anaphora and Coreference (CRAC 2021), held at EMNLP 2021.<\/li>\n<\/ul>\n<h3><\/h3>\n<h3>2020<\/h3>\n<ul>\n<li>Onkar Pandit, Liva Ralaivola, and Pascal Denis. 2020. <a href=\"https:\/\/hal.archives-ouvertes.fr\/hal-03001157\/file\/8%20%286%29.pdf\">Integrating knowledge graph embeddings to improve mention representation for bridging anaphora resolution<\/a>. In: <em>Proceeding of the Third Workshop on Computational Models of Reference, Anaphora and Coreference (CRAC 2020)<\/em>, held at <em>COLING 2020<\/em>.<\/li>\n<\/ul>\n<p><\/p>","protected":false},"excerpt":{"rendered":"<p>2023 Joseph Renner, Pascal Denis, R\u00e9mi Gilleron, and Ang\u00e8le Brunelli\u00e8re. 2023. Exploring Category Structure with Contextual Language Models and Lexical Semantic Networks. To appear in: Proceedings of the Conference of the European Chapter of the Association for Computational Linguistics (EACL 2023), May 2023, Dubrovnik, Croatia. 2022 Cennet Oguz, Ivana Kruijff-Korbayov\u00e1,\u2026<\/p>\n<p> <a class=\"continue-reading-link\" href=\"https:\/\/project.inria.fr\/impress\/publications\/\"><span>Continue reading<\/span><i class=\"crycon-right-dir\"><\/i><\/a> <\/p>\n","protected":false},"author":1085,"featured_media":0,"parent":0,"menu_order":0,"comment_status":"closed","ping_status":"closed","template":"","meta":{"footnotes":""},"class_list":["post-95","page","type-page","status-publish","hentry"],"_links":{"self":[{"href":"https:\/\/project.inria.fr\/impress\/wp-json\/wp\/v2\/pages\/95","targetHints":{"allow":["GET"]}}],"collection":[{"href":"https:\/\/project.inria.fr\/impress\/wp-json\/wp\/v2\/pages"}],"about":[{"href":"https:\/\/project.inria.fr\/impress\/wp-json\/wp\/v2\/types\/page"}],"author":[{"embeddable":true,"href":"https:\/\/project.inria.fr\/impress\/wp-json\/wp\/v2\/users\/1085"}],"replies":[{"embeddable":true,"href":"https:\/\/project.inria.fr\/impress\/wp-json\/wp\/v2\/comments?post=95"}],"version-history":[{"count":11,"href":"https:\/\/project.inria.fr\/impress\/wp-json\/wp\/v2\/pages\/95\/revisions"}],"predecessor-version":[{"id":115,"href":"https:\/\/project.inria.fr\/impress\/wp-json\/wp\/v2\/pages\/95\/revisions\/115"}],"wp:attachment":[{"href":"https:\/\/project.inria.fr\/impress\/wp-json\/wp\/v2\/media?parent=95"}],"curies":[{"name":"wp","href":"https:\/\/api.w.org\/{rel}","templated":true}]}}