

{"id":4,"date":"2011-12-08T11:55:34","date_gmt":"2011-12-08T11:55:34","guid":{"rendered":"http:\/\/project.inria.fr\/template1\/?page_id=4"},"modified":"2025-12-11T09:27:03","modified_gmt":"2025-12-11T08:27:03","slug":"home","status":"publish","type":"page","link":"https:\/\/project.inria.fr\/inriaedf\/","title":{"rendered":"D\u00e9fi INRIA-EDF 2023-2027"},"content":{"rendered":"<div class=\"wp-block-cover is-light\"><span aria-hidden=\"true\" class=\"wp-block-cover__background has-background-dim\"><\/span><div class=\"wp-block-cover__inner-container is-layout-flow wp-block-cover-is-layout-flow\">\n<h1 class=\"wp-block-heading has-text-align-center has-white-color has-text-color\"><strong>D\u00e9fi INRIA-EDF 2023-2027<\/strong><\/h1>\n\n\n\n<h2 class=\"wp-block-heading has-text-align-center has-white-color has-text-color\"><strong>Pour une gestion optimis\u00e9e des syst\u00e8mes \u00e9lectriques de demain<\/strong><\/h2>\n\n\n\n<h5 class=\"wp-block-heading has-text-align-center has-text-color has-link-color wp-elements-6a9d5cb78ba266b5ca2a050bdc2e1268\" style=\"color:#07387a\"><em><strong>Futurs \u00e9nerg\u00e9tiques 2050 \u2013 RTE<\/strong><\/em><br><em>Recherche scientifique et expertise industrielle&nbsp; au service de la transition \u00e9nerg\u00e9tique.<\/em><\/h5>\n<\/div><\/div>\n\n\n\n<h2 class=\"wp-block-heading has-text-align-center\">Nos axes de recherche<\/h2>\n\n\n\n<h3 class=\"wp-block-heading has-text-align-center\"><strong>Optimisation, th\u00e9orie des jeux, statistiques, gestion des risques, mod\u00e8les climatiques<\/strong><\/h3>\n\n\n\n<div class=\"wp-block-columns is-layout-flex wp-container-core-columns-is-layout-9d6595d7 wp-block-columns-is-layout-flex\">\n<div class=\"wp-block-column is-layout-flow wp-block-column-is-layout-flow\">\n<h2 class=\"wp-block-heading has-text-align-center\">Axe 1<\/h2>\n\n\n\n<p class=\"has-text-align-center\">Pr\u00e9vision probabiliste de consommation, de production et de prix \u00e0 court, moyen et long termes et impacts du changement climatique<\/p>\n<\/div>\n\n\n\n<div class=\"wp-block-column is-layout-flow wp-block-column-is-layout-flow\">\n<h2 class=\"wp-block-heading has-text-align-center\">Axe 2<\/h2>\n\n\n\n<p class=\"has-text-align-center\">Mod\u00e9lisation et optimisation pour les investissements long-terme<\/p>\n<\/div>\n\n\n\n<div class=\"wp-block-column is-layout-flow wp-block-column-is-layout-flow\">\n<h2 class=\"wp-block-heading has-text-align-center\">Axe 3<\/h2>\n\n\n\n<p class=\"has-text-align-center\">Optimisation distribu\u00e9e<\/p>\n<\/div>\n<\/div>\n\n\n\n<div class=\"wp-block-buttons is-layout-flex wp-block-buttons-is-layout-flex\">\n<div class=\"wp-block-button aligncenter\"><a class=\"wp-block-button__link has-vivid-red-background-color has-background wp-element-button\" href=\"https:\/\/project.inria.fr\/inriaedf\/le-defi\/\">Voir le d\u00e9tail du d\u00e9fi<\/a><\/div>\n<\/div>\n\n\n\n<hr class=\"wp-block-separator has-alpha-channel-opacity\"\/>\n\n\n\n<h2 class=\"wp-block-heading has-text-align-center\">Nos nouveaut\u00e9s<\/h2>\n\n\n\n<div class=\"wp-block-query is-layout-flow wp-block-query-is-layout-flow\"><ul class=\"columns-3 wp-block-post-template is-layout-grid wp-container-core-post-template-is-layout-2f3213d7 wp-block-post-template-is-layout-grid\"><li class=\"wp-block-post post-207 post type-post status-publish format-standard has-post-thumbnail hentry category-resources\">\n\n<div class=\"wp-block-group\" style=\"padding-top:30px;padding-right:30px;padding-bottom:30px;padding-left:30px\"><div class=\"wp-block-group__inner-container is-layout-flow wp-block-group-is-layout-flow\"><h4 class=\"wp-block-post-title\"><a href=\"https:\/\/project.inria.fr\/inriaedf\/immersion-chez-edf-avec-philippe-louis\/\" target=\"_self\" >Immersion chez EDF avec Philippe Louis<\/a><\/h4>\n\n<figure style=\"aspect-ratio:4\/3;height:100px;\" class=\"wp-block-post-featured-image\"><a href=\"https:\/\/project.inria.fr\/inriaedf\/immersion-chez-edf-avec-philippe-louis\/\" title=\"Immersion chez EDF avec Philippe Louis\"><img loading=\"lazy\" decoding=\"async\" width=\"150\" height=\"85\" src=\"https:\/\/project.inria.fr\/inriaedf\/files\/2025\/10\/Screenshot-2025-10-09-at-10.40.25-150x85.png\" class=\"attachment-post-thumbnail size-post-thumbnail wp-post-image\" alt=\"\" style=\"width:100%;height:100%;object-fit:contain;\" srcset=\"https:\/\/project.inria.fr\/inriaedf\/files\/2025\/10\/Screenshot-2025-10-09-at-10.40.25-150x85.png 150w, https:\/\/project.inria.fr\/inriaedf\/files\/2025\/10\/Screenshot-2025-10-09-at-10.40.25-300x169.png 300w, https:\/\/project.inria.fr\/inriaedf\/files\/2025\/10\/Screenshot-2025-10-09-at-10.40.25.png 330w\" sizes=\"auto, (max-width: 150px) 100vw, 150px\" \/><\/a><\/figure>\n\n<div class=\"wp-block-post-date\"><time datetime=\"2025-10-09T10:24:08+00:00\">2025\/10\/09<\/time><\/div><\/div><\/div>\n\n<\/li><li class=\"wp-block-post post-324 post type-post status-publish format-standard hentry category-research\">\n\n<div class=\"wp-block-group\" style=\"padding-top:30px;padding-right:30px;padding-bottom:30px;padding-left:30px\"><div class=\"wp-block-group__inner-container is-layout-flow wp-block-group-is-layout-flow\"><h4 class=\"wp-block-post-title\"><a href=\"https:\/\/project.inria.fr\/inriaedf\/helene-arvis-recoit-le-2nd-prix-du-meilleur-article-etudiant-a-la-roadef-2026\/\" target=\"_self\" >H\u00e9l\u00e8ne ARVIS re\u00e7oit le 2nd prix du meilleur article \u00e9tudiant \u00e0 la ROADEF 2026 !<\/a><\/h4>\n\n<figure style=\"aspect-ratio:4\/3;height:100px;\" class=\"wp-block-post-featured-image\"><a href=\"https:\/\/project.inria.fr\/inriaedf\/helene-arvis-recoit-le-2nd-prix-du-meilleur-article-etudiant-a-la-roadef-2026\/\" title=\"H\u00e9l\u00e8ne ARVIS re\u00e7oit le 2nd prix du meilleur article \u00e9tudiant \u00e0 la ROADEF 2026 !\"><\/a><\/figure>\n\n<div class=\"wp-block-post-date\"><time datetime=\"2026-03-16T20:01:20+00:00\">2026\/03\/16<\/time><\/div><\/div><\/div>\n\n<\/li><li class=\"wp-block-post post-321 post type-post status-publish format-standard hentry category-research\">\n\n<div class=\"wp-block-group\" style=\"padding-top:30px;padding-right:30px;padding-bottom:30px;padding-left:30px\"><div class=\"wp-block-group__inner-container is-layout-flow wp-block-group-is-layout-flow\"><h4 class=\"wp-block-post-title\"><a href=\"https:\/\/project.inria.fr\/inriaedf\/ecole-dete-cea-edf-inria-sur-lanalyse-numerique-du-22-au-26-juin-2026-les-inscriptions-sont-ouvertes\/\" target=\"_self\" >Ecole d&#8217;\u00e9t\u00e9 CEA-EDF-Inria sur l&#8217;analyse num\u00e9rique du 22 au 26 juin 2026 : les inscriptions sont ouvertes !<\/a><\/h4>\n\n<figure style=\"aspect-ratio:4\/3;height:100px;\" class=\"wp-block-post-featured-image\"><a href=\"https:\/\/project.inria.fr\/inriaedf\/ecole-dete-cea-edf-inria-sur-lanalyse-numerique-du-22-au-26-juin-2026-les-inscriptions-sont-ouvertes\/\" title=\"Ecole d&#039;\u00e9t\u00e9 CEA-EDF-Inria sur l&#039;analyse num\u00e9rique du 22 au 26 juin 2026 : les inscriptions sont ouvertes !\"><\/a><\/figure>\n\n<div class=\"wp-block-post-date\"><time datetime=\"2026-02-26T11:03:32+00:00\">2026\/02\/26<\/time><\/div><\/div><\/div>\n\n<\/li><li class=\"wp-block-post post-273 post type-post status-publish format-standard hentry category-research\">\n\n<div class=\"wp-block-group\" style=\"padding-top:30px;padding-right:30px;padding-bottom:30px;padding-left:30px\"><div class=\"wp-block-group__inner-container is-layout-flow wp-block-group-is-layout-flow\"><h4 class=\"wp-block-post-title\"><a href=\"https:\/\/project.inria.fr\/inriaedf\/le-defi-prend-place-aux-pgmo-days-2025\/\" target=\"_self\" >Le d\u00e9fi prend place aux PGMO days 2025 !<\/a><\/h4>\n\n<figure style=\"aspect-ratio:4\/3;height:100px;\" class=\"wp-block-post-featured-image\"><a href=\"https:\/\/project.inria.fr\/inriaedf\/le-defi-prend-place-aux-pgmo-days-2025\/\" title=\"Le d\u00e9fi prend place aux PGMO days 2025 !\"><\/a><\/figure>\n\n<div class=\"wp-block-post-date\"><time datetime=\"2025-12-22T10:16:31+00:00\">2025\/12\/22<\/time><\/div><\/div><\/div>\n\n<\/li><li class=\"wp-block-post post-236 post type-post status-publish format-standard has-post-thumbnail hentry category-events\">\n\n<div class=\"wp-block-group\" style=\"padding-top:30px;padding-right:30px;padding-bottom:30px;padding-left:30px\"><div class=\"wp-block-group__inner-container is-layout-flow wp-block-group-is-layout-flow\"><h4 class=\"wp-block-post-title\"><a href=\"https:\/\/project.inria.fr\/inriaedf\/10-dec-2025-workshop-meta-modeles-et-a-leurs-applications-industrielles\/\" target=\"_self\" >10 Dec 2025 : Workshop m\u00e9ta-mod\u00e8les et applications industrielles<\/a><\/h4>\n\n<figure style=\"aspect-ratio:4\/3;height:100px;\" class=\"wp-block-post-featured-image\"><a href=\"https:\/\/project.inria.fr\/inriaedf\/10-dec-2025-workshop-meta-modeles-et-a-leurs-applications-industrielles\/\" title=\"10 Dec 2025 : Workshop m\u00e9ta-mod\u00e8les et applications industrielles\"><img loading=\"lazy\" decoding=\"async\" width=\"150\" height=\"142\" src=\"https:\/\/project.inria.fr\/inriaedf\/files\/2025\/11\/Screenshot-2025-11-18-at-16.22.52-150x142.png\" class=\"attachment-post-thumbnail size-post-thumbnail wp-post-image\" alt=\"\" style=\"width:100%;height:100%;object-fit:contain;\" srcset=\"https:\/\/project.inria.fr\/inriaedf\/files\/2025\/11\/Screenshot-2025-11-18-at-16.22.52-150x142.png 150w, https:\/\/project.inria.fr\/inriaedf\/files\/2025\/11\/Screenshot-2025-11-18-at-16.22.52-300x284.png 300w, https:\/\/project.inria.fr\/inriaedf\/files\/2025\/11\/Screenshot-2025-11-18-at-16.22.52.png 308w\" sizes=\"auto, (max-width: 150px) 100vw, 150px\" \/><\/a><\/figure>\n\n<div class=\"wp-block-post-date\"><time datetime=\"2025-11-18T16:22:23+00:00\">2025\/11\/18<\/time><\/div><\/div><\/div>\n\n<\/li><li class=\"wp-block-post post-233 post type-post status-publish format-standard has-post-thumbnail hentry category-resources\">\n\n<div class=\"wp-block-group\" style=\"padding-top:30px;padding-right:30px;padding-bottom:30px;padding-left:30px\"><div class=\"wp-block-group__inner-container is-layout-flow wp-block-group-is-layout-flow\"><h4 class=\"wp-block-post-title\"><a href=\"https:\/\/project.inria.fr\/inriaedf\/defi-inria-edf-une-collaboration-scientifique-sur-des-defis-des-systemes-electriques\/\" target=\"_self\" >D\u00e9fi Inria-EDF : une collaboration scientifique sur des d\u00e9fis des syst\u00e8mes \u00e9lectriques<\/a><\/h4>\n\n<figure style=\"aspect-ratio:4\/3;height:100px;\" class=\"wp-block-post-featured-image\"><a href=\"https:\/\/project.inria.fr\/inriaedf\/defi-inria-edf-une-collaboration-scientifique-sur-des-defis-des-systemes-electriques\/\" title=\"D\u00e9fi Inria-EDF : une collaboration scientifique sur des d\u00e9fis des syst\u00e8mes \u00e9lectriques\"><img loading=\"lazy\" decoding=\"async\" width=\"150\" height=\"85\" src=\"https:\/\/project.inria.fr\/inriaedf\/files\/2025\/10\/Screenshot-2025-10-09-at-10.40.25-150x85.png\" class=\"attachment-post-thumbnail size-post-thumbnail wp-post-image\" alt=\"\" style=\"width:100%;height:100%;object-fit:contain;\" srcset=\"https:\/\/project.inria.fr\/inriaedf\/files\/2025\/10\/Screenshot-2025-10-09-at-10.40.25-150x85.png 150w, https:\/\/project.inria.fr\/inriaedf\/files\/2025\/10\/Screenshot-2025-10-09-at-10.40.25-300x169.png 300w, https:\/\/project.inria.fr\/inriaedf\/files\/2025\/10\/Screenshot-2025-10-09-at-10.40.25.png 330w\" sizes=\"auto, (max-width: 150px) 100vw, 150px\" \/><\/a><\/figure>\n\n<div class=\"wp-block-post-date\"><time datetime=\"2025-10-28T09:23:03+00:00\">2025\/10\/28<\/time><\/div><\/div><\/div>\n\n<\/li><li class=\"wp-block-post post-211 post type-post status-publish format-standard has-post-thumbnail hentry category-resources\">\n\n<div class=\"wp-block-group\" style=\"padding-top:30px;padding-right:30px;padding-bottom:30px;padding-left:30px\"><div class=\"wp-block-group__inner-container is-layout-flow wp-block-group-is-layout-flow\"><h4 class=\"wp-block-post-title\"><a href=\"https:\/\/project.inria.fr\/inriaedf\/futura-science-lenergie-de-demain-sinvente-ensemble\/\" target=\"_self\" >Futura Science &#8211; L\u2019\u00e9nergie de\u00a0demain\u00a0s\u2019invente ensemble<\/a><\/h4>\n\n<figure style=\"aspect-ratio:4\/3;height:100px;\" class=\"wp-block-post-featured-image\"><a href=\"https:\/\/project.inria.fr\/inriaedf\/futura-science-lenergie-de-demain-sinvente-ensemble\/\" title=\"Futura Science - L\u2019\u00e9nergie de\u00a0demain\u00a0s\u2019invente ensemble\"><img loading=\"lazy\" decoding=\"async\" width=\"150\" height=\"73\" src=\"https:\/\/project.inria.fr\/inriaedf\/files\/2025\/10\/Screenshot-2025-10-09-at-10.43.42-150x73.png\" class=\"attachment-post-thumbnail size-post-thumbnail wp-post-image\" alt=\"\" style=\"width:100%;height:100%;object-fit:contain;\" srcset=\"https:\/\/project.inria.fr\/inriaedf\/files\/2025\/10\/Screenshot-2025-10-09-at-10.43.42-150x73.png 150w, https:\/\/project.inria.fr\/inriaedf\/files\/2025\/10\/Screenshot-2025-10-09-at-10.43.42-300x145.png 300w, https:\/\/project.inria.fr\/inriaedf\/files\/2025\/10\/Screenshot-2025-10-09-at-10.43.42.png 594w\" sizes=\"auto, (max-width: 150px) 100vw, 150px\" \/><\/a><\/figure>\n\n<div class=\"wp-block-post-date\"><time datetime=\"2025-10-09T10:28:30+00:00\">2025\/10\/09<\/time><\/div><\/div><\/div>\n\n<\/li><li class=\"wp-block-post post-162 post type-post status-publish format-standard has-post-thumbnail hentry category-events\">\n\n<div class=\"wp-block-group\" style=\"padding-top:30px;padding-right:30px;padding-bottom:30px;padding-left:30px\"><div class=\"wp-block-group__inner-container is-layout-flow wp-block-group-is-layout-flow\"><h4 class=\"wp-block-post-title\"><a href=\"https:\/\/project.inria.fr\/inriaedf\/conference-inria-edf\/\" target=\"_self\" >Workshop Inria-EDF sur les m\u00e9tamod\u00e8les<\/a><\/h4>\n\n<figure style=\"aspect-ratio:4\/3;height:100px;\" class=\"wp-block-post-featured-image\"><a href=\"https:\/\/project.inria.fr\/inriaedf\/conference-inria-edf\/\" title=\"Workshop Inria-EDF sur les m\u00e9tamod\u00e8les\"><img loading=\"lazy\" decoding=\"async\" width=\"150\" height=\"38\" src=\"https:\/\/project.inria.fr\/inriaedf\/files\/2025\/05\/cropped-combined_logo-150x38.png\" class=\"attachment-post-thumbnail size-post-thumbnail wp-post-image\" alt=\"\" style=\"width:100%;height:100%;object-fit:contain;\" srcset=\"https:\/\/project.inria.fr\/inriaedf\/files\/2025\/05\/cropped-combined_logo-150x38.png 150w, https:\/\/project.inria.fr\/inriaedf\/files\/2025\/05\/cropped-combined_logo-300x77.png 300w, https:\/\/project.inria.fr\/inriaedf\/files\/2025\/05\/cropped-combined_logo.png 512w\" sizes=\"auto, (max-width: 150px) 100vw, 150px\" \/><\/a><\/figure>\n\n<div class=\"wp-block-post-date\"><time datetime=\"2025-07-03T10:07:53+00:00\">2025\/07\/03<\/time><\/div><\/div><\/div>\n\n<\/li><li class=\"wp-block-post post-158 post type-post status-publish format-standard has-post-thumbnail hentry category-events\">\n\n<div class=\"wp-block-group\" style=\"padding-top:30px;padding-right:30px;padding-bottom:30px;padding-left:30px\"><div class=\"wp-block-group__inner-container is-layout-flow wp-block-group-is-layout-flow\"><h4 class=\"wp-block-post-title\"><a href=\"https:\/\/project.inria.fr\/inriaedf\/ecoles-dete-et-workshop\/\" target=\"_self\" >\u00c9coles d\u2019\u00e9t\u00e9 et workshop<\/a><\/h4>\n\n<figure style=\"aspect-ratio:4\/3;height:100px;\" class=\"wp-block-post-featured-image\"><a href=\"https:\/\/project.inria.fr\/inriaedf\/ecoles-dete-et-workshop\/\" title=\"\u00c9coles d\u2019\u00e9t\u00e9 et workshop\"><img loading=\"lazy\" decoding=\"async\" width=\"113\" height=\"150\" src=\"https:\/\/project.inria.fr\/inriaedf\/files\/2025\/10\/IMG_20241108_103534-113x150.jpg\" class=\"attachment-post-thumbnail size-post-thumbnail wp-post-image\" alt=\"\" style=\"width:100%;height:100%;object-fit:contain;\" srcset=\"https:\/\/project.inria.fr\/inriaedf\/files\/2025\/10\/IMG_20241108_103534-113x150.jpg 113w, https:\/\/project.inria.fr\/inriaedf\/files\/2025\/10\/IMG_20241108_103534-226x300.jpg 226w, https:\/\/project.inria.fr\/inriaedf\/files\/2025\/10\/IMG_20241108_103534-771x1024.jpg 771w, https:\/\/project.inria.fr\/inriaedf\/files\/2025\/10\/IMG_20241108_103534-768x1020.jpg 768w, https:\/\/project.inria.fr\/inriaedf\/files\/2025\/10\/IMG_20241108_103534-1157x1536.jpg 1157w, https:\/\/project.inria.fr\/inriaedf\/files\/2025\/10\/IMG_20241108_103534-1542x2048.jpg 1542w, https:\/\/project.inria.fr\/inriaedf\/files\/2025\/10\/IMG_20241108_103534-scaled.jpg 1928w\" sizes=\"auto, (max-width: 113px) 100vw, 113px\" \/><\/a><\/figure>\n\n<div class=\"wp-block-post-date\"><time datetime=\"2025-07-03T10:03:11+00:00\">2025\/07\/03<\/time><\/div><\/div><\/div>\n\n<\/li><li class=\"wp-block-post post-100 post type-post status-publish format-standard has-post-thumbnail hentry category-events\">\n\n<div class=\"wp-block-group\" style=\"padding-top:30px;padding-right:30px;padding-bottom:30px;padding-left:30px\"><div class=\"wp-block-group__inner-container is-layout-flow wp-block-group-is-layout-flow\"><h4 class=\"wp-block-post-title\"><a href=\"https:\/\/project.inria.fr\/inriaedf\/evenement-du-xx-2025\/\" target=\"_self\" >S\u00e9minaires bimestriels 2024-2026<\/a><\/h4>\n\n<figure style=\"aspect-ratio:4\/3;height:100px;\" class=\"wp-block-post-featured-image\"><a href=\"https:\/\/project.inria.fr\/inriaedf\/evenement-du-xx-2025\/\" title=\"S\u00e9minaires bimestriels 2024-2026\"><img loading=\"lazy\" decoding=\"async\" width=\"150\" height=\"84\" src=\"https:\/\/project.inria.fr\/inriaedf\/files\/2025\/04\/salle-d-attente-avec-des-moniteurs-150x84.jpg\" class=\"attachment-post-thumbnail size-post-thumbnail wp-post-image\" alt=\"\" style=\"width:100%;height:100%;object-fit:contain;\" srcset=\"https:\/\/project.inria.fr\/inriaedf\/files\/2025\/04\/salle-d-attente-avec-des-moniteurs-150x84.jpg 150w, https:\/\/project.inria.fr\/inriaedf\/files\/2025\/04\/salle-d-attente-avec-des-moniteurs-300x169.jpg 300w, https:\/\/project.inria.fr\/inriaedf\/files\/2025\/04\/salle-d-attente-avec-des-moniteurs-1024x576.jpg 1024w, https:\/\/project.inria.fr\/inriaedf\/files\/2025\/04\/salle-d-attente-avec-des-moniteurs-768x432.jpg 768w, https:\/\/project.inria.fr\/inriaedf\/files\/2025\/04\/salle-d-attente-avec-des-moniteurs-1536x864.jpg 1536w, https:\/\/project.inria.fr\/inriaedf\/files\/2025\/04\/salle-d-attente-avec-des-moniteurs-2048x1152.jpg 2048w\" sizes=\"auto, (max-width: 150px) 100vw, 150px\" \/><\/a><\/figure>\n\n<div class=\"wp-block-post-date\"><time datetime=\"2025-04-07T13:57:26+00:00\">2025\/04\/07<\/time><\/div><\/div><\/div>\n\n<\/li><\/ul><\/div>\n\n\n\n<div class=\"wp-block-columns is-layout-flex wp-container-core-columns-is-layout-9d6595d7 wp-block-columns-is-layout-flex\">\n<div class=\"wp-block-column is-layout-flow wp-block-column-is-layout-flow\" style=\"flex-basis:25%\">\n<p><\/p>\n<\/div>\n\n\n\n<div class=\"wp-block-column is-layout-flow wp-block-column-is-layout-flow\" style=\"flex-basis:50%\">\n<blockquote class=\"twitter-tweet\"><p lang=\"fr\" dir=\"ltr\">Comment mieux g\u00e9rer la recharge des voitures \u00e9lectriques ? La R&amp;D <a href=\"https:\/\/twitter.com\/hashtag\/EDFLab?src=hash&amp;ref_src=twsrc%5Etfw\">#EDFLab<\/a> et @inria_officiel ont rassembl\u00e9 leurs comp\u00e9tences en math\u00e9matiques, dans le cadre d&#39;un d\u00e9fi commun, pour bosser sur les r\u00e9seaux \u00e9lectriques de demain. <a href=\"https:\/\/t.co\/TvTedeJ5XJ\">pic.twitter.com\/TvTedeJ5XJ<\/a><\/p>&mdash; Philippe Louis (@PhilippeLouis77) <a href=\"https:\/\/twitter.com\/PhilippeLouis77\/status\/1975816654002307491?ref_src=twsrc%5Etfw\">October 8, 2025<\/a><\/blockquote> <script async src=\"https:\/\/platform.twitter.com\/widgets.js\" charset=\"utf-8\"><\/script>\n<\/div>\n\n\n\n<div class=\"wp-block-column is-layout-flow wp-block-column-is-layout-flow\" style=\"flex-basis:25%\"><\/div>\n<\/div>","protected":false},"excerpt":{"rendered":"<p>Nos axes de recherche Optimisation, th\u00e9orie des jeux, statistiques, gestion des risques, mod\u00e8les climatiques Axe 1 Pr\u00e9vision probabiliste de consommation, de production et de prix \u00e0 court, moyen et long termes et impacts du changement climatique Axe 2 Mod\u00e9lisation et optimisation pour les investissements long-terme Axe 3 Optimisation distribu\u00e9e Nos\u2026<\/p>\n<p> <a class=\"continue-reading-link\" href=\"https:\/\/project.inria.fr\/inriaedf\/\"><span>Continue reading<\/span><i class=\"crycon-right-dir\"><\/i><\/a> <\/p>\n","protected":false},"author":1,"featured_media":0,"parent":0,"menu_order":0,"comment_status":"closed","ping_status":"open","template":"","meta":{"footnotes":""},"class_list":["post-4","page","type-page","status-publish","hentry"],"_links":{"self":[{"href":"https:\/\/project.inria.fr\/inriaedf\/wp-json\/wp\/v2\/pages\/4","targetHints":{"allow":["GET"]}}],"collection":[{"href":"https:\/\/project.inria.fr\/inriaedf\/wp-json\/wp\/v2\/pages"}],"about":[{"href":"https:\/\/project.inria.fr\/inriaedf\/wp-json\/wp\/v2\/types\/page"}],"author":[{"embeddable":true,"href":"https:\/\/project.inria.fr\/inriaedf\/wp-json\/wp\/v2\/users\/1"}],"replies":[{"embeddable":true,"href":"https:\/\/project.inria.fr\/inriaedf\/wp-json\/wp\/v2\/comments?post=4"}],"version-history":[{"count":42,"href":"https:\/\/project.inria.fr\/inriaedf\/wp-json\/wp\/v2\/pages\/4\/revisions"}],"predecessor-version":[{"id":231,"href":"https:\/\/project.inria.fr\/inriaedf\/wp-json\/wp\/v2\/pages\/4\/revisions\/231"}],"wp:attachment":[{"href":"https:\/\/project.inria.fr\/inriaedf\/wp-json\/wp\/v2\/media?parent=4"}],"curies":[{"name":"wp","href":"https:\/\/api.w.org\/{rel}","templated":true}]}}