

{"id":66,"date":"2019-06-20T14:34:28","date_gmt":"2019-06-20T12:34:28","guid":{"rendered":"https:\/\/project.inria.fr\/intercom\/?page_id=66"},"modified":"2022-03-21T11:32:35","modified_gmt":"2022-03-21T10:32:35","slug":"publications","status":"publish","type":"page","link":"https:\/\/project.inria.fr\/intercom\/publications\/","title":{"rendered":"Publications"},"content":{"rendered":"<h5><strong>2021<\/strong><\/h5>\n<ul>\n<li>N. Mahmoudian Bidgoli, R. Azevedo, T. Maugey, A. Roumy, P. Frossard, <strong>OSLO: On-the-Sphere Learning for Omnidirectional images and its application to 360-degree image compression<\/strong>, submitted to IEEE Transactions on Image Processing, <b>(<a href=\"https:\/\/arxiv.org\/abs\/2107.09179\">ArXiv<\/a>)<\/b>.<\/li>\n<li>A. Marie, N. Mahmoudian-Bidgoli, T. Maugey, A. Roumy, <b>&#8220;<\/b><strong>Rate-distortion optimized motion estimation <\/strong><strong>for on-the-sphere compression of 360 videos<\/strong><b>&#8221;<\/b>, <label>IEEE International Conference on Acoustics, Speech and Signal Processing (ICASSP), 2021.<\/label> <a href=\"http:\/\/people.rennes.inria.fr\/Aline.Roumy\/publi\/21icassp_Marie_SphericalVideoCompression.pdf\">(PDF)<\/a><\/li>\n<li>Elsa Dupraz, Mohamed Yaoumi, &#8220;<strong>Self-Corrected Belief-Propagation Decoder for Source Coding with Unknown Source Statistics<\/strong>&#8220;, IEEE Communication Letters, April 2021. <a href=\"http:\/\/people.rennes.inria.fr\/Aline.Roumy\/publi\/21icassp_Marie_SphericalVideoCompression.pdf\">(PDF)<\/a><\/li>\n<li>F. Ye, N.Mahmoudian Bidgoli, E. Dupraz, A. Roumy, K. Amis, T. Maugey <b>&#8220;<\/b><strong>Bit-Plane Coding in Extractable Source Coding: optimality, modeling, and application to 360-degree data<\/strong><b>&#8221;<\/b>, IEEE Communication Letter, January 2021. <a href=\"http:\/\/people.rennes.inria.fr\/Aline.Roumy\/publi\/21CommLetter_ye_BitplaneCoding.pdf\">(PDF)<\/a><\/li>\n<li>M. Q. Pham, A. Roumy, T. Maugey, E. Dupraz, 12\/ 20 P. Frossard, Compression graph optimization in a massive random access scenario, Preprint 2021.<\/li>\n<\/ul>\n<h5><strong>2020<\/strong><\/h5>\n<ul>\n<li>N. Mahmoudian-Bidgoli, T. Maugey, A. Roumy, <b>&#8220;<\/b><strong>Excess rate for model selection in interactive compression<\/strong><b>&#8221;<\/b>, Annals of Telecommunications, August 2020. <a href=\"http:\/\/people.rennes.inria.fr\/Aline.Roumy\/publi\/20AnnalsTelecom_MMR_excess_rate.pdf\">(PDF)<\/a><\/li>\n<li>N. Mahmoudian-Bidgoli, T. Maugey, A. Roumy, <b>&#8220;<\/b><strong>Fine granularity access in interactive compression of 360-degree images based on rate adaptive channel codes<\/strong><b>&#8221;<\/b>,\u00a0 IEEE Transactions on Multimedia, Aug. 2020. <a href=\"http:\/\/people.rennes.inria.fr\/Aline.Roumy\/publi\/20TMM_MMR_finegranularity.pdf\">(PDF)<\/a> <strong>was cited in <a href=\"https:\/\/mmc.committees.comsoc.org\/communications-review\/\">IEEE COMSOC MMTC Review Letter<\/a> of October 2020<\/strong>.<\/li>\n<li>M. Q. Pham, A. Roumy, T. Maugey, E. Dupraz, M. Kieffer, <b>&#8220;<\/b><strong>Optimal Reference Selection for Random Access in Predictive Coding Schemes&#8217;<\/strong><b>&#8216;<\/b>, IEEE Transactions on Communications, June 2020. <a href=\"http:\/\/people.rennes.inria.fr\/Aline.Roumy\/publi\/20TCom_PRMDK_optim_ref_selection.pdf\">(PDF)<\/a><\/li>\n<li>T. Maugey, A. Roumy, E. Dupraz and M. Kieffer. <strong>&#8220;Incremental coding for extractable compression in the context of Massive Random Access&#8221;<\/strong>, IEEE Transactions on Signal and Information Processing over Networks, March 2020. <a href=\"http:\/\/people.rennes.inria.fr\/Aline.Roumy\/publi\/20SIPN.pdf\"> (PDF)<\/a><\/li>\n<\/ul>\n<h5><strong>2019<\/strong><\/h5>\n<ul>\n<li>E. Dupraz, A. Roumy, T. Maugey, and M. Kieffer. <strong>&#8220;Rate-Storage Regions for Extractable Source Coding with Side Information&#8221;, <\/strong>Physical Communication, Elsevier, vol. 37, 2019. Special Issue on Coding and Information Theory for Emerging Communication Systems. <a href=\"https:\/\/www.sciencedirect.com\/journal\/physical-communication\/special-issue\/10LD52WR1WN\"> Special Issue on Coding and Information Theory for Emerging Communication Systems<\/a> <a href=\"http:\/\/people.rennes.inria.fr\/Aline.Roumy\/publi\/19PhyCom.pdf\"> (PDF)<\/a><\/li>\n<li>F. Ye, E. Dupraz, Z. Mheich, K. Amis. <strong><a href=\"https:\/\/arxiv.org\/abs\/1808.06509\"> Optimized Rate-Adaptive Protograph-Based LDPC codes for Source Coding <\/a><\/strong> IEEE Transactions on Communications, vol. 67, no. 6, pp. 3879-3889, June 2019.<\/li>\n<li>F. Ye,<strong> Slepian-Wolf source coding using LDPC codes for Free Viewpoint Television<\/strong>, PhD Thesis, Dec. 2, 2019.<\/li>\n<li>N. Mahmoudian Bidgoli, <strong>Compression for interactive communication of visual contents<\/strong>, PhD Thesis, Nov. 29, 2019.<\/li>\n<li>N. Mahmoudian Bidgoli, T. Maugey, A. Roumy, F. Nasiri, F. Payan. <strong>&#8220;A geometry-aware compression of 3D mesh texture with random access&#8221;<\/strong>, Picture coding symposium (PCS), 2019. <a href=\"http:\/\/people.rennes.inria.fr\/Aline.Roumy\/publi\/19PCS_mesh.pdf\">(PDF)<\/a><\/li>\n<li>N. Mahmoudian bidgoli, T. Maugey and A. Roumy. <strong>&#8220;Intra-coding of 360-degree images on the sphere&#8221;<\/strong>, Picture coding symposium (PCS), 2019. <a href=\"http:\/\/people.rennes.inria.fr\/Aline.Roumy\/publi\/19PCS_SphereSampling.pdf\">(PDF)<\/a><\/li>\n<li>N. Mahmoudian bidgoli, T. Maugey and A. Roumy. <strong>&#8220;Evaluation Framework for visual content compression with user view-dependent transmission&#8221;<\/strong>, IEEE International Conference on Image Processing (ICIP), 2019. <a href=\"http:\/\/people.rennes.inria.fr\/Aline.Roumy\/publi\/19icip_PerfEval.pdf\">(PDF)<\/a><\/li>\n<li>N. Mahmoudian bidgoli, T. Maugey and A. Roumy. <strong>&#8220;Compression de contenus 360\u00b0 et transmission adapt\u00e9e \u00e0 la navigation de l&#8217;utilisateur&#8221;<\/strong>, Colloque Gretsi (Symposium of the French Research group on signal and image processing), 2019.<\/li>\n<li>F. Ye, E. Dupraz, Z. Mheich and K. Amis. <strong>&#8220;Construction de Codes LDPC Compatibles en Rendement pour le Codage de Sources avec Information Adjacente&#8221;<\/strong>, Colloque Gretsi (Symposium of the French Research group on signal and image processing), 2019.<\/li>\n<li id=\"aui_3_4_0_1_310\"><label id=\"aui_3_4_0_1_309\">F. Nasiri, N. Mahmoudian-Bigdoli, F. Payan, T. Maugey. <strong>&#8220;<\/strong><\/label><strong>A geometry-aware framework for compressing 3D mesh textures&#8221;<\/strong>, <label>IEEE International Conference on Acoustics, Speech and Signal Processing (ICASSP), 2019. <em><strong>Cited in <a href=\"http:\/\/mmc.committees.comsoc.org\/files\/2018\/02\/IEEE-ComSoc-MMTC-Comm-Review-Feburary-2018-Issue-v2.pdf\">IEEE MMTC Review Letter of April 2019<\/a><\/strong><\/em> <\/label><\/li>\n<\/ul>\n<h5><strong>2018<\/strong><\/h5>\n<ul>\n<li><label>Elsa Dupraz, Thomas Maugey, Aline Roumy, Michel Kieffer. <\/label> <strong><a href=\"https:\/\/arxiv.org\/abs\/1801.05655\"> <label id=\"aui_3_4_0_1_309\">&#8220;<\/label>Rate-Distortion Performance of Sequential Massive Random Access to Gaussian Sources with Memory&#8221;<\/a><\/strong><label>, Data Compression Conference (DCC),<\/label><label> 2018. <\/label><\/li>\n<li><label> Zeina Mheich, Elsa Dupraz.<\/label> <strong><a href=\"https:\/\/arxiv.org\/abs\/1801.05655\"><label id=\"aui_3_4_0_1_309\">`<\/label><\/a><a href=\"https:\/\/arxiv.org\/abs\/1801.05655\"><label id=\"aui_3_4_0_1_309\">`<\/label><\/a><\/strong><a href=\"http:\/\/www.elsa-dupraz.fr\/papiers\/LDPCA_NB.pdf\"><strong>Short Length Non-binary Rate-Adaptive LDPC Codes for Slepian-Wolf Source Coding&#8221;<\/strong>,\u00a0<\/a><label>Wireless Communications and Networking Conference (WCNC),<\/label><label> 2018.<\/label><\/li>\n<li><label> A. Criniere, A. Roumy, T. Maugey, M. Kieffer, J. Dumoulin.\u00a0<\/label> <strong>&#8220;Compression of spatio-temporally correlated and massive georeferenced data&#8221;<\/strong> <label> European Geosciences Union General Assembly <\/label> <label> : 2018 <\/label><\/li>\n<li><label> Fangping Ye, Zeina Mheich, Elsa Dupraz, Karine Amis: <\/label> <strong><a href=\"http:\/\/www.elsa-dupraz.fr\/papiers\/Ye18ICT.pdf\"> &#8220;Optimized Short-Length Rate-Adaptive LDPC Codes for Slepian-Wolf Source Coding&#8221;<\/a><\/strong> <label> International Conference on Telecommunication (ICT) <\/label> <label> : 2018 <\/label><label><\/label><label><\/label><\/li>\n<li>F. Ye, E. Dupraz, K. Amis, <strong>&#8220;Rate-adaptive LDPC code construction for Free-Viewpoint Television&#8221;<\/strong>, Conference on Information Theory and Complex Systems (TINKOS), Belgrade, Serbia, 2018.<\/li>\n<\/ul>\n<h5><strong>2017<\/strong><\/h5>\n<ul>\n<li><label> N. Mahmoudian bidgoli and T. Maugey and A. Roumy. <\/label><strong><a href=\"http:\/\/people.rennes.inria.fr\/Aline.Roumy\/publi\/17icip_Correlation_model_selection_for_interctavive_video_communication.pdf\">&#8220;Correlation model selection for interactive video communication&#8221;<\/a><\/strong><label>, IEEE International Conference on Image Processing (ICIP) <\/label> <label> : 2017 <\/label><\/li>\n<li><label> A. Criniere and A. Roumy and T. Maugey and M. Kieffer and J. Dumoulin: <\/label><a href=\"http:\/\/people.rennes.inria.fr\/Aline.Roumy\/publi\/17gretsi_Intercom_selection_optimale.pdf\"><strong>&#8220;S\u00e9lection optimale de capteurs de r\u00e9f\u00e9rence pour le stockage de donn\u00e9es spatialement corr\u00e9l\u00e9es&#8221;<\/strong>, <\/a> <label> Gretsi <\/label> <label> : 2017 <\/label><\/li>\n<li><label> E. Dupraz, T. Maugey, A. Roumy and M. Kieffer. <strong>&#8220;<\/strong><\/label><a href=\"https:\/\/arxiv.org\/abs\/1612.07163\"><strong>Transmission and Storage Rates for Sequential Massive Random Access&#8221;<\/strong>,<\/a><label> preprint 2017.<\/label><\/li>\n<\/ul>\n<p>&nbsp;<\/p>\n<p>&nbsp;<\/p>\n","protected":false},"excerpt":{"rendered":"<p>2021 N. Mahmoudian Bidgoli, R. Azevedo, T. Maugey, A. Roumy, P. Frossard, OSLO: On-the-Sphere Learning for Omnidirectional images and its application to 360-degree image compression,\u2026<\/p>\n<p> <a class=\"continue-reading-link\" href=\"https:\/\/project.inria.fr\/intercom\/publications\/\"><span>Continue reading<\/span><i class=\"crycon-right-dir\"><\/i><\/a> <\/p>\n","protected":false},"author":1611,"featured_media":0,"parent":0,"menu_order":0,"comment_status":"closed","ping_status":"closed","template":"","meta":{"footnotes":""},"class_list":["post-66","page","type-page","status-publish","hentry"],"_links":{"self":[{"href":"https:\/\/project.inria.fr\/intercom\/wp-json\/wp\/v2\/pages\/66","targetHints":{"allow":["GET"]}}],"collection":[{"href":"https:\/\/project.inria.fr\/intercom\/wp-json\/wp\/v2\/pages"}],"about":[{"href":"https:\/\/project.inria.fr\/intercom\/wp-json\/wp\/v2\/types\/page"}],"author":[{"embeddable":true,"href":"https:\/\/project.inria.fr\/intercom\/wp-json\/wp\/v2\/users\/1611"}],"replies":[{"embeddable":true,"href":"https:\/\/project.inria.fr\/intercom\/wp-json\/wp\/v2\/comments?post=66"}],"version-history":[{"count":22,"href":"https:\/\/project.inria.fr\/intercom\/wp-json\/wp\/v2\/pages\/66\/revisions"}],"predecessor-version":[{"id":166,"href":"https:\/\/project.inria.fr\/intercom\/wp-json\/wp\/v2\/pages\/66\/revisions\/166"}],"wp:attachment":[{"href":"https:\/\/project.inria.fr\/intercom\/wp-json\/wp\/v2\/media?parent=66"}],"curies":[{"name":"wp","href":"https:\/\/api.w.org\/{rel}","templated":true}]}}