

{"id":307,"date":"2015-11-28T13:27:27","date_gmt":"2015-11-28T12:27:27","guid":{"rendered":"https:\/\/project.inria.fr\/isotace\/?page_id=307"},"modified":"2015-11-28T15:45:55","modified_gmt":"2015-11-28T14:45:55","slug":"307-2","status":"publish","type":"page","link":"https:\/\/project.inria.fr\/isotace\/307-2\/","title":{"rendered":""},"content":{"rendered":"<table>\n<tbody>\n<tr valign=\"top\">\n<td class=\"bibtexnumber\" align=\"right\">[<a name=\"santambrogio:hal-00871623\"><\/a>1]<\/td>\n<td class=\"bibtexitem\">Filippo Santambrogio.<br \/>\nA Dacorogna-Moser approach to flow decomposition and minimal flow<br \/>\nproblems.<br \/>\nsubmitted to the proceedings of the SMAI conference 2013, October<br \/>\n2013.<br \/>\n<a href=\"https:\/\/hal.archives-ouvertes.fr\/hal-00871623\">http<\/a><\/td>\n<\/tr>\n<tr valign=\"top\">\n<td class=\"bibtexnumber\" align=\"right\">[<a name=\"benamou:hal-01053454\"><\/a>2]<\/td>\n<td class=\"bibtexitem\">Jean-David Benamou and Brittany\u00a0D. Froese.<br \/>\nA viscosity framework for computing Pogorelov solutions of the<br \/>\nMonge-Ampere equation.<br \/>\nJuly 2014.<br \/>\n<a href=\"https:\/\/hal.inria.fr\/hal-01053454\">http<\/a><\/td>\n<\/tr>\n<tr valign=\"top\">\n<td class=\"bibtexnumber\" align=\"right\">[<a name=\"benamou:hal-01073143\"><\/a>3]<\/td>\n<td class=\"bibtexitem\">Jean-David Benamou and Guillaume Carlier.<br \/>\nAugmented Lagrangian methods for transport optimization, Mean-Field<br \/>\nGames and degenerate PDEs.<br \/>\nOctober 2014.<br \/>\n<a href=\"https:\/\/hal.inria.fr\/hal-01073143\">http<\/a><\/td>\n<\/tr>\n<tr valign=\"top\">\n<td class=\"bibtexnumber\" align=\"right\">[<a name=\"brenier:hal-01070575\"><\/a>4]<\/td>\n<td class=\"bibtexitem\">Yann Brenier.<br \/>\nConnections between Optimal Transport, Combinatorial Optimization<br \/>\nand Hydrodynamics.<br \/>\nOctober 2014.<br \/>\n<a href=\"https:\/\/hal.archives-ouvertes.fr\/hal-01070575\">http<\/a><\/td>\n<\/tr>\n<tr valign=\"top\">\n<td class=\"bibtexnumber\" align=\"right\">[<a name=\"buttazzo:hal-00987291\"><\/a>5]<\/td>\n<td class=\"bibtexitem\">Giuseppe Buttazzo, Guillaume Carlier, and Serena Guarino Lo\u00a0Bianco.<br \/>\nOptimal regions for congested transport.<br \/>\n2014.<br \/>\n<a href=\"https:\/\/hal.archives-ouvertes.fr\/hal-00987291\">http<\/a><\/td>\n<\/tr>\n<tr valign=\"top\">\n<td class=\"bibtexnumber\" align=\"right\">[<a name=\"benamou:hal-00922349\"><\/a>6]<\/td>\n<td class=\"bibtexitem\">Jean-David Benamou, Guillaume Carlier, and Nicolas Bonne.<br \/>\nAn Augmented Lagrangian Numerical approach to solving Mean-Fields<br \/>\nGames.<br \/>\nResearch report, December 2013.<br \/>\n<a href=\"https:\/\/hal.inria.fr\/hal-00922349\">http<\/a><\/td>\n<\/tr>\n<tr valign=\"top\">\n<td class=\"bibtexnumber\" align=\"right\">[<a name=\"li:hal-00819131\"><\/a>7]<\/td>\n<td class=\"bibtexitem\">Qi-Rui Li, Filippo Santambrogio, and Xu-Jia Wang.<br \/>\nRegularity in Monge&#8217;s mass transfer problem.<br \/>\n<em>Journal de Math\u00e9matiques Pures et Appliqu\u00e9es<\/em>, pages<br \/>\nIn Press, Corrected Proof, only online for the moment, 2014.<br \/>\n<a href=\"https:\/\/hal.archives-ouvertes.fr\/hal-00819131\">http<\/a><\/td>\n<\/tr>\n<tr valign=\"top\">\n<td class=\"bibtexnumber\" align=\"right\">[<a name=\"MR3161649\"><\/a>8]<\/td>\n<td class=\"bibtexitem\">A.\u00a0Galichon, P.\u00a0Henry-Labord\u00e8re, and N.\u00a0Touzi.<br \/>\nA stochastic control approach to no-arbitrage bounds given marginals,<br \/>\nwith an application to lookback options.<br \/>\n<em>Ann. Appl. Probab.<\/em>, 24(1):312-336, 2014.<br \/>\n<a href=\"http:\/\/dx.doi.org\/10.1214\/13-AAP925\">http<\/a><\/td>\n<\/tr>\n<tr valign=\"top\">\n<td class=\"bibtexnumber\" align=\"right\">[<a name=\"MR3151751\"><\/a>9]<\/td>\n<td class=\"bibtexitem\">Dylan Possama\u00ef, Guillaume Royer, and Nizar Touzi.<br \/>\nOn the robust superhedging of measurable claims.<br \/>\n<em>Electron. Commun. Probab.<\/em>, 18:no. 95, 13, 2013.<br \/>\n<a href=\"http:\/\/dx.doi.org\/10.1214\/ECP.v18-2739\">http<\/a><\/td>\n<\/tr>\n<tr valign=\"top\">\n<td class=\"bibtexnumber\" align=\"right\">[<a name=\"MR3127880\"><\/a>10]<\/td>\n<td class=\"bibtexitem\">Xiaolu Tan and Nizar Touzi.<br \/>\nOptimal transportation under controlled stochastic dynamics.<br \/>\n<em>Ann. Probab.<\/em>, 41(5):3201-3240, 2013.<br \/>\n<a href=\"http:\/\/dx.doi.org\/10.1214\/12-AOP797\">http<\/a><\/td>\n<\/tr>\n<tr valign=\"top\">\n<td class=\"bibtexnumber\" align=\"right\">[<a name=\"1409.6255\"><\/a>11]<\/td>\n<td class=\"bibtexitem\">Jan Obloj, Peter Spoida, and Nizar Touzi.<br \/>\nMartingale inequalities for the maximum via pathwise arguments, 2014.<br \/>\n<a href=\"http:\/\/arxiv.org\/abs\/arXiv:1409.6255\">arXiv<\/a><\/td>\n<\/tr>\n<tr valign=\"top\">\n<td class=\"bibtexnumber\" align=\"right\">[<a name=\"1302.4854\"><\/a>12]<\/td>\n<td class=\"bibtexitem\">Pierre Henry-Labordere and Nizar Touzi.<br \/>\nAn explicit martingale version of brenier&#8217;s theorem, 2013.<br \/>\n<a href=\"http:\/\/arxiv.org\/abs\/arXiv:1302.4854\">arXiv<\/a><\/td>\n<\/tr>\n<tr valign=\"top\">\n<td class=\"bibtexnumber\" align=\"right\">[<a name=\"1310.0939\"><\/a>13]<\/td>\n<td class=\"bibtexitem\">Xiaolu Tan and Nizar Touzi.<br \/>\nOptimal transportation under controlled dynamics, 2013<br \/>\n<a href=\"http:\/\/arxiv.org\/abs\/arXiv:1310.0939\">arXiv<\/a><\/td>\n<\/tr>\n<tr valign=\"top\">\n<td class=\"bibtexnumber\" align=\"right\">[<a name=\"MR3268061\"><\/a>14]<\/td>\n<td class=\"bibtexitem\">Yves Achdou, Francisco\u00a0J. Buera, Jean-Michel Lasry, Pierre-Louis Lions, and<br \/>\nBenjamin Moll.<br \/>\nPartial differential equation models in macroeconomics.<br \/>\n<em>Philos. Trans. R. Soc. Lond. Ser. A Math. Phys. Eng. Sci.<\/em>,<br \/>\n372(2028):20130397, 19, 2014.<\/td>\n<\/tr>\n<tr valign=\"top\">\n<td class=\"bibtexnumber\" align=\"right\">[<a name=\"MR3180719\"><\/a>15]<\/td>\n<td class=\"bibtexitem\">Yves Achdou, Fabio Camilli, and Lucilla Corrias.<br \/>\nOn numerical approximation of the Hamilton-Jacobi-transport<br \/>\nsystem arising in high frequency approximations.<br \/>\n<em>Discrete Contin. Dyn. Syst. Ser. B<\/em>, 19(3):629-650, 2014.<br \/>\n<a href=\"http:\/\/dx.doi.org\/10.3934\/dcdsb.2014.19.629\">http<\/a><\/td>\n<\/tr>\n<tr valign=\"top\">\n<td class=\"bibtexnumber\" align=\"right\">[<a name=\"MR3097034\"><\/a>16]<\/td>\n<td class=\"bibtexitem\">Yves Achdou, Fabio Camilli, and Italo Capuzzo-Dolcetta.<br \/>\nMean field games: convergence of a finite difference method.<br \/>\n<em>SIAM J. Numer. Anal.<\/em>, 51(5):2585-2612, 2013.<br \/>\n<a href=\"http:\/\/dx.doi.org\/10.1137\/120882421\">http<\/a><\/td>\n<\/tr>\n<tr valign=\"top\">\n<td class=\"bibtexnumber\" align=\"right\">[<a name=\"benamou:hal-01056452\"><\/a>17]<\/td>\n<td class=\"bibtexitem\">Jean-David Benamou, Guillaume Carlier, Quentin M\u00e9rigot, and Edouard Oudet.<br \/>\nDiscretization of functionals involving the Monge-Amp\u00e8re<br \/>\noperator.<br \/>\nTechnical report, July 2014.<br \/>\n20 pages.<br \/>\n<a href=\"https:\/\/hal.archives-ouvertes.fr\/hal-01056452\">http<\/a><\/td>\n<\/tr>\n<tr valign=\"top\">\n<td class=\"bibtexnumber\" align=\"right\">[<a name=\"MR3275431\"><\/a>18]<\/td>\n<td class=\"bibtexitem\">A.\u00a0Blanchet and G.\u00a0Carlier.<br \/>\nRemarks on existence and uniqueness of Cournot-Nash equilibria<br \/>\nin the non-potential case.<br \/>\n<em>Math. Financ. Econ.<\/em>, 8(4):417-433, 2014.<br \/>\n<a href=\"http:\/\/dx.doi.org\/10.1007\/s11579-014-0127-z\">http<\/a><\/td>\n<\/tr>\n<tr valign=\"top\">\n<td class=\"bibtexnumber\" align=\"right\">[<a name=\"MR3268055\"><\/a>19]<\/td>\n<td class=\"bibtexitem\">Adrien Blanchet and Guillaume Carlier.<br \/>\nFrom Nash to Cournot-Nash equilibria via the<br \/>\nMonge-Kantorovich problem.<br \/>\n<em>Philos. Trans. R. Soc. Lond. Ser. A Math. Phys. Eng. Sci.<\/em>,<br \/>\n372(2028):20130398, 11, 2014.<\/td>\n<\/tr>\n<tr valign=\"top\">\n<td class=\"bibtexnumber\" align=\"right\">[<a name=\"MR3127147\"><\/a>20]<\/td>\n<td class=\"bibtexitem\">L.\u00a0Brasco and G.\u00a0Carlier.<br \/>\nCongested traffic equilibria and degenerate anisotropic PDEs.<br \/>\n<em>Dyn. Games Appl.<\/em>, 3(4):508-522, 2013.<br \/>\n<a href=\"http:\/\/dx.doi.org\/10.1007\/s13235-013-0081-z\">http<\/a><\/td>\n<\/tr>\n<tr valign=\"top\">\n<td class=\"bibtexnumber\" align=\"right\">[<a name=\"MR3116016\"><\/a>21]<\/td>\n<td class=\"bibtexitem\">P.\u00a0Cardaliaguet, G.\u00a0Carlier, and B.\u00a0Nazaret.<br \/>\nGeodesics for a class of distances in the space of probability<br \/>\nmeasures.<br \/>\n<em>Calc. Var. Partial Differential Equations<\/em>, 48(3-4):395-420,<br \/>\n2013.<br \/>\n<a href=\"http:\/\/dx.doi.org\/10.1007\/s00526-012-0555-7\">http<\/a><\/td>\n<\/tr>\n<tr valign=\"top\">\n<td class=\"bibtexnumber\" align=\"right\">[<a name=\"1312.6500\"><\/a>22]<\/td>\n<td class=\"bibtexitem\">Giuseppe Buttazzo and Guillaume Carlier.<br \/>\nOptimal spatial pricing strategies with transportation costs.<br \/>\nAMS Series Contemporary Mathematics, 514 (2010), 105-121, 2013.<br \/>\n<a href=\"http:\/\/arxiv.org\/abs\/arXiv:1312.6500\">arXiv<\/a><\/td>\n<\/tr>\n<tr valign=\"top\">\n<td class=\"bibtexnumber\" align=\"right\">[<a name=\"1404.0790\"><\/a>23]<\/td>\n<td class=\"bibtexitem\">Giuseppe Buttazzo, Guillaume Carlier, and Serena Guarino\u00a0Lo Bianco.<br \/>\nOptimal regions for congested transport, 2014.<br \/>\n<a href=\"http:\/\/arxiv.org\/abs\/arXiv:1404.0790\">arXiv<\/a><\/td>\n<\/tr>\n<tr valign=\"top\">\n<td class=\"bibtexnumber\" align=\"right\">[<a name=\"1411.3602\"><\/a>24]<\/td>\n<td class=\"bibtexitem\">Guillaume Carlier, Adam Oberman, and Edouard Oudet.<br \/>\nNumerical methods for matching for teams and wasserstein barycenters,<br \/>\n2014.<br \/>\n<a href=\"http:\/\/arxiv.org\/abs\/arXiv:1411.3602\">arXiv<\/a><\/td>\n<\/tr>\n<tr valign=\"top\">\n<td class=\"bibtexnumber\" align=\"right\">[<a name=\"sssssssss\"><\/a>25]<\/td>\n<td class=\"bibtexitem\">F.\u00a0Santambrogio G.\u00a0De\u00a0Philippis, A.\u00a0M\u00e9sz\u00e1ros and B.\u00a0Velichkov.<br \/>\nBv estimates in optimal transportation and applications.<br \/>\n2014.<\/td>\n<\/tr>\n<tr valign=\"top\">\n<td class=\"bibtexnumber\" align=\"right\">[<a name=\"sss\"><\/a>26]<\/td>\n<td class=\"bibtexitem\">Filippo Santambrogio.<br \/>\n<em>Introduction to Optimal Transport Theory<\/em>, pages 3-21.<br \/>\nLondon Mathematical Society, 2014.<\/td>\n<\/tr>\n<tr valign=\"top\">\n<td class=\"bibtexnumber\" align=\"right\">[<a name=\"ssss\"><\/a>27]<\/td>\n<td class=\"bibtexitem\">Filippo Santambrogio.<br \/>\n<em>Models and applications of Optimal Transport in Economics,<br \/>\nTraffic and Urban Planning<\/em>, pages 22-40.<br \/>\nLondon Mathematical Society, 2014.<\/td>\n<\/tr>\n<tr valign=\"top\">\n<td class=\"bibtexnumber\" align=\"right\">[<a name=\"symmetry\"><\/a>28]<\/td>\n<td class=\"bibtexitem\">Claude\u00a0Martini Luciano\u00a0Campi, Ismail\u00a0Laachir.<br \/>\nChange of numeraire in the two-marginals martingale transport<br \/>\nproblem.<br \/>\n<em>submitted<\/em>, 2014.<br \/>\n<a href=\"http:\/\/arxiv.org\/abs\/1406.6951\">http<\/a><\/td>\n<\/tr>\n<tr valign=\"top\">\n<td class=\"bibtexnumber\" align=\"right\">[<a name=\"otSSVI\"><\/a>29]<\/td>\n<td class=\"bibtexitem\">Claude\u00a0Martini Ismail\u00a0Laachir.<br \/>\nOptimal transport option bounds for ssvi.<br \/>\n<em>working paper<\/em>, 2014.<br \/>\n<a href=\"http:\/\/www.zanadu.io\/nbviewer\/ISOTACE\/Optimal_transport_option_bounds_for_SSVI.html\">.html<\/a><\/td>\n<\/tr>\n<tr valign=\"top\">\n<td class=\"bibtexnumber\" align=\"right\">[<a name=\"extremalPoints\"><\/a>30]<\/td>\n<td class=\"bibtexitem\">Claude\u00a0Martini Luciano\u00a0Campi.<br \/>\nInvestigating the extremal martingale measures with pre-specified<br \/>\nmarginals.<br \/>\n<em>in peparation<\/em>, 2014.<\/td>\n<\/tr>\n<tr valign=\"top\">\n<td class=\"bibtexnumber\" align=\"right\">[<a name=\"anotherPlan\"><\/a>31]<\/td>\n<td class=\"bibtexitem\">Ismail Laachir.<br \/>\nAnother example of two-marginals martingale transference plan.<br \/>\n<em>in preparation<\/em>, 2014.<\/td>\n<\/tr>\n<tr valign=\"top\">\n<td class=\"bibtexnumber\" align=\"right\">[<a name=\"ssst\"><\/a>32]<\/td>\n<td class=\"bibtexitem\">A.\u00a0Zhou S.\u00a0De\u00a0Marco.<br \/>\nOn robust bounds on vix options given marginals.<br \/>\n<em>working paper<\/em>, 2014.<\/td>\n<\/tr>\n<tr valign=\"top\">\n<td class=\"bibtexnumber\" align=\"right\">[<a name=\"doi:10.1142\/S0218202515400035\"><\/a>33]<\/td>\n<td class=\"bibtexitem\">Sylvain Faure and Bertrand Maury.<br \/>\nCrowd motion from the granular standpoint.<br \/>\n<em>Mathematical Models and Methods in Applied Sciences<\/em>,<br \/>\n25(03):463-493, 2015.<br \/>\n<a href=\"http:\/\/arxiv.org\/abs\/http:\/\/www.worldscientific.com\/doi\/pdf\/10.1142\/S0218202515400035\">arXiv<\/a><br \/>\n<a href=\"http:\/\/www.worldscientific.com\/doi\/abs\/10.1142\/S0218202515400035\">http<\/a><\/td>\n<\/tr>\n<tr valign=\"top\">\n<td class=\"bibtexnumber\" align=\"right\">[<a name=\"brenier:hal-01137528\"><\/a>34]<\/td>\n<td class=\"bibtexitem\">Yann Brenier.<br \/>\nA DOUBLE LARGE DEVIATION PRINCIPLE FOR MONGE-AMPERE GRAVITATION.<br \/>\nMarch 2015.<br \/>\n<a href=\"https:\/\/hal.archives-ouvertes.fr\/hal-01137528\">http<\/a><br \/>\n<a href=\"https:\/\/hal.archives-ouvertes.fr\/hal-01137528\/file\/MAGLD-Liulinz29.pdf\">.pdf<\/a><\/td>\n<\/tr>\n<tr valign=\"top\">\n<td class=\"bibtexnumber\" align=\"right\">[<a name=\"benamou:hal-01148954\"><\/a>35]<\/td>\n<td class=\"bibtexitem\">Jean-David Benamou, Guillaume Carlier, and Luca Nenna.<br \/>\nA Numerical Method to solve Optimal Transport Problems with Coulomb<br \/>\nCost.<br \/>\nMay 2015.<br \/>\n<a href=\"https:\/\/hal.inria.fr\/hal-01148954\">http<\/a><br \/>\n<a href=\"https:\/\/hal.inria.fr\/hal-01148954\/file\/chapter_DFT_Benamou_Carlier_Nenna.pdf\">.pdf<\/a><\/td>\n<\/tr>\n<tr valign=\"top\">\n<td class=\"bibtexnumber\" align=\"right\">[<a name=\"achdou:hal-01139389\"><\/a>36]<\/td>\n<td class=\"bibtexitem\">Yves Achdou and Mathieu Lauri\u00e8re.<br \/>\nMean field type control with congestion.<br \/>\nApril 2015.<br \/>\n<a href=\"https:\/\/hal.archives-ouvertes.fr\/hal-01139389\">http<\/a><br \/>\n<a href=\"https:\/\/hal.archives-ouvertes.fr\/hal-01139389\/file\/mftc_weak2.pdf\">.pdf<\/a><\/td>\n<\/tr>\n<tr valign=\"top\">\n<td class=\"bibtexnumber\" align=\"right\">[<a name=\"bouchard:hal-01179817\"><\/a>37]<\/td>\n<td class=\"bibtexitem\">Bruno Bouchard, Dylan Possama\u00ef, Xiaolu Tan, and Chao Zhou.<br \/>\nA unified approach to a priori estimates for supersolutions of BSDEs<br \/>\nin general filtrations.<br \/>\nJuly 2015.<br \/>\n<a href=\"https:\/\/hal.archives-ouvertes.fr\/hal-01179817\">http<\/a><br \/>\n<a href=\"https:\/\/hal.archives-ouvertes.fr\/hal-01179817\/file\/BPTZ15.pdf\">.pdf<\/a><\/td>\n<\/tr>\n<tr valign=\"top\">\n<td class=\"bibtexnumber\" align=\"right\">[<a name=\"bouchard:hal-01148307\"><\/a>38]<\/td>\n<td class=\"bibtexitem\">Bruno Bouchard, Dylan Possama\u00ef, and Xiaolu Tan.<br \/>\nA general Doob-Meyer-Mertens decomposition for g-supermartingale<br \/>\nsystems.<br \/>\nMay 2015.<br \/>\n<a href=\"https:\/\/hal.archives-ouvertes.fr\/hal-01148307\">http<\/a><br \/>\n<a href=\"https:\/\/hal.archives-ouvertes.fr\/hal-01148307\/file\/BPT15.pdf\">.pdf<\/a><\/td>\n<\/tr>\n<tr valign=\"top\">\n<td class=\"bibtexnumber\" align=\"right\">[<a name=\"agueh:hal-01164843\"><\/a>39]<\/td>\n<td class=\"bibtexitem\">Martial Agueh and Guillaume Carlier.<br \/>\nGeneralized solutions of a kinetic granular media equation by a<br \/>\ngradient flow approach.<br \/>\nJune 2015.<br \/>\n<a href=\"https:\/\/hal.archives-ouvertes.fr\/hal-01164843\">http<\/a><br \/>\n<a href=\"https:\/\/hal.archives-ouvertes.fr\/hal-01164843\/file\/AC_Granular_quad_v6.pdf\">.pdf<\/a><\/td>\n<\/tr>\n<tr valign=\"top\">\n<td class=\"bibtexnumber\" align=\"right\">[<a name=\"andreev:hal-01184494\"><\/a>40]<\/td>\n<td class=\"bibtexitem\">Roman Andreev.<br \/>\nWavelet-in-time multigrid-in-space preconditioning of parabolic<br \/>\nevolution equations.<br \/>\nAugust 2015.<br \/>\n<a href=\"https:\/\/hal.archives-ouvertes.fr\/hal-01184494\">http<\/a><br \/>\n<a href=\"https:\/\/hal.archives-ouvertes.fr\/hal-01184494\/file\/WITMIS_HAL_20150814.pdf\">.pdf<\/a><\/td>\n<\/tr>\n<tr valign=\"top\">\n<td class=\"bibtexnumber\" align=\"right\">[<a name=\"maury:hal-01224008\"><\/a>41]<\/td>\n<td class=\"bibtexitem\">Bertrand Maury and Anthony Preux.<br \/>\nPressureless Euler equations with maximal density constraint : a<br \/>\ntime-splitting scheme.<br \/>\nOctober 2015.<br \/>\n<a href=\"https:\/\/hal.archives-ouvertes.fr\/hal-01224008\">http<\/a><br \/>\n<a href=\"https:\/\/hal.archives-ouvertes.fr\/hal-01224008\/file\/EulerGSP.pdf\">.pdf<\/a><\/td>\n<\/tr>\n<tr valign=\"top\">\n<td class=\"bibtexnumber\" align=\"right\">[<a name=\"benamou:hal-01096124\"><\/a>42]<\/td>\n<td class=\"bibtexitem\">Jean-David Benamou, Guillaume Carlier, Marco Cuturi, Luca Nenna, and Gabriel<br \/>\nPeyr\u00e9.<br \/>\nIterative Bregman Projections for Regularized Transportation<br \/>\nProblems.<br \/>\n<em>SIAM Journal on Scientific Computing<\/em>, 2(37):A1111-A1138,<br \/>\n2015.<br \/>\n<a href=\"https:\/\/hal.archives-ouvertes.fr\/hal-01096124\">http<\/a><br \/>\n<a href=\"https:\/\/hal.archives-ouvertes.fr\/hal-01096124\/file\/KL-Projections.pdf\">.pdf<\/a><\/td>\n<\/tr>\n<tr valign=\"top\">\n<td class=\"bibtexnumber\" align=\"right\">[<a name=\"achdou:hal-01137705\"><\/a>43]<\/td>\n<td class=\"bibtexitem\">Yves Achdou and Alessio Porretta.<br \/>\nConvergence of a finite difference scheme to weak solutions of the<br \/>\nsystem of partial differential equation arising in mean field games.<br \/>\nMarch 2015.<br \/>\n<a href=\"https:\/\/hal.archives-ouvertes.fr\/hal-01137705\">http<\/a><br \/>\n<a href=\"https:\/\/hal.archives-ouvertes.fr\/hal-01137705\/file\/YAAP5.pdf\">.pdf<\/a><\/td>\n<\/tr>\n<tr valign=\"top\">\n<td class=\"bibtexnumber\" align=\"right\">[<a name=\"santambrogio:hal-01176170\"><\/a>44]<\/td>\n<td class=\"bibtexitem\">Filippo Santambrogio.<br \/>\nDEALING WITH MOMENT MEASURES VIA ENTROPY AND OPTIMAL TRANSPORT.<br \/>\nJune 2015.<br \/>\n<a href=\"https:\/\/hal.archives-ouvertes.fr\/hal-01176170\">http<\/a><br \/>\n<a href=\"https:\/\/hal.archives-ouvertes.fr\/hal-01176170\/file\/Moment%20measures.pdf\">.pdf<\/a><\/td>\n<\/tr>\n<tr valign=\"top\">\n<td class=\"bibtexnumber\" align=\"right\">[<a name=\"cardaliaguet:hal-01173947\"><\/a>45]<\/td>\n<td class=\"bibtexitem\">Pierre Cardaliaguet, Alp\u00e1r\u00a0Rich\u00e1rd M\u00e9sz\u00e1ros, and Filippo<br \/>\nSantambrogio.<br \/>\nFirst order Mean Field Games with density constraints: Pressure<br \/>\nequals Price.<br \/>\nJuly 2015.<br \/>\n<a href=\"https:\/\/hal.archives-ouvertes.fr\/hal-01173947\">http<\/a><br \/>\n<a href=\"https:\/\/hal.archives-ouvertes.fr\/hal-01173947\/file\/20150706_carmessan_final.pdf\">.pdf<\/a><\/td>\n<\/tr>\n<tr valign=\"top\">\n<td class=\"bibtexnumber\" align=\"right\">[<a name=\"santambrogio:hal-01214200\"><\/a>46]<\/td>\n<td class=\"bibtexitem\">Filippo Santambrogio and Xu-Jia Wang.<br \/>\nConvexity of the support of the displacement interpolation:<br \/>\ncounterexamples.<br \/>\nOctober 2015.<br \/>\n<a href=\"https:\/\/hal.archives-ouvertes.fr\/hal-01214200\">http<\/a><br \/>\n<a href=\"https:\/\/hal.archives-ouvertes.fr\/hal-01214200\/file\/CounterexampleConvexity.pdf\">.pdf<\/a><\/td>\n<\/tr>\n<tr valign=\"top\">\n<td class=\"bibtexnumber\" align=\"right\">[<a name=\"achdou2015effective\"><\/a>47]<\/td>\n<td class=\"bibtexitem\">Yves Achdou, Salom\u00e9 Oudet, and Nicoletta Tchou.<br \/>\nEffective transmission conditions for hamilton-jacobi equations<br \/>\ndefined on two domains separated by an oscillatory interface.<br \/>\n<em>arXiv preprint arXiv:1506.02998<\/em>, 2015.<\/td>\n<\/tr>\n<tr valign=\"top\">\n<td class=\"bibtexnumber\" align=\"right\">[<a name=\"2015arXiv150604565D\"><\/a>48]<\/td>\n<td class=\"bibtexitem\">S.\u00a0Di Marino, A.\u00a0Gerolin, and L.\u00a0Nenna.<br \/>\nOptimal Transportation Theory with Repulsive Costs.<br \/>\n<em>ArXiv e-prints<\/em>, June 2015.<br \/>\n<a href=\"http:\/\/arxiv.org\/abs\/1506.04565\">arXiv<\/a><\/td>\n<\/tr>\n<\/tbody>\n<\/table>\n","protected":false},"excerpt":{"rendered":"<p>[1] Filippo Santambrogio. A Dacorogna-Moser approach to flow decomposition and minimal flow problems. submitted to the proceedings of the SMAI conference 2013, October 2013. http [2] Jean-David Benamou and Brittany\u00a0D. Froese. A viscosity framework for computing Pogorelov solutions of the Monge-Ampere equation. July 2014. http [3] Jean-David Benamou and Guillaume Carlier. Augmented Lagrangian methods for &hellip; <\/p>\n<p><a class=\"more-link btn\" href=\"https:\/\/project.inria.fr\/isotace\/307-2\/\">Continue reading<\/a><\/p>\n","protected":false},"author":213,"featured_media":0,"parent":0,"menu_order":0,"comment_status":"open","ping_status":"open","template":"","meta":{"footnotes":""},"class_list":["post-307","page","type-page","status-publish","hentry","nodate","item-wrap"],"_links":{"self":[{"href":"https:\/\/project.inria.fr\/isotace\/wp-json\/wp\/v2\/pages\/307","targetHints":{"allow":["GET"]}}],"collection":[{"href":"https:\/\/project.inria.fr\/isotace\/wp-json\/wp\/v2\/pages"}],"about":[{"href":"https:\/\/project.inria.fr\/isotace\/wp-json\/wp\/v2\/types\/page"}],"author":[{"embeddable":true,"href":"https:\/\/project.inria.fr\/isotace\/wp-json\/wp\/v2\/users\/213"}],"replies":[{"embeddable":true,"href":"https:\/\/project.inria.fr\/isotace\/wp-json\/wp\/v2\/comments?post=307"}],"version-history":[{"count":4,"href":"https:\/\/project.inria.fr\/isotace\/wp-json\/wp\/v2\/pages\/307\/revisions"}],"predecessor-version":[{"id":322,"href":"https:\/\/project.inria.fr\/isotace\/wp-json\/wp\/v2\/pages\/307\/revisions\/322"}],"wp:attachment":[{"href":"https:\/\/project.inria.fr\/isotace\/wp-json\/wp\/v2\/media?parent=307"}],"curies":[{"name":"wp","href":"https:\/\/api.w.org\/{rel}","templated":true}]}}