

{"id":72,"date":"2017-03-22T15:34:01","date_gmt":"2017-03-22T14:34:01","guid":{"rendered":"https:\/\/project.inria.fr\/iwdcmr2017\/?page_id=72"},"modified":"2017-04-26T14:09:16","modified_gmt":"2017-04-26T12:09:16","slug":"venue","status":"publish","type":"page","link":"https:\/\/project.inria.fr\/iwdcmr2017\/venue\/","title":{"rendered":"Venue &#038; Travel"},"content":{"rendered":"<p><span style=\"color: #048b9a; font-size: 24pt;\"><strong>Location<\/strong><\/span><\/p>\n<p>The Workshop will be held at the <a href=\"https:\/\/osm.org\/go\/eri2dsD0G?m=\">Convention Center of Inria Rennes-Bretagne-Atlantique<\/a>, located on the campus of the University of Rennes 1 (Campus de Beaulieu), east of Rennes.<\/p>\n<p>To get there from the town center, you can:<\/p>\n<ul>\n<li><strong>walk<\/strong> (about 30 minutes);<\/li>\n<li>take a <strong>bus<\/strong> (more information on the site of the <a href=\"http:\/\/www.star.fr\/\">Star (Service of Transport AutoRoutier of Rennes M\u00e9trop\u00f4le)<\/a>;<\/li>\n<li>take a <strong>V\u00e9loStar<\/strong> (more information on <a href=\"https:\/\/www.levelostar.fr\/\">the site of the Velo Star<\/a>);<\/li>\n<li>or take a <strong>taxi<\/strong> (about 15 euros).<\/li>\n<\/ul>\n<p>This map shows how to get to the Inria Rennes &#8211; Bretagne Atlantique center from the &#8220;<em>Tournebride<\/em>&#8221; bus stop (<strong>lines C4<\/strong> and <strong>C6<\/strong>, about <strong>every 10 minutes<\/strong> from and to the town center, &#8220;Place de la R\u00e9publique&#8221;).<\/p>\n<p style=\"text-align: center;\"><iframe loading=\"lazy\" src=\"https:\/\/maps.google.fr\/maps\/ms?msa=0&amp;msid=206584377440769294564.0004e1900795c6c469aec&amp;ie=UTF8&amp;t=h&amp;ll=48.115368,-1.638165&amp;spn=0.003438,0.006866&amp;z=17&amp;output=embed\" width=\"800\" height=\"600\" frameborder=\"0\" marginwidth=\"0\" marginheight=\"0\" scrolling=\"no\"><\/iframe><\/p>\n<p><span style=\"color: #048b9a; font-size: 24pt;\"><strong>How to get to Rennes<\/strong><\/span><\/p>\n<h4 style=\"text-align: left;\"><span id=\"result_box\" class=\"\" lang=\"en\"><span title=\"Par le train \">By train<\/span><\/span><\/h4>\n<p><span id=\"result_box\" class=\"\" lang=\"en\"><span title=\"Des trains r\u00e9guliers au d\u00e9part de Paris, Lille ou Lyon desservent Rennes.\">High speed trains (<em>TGV, Train Grande Vitesse<\/em>) call at Rennes from Paris, Lille or Lyon on a<\/span><span title=\"En moyenne, il y a par jour \u00a0\u00a0\u00a0\u00a0\"> daily basis. On average there are<br \/>\n<\/span><\/span><\/p>\n<ul>\n<li style=\"text-align: left;\"><span id=\"result_box\" class=\"\" lang=\"en\"><span title=\"20 TGV Paris, Montparnasse \u2013 Rennes (2h03) \u00a0\u00a0\u00a0\u00a0\">20 TGV Paris, Montparnasse &#8211; Rennes (~ 1h25)<\/span><\/span><\/li>\n<li style=\"text-align: left;\"><span id=\"result_box\" class=\"\" lang=\"en\"><span title=\"3 TGV Roissy, Charles de Gaulles a\u00e9roport \u2013 Rennes (2h58) \u00a0\u00a0\u00a0\u00a0\">3 TGV Roissy, Charles de Gaulles airport &#8211; Rennes (~ 2h20)<\/span><\/span><\/li>\n<li style=\"text-align: left;\"><span id=\"result_box\" class=\"\" lang=\"en\"><span title=\"3 TGV Lille \u2013 Rennes (3h45) \u00a0\u00a0\u00a0\u00a0\">3 TGV Lille &#8211; Rennes (~ 3h05)<\/span><\/span><\/li>\n<li style=\"text-align: left;\"><span id=\"result_box\" class=\"\" lang=\"en\"><span title=\"2 TGV Lyon \u2013 Rennes (4h25) \">2 TGV Lyon &#8211; Rennes (~ 3h45)<br \/>\n<\/span><\/span><\/li>\n<\/ul>\n<p><span id=\"result_box\" class=\"\" lang=\"en\"><span title=\"Pour plus d\u2019informations, voir le site de la SNCF \">For more information, <a href=\"https:\/\/www.voyages-sncf.com\/\">see the Voyage SNCF website<\/a>.<\/span><\/span><\/p>\n<p><span id=\"result_box\" class=\"\" lang=\"en\"><span title=\"Attention : Pensez \u00e0 composter votre billet de train dans une des machines pr\u00e9sentes sur le quai avant de monter dans celui-ci. \"><strong>Attention<\/strong>: Remember to compost your train ticket at one of the machines on the platform before getting on it.<\/span><\/span><\/p>\n<p><span id=\"result_box\" class=\"\" lang=\"en\"><span title=\"Pour rejoindre le centre Inria Rennes \u2013 Bretagne Atlantique depuis la gare, comptez 20\/25 minutes. \">It takes about 20\/25 minutes to reach the Inria Rennes &#8211; Bretagne Atlantique center from the train station, whether by public transport (underground and bus) or taxi.<\/span><\/span><\/p>\n<h4 style=\"text-align: left;\"><span id=\"result_box\" class=\"\" lang=\"en\"><span title=\"Par avion \">By plane<\/span><\/span><\/h4>\n<p><span id=\"result_box\" class=\"\" lang=\"en\"><span title=\"Il y a 22 vols quotidiens en provenance de villes fran\u00e7aise ou europ\u00e9ennes \u00e0 destination de Rennes.\">There are about 20 daily flights from French or European cities to Rennes. <\/span><span title=\"L\u2019a\u00e9roport de Dinard (situ\u00e9 \u00e0 70km au nord de Rennes) est reli\u00e9 quotidiennement \u00e0 London Stansted par Ryanair. \">Dinard airport (located 70km north of Rennes) is connected daily to London Stansted by Ryanair.<\/span><\/span><\/p>\n<p><span id=\"result_box\" class=\"\" lang=\"en\"><span title=\"De l\u2019a\u00e9roport, deux solutions pour rejoindre le centre Inria Rennes \u2013 Bretagne Atlantique : \u00a0\u00a0\u00a0\u00a0\">From the airport, you have two options to reach the Inria Rennes &#8211; Bretagne Atlantique center:<\/span><\/span><\/p>\n<ul>\n<li style=\"text-align: left;\"><span id=\"result_box\" class=\"\" lang=\"en\"><span title=\"Taxi : il s\u2019agit de la mani\u00e8re la plus simple.\"><strong>By Taxi:<\/strong> this is the simplest way. <\/span><span title=\"Le trajet jusqu\u2019au campus de Beaulieu co\u00fbte environ 20\u20ac. \u00a0\u00a0\u00a0\u00a0\">The journey to the Beaulieu campus costs about 20 \u20ac. If needed, you can order order a taxi at Taxi Rennais, one of the city&#8217;s taxi booking services: +33 2 99 30 79 79.<br \/>\n<\/span><\/span><\/li>\n<li style=\"text-align: left;\"><span id=\"result_box\" class=\"\" lang=\"en\"><span title=\"Bus : la ligne #57 relie l\u2019a\u00e9roport de Rennes \u2013 St Jacques au centre de Rennes.\"><strong>By Bus:<\/strong> line # 57 connects Rennes &#8211; St Jacques airport to the center of Rennes. <\/span><span title=\"Entre 6h50 et 19h45, il y a en moyenne 1 bus toutes les heures.\">Between 6:50 and 19:45, there is an average of 1 bus every hour. <\/span><span title=\"En p\u00e9riode d\u2019affluence, il y a un bus toutes les 10 \u00e0 15 minutes.\">In busy times, there is a bus every 10 to 15 minutes. <\/span><span title=\"Les arr\u00eats \u00ab Pommerais \u00bb et \u00ab Abb\u00e9 Grimault \u00bb sont situ\u00e9s \u00e0 800m de l\u2019a\u00e9roport.\">The stops &#8220;Pommerais&#8221; and &#8220;Abb\u00e9 Grimault&#8221; are located at 800m from the airport. <\/span><span title=\"Prendre la ligne #57 en direction de R\u00e9publique puis changer pour un autre bus.\">Take line # 57 towards R\u00e9publique and then change to another bus (typically lines C1 or C4).<\/span><\/span><\/li>\n<\/ul>\n","protected":false},"excerpt":{"rendered":"<p>Location The Workshop will be held at the Convention Center of Inria Rennes-Bretagne-Atlantique, located on the campus of the University of Rennes 1 (Campus de Beaulieu), east of Rennes. To get there from the town center, you can: walk (about 30 minutes); take a bus (more information on the site\u2026<\/p>\n<p> <a class=\"continue-reading-link\" href=\"https:\/\/project.inria.fr\/iwdcmr2017\/venue\/\"><span>Continue reading<\/span><i class=\"crycon-right-dir\"><\/i><\/a> <\/p>\n","protected":false},"author":313,"featured_media":0,"parent":0,"menu_order":0,"comment_status":"closed","ping_status":"closed","template":"","meta":{"footnotes":""},"class_list":["post-72","page","type-page","status-publish","hentry"],"_links":{"self":[{"href":"https:\/\/project.inria.fr\/iwdcmr2017\/wp-json\/wp\/v2\/pages\/72","targetHints":{"allow":["GET"]}}],"collection":[{"href":"https:\/\/project.inria.fr\/iwdcmr2017\/wp-json\/wp\/v2\/pages"}],"about":[{"href":"https:\/\/project.inria.fr\/iwdcmr2017\/wp-json\/wp\/v2\/types\/page"}],"author":[{"embeddable":true,"href":"https:\/\/project.inria.fr\/iwdcmr2017\/wp-json\/wp\/v2\/users\/313"}],"replies":[{"embeddable":true,"href":"https:\/\/project.inria.fr\/iwdcmr2017\/wp-json\/wp\/v2\/comments?post=72"}],"version-history":[{"count":10,"href":"https:\/\/project.inria.fr\/iwdcmr2017\/wp-json\/wp\/v2\/pages\/72\/revisions"}],"predecessor-version":[{"id":156,"href":"https:\/\/project.inria.fr\/iwdcmr2017\/wp-json\/wp\/v2\/pages\/72\/revisions\/156"}],"wp:attachment":[{"href":"https:\/\/project.inria.fr\/iwdcmr2017\/wp-json\/wp\/v2\/media?parent=72"}],"curies":[{"name":"wp","href":"https:\/\/api.w.org\/{rel}","templated":true}]}}