

{"id":109,"date":"2021-02-17T10:39:49","date_gmt":"2021-02-17T09:39:49","guid":{"rendered":"https:\/\/project.inria.fr\/jfig2021\/?page_id=109"},"modified":"2022-01-05T14:45:22","modified_gmt":"2022-01-05T13:45:22","slug":"sponsors","status":"publish","type":"page","link":"https:\/\/project.inria.fr\/jfig2021\/sponsors\/","title":{"rendered":"Sponsors"},"content":{"rendered":"<p><\/p>\n<blockquote><p>Un tr\u00e8s grand merci \u00e0 nos partenaires et sponsors qui nous ont permis de r\u00e9aliser ces journ\u00e9es !<\/p><\/blockquote>\n<p>&nbsp;<\/p>\n<hr \/>\n<h3><\/h3>\n<h3 style=\"text-align: center;\">Un \u00e9v\u00e8nement organis\u00e9 par<\/h3>\n<p>&nbsp;<\/p>\n<table class=\" aligncenter\" style=\"width: 70.0003%; border-collapse: collapse;\" border=\"0\">\n<tbody>\n<tr>\n<td style=\"width: 25%;\"><a href=\"https:\/\/www.asso-afig.fr\/site\/\"><img loading=\"lazy\" decoding=\"async\" class=\"alignnone wp-image-198\" src=\"https:\/\/project.inria.fr\/jfig2021\/files\/2021\/07\/logo_afig-265x300.png\" alt=\"\" width=\"80\" height=\"91\" srcset=\"https:\/\/project.inria.fr\/jfig2021\/files\/2021\/07\/logo_afig-265x300.png 265w, https:\/\/project.inria.fr\/jfig2021\/files\/2021\/07\/logo_afig-132x150.png 132w, https:\/\/project.inria.fr\/jfig2021\/files\/2021\/07\/logo_afig.png 300w\" sizes=\"auto, (max-width: 80px) 100vw, 80px\" \/><\/a><\/td>\n<td style=\"width: 25%;\"><a href=\"https:\/\/projet.liris.cnrs.fr\/egfr\/\"><img loading=\"lazy\" decoding=\"async\" class=\"alignnone wp-image-197\" src=\"https:\/\/project.inria.fr\/jfig2021\/files\/2021\/07\/logo_egfr-300x51.png\" alt=\"\" width=\"200\" height=\"34\" srcset=\"https:\/\/project.inria.fr\/jfig2021\/files\/2021\/07\/logo_egfr-300x51.png 300w, https:\/\/project.inria.fr\/jfig2021\/files\/2021\/07\/logo_egfr-768x131.png 768w, https:\/\/project.inria.fr\/jfig2021\/files\/2021\/07\/logo_egfr-1024x175.png 1024w, https:\/\/project.inria.fr\/jfig2021\/files\/2021\/07\/logo_egfr-150x26.png 150w\" sizes=\"auto, (max-width: 200px) 100vw, 200px\" \/><\/a><\/td>\n<td style=\"width: 25%;\"><a href=\"https:\/\/www.inria.fr\/fr\"><img loading=\"lazy\" decoding=\"async\" class=\"alignnone wp-image-195\" src=\"https:\/\/project.inria.fr\/jfig2021\/files\/2021\/07\/inr_logo_rouge-300x106.png\" alt=\"\" width=\"142\" height=\"50\" srcset=\"https:\/\/project.inria.fr\/jfig2021\/files\/2021\/07\/inr_logo_rouge-300x106.png 300w, https:\/\/project.inria.fr\/jfig2021\/files\/2021\/07\/inr_logo_rouge-150x53.png 150w, https:\/\/project.inria.fr\/jfig2021\/files\/2021\/07\/inr_logo_rouge.png 645w\" sizes=\"auto, (max-width: 142px) 100vw, 142px\" \/><\/a><\/td>\n<td style=\"width: 12.5%;\"><a href=\"https:\/\/www.i3s.unice.fr\/\"><img loading=\"lazy\" decoding=\"async\" class=\"alignnone wp-image-138\" src=\"https:\/\/project.inria.fr\/jfig2021\/files\/2021\/02\/I3SQuadri-300x85.jpg\" alt=\"\" width=\"177\" height=\"50\" srcset=\"https:\/\/project.inria.fr\/jfig2021\/files\/2021\/02\/I3SQuadri-300x85.jpg 300w, https:\/\/project.inria.fr\/jfig2021\/files\/2021\/02\/I3SQuadri-150x42.jpg 150w, https:\/\/project.inria.fr\/jfig2021\/files\/2021\/02\/I3SQuadri.jpg 482w\" sizes=\"auto, (max-width: 177px) 100vw, 177px\" \/><\/a><\/td>\n<td style=\"width: 6.25%;\"><a href=\"https:\/\/www.provence-corse.cnrs.fr\/fr\/page-daccueil\"><img loading=\"lazy\" decoding=\"async\" class=\"alignnone wp-image-137\" src=\"https:\/\/project.inria.fr\/jfig2021\/files\/2021\/02\/LOGO_CNRS_2019_RVB-150x150.png\" alt=\"\" width=\"70\" height=\"70\" srcset=\"https:\/\/project.inria.fr\/jfig2021\/files\/2021\/02\/LOGO_CNRS_2019_RVB-150x150.png 150w, https:\/\/project.inria.fr\/jfig2021\/files\/2021\/02\/LOGO_CNRS_2019_RVB-300x300.png 300w, https:\/\/project.inria.fr\/jfig2021\/files\/2021\/02\/LOGO_CNRS_2019_RVB-768x768.png 768w, https:\/\/project.inria.fr\/jfig2021\/files\/2021\/02\/LOGO_CNRS_2019_RVB-1024x1024.png 1024w, https:\/\/project.inria.fr\/jfig2021\/files\/2021\/02\/LOGO_CNRS_2019_RVB.png 1181w\" sizes=\"auto, (max-width: 70px) 100vw, 70px\" \/><\/a><\/td>\n<td style=\"width: 6.25%;\"><a href=\"https:\/\/univ-cotedazur.fr\/\"><img loading=\"lazy\" decoding=\"async\" class=\"alignnone wp-image-201\" src=\"https:\/\/project.inria.fr\/jfig2021\/files\/2021\/07\/uca-logo-haut-300x238.png\" alt=\"\" width=\"120\" height=\"95\" srcset=\"https:\/\/project.inria.fr\/jfig2021\/files\/2021\/07\/uca-logo-haut-300x238.png 300w, https:\/\/project.inria.fr\/jfig2021\/files\/2021\/07\/uca-logo-haut-768x608.png 768w, https:\/\/project.inria.fr\/jfig2021\/files\/2021\/07\/uca-logo-haut-1024x811.png 1024w, https:\/\/project.inria.fr\/jfig2021\/files\/2021\/07\/uca-logo-haut-150x119.png 150w, https:\/\/project.inria.fr\/jfig2021\/files\/2021\/07\/uca-logo-haut.png 1096w\" sizes=\"auto, (max-width: 120px) 100vw, 120px\" \/><\/a><\/td>\n<\/tr>\n<\/tbody>\n<\/table>\n<hr \/>\n<h3 style=\"text-align: center;\">avec le soutien<\/h3>\n<p>\u200b<\/p>\n<table class=\"aligncenter\" style=\"width: 70.0003%; border-collapse: collapse; height: 164px;\" border=\"1\">\n<tbody>\n<tr style=\"height: 116px;\">\n<td style=\"width: 25%; height: 116px;\"><a href=\"https:\/\/project.inria.fr\/jfig2021\/files\/2021\/07\/Adobe_Corporate_Vertical_Lockup_Red_RGB.png\"><img loading=\"lazy\" decoding=\"async\" class=\"alignnone wp-image-196\" src=\"https:\/\/project.inria.fr\/jfig2021\/files\/2021\/07\/Adobe_Corporate_Vertical_Lockup_Red_RGB.png\" alt=\"\" width=\"75\" height=\"103\" srcset=\"https:\/\/project.inria.fr\/jfig2021\/files\/2021\/07\/Adobe_Corporate_Vertical_Lockup_Red_RGB.png 135w, https:\/\/project.inria.fr\/jfig2021\/files\/2021\/07\/Adobe_Corporate_Vertical_Lockup_Red_RGB-109x150.png 109w\" sizes=\"auto, (max-width: 75px) 100vw, 75px\" \/><\/a><\/td>\n<td style=\"width: 25%; height: 116px;\"><a href=\"https:\/\/project.inria.fr\/jfig2021\/files\/2021\/11\/NVLogo_2D.jpg\"><img loading=\"lazy\" decoding=\"async\" class=\"alignnone wp-image-320\" src=\"https:\/\/project.inria.fr\/jfig2021\/files\/2021\/11\/NVLogo_2D-300x223.jpg\" alt=\"\" width=\"131\" height=\"97\" srcset=\"https:\/\/project.inria.fr\/jfig2021\/files\/2021\/11\/NVLogo_2D-300x223.jpg 300w, https:\/\/project.inria.fr\/jfig2021\/files\/2021\/11\/NVLogo_2D-150x111.jpg 150w, https:\/\/project.inria.fr\/jfig2021\/files\/2021\/11\/NVLogo_2D.jpg 700w\" sizes=\"auto, (max-width: 131px) 100vw, 131px\" \/><\/a><\/td>\n<td style=\"width: 25%; height: 116px;\"><a href=\"https:\/\/project.inria.fr\/jfig2021\/files\/2021\/11\/uca-jedi-logo.png\"><img loading=\"lazy\" decoding=\"async\" class=\"alignnone wp-image-321\" src=\"https:\/\/project.inria.fr\/jfig2021\/files\/2021\/11\/uca-jedi-logo-300x60.png\" alt=\"\" width=\"235\" height=\"47\" srcset=\"https:\/\/project.inria.fr\/jfig2021\/files\/2021\/11\/uca-jedi-logo-300x60.png 300w, https:\/\/project.inria.fr\/jfig2021\/files\/2021\/11\/uca-jedi-logo-768x153.png 768w, https:\/\/project.inria.fr\/jfig2021\/files\/2021\/11\/uca-jedi-logo-1024x204.png 1024w, https:\/\/project.inria.fr\/jfig2021\/files\/2021\/11\/uca-jedi-logo-150x30.png 150w\" sizes=\"auto, (max-width: 235px) 100vw, 235px\" \/><\/a><\/td>\n<td style=\"width: 25%; height: 116px;\"><a href=\"https:\/\/project.inria.fr\/jfig2021\/files\/2021\/11\/logo_edstic.png\"><img loading=\"lazy\" decoding=\"async\" class=\"alignnone wp-image-323\" src=\"https:\/\/project.inria.fr\/jfig2021\/files\/2021\/11\/logo_edstic-300x159.png\" alt=\"\" width=\"206\" height=\"109\" srcset=\"https:\/\/project.inria.fr\/jfig2021\/files\/2021\/11\/logo_edstic-300x159.png 300w, https:\/\/project.inria.fr\/jfig2021\/files\/2021\/11\/logo_edstic-150x79.png 150w, https:\/\/project.inria.fr\/jfig2021\/files\/2021\/11\/logo_edstic.png 678w\" sizes=\"auto, (max-width: 206px) 100vw, 206px\" \/><\/a><\/td>\n<\/tr>\n<\/tbody>\n<\/table>\n<p><\/p>","protected":false},"excerpt":{"rendered":"<p>Un tr\u00e8s grand merci \u00e0 nos partenaires et sponsors qui nous ont permis de r\u00e9aliser ces journ\u00e9es ! &nbsp; Un \u00e9v\u00e8nement organis\u00e9 par &nbsp; avec le soutien \u200b<\/p>\n<p> <a class=\"continue-reading-link\" href=\"https:\/\/project.inria.fr\/jfig2021\/sponsors\/\"><span>Continue reading<\/span><i class=\"crycon-right-dir\"><\/i><\/a> <\/p>\n","protected":false},"author":539,"featured_media":0,"parent":0,"menu_order":0,"comment_status":"closed","ping_status":"closed","template":"","meta":{"footnotes":""},"class_list":["post-109","page","type-page","status-publish","hentry"],"_links":{"self":[{"href":"https:\/\/project.inria.fr\/jfig2021\/wp-json\/wp\/v2\/pages\/109","targetHints":{"allow":["GET"]}}],"collection":[{"href":"https:\/\/project.inria.fr\/jfig2021\/wp-json\/wp\/v2\/pages"}],"about":[{"href":"https:\/\/project.inria.fr\/jfig2021\/wp-json\/wp\/v2\/types\/page"}],"author":[{"embeddable":true,"href":"https:\/\/project.inria.fr\/jfig2021\/wp-json\/wp\/v2\/users\/539"}],"replies":[{"embeddable":true,"href":"https:\/\/project.inria.fr\/jfig2021\/wp-json\/wp\/v2\/comments?post=109"}],"version-history":[{"count":17,"href":"https:\/\/project.inria.fr\/jfig2021\/wp-json\/wp\/v2\/pages\/109\/revisions"}],"predecessor-version":[{"id":413,"href":"https:\/\/project.inria.fr\/jfig2021\/wp-json\/wp\/v2\/pages\/109\/revisions\/413"}],"wp:attachment":[{"href":"https:\/\/project.inria.fr\/jfig2021\/wp-json\/wp\/v2\/media?parent=109"}],"curies":[{"name":"wp","href":"https:\/\/api.w.org\/{rel}","templated":true}]}}