

{"id":255,"date":"2021-08-25T17:47:18","date_gmt":"2021-08-25T15:47:18","guid":{"rendered":"https:\/\/project.inria.fr\/jfig2021\/?page_id=255"},"modified":"2021-11-24T15:25:43","modified_gmt":"2021-11-24T14:25:43","slug":"programme","status":"publish","type":"page","link":"https:\/\/project.inria.fr\/jfig2021\/programme\/","title":{"rendered":"Programme"},"content":{"rendered":"<h3 style=\"text-align: center;\">Programme synth\u00e9tique des journ\u00e9es<\/h3>\n<p><a href=\"https:\/\/project.inria.fr\/jfig2021\/files\/2021\/11\/download.png\"><img loading=\"lazy\" decoding=\"async\" class=\"size-full wp-image-343 alignnone\" src=\"https:\/\/project.inria.fr\/jfig2021\/files\/2021\/11\/download.png\" alt=\"\" width=\"48\" height=\"48\" \/><\/a><a href=\"https:\/\/project.inria.fr\/jfig2021\/files\/2021\/11\/program_book.pdf\">T\u00e9l\u00e9charger le programme<\/a><\/p>\n<table class=\" alignleft\" style=\"border-color: #ed1c24;\">\n<tbody>\n<tr>\n<td style=\"border-color: #ed1c24; text-align: center; vertical-align: middle; width: 440px;\"><strong><span style=\"color: #13ccbd;\">Mercredi 24 novembre<\/span><\/strong><\/td>\n<td style=\"border-color: #ed1c24; text-align: center; vertical-align: middle; width: 373px;\"><strong><span style=\"color: #13ccbd;\">Jeudi 25 novembre<\/span><\/strong><\/td>\n<td style=\"border-color: #ed1c24; text-align: center; vertical-align: middle; width: 403px;\"><strong><span style=\"color: #13ccbd;\">Vendredi 26 novembre<\/span><\/strong><\/td>\n<\/tr>\n<tr>\n<td style=\"border-color: #ed1c24; text-align: left; vertical-align: top; width: 440px;\"><em><span style=\"color: #13ccbd;\">8h30 &#8211; 9h00 Accueil des participants<br \/>\n<\/span><\/em>9h00 &#8211; 9h30 Ouverture<br \/>\n9h30 &#8211; 10h30 Session 1 : Fabrication &amp; procedural modeling (<span style=\"color: #ff9900;\">chair Basile Sauvage<\/span>)<br \/>\n<em><span style=\"color: #13ccbd;\">10h30 &#8211; 11h00 Pause<\/span><\/em><br \/>\n11h &#8211; 12h Conf\u00e9rence invit\u00e9e N. Chavrou<br \/>\n<em><span style=\"color: #13ccbd;\">12h00 &#8211; 13h30 D\u00e9jeuner<\/span><\/em><br \/>\n13h30 &#8211; 14h30 Table ronde \u00ab\u00a0Enseignement de l&rsquo;informatique graphique<br \/>\n14h30 &#8211; 14h45 Eurographics (C. Loscos) &#8211; Adobe (T. Boubekeur)<br \/>\n<em><span style=\"color: #13ccbd;\">14h45 &#8211; 15h00 Pause<br \/>\n<\/span><\/em>15h00 &#8211; 16h00 Conf\u00e9rence invit\u00e9e R. Vergne<br \/>\n<em><span style=\"color: #13ccbd;\">16h00 &#8211; 16h30 Pause<br \/>\n<\/span><\/em>16h30 &#8211; 17h00 Prix de Th\u00e8se<br \/>\n17h00 &#8211; 18h00 Concours de rendu<br \/>\n<em><span style=\"color: #13ccbd;\">18h00 &#8211; 19h00 Cocktail de bienvenue<\/span><\/em><\/td>\n<td style=\"border-color: #ed1c24; text-align: left; vertical-align: top; width: 373px;\">9h00 &#8211; 10h30 Session 2 : Animation &amp; Rendering (<span style=\"color: #ff9900;\">chair Camille Schreck<\/span>)<br \/>\n<em><span style=\"color: #13ccbd;\">10h30 &#8211; 11h00 Pause<\/span><\/em><br \/>\n11h &#8211; 12h Conf\u00e9rence invit\u00e9e A. Sant\u00e9<br \/>\n<em><span style=\"color: #13ccbd;\">12h00 &#8211; 13h30 D\u00e9jeuner<\/span><\/em><br \/>\n13h30 &#8211; 15h30 Atelier encadrement doctoral<br \/>\n13h30 &#8211; 15h30 Session 3 : Geometry Processing &amp; Computer Vision (<span style=\"color: #ff9900;\">chair Noura Faraj<\/span>)<br \/>\n<em><span style=\"color: #13ccbd;\">15h30 &#8211; 16h00 Pause<br \/>\n<\/span><\/em>16h00 &#8211; 16h45 Assembl\u00e9e g\u00e9n\u00e9rale EGFR<br \/>\n16h45 &#8211; 17h30 Assembl\u00e9e g\u00e9n\u00e9rale AFIG<br \/>\n<em><span style=\"color: #13ccbd;\">17h30 &#8211; 23h30 Excursion &amp; d\u00eener<\/span><\/em><\/td>\n<td style=\"border-color: #ed1c24; text-align: left; vertical-align: top; width: 403px;\">9h00 &#8211; 10h30 Session 4 : VR, Visualization &amp; Medical Rendering (<span style=\"color: #ff9900;\">chair Romain Vergne<\/span>)<br \/>\n<em><span style=\"color: #13ccbd;\">10h30 &#8211; 11h00 Pause<\/span><\/em><br \/>\n11h &#8211; 12h Conf\u00e9rence invit\u00e9e J. Martinez<br \/>\n<em><span style=\"color: #13ccbd;\">12h00 &#8211; 13h30 D\u00e9jeuner<\/span><\/em><br \/>\n13h30 &#8211; 14h30 Prix du meilleur article<br \/>\n14h30 &#8211; 15h00 Discours de cl\u00f4ture et pr\u00e9sentation des JFIG 2022<\/td>\n<\/tr>\n<tr>\n<td style=\"border-color: #ed1c24; text-align: left; vertical-align: top; width: 1216px;\" colspan=\"3\"><\/td>\n<\/tr>\n<\/tbody>\n<\/table>\n<p>&nbsp;<\/p>\n<h3 style=\"text-align: center;\">Programme d\u00e9taill\u00e9<\/h3>\n<p><a href=\"https:\/\/project.inria.fr\/jfig2021\/files\/2021\/11\/download.png\"><img loading=\"lazy\" decoding=\"async\" class=\"size-full wp-image-343 alignnone\" src=\"https:\/\/project.inria.fr\/jfig2021\/files\/2021\/11\/download.png\" alt=\"\" width=\"48\" height=\"48\" \/><\/a><a href=\"https:\/\/project.inria.fr\/jfig2021\/files\/2021\/11\/program_book.pdf\">T\u00e9l\u00e9charger le programme<\/a><\/p>\n<table style=\"border-collapse: collapse; width: 100%;\" border=\"1\">\n<tbody>\n<tr>\n<td style=\"width: 100%;\">\n<h4 style=\"text-align: left;\"><strong>24 novembre<\/strong><\/h4>\n<p>9h \u2013 9h30 : Accueil<\/p>\n<p><span style=\"color: #993366;\">9h30 \u2013 10h30 : <strong>Session 1 Fabrication &amp; procedural modeling (chair <span style=\"color: #ff9900;\">Basile Sauvage<\/span>)<br \/>\n<\/strong><\/span><\/p>\n<ul>\n<li>Thibault Tricard<sup>1<\/sup>, Jimmy Etienne, C\u00e9dric Zanni and Sylvain Lefebvre<br \/>\n<strong>A brick in the wall: Staggered orientable infills for additive manufacturing<\/strong><br \/>\n1 \u2014 Universit\u00e9 de Lorraine, CNRS, Inria, LORIA;<\/li>\n<li>Marco Freire<sup>1<\/sup>, Samuel Hornus<sup>1<\/sup>, Salim Perchy<sup>1<\/sup> and Sylvain Lefebvre<sup>1<\/sup><br \/>\n<strong>Procedural bridges-and-pillars support generation<br \/>\n<\/strong>1 \u2014 Universit\u00e9 de Lorraine, Inria, CNRS, LORIA<\/li>\n<li>\u00c9lie Michel<sup>1<\/sup> and Tamy Boubekeur<sup>1,2<\/sup><br \/>\n<strong>Synth\u00e8se par pavage de m\u00e9so-structure surfacique<\/strong><br \/>\n1 \u2014 LTCI, T\u00e9l\u00e9com Paris, IP Paris; 2 \u2014 Adobe<\/li>\n<li><em>Axel Paris<\/em><sup>2<\/sup>, Eric Gu\u00e9rin<sup>2<\/sup>, Adrien Peytavie<sup>2<\/sup>, Pauline Collon<sup>1<\/sup> and Eric Galin<sup>2<\/sup><br \/>\n<strong>Synthesizing Geologically Coherent Cave Networks<br \/>\n<\/strong>1 \u2014 Universit\u00e9 de Lorraine, CNRS, GeoRessources, F-54000 Nancy, France; 2 \u2014 CNRS, Universit\u00e9 de Lyon, LIRIS<\/li>\n<\/ul>\n<p>10h30 \u2013 11h : Pause<\/p>\n<p><span style=\"color: #008080;\">11h \u2013 12h : <strong>Conf\u00e9rence invit\u00e9e Nicolas Chaverou<\/strong><\/span><\/p>\n<p>12h \u2013 13h30 : D\u00e9jeuner<\/p>\n<p>13h30 \u2013 14h30 : Table ronde Enseignement de l\u2019informatique graphique<\/p>\n<p>14h30 \u2013 14h45 : Eurographics (C\u00e9line Loscos) \u2013 Adobe (Tamy Boubekeur)<\/p>\n<p>14h45 \u2013 15h : Pause<\/p>\n<p><span style=\"color: #008080;\">15h \u2013 16h : <strong>Conf\u00e9rence invit\u00e9e Romain Vergne<\/strong><\/span><\/p>\n<p>16h &#8211; 16h30 : Pause<\/p>\n<p>16h30 \u2013 17h : Prix de th\u00e8se<\/p>\n<p>17h00 &#8211; 18h : Concours de rendu<\/p>\n<p>18h \u2013 19h : Cocktail<\/td>\n<\/tr>\n<\/tbody>\n<\/table>\n<table style=\"border-collapse: collapse; width: 100%;\" border=\"1\">\n<tbody>\n<tr>\n<td style=\"width: 100%;\">\n<h4 style=\"text-align: left;\"><strong>25 novembre<\/strong><\/h4>\n<p><span style=\"color: #993366;\">9h-10h30 : <strong>Session 2 Animation &amp; Rendering (chair <span style=\"color: #ff9900;\">Camille Schreck<\/span>)<br \/>\n<\/strong><\/span><\/p>\n<ul>\n<li>Nicolas Barroso<sup>1<\/sup>, Am\u00e9lie Fondevilla and David Vanderhaeghe<sup>1<\/sup><br \/>\n<strong>Automatic Intermediate Frames for Stroke-based Animation<\/strong><br \/>\n1 \u2014 UT3-IRIT, CNRS, INP, UT1C, UT2J<\/li>\n<li>Fran\u00e7ois Margall<sup>1<\/sup> and Eric Coiro<sup>1<\/sup><br \/>\n<strong>First validation of a new GPU-computing physically based rendering engine<br \/>\n<\/strong>1 \u2014 ONERA<\/li>\n<li>Manon Vialle<sup>1<\/sup>, M\u00e9lina Skouras<sup>1<\/sup> and R\u00e9mi Ronfard<sup>1<\/sup><br \/>\n<strong>Elastic Rods for Fluid Dance Movements Modeling<br \/>\n<\/strong>1 \u2014 Inria &#8211; UGA<\/li>\n<li>Melike Aydinlilar<sup>1<\/sup> and C\u00e9dric Zanni<br \/>\n<strong>Fast ray tracing of scale-invariant integral surfaces<br \/>\n<\/strong>1 \u2014 Universit\u00e9 de Lorraine, Inria, LORIA<\/li>\n<li>Lois Paulin<sup>1<\/sup>, David Coeurjolly<sup>1<\/sup>, Jean-Claude Iehl, Nicolas Bonneel, Alexander Keller and Victor Ostromoukhov<br \/>\n<strong>Cascaded Sobol\u2019 Sampling<br \/>\n<\/strong>1 \u2014 LIRIS CNRS \u2013 Universit\u00e9 Claude Bernard Lyon 1<\/li>\n<li>Julien Philip<sup>1, 2, 3<\/sup>, S\u00e9bastien Morgenthaler<sup>1, 2<\/sup>, Micha\u00ebl Gharbi<sup>3<\/sup>, George Drettakis<sup>1, 2<\/sup><br \/>\n<strong>Geometry-Based Relighting for Real World Scenes<br \/>\n<\/strong>1 \u2014 Inria Sophia Antipolis; 2 \u2014 Universit\u00e9 C\u00f4te d&rsquo;Azur; 3 \u2014 Adobe Research<\/li>\n<\/ul>\n<p>10h30 \u2013 11h : Pause<\/p>\n<p><span style=\"color: #008080;\">11h \u2013 12h : <strong>Conf\u00e9rence invit\u00e9e Arielle Sant\u00e9<\/strong><\/span><\/p>\n<p>12h \u2013 13h30 : D\u00e9jeuner<\/p>\n<p>13h30 \u2013 15h30 : Atelier encadrement doctoral<\/p>\n<p><span style=\"color: #993366;\">13h30 \u2013 15h30 : <strong>Session 3 Geometry Processing &amp; Computer Vision (chair <span style=\"color: #ff9900;\">Noura Faraj<\/span>)<br \/>\n<\/strong><\/span><\/p>\n<ul>\n<li>Pierre Bourquat, David Coeurjolly, Guillaume Damiand and Florent Dupont<br \/>\n<strong>Hierarchical mesh-to-points as-rigid-as-possible registration<\/strong><\/li>\n<li>Aditya Mohan<sup>1<\/sup>, Jing Zhang<sup>2<\/sup>, R\u00e9mi Cozot<sup>2<\/sup> and Celine Loscos<sup>1<\/sup><br \/>\n<strong>Consistent Multi- and Single-View HDR-Image Reconstruction from Single Exposures<\/strong><br \/>\n1 \u2014 LICIIS, Universit\u00e9 de Reims Champagne-Ardenne; 2 \u2014 LISIC, Universit\u00e9 du Littoral C\u00f4te d&rsquo;Opale;<\/li>\n<li>Mansour Tchenegnon<sup>1<\/sup>, Thibaut Le Naour<sup>2<\/sup> and Sylvie Gibet<sup>1<\/sup><br \/>\n<strong>CVM-Net: Motion Reconstruction from a Single RGB Camera with a Fully Supervised DCNN<\/strong><br \/>\n1 \u2014\u00a0 Universit\u00e9 Bretagne Sud, IRISA, \u00c9quipe EXPRESSION; 2 \u2014 Motion Up<\/li>\n<li>Quentin Wendling and David Cazier<br \/>\n<strong>Multiresolution framework for the animation and cutting of complex or highly detailed objects<\/strong><\/li>\n<li>David-Henri Garnier<sup>1<\/sup>, Martin-Pierre Schmidt<sup>2<\/sup> and Damien Rohmer<sup>1<\/sup><br \/>\n<strong>Growing Optimized Anisotropic Microstructures with Reaction\/Diffusion<\/strong><br \/>\n1 \u2014 LIX, \u00c9cole Polytechnique\/CNRS, IP Paris; 2 \u2014 LMI, Normandie Universit\u00e9, INSA Rouen<\/li>\n<li><em>Colin Weill-Duflos<\/em><sup>1<\/sup>, Jacques-Olivier Lachaud<sup>1<\/sup> and David Coeurjolly<sup>2<\/sup><br \/>\n<strong>Joint optimization of distorsion and cut for texture maps<\/strong><br \/>\n1 \u2014 LAMA UMR CNRS 5127, Universit\u00e9 Savoie Mont Blanc; 2 \u2014 LIRIS CNRS \u2013 Universit\u00e9 Claude Bernard Lyon 1<\/li>\n<li>Jules Vidal and Julien Tierny Fast Approximation of Persistence<br \/>\n<strong>Diagrams with Guarantees<\/strong><\/li>\n<\/ul>\n<p>15h30 &#8211; 16h00 : Pause<\/p>\n<p>16h00 \u2013 16h45 : AG EGFR<\/p>\n<p>16h45 \u2013 17h30 : AG AFIG<\/p>\n<p>17H30 \u2013 23H30 : Excursion et diner<\/td>\n<\/tr>\n<\/tbody>\n<\/table>\n<table style=\"border-collapse: collapse; width: 100%;\" border=\"1\">\n<tbody>\n<tr>\n<td style=\"width: 100%;\">\n<h4 style=\"text-align: center;\"><strong>26 novembre<\/strong><\/h4>\n<p><span style=\"color: #993366;\">9h \u2013 10h30 : <strong>Session 4 VR, visualization &amp; Medical Imaging (chair <span style=\"color: #ff9900;\">Romain Vergne<\/span>)<br \/>\n<\/strong><\/span><\/p>\n<ul>\n<li>Sylvain Gerbaud<sup>1<\/sup>, S\u00e9bastien Horna, Rita Zrour and Philippe Meseure<sup>1<\/sup><br \/>\n<strong>Reconstruction topologique 3D de plusieurs objets s\u00e9mantiques \u00e0 partir de donn\u00e9es m\u00e9dicales volum\u00e9triques discr\u00e8tes<br \/>\n<\/strong>1 \u2014 Universit\u00e9 de Poitiers Laboratoire XLIM, CNRS UMR 7252<\/li>\n<li>Florent Robert<sup>1, 3<\/sup>, Hui-Yin Wu<sup>3<\/sup>, Lucile Sassatelli<sup>1,2<\/sup> and Marco Winckler<sup>1, 3<\/sup><br \/>\n<strong>Cr\u00e9ation de jeux s\u00e9rieux \u00e0 l&rsquo;aide d&rsquo;un langage d\u00e9di\u00e9 pour des exp\u00e9riences incarn\u00e9es en r\u00e9alit\u00e9 virtuelle<\/strong><br \/>\n1 \u2014 Universit\u00e9 C\u00f4te d&rsquo;Azur, CNRS, I3S; 2 \u2014 Institut Universitaire de France; 3 \u2014 Inria Sophia Antipolis<\/li>\n<li>Aline Menin<sup>1<\/sup> and Marco Winckler<sup>2<\/sup><br \/>\n<strong>Towards a Visualization Approach to Assist the Exploration of Linked Open Data: Ongoing Work and Research Agenda<\/strong><br \/>\n1 \u2014 Inria Sophia Antipolis; 2 \u2014\u00a0Universit\u00e9 C\u00f4te d&rsquo;Azur<\/li>\n<li>Cl\u00e9ment Colin, Sylvie Servigne, John Samuel<sup>1<\/sup>, Youssef Miloudi and Gilles Gesquiere<br \/>\n<strong>Visualisation d\u2019\u00e9quipements de la maintenance \u00e0 l\u2019aide de donn\u00e9es geospatiales<\/strong><br \/>\n1 \u2014 CPE Lyon, LIRIS, UMR-CNRS 5205, Universit\u00e9 de Lyon, Lyon, France<\/li>\n<li>Thomas Bonis<sup>1<\/sup>, Nicolas Pronost<sup>1<\/sup>, Gilmar F. Santos<sup>2<\/sup>, Christof Hurschler<sup>2<\/sup> and Saida Bouakaz<sup>1<\/sup><br \/>\n<strong>Explicit forward gait prediction using parametric trajectories adaptation<br \/>\n<\/strong>1 \u2014 Universit\u00e9 de Lyon, Universit\u00e9 Claude Bernard Lyon 1, France; 2 \u2014 Hannover Medical School, Germany<strong><br \/>\n<\/strong><\/li>\n<li>Maxime Chapuis<sup>1, 2<\/sup>, Mathieu Lafourcade<sup>1<\/sup>, William Puech<sup>1<\/sup>, G\u00e9rard Guillerm<sup>2<\/sup> and Noura Faraj<sup>1<\/sup><br \/>\n<strong>An Interactive System for Dental Models Analysis and Visualization of Orthodontic Treatment Objectives<\/strong><br \/>\n1 \u2014 LIRMM, Universit\u00e9 de Montpellier, CNRS; 2 \u2014 Groupe Orqual<\/li>\n<\/ul>\n<p>10h30 \u2013 11h\u00a0: Pause<\/p>\n<p><span style=\"color: #008080;\">11h \u2013 12h\u00a0: <strong>Conf\u00e9rence invit\u00e9e Jon\u00e0s Martinez<\/strong><\/span><\/p>\n<p>12h \u2013 13h30\u00a0: D\u00e9jeuner<\/p>\n<p>13h30 \u2013 14h30\u00a0: Prix du meilleur article<\/p>\n<p>14h30 \u2013 15h\u00a0: Discours de cl\u00f4ture et pr\u00e9sentation des JFIG 2022<\/td>\n<\/tr>\n<\/tbody>\n<\/table>\n<p>&nbsp;<\/p>\n","protected":false},"excerpt":{"rendered":"<p>Programme synth\u00e9tique des journ\u00e9es T\u00e9l\u00e9charger le programme Mercredi 24 novembre Jeudi 25 novembre Vendredi 26 novembre 8h30 &#8211; 9h00 Accueil des participants 9h00 &#8211; 9h30 Ouverture 9h30 &#8211; 10h30 Session 1 : Fabrication &amp; procedural modeling (chair Basile Sauvage) 10h30 &#8211; 11h00 Pause 11h &#8211; 12h Conf\u00e9rence invit\u00e9e N. Chavrou\u2026<\/p>\n<p> <a class=\"continue-reading-link\" href=\"https:\/\/project.inria.fr\/jfig2021\/programme\/\"><span>Continue reading<\/span><i class=\"crycon-right-dir\"><\/i><\/a> <\/p>\n","protected":false},"author":539,"featured_media":327,"parent":0,"menu_order":0,"comment_status":"closed","ping_status":"closed","template":"templates\/template-page-with-intro.php","meta":{"footnotes":""},"class_list":["post-255","page","type-page","status-publish","has-post-thumbnail","hentry"],"_links":{"self":[{"href":"https:\/\/project.inria.fr\/jfig2021\/wp-json\/wp\/v2\/pages\/255","targetHints":{"allow":["GET"]}}],"collection":[{"href":"https:\/\/project.inria.fr\/jfig2021\/wp-json\/wp\/v2\/pages"}],"about":[{"href":"https:\/\/project.inria.fr\/jfig2021\/wp-json\/wp\/v2\/types\/page"}],"author":[{"embeddable":true,"href":"https:\/\/project.inria.fr\/jfig2021\/wp-json\/wp\/v2\/users\/539"}],"replies":[{"embeddable":true,"href":"https:\/\/project.inria.fr\/jfig2021\/wp-json\/wp\/v2\/comments?post=255"}],"version-history":[{"count":54,"href":"https:\/\/project.inria.fr\/jfig2021\/wp-json\/wp\/v2\/pages\/255\/revisions"}],"predecessor-version":[{"id":399,"href":"https:\/\/project.inria.fr\/jfig2021\/wp-json\/wp\/v2\/pages\/255\/revisions\/399"}],"wp:featuredmedia":[{"embeddable":true,"href":"https:\/\/project.inria.fr\/jfig2021\/wp-json\/wp\/v2\/media\/327"}],"wp:attachment":[{"href":"https:\/\/project.inria.fr\/jfig2021\/wp-json\/wp\/v2\/media?parent=255"}],"curies":[{"name":"wp","href":"https:\/\/api.w.org\/{rel}","templated":true}]}}