

{"id":295,"date":"2021-10-12T16:30:27","date_gmt":"2021-10-12T14:30:27","guid":{"rendered":"https:\/\/project.inria.fr\/jfig2021\/?page_id=295"},"modified":"2022-01-05T14:35:49","modified_gmt":"2022-01-05T13:35:49","slug":"formulaire-dinscription","status":"publish","type":"page","link":"https:\/\/project.inria.fr\/jfig2021\/formulaire-dinscription\/","title":{"rendered":"Formulaire d&rsquo;inscription"},"content":{"rendered":"<p>L&rsquo;\u00e9v\u00e8nement est termin\u00e9, les inscriptions sont closes. Rendez-vous en 2022 pour la prochaine \u00e9dition des JFIG :\u00a0<a href=\"https:\/\/project.inria.fr\/jfig2022\/\">https:\/\/project.inria.fr\/jfig2022\/<\/a><\/p>\n","protected":false},"excerpt":{"rendered":"<p>L&rsquo;\u00e9v\u00e8nement est termin\u00e9, les inscriptions sont closes. Rendez-vous en 2022 pour la prochaine \u00e9dition des JFIG :\u00a0https:\/\/project.inria.fr\/jfig2022\/<\/p>\n<p> <a class=\"continue-reading-link\" href=\"https:\/\/project.inria.fr\/jfig2021\/formulaire-dinscription\/\"><span>Continue reading<\/span><i class=\"crycon-right-dir\"><\/i><\/a> <\/p>\n","protected":false},"author":539,"featured_media":0,"parent":0,"menu_order":0,"comment_status":"closed","ping_status":"closed","template":"","meta":{"footnotes":""},"class_list":["post-295","page","type-page","status-publish","hentry"],"_links":{"self":[{"href":"https:\/\/project.inria.fr\/jfig2021\/wp-json\/wp\/v2\/pages\/295","targetHints":{"allow":["GET"]}}],"collection":[{"href":"https:\/\/project.inria.fr\/jfig2021\/wp-json\/wp\/v2\/pages"}],"about":[{"href":"https:\/\/project.inria.fr\/jfig2021\/wp-json\/wp\/v2\/types\/page"}],"author":[{"embeddable":true,"href":"https:\/\/project.inria.fr\/jfig2021\/wp-json\/wp\/v2\/users\/539"}],"replies":[{"embeddable":true,"href":"https:\/\/project.inria.fr\/jfig2021\/wp-json\/wp\/v2\/comments?post=295"}],"version-history":[{"count":6,"href":"https:\/\/project.inria.fr\/jfig2021\/wp-json\/wp\/v2\/pages\/295\/revisions"}],"predecessor-version":[{"id":405,"href":"https:\/\/project.inria.fr\/jfig2021\/wp-json\/wp\/v2\/pages\/295\/revisions\/405"}],"wp:attachment":[{"href":"https:\/\/project.inria.fr\/jfig2021\/wp-json\/wp\/v2\/media?parent=295"}],"curies":[{"name":"wp","href":"https:\/\/api.w.org\/{rel}","templated":true}]}}