

{"id":70,"date":"2021-02-16T16:13:52","date_gmt":"2021-02-16T15:13:52","guid":{"rendered":"https:\/\/project.inria.fr\/jfig2021\/?page_id=70"},"modified":"2021-10-12T12:55:01","modified_gmt":"2021-10-12T10:55:01","slug":"informations-pratiques","status":"publish","type":"page","link":"https:\/\/project.inria.fr\/jfig2021\/informations-pratiques\/","title":{"rendered":"Informations pratiques"},"content":{"rendered":"<p><strong><a href=\"https:\/\/project.inria.fr\/jfig2021\/files\/2021\/02\/montage_lieu-1.jpg\"><img loading=\"lazy\" decoding=\"async\" class=\"size-full wp-image-77 aligncenter\" src=\"https:\/\/project.inria.fr\/jfig2021\/files\/2021\/02\/montage_lieu-1.jpg\" alt=\"\" width=\"1080\" height=\"608\" srcset=\"https:\/\/project.inria.fr\/jfig2021\/files\/2021\/02\/montage_lieu-1.jpg 1080w, https:\/\/project.inria.fr\/jfig2021\/files\/2021\/02\/montage_lieu-1-300x169.jpg 300w, https:\/\/project.inria.fr\/jfig2021\/files\/2021\/02\/montage_lieu-1-768x432.jpg 768w, https:\/\/project.inria.fr\/jfig2021\/files\/2021\/02\/montage_lieu-1-1024x576.jpg 1024w, https:\/\/project.inria.fr\/jfig2021\/files\/2021\/02\/montage_lieu-1-150x84.jpg 150w\" sizes=\"auto, (max-width: 1080px) 100vw, 1080px\" \/><\/a><\/strong><\/p>\n<p><strong>Les JFIG se tiendront chez\u00a0\u00a0<a href=\"http:\/\/www-sop.inria.fr\/\" target=\"_blank\" rel=\"noopener\">Inria<\/a>, \u00e0 Sophia Antipolis (France)<\/strong><\/p>\n<p><strong>Adresse<\/strong><br \/>\nInria Sophia Antipolis \u2013 M\u00e9diterran\u00e9e<br \/>\n2004 route des Lucioles<br \/>\nSophia Antipolis (France)<br \/>\nTel: +33 (0)4 92 38 77 77<\/p>\n<p>Les sessions auront lieu dans le<strong>\u00a0b\u00e2timent Kahn.<\/strong><\/p>\n<p><span style=\"font-size: 10pt;\">Un r\u00e9seau Wi-Fi avec contr\u00f4le d&rsquo;acc\u00e8s sera disponible sur place. Vous recevrez automatiquement vos identifiants par courrier \u00e9lectronique quelques jours avant la conf\u00e9rence. Inria est \u00e9galement partenaire du projet Eduroam qui fournit un acc\u00e8s wifi gratuit.<\/span><\/p>\n<hr align=\"center\" noshade=\"noshade\" width=\"100%\" \/>\n<p align=\"center\"><strong>Comment se rendre chez Inria<br \/>\n<\/strong><\/p>\n<p><strong>En avion<\/strong><br \/>\nL\u2019a\u00e9roport le plus proche est celui de Nice-C\u00f4te d\u2019Azur, situ\u00e9 \u00e0 20km de Sophia Antipolis.<br \/>\nIl y a des navettes r\u00e9guli\u00e8res depuis l\u2019a\u00e9roport (Terminaux 1 &amp; 2) \u00e0 partir du r\u00e9seau\u00a0<a href=\"https:\/\/www.lignesdazur.com\/\" target=\"_blank\" rel=\"noopener\">Lignes d\u2019azur<\/a>\u00a0:<\/p>\n<p>Ligne 230\u00a0\u2013 arr\u00eat \u201cInria\u201d<br \/>\ntarif 1,50\u20ac<\/p>\n<p><strong>En voiture<\/strong><br \/>\nGPS \u00a0\u00a0\u00a0\u00a0\u00a0\u00a0\u00a0\u00a0\u00a0 43.61619N (43\u00b036\u201958\u201d)\u00a0\u00a0\u00a0\u00a0\u00a0\u00a0 7.06786E (07\u00b004\u201904\u201d)<br \/>\n<a href=\"https:\/\/goo.gl\/maps\/PU57H4SirYw\" target=\"_blank\" rel=\"noopener\">Plan<\/a><\/p>\n<ul>\n<li>En provenance d&rsquo;Aix-Marseille par l\u2019autoroute A8, prendre la sortie Antibes-Grasse-Sophia Antipolis, direction Sophia Antipolis.<\/li>\n<li>Depuis Nice par l\u2019autoroute A8, prendre la sortie Antibes-Sophia Antipolis, direction Sophia Antipolis (la route \u00e0 droite juste apr\u00e8s le p\u00e9age).\n<ul>\n<li style=\"list-style-type: none;\"><\/li>\n<\/ul>\n<\/li>\n<\/ul>\n<p><strong>En train<br \/>\n<\/strong>La gare la plus proche est celle d&rsquo;Antibes, situ\u00e9e \u00e0 12 km de Sophia Antipolis<\/p>\n<p>Il y a des navettes r\u00e9guli\u00e8res entre la gare SNCF d\u2019Antibes et Sophia Antipolis avec le r\u00e9seau\u00a0<a href=\"http:\/\/www.envibus.fr\/\" target=\"_blank\" rel=\"noopener\">Envibus<\/a>:<br \/>\nLignes A &amp; 12 \u2013 Arr\u00eat \u201cInria\u201d<br \/>\nLigne 100 Express \u2013 Arr\u00eat \u201cSt Philippe\u201d (\u00e0 5 minutes \u00e0 pied d\u2019Inria, traverser le Campus)<br \/>\nTarif: 1,5\u20ac<\/p>\n<p><strong>En transports en commun<\/strong>\u00a0(tarif: 1,5\u20ac)<\/p>\n<ul>\n<li style=\"list-style-type: none;\">\n<ul>\n<li style=\"list-style-type: none;\">\n<ul>\n<li>Depuis l\u2019a\u00e9roport et la ville de Nice :\u00a0<a href=\"https:\/\/www.lignesdazur.com\/\" target=\"_blank\" rel=\"noopener\">Lignes d\u2019Azur<\/a>\u00a0Ligne 230\u00a0\u2013 Arr\u00eat \u201cInria\u201d<\/li>\n<li>R\u00e9seau\u00a0<a href=\"http:\/\/www.envibus.fr\/\" target=\"_blank\" rel=\"noopener\">Envibus<\/a>\u00a0Lignes A, 20 &amp; 12 \u2013 Arr\u00eat \u201cInria\u201d<br \/>\nLigne 100 Express, 9, 21, 22 &amp; 26\u2013 Arr\u00eat \u201cSt Philippe\u201d (\u00e0 5 minutes \u00e0 pied d\u2019Inria, traverser le Campus)<\/li>\n<\/ul>\n<\/li>\n<\/ul>\n<\/li>\n<\/ul>\n<p><strong>Vous trouverez \u00e9galement votre itin\u00e9raire sur le site de la r\u00e9gion Sud Provence Alpes-C\u00f4te d&rsquo;Azur : <a href=\"https:\/\/zou.maregionsud.fr\/se-deplacer-en-bus\/se-deplacer-en-bus-dans-les-alpes-maritimes\/\" target=\"_blank\" rel=\"noopener\">se d\u00e9placer en bus dans les Alpes-Maritimes<\/a>\u00a0<\/strong><\/p>\n<p><strong>En taxi<\/strong><br \/>\nComptez environ 20 minutes, en fonction de la circulation (environ 55\u20ac)<br \/>\nTransfert Service \u2013 prix pr\u00e9f\u00e9rentiels Inria +33 (0) 6 09 50 92 53<br \/>\nTaxi Sophia +33 (0) 6 27 51 01 51<br \/>\nCentrale Orange Taxi +33 (0) 820 906 960<br \/>\nTaxi moto : +33 (0) 6 58 79 81 31<br \/>\nplus d\u2019infos ici:\u00a0<a href=\"http:\/\/www.cote-azur.com.fr\/azur\/adresses\/mecaniques_et_transports\/taxis\/\" target=\"_blank\" rel=\"noopener\">http:\/\/www.cote-azur.com.fr<\/a><\/p>\n<p><strong>Location de voiture<\/strong><br \/>\nL\u2019a\u00e9roport Nice Cote d\u2019Azur offre un large choix de\u00a0<a href=\"https:\/\/www.nice.aeroport.fr\/Passagers\/SERVICES-BOUTIQUES\/Location-de-vehicules\/Location-de-voitures-a-l-Aeroport-Nice-Cote-d-Azur\" target=\"_blank\" rel=\"noopener\">loueurs de voitures<\/a>\u00a0(Terminal 2).<\/p>\n<hr \/>\n<p style=\"text-align: center;\"><strong>H\u00e9bergement<\/strong><\/p>\n<p>L&rsquo;h\u00e9bergement n&rsquo;est pas pris en charge par les organisateurs. Il appartient \u00e0 chaque participant de s&rsquo;occuper de son h\u00e9bergement durant la conf\u00e9rence.<\/p>\n<p>Il est possible de trouver un h\u00e9bergement sur place, \u00e0 Sophia Antipolis (attention technopole active dans la journ\u00e9e mais sans aucune vie nocturne) et dans toutes les villes voisines comme <a href=\"https:\/\/www.antibesjuanlespins.com\/\" target=\"_blank\" rel=\"noopener\">Antibes<\/a> (20 minutes), <a href=\"https:\/\/www.cannes-destination.fr\/\" target=\"_blank\" rel=\"noopener\">Cannes<\/a> (30 minutes) ou <a href=\"https:\/\/www.nicetourisme.com\/\" target=\"_blank\" rel=\"noopener\">Nice<\/a> (acc\u00e8s direct par bus <a href=\"https:\/\/services-zou.maregionsud.fr\/fr\/\" target=\"_blank\" rel=\"noopener\">ligne d&rsquo;azur n\u00b0 230<\/a> &#8211; 45 minutes).<\/p>\n<p>Attention : Bien que situ\u00e9s dans un parc scientifique comme Sophia Antipolis, les h\u00f4tels peuvent \u00eatre complets m\u00eame en novembre. Nous n&rsquo;insisterons donc jamais assez sur la n\u00e9cessit\u00e9 de r\u00e9server votre chambre le plus t\u00f4t possible.<\/p>\n<p>H\u00f4tels \u00e0 Sophia Antipolis\u00a0\u2013 Les tarifs indiqu\u00e9s ci-dessous sont donn\u00e9s \u00e0 titre indicatifs et d\u00e9pendent de la saison et du confort de la chambre :<\/p>\n<table style=\"height: 670px; width: 791px; background-color: #aedfe8;\" border=\"1px\" width=\"561\" cellspacing=\"1px\" cellpadding=\"1px\">\n<tbody>\n<tr style=\"height: 137px;\">\n<td style=\"width: 229.656px; height: 137px;\" align=\"left\" valign=\"top\"><a href=\"https:\/\/www.marriott.fr\/hotels\/travel\/nceoa-moxy-sophia-antipolis\" target=\"_blank\" rel=\"noopener\">Hotel Moxy (Marriott)<\/a> ****<\/p>\n<p>(en face d&rsquo;Inria)<br \/>\n4440 route des Dolines<br \/>\nTel : +33(0)413680013<br \/>\nSingle\/double : \u00e0 partir de 106\u20ac<\/td>\n<td style=\"width: 218.766px; height: 137px;\" align=\"left\" valign=\"top\"><a href=\"https:\/\/www.hotel-resort-frenchriviera.com\/\" target=\"_blank\" rel=\"noopener\">H\u00f4tel Beachcomber ****<\/a><br \/>\n3550 route des Dolines<br \/>\nTel: +33 (0) 492.96.68.78<br \/>\nFax: +33 (0) 492.96.68.96<br \/>\nSingle\/double: \u00e0 partir de 135\u20ac<\/td>\n<td style=\"width: 196.578px; height: 137px;\" align=\"left\" valign=\"top\"><a href=\"http:\/\/www.novotel.com\/gb\/hotel-0398-novotel-sophia-antipolis\/index.shtml\" target=\"_blank\" rel=\"noopener\">H\u00f4tel Novotel ****<\/a><br \/>\n290 rue Dostoievski<br \/>\nTel: +33 (0) 492.38.72.38<br \/>\nFax: +33 (0) 493.95.80.12<br \/>\nSingle\/double: \u00e0 partir de 90\u20ac<\/td>\n<\/tr>\n<tr style=\"height: 153px;\">\n<td style=\"width: 229.656px; height: 153px;\" align=\"left\" valign=\"top\"><a href=\"http:\/\/www.mercure.com\/gb\/hotel-1122-mercure-antibes-sophia-antipolis\/events.shtml\" target=\"_blank\" rel=\"noopener\">H\u00f4tel Mercure ****<\/a><br \/>\nRue Albert Caquot<br \/>\nTel: +33 (0) 492.96.04.04<br \/>\nFax: +33 (0) 492.96.05.05<br \/>\nSingle\/double: \u00e0 partir de 100\u20ac<\/td>\n<td style=\"width: 218.766px; height: 153px;\" align=\"left\" valign=\"top\"><a href=\"https:\/\/sophia-antipolis.goldentulip.com\/\" target=\"_blank\" rel=\"noopener\">Hotel Golden Tulip inn***<\/a><br \/>\n120 route des macarons<br \/>\nTel: +33 (0) 492.94.68.00<br \/>\nFax: +33 (0) 493.65.43.41<br \/>\nSingle\/double: \u00e0 partir de 130\u20ac<\/td>\n<td style=\"width: 196.578px; height: 153px;\" align=\"left\" valign=\"top\"><a href=\"http:\/\/www.hotelomega.com\/\" target=\"_blank\" rel=\"noopener\">Hotel Omega ***<\/a><br \/>\n49 Rue Beethoven<br \/>\nTel: +33 (0) 492.96.07.07<br \/>\nFax: +33 (0) 492.38.98.08<br \/>\nSingle\/double: \u00e0 partir de 120\u20ac<\/td>\n<\/tr>\n<tr style=\"height: 151px;\">\n<td style=\"width: 229.656px; height: 151px;\" align=\"left\" valign=\"top\"><a href=\"http:\/\/www.ibishotel.com\/gb\/hotel-0711-ibis-antibes-sophia-antipolis\/index.shtml\" target=\"_blank\" rel=\"noopener\">H\u00f4tel Ibis **<\/a><br \/>\n2, Rue A. Caquot<br \/>\nTel: +33 (0) 493.65.30.60<br \/>\nFax: +33 (0) 493.95.83.99<br \/>\nSingle\/double: \u00e0 partir de 70\u20ac<\/td>\n<td style=\"width: 218.766px; height: 151px;\" align=\"left\" valign=\"top\"><a href=\"https:\/\/www.hotel-bb.com\/fr\/hotel\/antibes-sophia-le-relais?utm_source=googlemaps&amp;utm_medium=fichehotel&amp;utm_campaign=yext\" target=\"_blank\" rel=\"noopener\">B&amp;B Hotel \u201cle relais\u201d<\/a>\u00a0(budget hotel)<br \/>\n3725 Route des Dolines<br \/>\nTel : +33 (0)892 702 700<br \/>\nSingle\/double: \u00e0 partir de 55\u20ac<\/td>\n<td style=\"width: 196.578px; height: 151px;\" align=\"left\" valign=\"top\"><a href=\"https:\/\/www.hotel-bb.com\/fr\/hotel\/antibes-sophia-antipolis\" target=\"_blank\" rel=\"noopener\">B&amp;B Hotel<\/a>\u00a0(budget hotel)<br \/>\n3550 Route des Dolines<br \/>\nTel : +33 (0)892 702 811<br \/>\nSingle\/double: \u00e0 partir de 55\u20ac<\/td>\n<\/tr>\n<tr style=\"height: 133px;\">\n<td style=\"width: 229.656px; height: 133px;\"><a href=\"http:\/\/www.nemea-appart-hotel.com\/en\/\" target=\"_blank\" rel=\"noopener\">Hotel residence Nemea<br \/>\nGreen side<\/a>\u00a0(appartments)<br \/>\n45 Rue Henri Poincar\u00e9<br \/>\nTel : + 33 (0)4 93 65 05 01<br \/>\nStudio 1 to 2 people: \u00e0 partir de 60\u20ac<\/td>\n<td style=\"width: 218.766px; height: 133px;\"><\/td>\n<td style=\"width: 196.578px; height: 133px;\"><\/td>\n<\/tr>\n<\/tbody>\n<\/table>\n<p>Vous trouverez plus d\u2019informations sur le site officiel de l\u2019office de tourisme de\u00a0<a class=\"customize-unpreviewable\" href=\"http:\/\/www.tourisme-valbonne.com\/\" target=\"_blank\" rel=\"noopener\">Valbonne- Sophia Antipolis tourism office<\/a><\/p>","protected":false},"excerpt":{"rendered":"<p>Les JFIG se tiendront chez\u00a0\u00a0Inria, \u00e0 Sophia Antipolis (France) Adresse Inria Sophia Antipolis \u2013 M\u00e9diterran\u00e9e 2004 route des Lucioles Sophia Antipolis (France) Tel: +33 (0)4 92 38 77 77 Les sessions auront lieu dans le\u00a0b\u00e2timent Kahn. Un r\u00e9seau Wi-Fi avec contr\u00f4le d&rsquo;acc\u00e8s sera disponible sur place. Vous recevrez automatiquement vos\u2026<\/p>\n<p> <a class=\"continue-reading-link\" href=\"https:\/\/project.inria.fr\/jfig2021\/informations-pratiques\/\"><span>Continue reading<\/span><i class=\"crycon-right-dir\"><\/i><\/a> <\/p>\n","protected":false},"author":539,"featured_media":0,"parent":0,"menu_order":0,"comment_status":"closed","ping_status":"closed","template":"","meta":{"footnotes":""},"class_list":["post-70","page","type-page","status-publish","hentry"],"_links":{"self":[{"href":"https:\/\/project.inria.fr\/jfig2021\/wp-json\/wp\/v2\/pages\/70","targetHints":{"allow":["GET"]}}],"collection":[{"href":"https:\/\/project.inria.fr\/jfig2021\/wp-json\/wp\/v2\/pages"}],"about":[{"href":"https:\/\/project.inria.fr\/jfig2021\/wp-json\/wp\/v2\/types\/page"}],"author":[{"embeddable":true,"href":"https:\/\/project.inria.fr\/jfig2021\/wp-json\/wp\/v2\/users\/539"}],"replies":[{"embeddable":true,"href":"https:\/\/project.inria.fr\/jfig2021\/wp-json\/wp\/v2\/comments?post=70"}],"version-history":[{"count":14,"href":"https:\/\/project.inria.fr\/jfig2021\/wp-json\/wp\/v2\/pages\/70\/revisions"}],"predecessor-version":[{"id":289,"href":"https:\/\/project.inria.fr\/jfig2021\/wp-json\/wp\/v2\/pages\/70\/revisions\/289"}],"wp:attachment":[{"href":"https:\/\/project.inria.fr\/jfig2021\/wp-json\/wp\/v2\/media?parent=70"}],"curies":[{"name":"wp","href":"https:\/\/api.w.org\/{rel}","templated":true}]}}