

{"id":89,"date":"2021-02-16T16:19:57","date_gmt":"2021-02-16T15:19:57","guid":{"rendered":"https:\/\/project.inria.fr\/jfig2021\/?page_id=89"},"modified":"2022-02-09T09:14:43","modified_gmt":"2022-02-09T08:14:43","slug":"comites","status":"publish","type":"page","link":"https:\/\/project.inria.fr\/jfig2021\/comites\/","title":{"rendered":"Comit\u00e9s"},"content":{"rendered":"<h2>Comit\u00e9 d&rsquo;organisation<\/h2>\n<p>Une organisation conjointe <a href=\"https:\/\/www.inria.fr\/fr\" target=\"_blank\" rel=\"noopener\">Inria<\/a> &#8211; <a href=\"https:\/\/www.i3s.unice.fr\/\">Laboratoire I3S<\/a><\/p>\n<p>&nbsp;<\/p>\n<div id=\"magicdomid15\" class=\"ace-line\">\n<table style=\"height: 259px; width: 74.087%; border-collapse: collapse;\" border=\"0\">\n<tbody>\n<tr style=\"height: 74px;\">\n<td style=\"width: 25%; height: 74px;\"><a href=\"https:\/\/team.inria.fr\/titane\/team\/pierre-alliez\/\"><img loading=\"lazy\" decoding=\"async\" class=\"alignleft wp-image-129\" src=\"https:\/\/project.inria.fr\/jfig2021\/files\/2021\/02\/Pierre_portrait_150x150.png\" alt=\"Portrait Pierre Alliez\" width=\"100\" height=\"100\" \/><\/a><\/td>\n<td style=\"width: 25%; height: 74px;\"><a href=\"https:\/\/project.inria.fr\/jfig2021\/files\/2021\/02\/Marc_portrait_150x150.png\"><img loading=\"lazy\" decoding=\"async\" class=\"alignleft wp-image-128\" src=\"https:\/\/project.inria.fr\/jfig2021\/files\/2021\/02\/Marc_portrait_150x150.png\" alt=\"Marc Antonini\" width=\"100\" height=\"100\" \/><\/a><\/td>\n<td style=\"width: 25%; height: 74px;\"><a href=\"http:\/\/www-sop.inria.fr\/members\/Adrien.Bousseau\/\"><img loading=\"lazy\" decoding=\"async\" class=\"alignleft wp-image-122\" src=\"https:\/\/project.inria.fr\/jfig2021\/files\/2021\/02\/Adrien_portrait_150x150.png\" alt=\"Adrien Bousseau\" width=\"100\" height=\"100\" \/><\/a><\/td>\n<td style=\"width: 25%; height: 74px;\"><a href=\"https:\/\/people.inf.ethz.ch\/~gcordonn\/\"><img loading=\"lazy\" decoding=\"async\" class=\"alignleft wp-image-127\" src=\"https:\/\/project.inria.fr\/jfig2021\/files\/2021\/02\/Guillaume_portrait_150x150.png\" alt=\"Guillaume Cordonnier\" width=\"100\" height=\"100\" \/><\/a><\/td>\n<\/tr>\n<tr style=\"height: 144px;\">\n<td style=\"width: 25%; height: 144px; text-align: left; vertical-align: top;\"><span style=\"font-size: 10pt;\"><a href=\"https:\/\/team.inria.fr\/titane\/team\/pierre-alliez\/\" target=\"_blank\" rel=\"noopener\">Pierre Alliez<\/a><\/span><br \/>\n<strong><span style=\"font-size: 10pt;\">Inria<\/span><\/strong><br \/>\n<span style=\"font-size: 10pt;\">Directeur de recherche<\/span><br \/>\n<span style=\"font-size: 10pt;\">\u00c9quipe-projet Titane<\/span><\/td>\n<td style=\"width: 25%; height: 144px; text-align: left; vertical-align: top;\"><span style=\"font-size: 10pt;\"><a href=\"https:\/\/www.linkedin.com\/in\/marc-antonini\/?originalSubdomain=fr\" target=\"_blank\" rel=\"noopener\">Marc Antonini<\/a><\/span><br \/>\n<strong><span style=\"font-size: 10pt;\">I3S<\/span><\/strong><br \/>\n<span style=\"font-size: 10pt;\">Directeur de recherche<\/span><br \/>\n<span style=\"font-size: 10pt;\">\u00c9quipe Mediacoding<\/span><\/td>\n<td style=\"width: 25%; height: 144px; text-align: left; vertical-align: top;\"><span style=\"font-size: 10pt;\"><a href=\"http:\/\/www-sop.inria.fr\/members\/Adrien.Bousseau\/\" target=\"_blank\" rel=\"noopener\">Adrien Bousseau<\/a><\/span><br \/>\n<strong><span style=\"font-size: 10pt;\">Inria<\/span><\/strong><br \/>\n<span style=\"font-size: 10pt;\">Directeur de recherche<\/span><br \/>\n<span style=\"font-size: 10pt;\">\u00c9quipe-projet Graphdeco<\/span><\/td>\n<td style=\"width: 25%; height: 144px; text-align: left; vertical-align: top;\"><span style=\"font-size: 10pt;\"><a href=\"http:\/\/www-sop.inria.fr\/members\/Guillaume.Cordonnier\/\" target=\"_blank\" rel=\"noopener\">Guillaume Cordonnier<\/a><\/span><br \/>\n<strong><span style=\"font-size: 10pt;\">Inria<\/span><\/strong><br \/>\n<span style=\"font-size: 10pt;\">Charg\u00e9 de recherche<br \/>\n<\/span><span style=\"font-size: 10pt;\">\u00c9quipe-projet Graphdeco<\/span><\/td>\n<\/tr>\n<tr style=\"height: 31px;\">\n<td style=\"width: 25%; height: 31px;\"><a href=\"https:\/\/www.linkedin.com\/in\/agn%C3%A8s-cortell-a999121a\/\"><img loading=\"lazy\" decoding=\"async\" class=\"alignleft wp-image-123\" src=\"https:\/\/project.inria.fr\/jfig2021\/files\/2021\/02\/Agnes_portrait_150x150.png\" alt=\"Agn\u00e8s Cortell\" width=\"100\" height=\"100\" \/><\/a><\/td>\n<td style=\"width: 25%; height: 31px;\"><a href=\"http:\/\/www-sop.inria.fr\/members\/George.Drettakis\/\"><img loading=\"lazy\" decoding=\"async\" class=\"alignleft wp-image-126\" src=\"https:\/\/project.inria.fr\/jfig2021\/files\/2021\/02\/George_portrait_150x150.png\" alt=\"George Drettakis\" width=\"100\" height=\"100\" \/><\/a><\/td>\n<td style=\"width: 25%; height: 31px;\"><a href=\"http:\/\/www-sop.inria.fr\/members\/Florent.Lafarge\/\"><img loading=\"lazy\" decoding=\"async\" class=\"alignleft wp-image-124\" src=\"https:\/\/project.inria.fr\/jfig2021\/files\/2021\/02\/Florent_portrait_150x150.png\" alt=\"Florent Lafarge\" width=\"100\" height=\"100\" \/><\/a><\/td>\n<td style=\"width: 25%; height: 31px; text-align: left; vertical-align: top;\"><a href=\"https:\/\/www.i3s.unice.fr\/~fpayan\/\"><img loading=\"lazy\" decoding=\"async\" class=\"alignleft wp-image-125\" src=\"https:\/\/project.inria.fr\/jfig2021\/files\/2021\/02\/Frederic_portrait_150x150.png\" alt=\"Fr\u00e9d\u00e9ric Payan\" width=\"100\" height=\"100\" \/><\/a><\/td>\n<\/tr>\n<tr style=\"height: 10px;\">\n<td style=\"width: 25%; height: 10px; text-align: left; vertical-align: top;\"><span style=\"font-size: 10pt;\"><a href=\"https:\/\/www.linkedin.com\/in\/agn%C3%A8s-cortell-a999121a\/\" target=\"_blank\" rel=\"noopener\">Agn\u00e8s Cortell<\/a><\/span><br \/>\n<strong><span style=\"font-size: 10pt;\">Inria<\/span><\/strong><br \/>\n<span style=\"font-size: 10pt;\">Charg\u00e9e de communication<\/span><\/td>\n<td style=\"width: 25%; height: 10px; text-align: left; vertical-align: top;\"><span style=\"font-size: 10pt;\"><a href=\"http:\/\/www-sop.inria.fr\/members\/George.Drettakis\/\" target=\"_blank\" rel=\"noopener\">George Drettakis<\/a><\/span><br \/>\n<strong><span style=\"font-size: 10pt;\">Inria<\/span><\/strong><br \/>\n<span style=\"font-size: 10pt;\">Directeur de recherche<\/span><br \/>\n<span style=\"font-size: 10pt;\">\u00c9quipe-projet Graphdeco<\/span><\/td>\n<td style=\"width: 25%; height: 10px; text-align: left; vertical-align: top;\"><span style=\"font-size: 10pt;\"><a href=\"http:\/\/www-sop.inria.fr\/members\/Florent.Lafarge\/\" target=\"_blank\" rel=\"noopener\">Florent Lafarge<\/a><\/span><br \/>\n<strong><span style=\"font-family: 'Yanone Kaffeesatz Light'; font-size: 10pt;\">Inria<\/span><\/strong><br \/>\n<span style=\"font-family: 'Yanone Kaffeesatz Light'; font-size: 10pt;\">Directeur de recherche<\/span><br \/>\n<span style=\"font-family: 'Yanone Kaffeesatz Light'; font-size: 10pt;\">\u00c9quipe-projet Titane<\/span><\/td>\n<td style=\"width: 25%; height: 10px; text-align: left; vertical-align: top;\"><span style=\"font-size: 10pt;\"><a href=\"https:\/\/www.i3s.unice.fr\/~fpayan\/\" target=\"_blank\" rel=\"noopener\">Fr\u00e9d\u00e9ric Payan<\/a><\/span><br \/>\n<strong><span style=\"font-size: 10pt;\">Universit\u00e9 C\u00f4te d&rsquo;Azur<\/span><\/strong><br \/>\n<span style=\"font-size: 13.3333px;\">Ma\u00eetre de Conf\u00e9rence<\/span><\/td>\n<\/tr>\n<\/tbody>\n<\/table>\n<h2>Comit\u00e9 du meilleur article\u00a0AFIG\/EGFR<\/h2>\n<p><a href=\"https:\/\/www.irit.fr\/recherches\/STORM\/MelladoNicolas\/\">Nicolas Mellado<\/a> et <a href=\"http:\/\/maverick.inria.fr\/~Romain.Vergne\/blog\/\">Romain Vergne<\/a><\/p>\n<\/div>\n<p>&nbsp;<\/p>\n","protected":false},"excerpt":{"rendered":"<p>Comit\u00e9 d&rsquo;organisation Une organisation conjointe Inria &#8211; Laboratoire I3S &nbsp; Pierre Alliez Inria Directeur de recherche \u00c9quipe-projet Titane Marc Antonini I3S Directeur de recherche \u00c9quipe Mediacoding Adrien Bousseau Inria Directeur de recherche \u00c9quipe-projet Graphdeco Guillaume Cordonnier Inria Charg\u00e9 de recherche \u00c9quipe-projet Graphdeco Agn\u00e8s Cortell Inria Charg\u00e9e de communication George Drettakis\u2026<\/p>\n<p> <a class=\"continue-reading-link\" href=\"https:\/\/project.inria.fr\/jfig2021\/comites\/\"><span>Continue reading<\/span><i class=\"crycon-right-dir\"><\/i><\/a> <\/p>\n","protected":false},"author":539,"featured_media":310,"parent":0,"menu_order":0,"comment_status":"closed","ping_status":"closed","template":"","meta":{"footnotes":""},"class_list":["post-89","page","type-page","status-publish","has-post-thumbnail","hentry"],"_links":{"self":[{"href":"https:\/\/project.inria.fr\/jfig2021\/wp-json\/wp\/v2\/pages\/89","targetHints":{"allow":["GET"]}}],"collection":[{"href":"https:\/\/project.inria.fr\/jfig2021\/wp-json\/wp\/v2\/pages"}],"about":[{"href":"https:\/\/project.inria.fr\/jfig2021\/wp-json\/wp\/v2\/types\/page"}],"author":[{"embeddable":true,"href":"https:\/\/project.inria.fr\/jfig2021\/wp-json\/wp\/v2\/users\/539"}],"replies":[{"embeddable":true,"href":"https:\/\/project.inria.fr\/jfig2021\/wp-json\/wp\/v2\/comments?post=89"}],"version-history":[{"count":16,"href":"https:\/\/project.inria.fr\/jfig2021\/wp-json\/wp\/v2\/pages\/89\/revisions"}],"predecessor-version":[{"id":419,"href":"https:\/\/project.inria.fr\/jfig2021\/wp-json\/wp\/v2\/pages\/89\/revisions\/419"}],"wp:featuredmedia":[{"embeddable":true,"href":"https:\/\/project.inria.fr\/jfig2021\/wp-json\/wp\/v2\/media\/310"}],"wp:attachment":[{"href":"https:\/\/project.inria.fr\/jfig2021\/wp-json\/wp\/v2\/media?parent=89"}],"curies":[{"name":"wp","href":"https:\/\/api.w.org\/{rel}","templated":true}]}}