

{"id":108,"date":"2021-11-18T11:44:09","date_gmt":"2021-11-18T10:44:09","guid":{"rendered":"https:\/\/project.inria.fr\/jfig2022\/?page_id=108"},"modified":"2021-11-18T11:57:45","modified_gmt":"2021-11-18T10:57:45","slug":"informations-pratiques","status":"publish","type":"page","link":"https:\/\/project.inria.fr\/jfig2022\/informations-pratiques\/","title":{"rendered":"Informations pratiques"},"content":{"rendered":"<p><img loading=\"lazy\" decoding=\"async\" class=\"aligncenter wp-image-109\" src=\"https:\/\/project.inria.fr\/jfig2022\/files\/2021\/11\/Auditorium-de-l-Agora-C-Olivier-Got-1024x729.jpg\" alt=\"\" width=\"700\" height=\"498\" srcset=\"https:\/\/project.inria.fr\/jfig2022\/files\/2021\/11\/Auditorium-de-l-Agora-C-Olivier-Got-1024x729.jpg 1024w, https:\/\/project.inria.fr\/jfig2022\/files\/2021\/11\/Auditorium-de-l-Agora-C-Olivier-Got-300x213.jpg 300w, https:\/\/project.inria.fr\/jfig2022\/files\/2021\/11\/Auditorium-de-l-Agora-C-Olivier-Got-768x546.jpg 768w, https:\/\/project.inria.fr\/jfig2022\/files\/2021\/11\/Auditorium-de-l-Agora-C-Olivier-Got-150x107.jpg 150w, https:\/\/project.inria.fr\/jfig2022\/files\/2021\/11\/Auditorium-de-l-Agora-C-Olivier-Got.jpg 1040w\" sizes=\"auto, (max-width: 700px) 100vw, 700px\" \/><\/p>\n<p><strong>Les j.FIG se tiendront au sein de l&rsquo;<a href=\"https:\/\/www.u-bordeaux.fr\/Universite\/L-universite-de-Bordeaux\/Histoire-et-patrimoine\/Talence\/L-Agora-du-Haut-Carre\" target=\"_blank\" rel=\"noopener\">Agora du Haut-Carr\u00e9<\/a>, sur le\u00a0campus de Talence de\u00a0l&rsquo;Universit\u00e9 de Bordeaux (France).\u00a0<\/strong><\/p>\n<p><strong>Adresse<\/strong><br \/>\nAgora du Haut-Carr\u00e9<br \/>\n43 rue Pierre Noailles<br \/>\n33405 Talence (France)<\/p>\n<p><em>Un r\u00e9seau Wi-Fi avec contr\u00f4le d\u2019acc\u00e8s sera disponible sur place. L&rsquo;universit\u00e9 de Bordeaux est \u00e9galement partenaire du projet Eduroam qui fournit un acc\u00e8s wifi gratuit.<\/em><\/p>\n<hr \/>\n<h2 style=\"text-align: center;\">Comment s&rsquo;y rendre ?<\/h2>\n<p><strong>Depuis la gare de Bordeaux &#8211; Saint-Jean :<\/strong> prendre la ligne de bus 10 direction Gradignan Beausoleil, arr\u00eat Peixotto.<\/p>\n<p><strong>Depuis le centre-ville de Bordeaux ou de Pessac :<\/strong> prendre le tram B, arr\u00eat Forum<\/p>\n<p>Plus d\u2019informations sur le site de <a class=\"ext\" title=\"TBM\" href=\"https:\/\/www.infotbm.com\/fr\/plans\/plan-dynamique\/nearby-me\/-0.5974932;44.8098794\" target=\"_blank\" rel=\"noopener noreferrer\">TBM.<\/a><\/p>\n<h3>En train<\/h3>\n<p>Les gares de Bordeaux Saint-Jean, Pessac et B\u00e8gles se situent \u00e0 proximit\u00e9 du centre. Les connexions en transport en commun se font facilement.<\/p>\n<h3>En voiture<\/h3>\n<p>Prendre la sortie 16 : Talence-centre \/ Gradignan-centre \/ campus universitaire.<\/p>\n<p>Les parkings de l\u2019universit\u00e9 \u00e9tant rapidement satur\u00e9s, nous vous invitons \u00e0 emprunter les transports en commun.<\/p>\n<h3>En avion<\/h3>\n<p>L&rsquo;a\u00e9roport le plus proche est celui de M\u00e9rignac. Sur place, la ligne 1 vous permettra d&rsquo;effectuer vos correspondances en transport en commun.<\/p>\n<hr \/>\n<p>&nbsp;<\/p>\n<h2 style=\"text-align: center;\">H\u00e9bergement<\/h2>\n<p>L\u2019h\u00e9bergement n\u2019est pas pris en charge par les organisateurs. Il appartient \u00e0 chaque participant de s\u2019occuper de son h\u00e9bergement durant la conf\u00e9rence.<\/p>\n<p>Vous trouverez plus d\u2019informations sur le site officiel de l\u2019<a href=\"https:\/\/www.bordeaux-tourisme.com\/hebergements\" target=\"_blank\" rel=\"noopener\">office de tourisme de Bordeaux<\/a>.<\/p>\n","protected":false},"excerpt":{"rendered":"<p>Les j.FIG se tiendront au sein de l&rsquo;Agora du Haut-Carr\u00e9, sur le\u00a0campus de Talence de\u00a0l&rsquo;Universit\u00e9 de Bordeaux (France).\u00a0 Adresse Agora du Haut-Carr\u00e9 43 rue Pierre Noailles 33405 Talence (France) Un r\u00e9seau Wi-Fi avec contr\u00f4le d\u2019acc\u00e8s sera disponible sur place. L&rsquo;universit\u00e9 de Bordeaux est \u00e9galement partenaire du projet Eduroam qui fournit\u2026<\/p>\n<p> <a class=\"continue-reading-link\" href=\"https:\/\/project.inria.fr\/jfig2022\/informations-pratiques\/\"><span>Continue reading<\/span><i class=\"crycon-right-dir\"><\/i><\/a> <\/p>\n","protected":false},"author":2101,"featured_media":0,"parent":0,"menu_order":0,"comment_status":"closed","ping_status":"closed","template":"","meta":{"footnotes":""},"class_list":["post-108","page","type-page","status-publish","hentry"],"_links":{"self":[{"href":"https:\/\/project.inria.fr\/jfig2022\/wp-json\/wp\/v2\/pages\/108","targetHints":{"allow":["GET"]}}],"collection":[{"href":"https:\/\/project.inria.fr\/jfig2022\/wp-json\/wp\/v2\/pages"}],"about":[{"href":"https:\/\/project.inria.fr\/jfig2022\/wp-json\/wp\/v2\/types\/page"}],"author":[{"embeddable":true,"href":"https:\/\/project.inria.fr\/jfig2022\/wp-json\/wp\/v2\/users\/2101"}],"replies":[{"embeddable":true,"href":"https:\/\/project.inria.fr\/jfig2022\/wp-json\/wp\/v2\/comments?post=108"}],"version-history":[{"count":12,"href":"https:\/\/project.inria.fr\/jfig2022\/wp-json\/wp\/v2\/pages\/108\/revisions"}],"predecessor-version":[{"id":123,"href":"https:\/\/project.inria.fr\/jfig2022\/wp-json\/wp\/v2\/pages\/108\/revisions\/123"}],"wp:attachment":[{"href":"https:\/\/project.inria.fr\/jfig2022\/wp-json\/wp\/v2\/media?parent=108"}],"curies":[{"name":"wp","href":"https:\/\/api.w.org\/{rel}","templated":true}]}}