

{"id":161,"date":"2022-09-15T16:02:57","date_gmt":"2022-09-15T14:02:57","guid":{"rendered":"https:\/\/project.inria.fr\/jfig2022\/?page_id=161"},"modified":"2022-12-15T15:35:59","modified_gmt":"2022-12-15T14:35:59","slug":"programme","status":"publish","type":"page","link":"https:\/\/project.inria.fr\/jfig2022\/programme\/","title":{"rendered":"Programme"},"content":{"rendered":"<p><strong><a href=\"https:\/\/project.inria.fr\/jfig2022\/files\/2022\/11\/programme.pdf\"><img loading=\"lazy\" decoding=\"async\" class=\"alignnone size-full wp-image-273\" src=\"https:\/\/project.inria.fr\/jfig2022\/files\/2022\/11\/download.png\" alt=\"\" width=\"48\" height=\"38\" \/>T\u00e9l\u00e9charger le programme<\/a><\/strong><\/p>\n<h2 style=\"text-align: center;\">Programme synth\u00e9tique des journ\u00e9es<\/h2>\n<p>&nbsp;<\/p>\n<table class=\" alignleft\" style=\"border-color: #ed1c24;\">\n<thead>\n<tr style=\"border: 0;\">\n<td style=\"border-color: #bd0000; text-align: center; vertical-align: middle; width: 440px; border-bottom: 1px solid #bd0000; margin-bottom: 6px;\"><strong><span style=\"color: #bd0000;\"><a href=\"#jour1\">Mercredi 23 novembre<\/a><\/span><\/strong><\/td>\n<td style=\"border-color: #bd0000; text-align: center; vertical-align: middle; width: 373px; border-bottom: 1px solid #bd0000; margin-bottom: 6px;\"><strong><span style=\"color: #bd0000;\"><a href=\"#jour2\">Jeudi 24 novembre<\/a><\/span><\/strong><\/td>\n<td style=\"border-color: #bd0000; text-align: center; vertical-align: middle; width: 403px; border-bottom: 1px solid #bd0000; margin-bottom: 6px;\"><strong><span style=\"color: #bd0000;\"><a href=\"#jour3\">Vendredi 25 novembre<\/a><\/span><\/strong><\/td>\n<\/tr>\n<\/thead>\n<tbody>\n<tr>\n<td style=\"border: 0; padding: 10px 24px 0 24px;\"><em><span style=\"color: #ffc000;\">8h30 &#8211; 9h00 : Accueil des participants<br \/>\n<\/span><\/em><\/td>\n<td style=\"border: 0; padding: 10px 24px 0 24px;\"><\/td>\n<td style=\"border: 0; padding: 10px 24px 0 24px;\"><\/td>\n<\/tr>\n<tr>\n<td style=\"text-align: left; vertical-align: top; width: 440px; padding: 0 24px;\">9h00 &#8211; 10h45 : Session 1 &#8211; \u00ab Terres &amp; Hommes \u00bb<br \/>\n<em><span style=\"color: #ffc000;\">10h45 &#8211; 11h15 : Pause<\/span><\/em><br \/>\n<span style=\"color: #00aaff;\">11h15 &#8211; 12h15 : Conf\u00e9rence invit\u00e9e &#8211; P. Memari<\/span><br \/>\n<em><span style=\"color: #ffc000;\">12h15 &#8211; 13h30 : D\u00e9jeuner<\/span><\/em><br \/>\n13h30 &#8211; 15h00 : Session 2 &#8211; \u00ab Points &amp; mailles \u00bb<br \/>\n<em><span style=\"color: #ffc000;\">15h00 &#8211; 15h30 : Pause<\/span><\/em><br \/>\n<span style=\"color: #00aaff;\">15h30 &#8211; 16h00 : Conf\u00e9rence invit\u00e9e &#8211; J.\u00a0Martinez<br \/>\n16h00 &#8211; 16h30 : Conf\u00e9rence invit\u00e9e &#8211; X.\u00a0Granier<\/span><br \/>\n<span style=\"color: #cc00cc;\">16h30 &#8211; 17h00 : Pr\u00e9sentation ANR &#8211; C. Sauvaget \u00a0(<a href=\"https:\/\/project.inria.fr\/jfig2022\/files\/2022\/12\/Pr\u00e9sentation-AFIG2022_V3.pdf\">slides<\/a>, <a href=\"https:\/\/youtu.be\/AJudT6NRM7c\">video ANR Tour 2023<\/a>)<\/span><br \/>\n<span style=\"color: #aaff00;\">17h00 &#8211; 17h30 : Prix de Th\u00e8se<br \/>\n17h30 &#8211; 18h30 : Concours de rendu<\/span><br \/>\n<em><span style=\"color: #ffc000;\">19h00 : Cocktail de bienvenue offert par la Mairie de Talence au\u00a0ch\u00e2teau de Peixotto<\/span><\/em><\/td>\n<td style=\"text-align: left; vertical-align: top; width: 373px; padding: 0 24px;\">9h00 &#8211; 10h45 : Session 3 &#8211; \u00ab Mat\u00e9riaux \u00bb<br \/>\n<em><span style=\"color: #ffc000;\">10h45 &#8211; 11h15 : Pause<\/span><\/em><br \/>\n<span style=\"color: #00aaff;\">11h15 &#8211; 12h15 : Conf\u00e9rence invit\u00e9e &#8211; D. Louapre<\/span><br \/>\n<em><span style=\"color: #ffc000;\">12h15 &#8211; 13h30 : D\u00e9jeuner<\/span><\/em><br \/>\n13h30 &#8211; 15h00 : Session 4 &#8211; \u00ab Spectres &amp; Ultrasons \u00bb<br \/>\n<em><span style=\"color: #ffc000;\">15h00 &#8211; 15h30 : Pause<\/span><\/em><br \/>\n<span style=\"color: #00aaff;\">15h30 &#8211; 16h30 : Conf\u00e9rence invit\u00e9e &#8211; C. Soum<\/span><br \/>\n<span style=\"color: #cc00cc;\">16h30 &#8211; 17h30 : Atelier enseignement de l&rsquo;Informatique Graphique<\/span><br \/>\n<span style=\"color: #aaff00;\">17h30 &#8211; 18h15 : Assembl\u00e9e g\u00e9n\u00e9rale AFIG<br \/>\n18h15 &#8211; 19h00 : Assembl\u00e9e g\u00e9n\u00e9rale EGFR<\/span><br \/>\n<em><span style=\"color: #ffc000;\">20h00 &#8211; 23h30 : D\u00eener de Gala<\/span><\/em><\/td>\n<td style=\"text-align: left; vertical-align: top; width: 403px; padding: 0 24px;\">9h00 &#8211; 10h30 : Session 5 &#8211; \u00ab Topologie &amp; Visualisation \u00bb<br \/>\n<em><span style=\"color: #ffc000;\">10h30 &#8211; 11h00 : Pause<\/span><\/em><br \/>\n<span style=\"color: #cc00cc;\">11h00 &#8211; 11h30 : R\u00e9flexion sur l&rsquo;impact environnemental de notre recherche<\/span><br \/>\n<span style=\"color: #aaff00;\">11h30 &#8211; 12h00 : Prix du meilleur article<br \/>\n12h00 &#8211; 12h30 : Discours de cl\u00f4ture et pr\u00e9sentation des j.FIG 2023<\/span><br \/>\n<em><span style=\"color: #ffc000;\">12h30 &#8211; 14h00 : D\u00e9jeuner<\/span><\/em><\/td>\n<\/tr>\n<\/tbody>\n<\/table>\n<p>&nbsp;<\/p>\n<hr \/>\n<h2 style=\"text-align: center;\">Programme d\u00e9taill\u00e9 des journ\u00e9es<\/h2>\n<h3 id=\"jour1\" style=\"color: #bd0000;\">Mercredi 23 novembre<\/h3>\n<div style=\"margin-left: 1em;\">\n<p style=\"color: #ffc000;\">8h30 &#8211; 9h : Accueil<\/p>\n<p>9h &#8211; 10h45 : <strong>Session 1 &#8211; \u00ab Terres &amp; Hommes \u00bb<\/strong> &#8211; <em>Chair :<\/em> Guillaume Cordonnier (Inria)<\/p>\n<ul style=\"margin-left: 3em;\">\n<li>Hugo Schott, Axel Paris, Lucie Fournier, Eric Gu\u00e9rin et Eric Galin<br \/>\n<strong><em>\u00ab Large-scale terrain authoring through interactive erosion simulation \u00bb<\/em><\/strong><\/li>\n<li>Marc Hartley, Christophe Fiorio, Nicolas Mellado et Noura Faraj<br \/>\n<strong><em>\u00ab Algorithmes d\u2019\u00e9rosion pour la g\u00e9n\u00e9ration de terrains 3D \u00bb<\/em><\/strong><\/li>\n<li>Simon Perche, Adrien Peytavie, Bedrich Benes, Eric Galin et Eric Gu\u00e9rin<br \/>\n<strong><em>\u00ab StyleDEM: a Versatile Model for Authoring Terrains \u00bb<\/em><\/strong><\/li>\n<li>Bastien Saillant, Fabrice Jaillet et Florence Zara<br \/>\n<strong><em>\u00ab Simulation temps r\u00e9el d\u2019insertion d\u2019aiguille sous \u00e9chographie \u00bb<\/em><\/strong><\/li>\n<li>Tairan Yin, Ludovic Hoyet, Marc Christie, Marie-Paule Cani et Julien Pettr\u00e9<br \/>\n<strong><em>\u00ab The One-Man-Crowd: Single User Generation of Crowd Motions Using Virtual Reality \u00bb<\/em><\/strong><\/li>\n<\/ul>\n<p style=\"color: #ffc000;\">10h45 &#8211; 11h15 : Pause<\/p>\n<p style=\"color: #00aaff;\">11h15 &#8211; 12h15 : <strong>Conf\u00e9rence invit\u00e9e &#8211; Pooran Memari (LIX &#8211; Inria) : <em>\u00ab Synth\u00e8se de distributions de points \/ Point Pattern Synthesis \u00bb<\/em><\/strong><\/p>\n<p style=\"color: #ffc000;\">12h15 &#8211; 13h30 : D\u00e9jeuner<\/p>\n<p>13h30 &#8211; 15h : <strong>Session 2 &#8211; \u00ab Points &amp; Mailles \u00bb<\/strong> &#8211; <em>Chair :<\/em> Nicolas Mellado (IRIT)<\/p>\n<ul style=\"margin-left: 3em;\">\n<li>Jiayi Wei, Jiong Chen, Damien Rohmer, Pooran Memari et Mathieu Desbrun<br \/>\n<strong><em>\u00ab Robust-statistics Based Approach for Pointset Denoising \u00bb<\/em><\/strong><\/li>\n<li>Valentin Postat, Franck Ledoux et Guillaume Hutzler<br \/>\n<strong><em>\u00abMaillage structur\u00e9 par blocs \u00e0 l\u2019aide d\u2019un syst\u00e8me multi-agent r\u00e9flexe coordonn\u00e9 \u00bb<\/em><\/strong><\/li>\n<li>Thibault de Vill\u00e8le, Bianca Jansen van Rensburg, Nabil Zemiti, Marie de Boutray et Noura Faraj<br \/>\n<strong><em>\u00ab Interactive Pipeline for Mandible Reconstruction Surgery Planning \u00bb<\/em><\/strong><\/li>\n<li>Paul Viville, Pierre Kraemer et Dominique Bechmann<br \/>\n<strong><em>\u00ab G\u00e9n\u00e9ration de maillage hexa\u00e9drique \u00e0 partir d&rsquo;un squelette 2D \u00bb<\/em><\/strong><\/li>\n<\/ul>\n<p style=\"color: #ffc000;\">15h00 &#8211; 15h30 : Pause<\/p>\n<p style=\"color: #00aaff;\">15h30 &#8211; 16h : <strong>Conf\u00e9rence invit\u00e9e &#8211; Jon\u00e0s Mart\u00ednez (Inria) : <em>\u00ab Courbes ferm\u00e9es de remplissage d&rsquo;espace avec contr\u00f4le de l&rsquo;orientation pour l&rsquo;impression 3D \u00bb<\/em><\/strong><\/p>\n<p style=\"color: #00aaff;\">16h &#8211; 16h30 : <strong>Conf\u00e9rence invit\u00e9e &#8211; Xavier Granier (IOGS) : <em>\u00ab Les challenges du Consortium 3D pour les Sciences Humaines et Sociales : des usages et la cr\u00e9ation \u00e0 la conservation \u00bb<\/em><\/strong><\/p>\n<p style=\"color: #cc00cc;\">16h30 &#8211; 17h : Pr\u00e9sentation ANR &#8211; Catherine Sauvaget\u00a0<span style=\"color: #cc00cc;\">(<a href=\"https:\/\/project.inria.fr\/jfig2022\/files\/2022\/12\/Pr\u00e9sentation-AFIG2022_V3.pdf\">slides<\/a>, <a href=\"https:\/\/youtu.be\/AJudT6NRM7c\">video ANR Tour 2023<\/a>)<\/span><\/p>\n<p style=\"color: #aaff00;\">17h &#8211; 17h30 : Prix de th\u00e8se<\/p>\n<p style=\"color: #aaff00;\">17h30 &#8211; 18h30 : Concours de rendu<\/p>\n<p style=\"color: #ffc000;\">19h : Cocktail de bienvenue offert par la Maire de Talence au\u00a0<a href=\"https:\/\/goo.gl\/maps\/CAxk41rF1TukyYxD6\" target=\"_blank\" rel=\"noopener\">ch\u00e2teau de Peixotto<\/a><\/p>\n<\/div>\n<hr \/>\n<h3 id=\"jour2\" style=\"color: #bd0000;\">Jeudi 24 novembre<\/h3>\n<div style=\"margin-left: 1em;\">\n<p>9h &#8211; 10h45 : <strong>Session 3 &#8211; \u00ab Mat\u00e9riaux \u00bb<\/strong>\u00a0&#8211;\u00a0<em>Chair :<\/em> Micka\u00ebl Ribardi\u00e8re (XLIM)<\/p>\n<ul style=\"margin-left: 3em;\">\n<li>\u00c9lie Michel<br \/>\n<strong><em>\u00ab Continuous Tile Sets \u00bb<\/em><\/strong><\/li>\n<li>Charline Grenier, Basile Sauvage, Jean-Michel Dischler et Sylvain Thery<br \/>\n<strong><em>\u00ab Color-mapped Noise Vector Fields for Generating Procedural Micro-patterns \u00bb<\/em><\/strong><\/li>\n<li>Guillaume Baldi, R\u00e9mi All\u00e8gre et Jean-Michel Dischler<br \/>\n<strong><em>\u00ab Differentiable Point Process Texture Basis Functions for inverse procedural modeling of cellular stochastic structures \u00bb<\/em><\/strong><\/li>\n<li>Simon Lucas, Romain Pacanowski et Pascal Barla<br \/>\n<strong><em>\u00ab Analyse Num\u00e9rique de Mod\u00e8les de Mat\u00e9riaux Poreux \u00bb<\/em><\/strong><\/li>\n<li>Cl\u00e9ment Poull, Mohamad Janbein, Lucie Druoton, C\u00e9line Roudet, Sandrine Lanquetin, Micha\u00ebl Roy et Christian Gentil<br \/>\n<strong><em>\u00ab La rugosit\u00e9 des surfaces et ses applications \u00bb<\/em><\/strong><\/li>\n<\/ul>\n<p style=\"color: #ffc000;\">10h45 &#8211; 11h15 : Pause<\/p>\n<p style=\"color: #00aaff;\">11h15 &#8211; 12h15 : <strong>Conf\u00e9rence invit\u00e9e &#8211; David Louapre (Ubisoft) : <em>\u00ab Jeux vid\u00e9o et simulation de mondes virtuels \u00bb<\/em><\/strong><\/p>\n<p style=\"color: #ffc000;\">12h15 &#8211; 13h30 : D\u00e9jeuner<\/p>\n<p>13h30 &#8211; 15h : <strong>Session 4 &#8211; \u00ab Spectres &amp; Ultrasons \u00bb<\/strong> &#8211; <em>Chair :<\/em> Romain Pacanowski (Inria)<\/p>\n<ul style=\"margin-left: 3em;\">\n<li>Alban Fichet<br \/>\n<strong><em>\u00ab Autour du Rendu Spectral \u00bb<\/em><\/strong><\/li>\n<li>Mathieu Noizet, Robin Rouphael, St\u00e9phanie Pr\u00e9vost, Herv\u00e9 Deleau, Luiz-Angelo Steffenel et Laurent Lucas<br \/>\n<strong><em>\u00ab D\u00e9bruitage d&rsquo;images de rendues par m\u00e9thodes de Monte Carlo spectrales \u00bb<\/em><\/strong><\/li>\n<li>Erwan Duhamel, Jonathan Sarton, Flavien Bridault, Jacques Marescaux, Alexandre Hostettler et Jean-Michel Dischler<br \/>\n<strong><em>\u00ab Ray-casted surfaces for expressive direct volume rendering of volumetric ultrasound data \u00bb<\/em><\/strong><\/li>\n<li>Fran\u00e7ois Gaits, Nicolas Mellado et Adrian Basarab<br \/>\n<strong><em>\u00ab Real-time ultrasound simulation using efficient 3D scatterers generation \u00bb<\/em><\/strong><\/li>\n<\/ul>\n<p style=\"color: #ffc000;\">15h00 &#8211; 15h30 : Pause<\/p>\n<p style=\"color: #00aaff;\">15h30 &#8211; 16h30 : <strong>Conf\u00e9rence invit\u00e9e &#8211; Christophe Soum (Adobe) : <em>\u00ab Textures, Textures Everywhere \u00bb<\/em><\/strong><\/p>\n<p style=\"color: #cc00cc;\">16h30 &#8211; 17h30 : <strong>Atelier enseignement de l&rsquo;Informatique Graphique<\/strong><\/p>\n<p style=\"color: #aaff00;\">17h30 &#8211; 18h15 : Assembl\u00e9e g\u00e9n\u00e9rale AFIG<\/p>\n<p style=\"color: #aaff00;\">18h15 &#8211; 19h00 : Assembl\u00e9e g\u00e9n\u00e9rale EGFR<\/p>\n<p style=\"color: #ffc000;\">20h00 &#8211; 23h30 : D\u00eener de Gala au <a href=\"https:\/\/goo.gl\/maps\/gRvpz9ZwsjUE7dYBA\" target=\"_blank\" rel=\"noopener\">Caf\u00e9 du Port<\/a><\/p>\n<\/div>\n<hr \/>\n<h3 id=\"jour3\" style=\"color: #bd0000;\">Vendredi 25 novembre<\/h3>\n<div style=\"margin-left: 1em;\">\n<p>9h00 &#8211; 10h30 : <strong>Session 5 &#8211; \u00ab Topologie &amp; Visualisation \u00bb<\/strong> &#8211; <em>Chair :<\/em> Christophe Fiorio (LIRMM)<\/p>\n<ul style=\"margin-left: 3em;\">\n<li>Sofian Toujja, Thierry Bay, Hakim Belhaouari et Laurent Fuchs<br \/>\n<strong><em>\u00ab Topological Data Structure: The Fast Marching example \u00bb<\/em><\/strong><\/li>\n<li>Welcome Alexandre-Barff, Herv\u00e9 Deleau, Jonathan Sarton, Franck Ledoux et Laurent Lucas<br \/>\n<strong><em>\u00ab A GPU-based out-of-core architecture for interactive visualization of AMR time series data \u00bb<\/em><\/strong><\/li>\n<li>Mathieu Pont, Jules Vidal, Julie Delon et Julien Tierny<br \/>\n<strong><em>\u00ab Wasserstein Distances, Geodesics and Barycenters of Merge Trees \u00bb<\/em><\/strong><\/li>\n<li>Felix H\u00e4hnlein, Changjian Li, Niloy J. Mitra et Adrien Bousseau<br \/>\n<strong><em>\u00ab CAD2Sketch: Generating Concept Sketches from CAD Sequences \u00bb<\/em><\/strong><\/li>\n<\/ul>\n<p style=\"color: #ffc000;\">10h30 &#8211; 11h : Pause<\/p>\n<p style=\"color: #cc00cc;\">11h00 &#8211; 11h30 : <strong>R\u00e9flexion sur l&rsquo;impact environnemental de notre recherche<\/strong><\/p>\n<p style=\"color: #aaff00;\">11h30 &#8211; 12h : Prix du meilleur article<\/p>\n<p style=\"color: #aaff00;\">12h00 &#8211; 12h30 : Discours de cl\u00f4ture et pr\u00e9sentation des j.FIG 2023<\/p>\n<p style=\"color: #ffc000;\">12h30 &#8211; 14h : D\u00e9jeuner<\/p>\n<\/div>\n","protected":false},"excerpt":{"rendered":"<p>T\u00e9l\u00e9charger le programme Programme synth\u00e9tique des journ\u00e9es &nbsp; Mercredi 23 novembre Jeudi 24 novembre Vendredi 25 novembre 8h30 &#8211; 9h00 : Accueil des participants 9h00 &#8211; 10h45 : Session 1 &#8211; \u00ab Terres &amp; Hommes \u00bb 10h45 &#8211; 11h15 : Pause 11h15 &#8211; 12h15 : Conf\u00e9rence invit\u00e9e &#8211; P. Memari\u2026<\/p>\n<p> <a class=\"continue-reading-link\" href=\"https:\/\/project.inria.fr\/jfig2022\/programme\/\"><span>Continue reading<\/span><i class=\"crycon-right-dir\"><\/i><\/a> <\/p>\n","protected":false},"author":2101,"featured_media":0,"parent":0,"menu_order":0,"comment_status":"closed","ping_status":"closed","template":"","meta":{"footnotes":""},"class_list":["post-161","page","type-page","status-publish","hentry"],"_links":{"self":[{"href":"https:\/\/project.inria.fr\/jfig2022\/wp-json\/wp\/v2\/pages\/161","targetHints":{"allow":["GET"]}}],"collection":[{"href":"https:\/\/project.inria.fr\/jfig2022\/wp-json\/wp\/v2\/pages"}],"about":[{"href":"https:\/\/project.inria.fr\/jfig2022\/wp-json\/wp\/v2\/types\/page"}],"author":[{"embeddable":true,"href":"https:\/\/project.inria.fr\/jfig2022\/wp-json\/wp\/v2\/users\/2101"}],"replies":[{"embeddable":true,"href":"https:\/\/project.inria.fr\/jfig2022\/wp-json\/wp\/v2\/comments?post=161"}],"version-history":[{"count":86,"href":"https:\/\/project.inria.fr\/jfig2022\/wp-json\/wp\/v2\/pages\/161\/revisions"}],"predecessor-version":[{"id":295,"href":"https:\/\/project.inria.fr\/jfig2022\/wp-json\/wp\/v2\/pages\/161\/revisions\/295"}],"wp:attachment":[{"href":"https:\/\/project.inria.fr\/jfig2022\/wp-json\/wp\/v2\/media?parent=161"}],"curies":[{"name":"wp","href":"https:\/\/api.w.org\/{rel}","templated":true}]}}