

{"id":80,"date":"2021-11-18T10:40:41","date_gmt":"2021-11-18T09:40:41","guid":{"rendered":"https:\/\/project.inria.fr\/jfig2022\/?page_id=80"},"modified":"2022-09-29T08:38:09","modified_gmt":"2022-09-29T06:38:09","slug":"comites","status":"publish","type":"page","link":"https:\/\/project.inria.fr\/jfig2022\/comites\/","title":{"rendered":"Comit\u00e9s"},"content":{"rendered":"<h2>Comit\u00e9 d\u2019organisation<\/h2>\n<p>Organisation par l&rsquo;\u00e9quipe-projet <a href=\"https:\/\/manao.inria.fr\" target=\"_blank\" rel=\"noopener\">Manao<\/a>, commune \u00e0\u00a0<a href=\"https:\/\/www.inria.fr\/fr\" target=\"_blank\" rel=\"noopener\">Inria<\/a>\u00a0et au\u00a0<a href=\"https:\/\/labri.fr\/\" target=\"_blank\" rel=\"noopener\">LaBRI<\/a>.<\/p>\n<div id=\"magicdomid15\" class=\"ace-line\">\n<table style=\"height: 259px; width: 75.92486911644295%;\" border=\"0\">\n<tbody>\n<tr style=\"height: 74px;\">\n<td style=\"width: 25%; height: 74px;\"><img loading=\"lazy\" decoding=\"async\" class=\"alignleft wp-image-129\" src=\"https:\/\/project.inria.fr\/jfig2022\/files\/2021\/11\/barla-e1607977497325.jpg\" alt=\"Pascal Barla\" width=\"100\" height=\"100\" \/><\/td>\n<td style=\"width: 25%; height: 74px;\"><img loading=\"lazy\" decoding=\"async\" class=\"alignleft wp-image-128\" src=\"https:\/\/project.inria.fr\/jfig2022\/files\/2021\/11\/benard-e1607977412418.jpg\" alt=\"Pierre B\u00e9nard\" width=\"100\" height=\"100\" \/><\/td>\n<td style=\"width: 25%; height: 74px;\"><img loading=\"lazy\" decoding=\"async\" class=\"alignleft wp-image-122\" src=\"https:\/\/project.inria.fr\/jfig2022\/files\/2021\/11\/al2-e1366092619747.jpg\" alt=\"Anne-Laure Gautier\" width=\"100\" height=\"100\" \/><\/td>\n<\/tr>\n<tr style=\"height: 144px;\">\n<td style=\"width: 25%; height: 144px; text-align: left; vertical-align: top;\"><span style=\"font-size: 12pt;\"><a href=\"http:\/\/www.labri.fr\/perso\/barla\" target=\"_blank\" rel=\"noopener\">Pascal Barla<\/a><\/span><br \/>\n<strong><span style=\"font-size: 12pt;\">Inria<\/span><\/strong><br \/>\n<span style=\"font-size: 12pt;\">Charg\u00e9 de recherche<\/span><\/td>\n<td style=\"width: 25%; height: 144px; text-align: left; vertical-align: top;\"><span style=\"font-size: 12pt;\"><a href=\"http:\/\/www.labri.fr\/perso\/pbenard\" target=\"_blank\" rel=\"noopener\">Pierre B\u00e9nard<\/a><\/span><br \/>\n<strong><span style=\"font-size: 12pt;\">Universit\u00e9 de Bordeaux<\/span><\/strong><br \/>\n<span style=\"font-size: 12pt;\">Ma\u00eetre de Conf\u00e9rence<\/span><\/td>\n<td style=\"width: 25%; height: 144px; text-align: left; vertical-align: top;\"><span style=\"font-size: 12pt;\">Anne-Laure Gautier<\/span><br \/>\n<strong><span style=\"font-size: 12pt;\">Inria<\/span><\/strong><br \/>\n<span style=\"font-size: 12pt;\">Assistante d&rsquo;\u00e9quipe de recherche<\/span><\/td>\n<\/tr>\n<tr style=\"height: 31px;\">\n<td style=\"width: 25%; height: 31px;\"><img loading=\"lazy\" decoding=\"async\" class=\"alignleft wp-image-123\" src=\"https:\/\/project.inria.fr\/jfig2022\/files\/2021\/11\/gaelG-e1607977336292.jpg\" alt=\"Ga\u00ebl Guennebaud\" width=\"100\" height=\"100\" \/><\/td>\n<td style=\"width: 25%; height: 31px;\"><img loading=\"lazy\" decoding=\"async\" class=\"alignleft wp-image-126\" src=\"https:\/\/project.inria.fr\/jfig2022\/files\/2021\/11\/pacanowski_tvcg-e1366092700473.png\" alt=\"Romain Pacanowski\" width=\"100\" height=\"100\" \/><\/td>\n<td style=\"width: 25%; height: 31px;\"><img loading=\"lazy\" decoding=\"async\" class=\"alignleft wp-image-124\" src=\"https:\/\/project.inria.fr\/jfig2022\/files\/2021\/11\/pat-e1607977454133.jpg\" alt=\"http:\/\/www.labri.fr\/perso\/preuter\/\" width=\"100\" height=\"100\" \/><\/td>\n<\/tr>\n<tr style=\"height: 10px;\">\n<td style=\"width: 25%; height: 10px; text-align: left; vertical-align: top;\"><span style=\"font-size: 12pt;\"><a href=\"http:\/\/www.labri.fr\/perso\/guenneba\/\" target=\"_blank\" rel=\"noopener\">Ga\u00ebl Guennebaud<\/a><\/span><br \/>\n<strong><span style=\"font-size: 12pt;\">Inria<\/span><\/strong><br \/>\n<span style=\"font-size: 12pt;\">Charg\u00e9 de recherche<br \/>\n<\/span><\/td>\n<td style=\"width: 25%; height: 10px; text-align: left; vertical-align: top;\"><span style=\"font-size: 12pt;\"><a href=\"http:\/\/manao.inria.fr\/perso\/~pac\/\" target=\"_blank\" rel=\"noopener\">Romain Pacanowski<\/a><\/span><br \/>\n<strong><span style=\"font-size: 12pt;\">Inria<\/span><\/strong><br \/>\n<span style=\"font-size: 12pt;\">Charg\u00e9 de recherche<br \/>\n<\/span><\/td>\n<td style=\"width: 25%; height: 10px; text-align: left; vertical-align: top;\"><span style=\"font-size: 12pt;\"><a href=\"http:\/\/www.labri.fr\/perso\/preuter\/\" target=\"_blank\" rel=\"noopener\">Patrick Reuter<\/a><\/span><br \/>\n<strong><span style=\"font-size: 12pt;\">Universit\u00e9 de Bordeaux<\/span><\/strong><br \/>\n<span style=\"font-size: 12pt;\">Ma\u00eetre de Conf\u00e9rence<\/span><\/td>\n<\/tr>\n<\/tbody>\n<\/table>\n<h2>Comit\u00e9 de programme et prix du meilleur papier<\/h2>\n<ul>\n<li><a href=\"https:\/\/maverick.inria.fr\/~Romain.Vergne\/blog\/\" target=\"_blank\" rel=\"noopener\">Romain Vergne<\/a> (EGFR Young Researcher Fellow 2021)<\/li>\n<li><a href=\"https:\/\/sites.google.com\/site\/jonasmartinezbayona\/\" target=\"_blank\" rel=\"noopener\">Jon\u00e0s Mart\u00ednez Bayona<\/a> (EGFR Young Researcher Fellow 2022)<\/li>\n<\/ul>\n<h2>Comit\u00e9 de pilotage prix du meilleur papier<\/h2>\n<ul>\n<li><a href=\"https:\/\/perso.liris.cnrs.fr\/julie.digne\/\" target=\"_blank\" rel=\"noopener\">Julie Digne<\/a> (EGFR Young Researcher Fellow 2020)<\/li>\n<li><a href=\"https:\/\/www.irit.fr\/recherches\/STORM\/MelladoNicolas\/\" target=\"_blank\" rel=\"noopener\">Nicolas Mellado<\/a> (EGFR Young Researcher Fellow 2020)<\/li>\n<\/ul>\n<p>&nbsp;<\/p>\n<\/div>\n","protected":false},"excerpt":{"rendered":"<p>Comit\u00e9 d\u2019organisation Organisation par l&rsquo;\u00e9quipe-projet Manao, commune \u00e0\u00a0Inria\u00a0et au\u00a0LaBRI. Pascal Barla Inria Charg\u00e9 de recherche Pierre B\u00e9nard Universit\u00e9 de Bordeaux Ma\u00eetre de Conf\u00e9rence Anne-Laure Gautier Inria Assistante d&rsquo;\u00e9quipe de recherche Ga\u00ebl Guennebaud Inria Charg\u00e9 de recherche Romain Pacanowski Inria Charg\u00e9 de recherche Patrick Reuter Universit\u00e9 de Bordeaux Ma\u00eetre de Conf\u00e9rence\u2026<\/p>\n<p> <a class=\"continue-reading-link\" href=\"https:\/\/project.inria.fr\/jfig2022\/comites\/\"><span>Continue reading<\/span><i class=\"crycon-right-dir\"><\/i><\/a> <\/p>\n","protected":false},"author":2101,"featured_media":0,"parent":0,"menu_order":0,"comment_status":"closed","ping_status":"closed","template":"","meta":{"footnotes":""},"class_list":["post-80","page","type-page","status-publish","hentry"],"_links":{"self":[{"href":"https:\/\/project.inria.fr\/jfig2022\/wp-json\/wp\/v2\/pages\/80","targetHints":{"allow":["GET"]}}],"collection":[{"href":"https:\/\/project.inria.fr\/jfig2022\/wp-json\/wp\/v2\/pages"}],"about":[{"href":"https:\/\/project.inria.fr\/jfig2022\/wp-json\/wp\/v2\/types\/page"}],"author":[{"embeddable":true,"href":"https:\/\/project.inria.fr\/jfig2022\/wp-json\/wp\/v2\/users\/2101"}],"replies":[{"embeddable":true,"href":"https:\/\/project.inria.fr\/jfig2022\/wp-json\/wp\/v2\/comments?post=80"}],"version-history":[{"count":12,"href":"https:\/\/project.inria.fr\/jfig2022\/wp-json\/wp\/v2\/pages\/80\/revisions"}],"predecessor-version":[{"id":201,"href":"https:\/\/project.inria.fr\/jfig2022\/wp-json\/wp\/v2\/pages\/80\/revisions\/201"}],"wp:attachment":[{"href":"https:\/\/project.inria.fr\/jfig2022\/wp-json\/wp\/v2\/media?parent=80"}],"curies":[{"name":"wp","href":"https:\/\/api.w.org\/{rel}","templated":true}]}}