

{"id":170,"date":"2015-08-25T10:20:28","date_gmt":"2015-08-25T08:20:28","guid":{"rendered":"https:\/\/project.inria.fr\/jga2015\/?page_id=170"},"modified":"2015-08-27T16:52:14","modified_gmt":"2015-08-27T14:52:14","slug":"hebergement-2","status":"publish","type":"page","link":"https:\/\/project.inria.fr\/jga2015\/pratique\/hebergement-2\/","title":{"rendered":"H\u00e9bergement"},"content":{"rendered":"<h2 style=\"text-align: center;\"><strong><span style=\"color: #ff0000;\">Attention le centre \u00e9tant ferm\u00e9 le dimanche,<br \/>\nl&rsquo;accueil ne sera possible qu&rsquo;entre 18:00 et 20:00<\/span><\/strong><\/h2>\n<p style=\"text-align: justify;\"><span style=\"color: #333333;\"><br \/>\nLes personnes arrivant par leurs propres moyens sont pri\u00e9es d\u2019\u00eatre \u00e0 l\u2019institut pendant ce cr\u00e9neau (18:00 &#8211; 20:00), afin de b\u00e9n\u00e9ficier des informations pratiques et de l\u2019installation g\u00e9n\u00e9rale dans les divers logements. Si pour <strong>une raison exceptionnelle<\/strong> vous deviez arriver en dehors de cette plage horaire, <strong>nous pr\u00e9venir imp\u00e9rativement d\u00e8s votre inscription<\/strong> en envoyant un mail \u00e0 <a href=\"mailto:jga2015-org@inria.fr\"><span style=\"color: #3366ff;\">jga2015-org@inria.fr<\/span><\/a>, afin d&rsquo;organiser au mieux votre arriv\u00e9e. <strong><br \/>\n<\/strong><\/span><\/p>\n<h2 style=\"text-align: justify;\"><strong>Logement :<\/strong><\/h2>\n<p style=\"text-align: justify;\"><strong><br \/>\nEtudiants :<\/strong> h\u00e9bergement en <strong>chambre double uniquement<\/strong>.<br \/>\n<strong>Autres participants :<\/strong> h\u00e9bergement en <strong>chambre double<\/strong> ou en <strong>chambre simple suivant les disponibilit\u00e9s<\/strong>.<\/p>\n<p style=\"text-align: justify;\">Le nombre places en de chambre simple est limit\u00e9. Vous serez log\u00e9, soit dans les chambres de l&rsquo;<a href=\"http:\/\/www.iesc.univ-corse.fr\/index.php?id=1&amp;L=1\">IESC<\/a>, soit \u00e0 <a href=\"http:\/\/www.cargese.net\/\">Carg\u00e8se<\/a> (environ 20 mn \u00e0 pied de l&rsquo;institut) dans des appartements de 2 \u00e0 6 personnes (chambre double).\u00a0\u00a0 Il est donc important de pr\u00e9voir de bonnes chaussures. Des v\u00e9hicules 7 places seront disponibles pour assurer des navettes entre Carg\u00e8se et l&rsquo;IESC.<\/p>\n","protected":false},"excerpt":{"rendered":"<h2 style=\"text-align: center;\"><strong>Attention le centre \u00e9tant ferm\u00e9 le dimanche,<br \/> l&rsquo;accueil ne sera possible qu&rsquo;entre 18:00 et 20:00<\/strong><\/h2>\n<p style=\"text-align: justify;\"> Les personnes arrivant par leurs propres moyens sont pri\u00e9es d\u2019\u00eatre \u00e0 l\u2019institut pendant ce cr\u00e9neau (18:00 &#8211; 20:00), afin de b\u00e9n\u00e9ficier des informations pratiques et de l\u2019installation g\u00e9n\u00e9rale  \u2026<\/p>\n<p class=\"continue-reading-button\"> <a class=\"continue-reading-link\" href=\"https:\/\/project.inria.fr\/jga2015\/pratique\/hebergement-2\/\">Lire la suite<i class=\"crycon-right-dir\"><\/i><\/a><\/p>\n","protected":false},"author":415,"featured_media":0,"parent":182,"menu_order":0,"comment_status":"closed","ping_status":"closed","template":"","meta":{"footnotes":""},"class_list":["post-170","page","type-page","status-publish","hentry"],"_links":{"self":[{"href":"https:\/\/project.inria.fr\/jga2015\/wp-json\/wp\/v2\/pages\/170","targetHints":{"allow":["GET"]}}],"collection":[{"href":"https:\/\/project.inria.fr\/jga2015\/wp-json\/wp\/v2\/pages"}],"about":[{"href":"https:\/\/project.inria.fr\/jga2015\/wp-json\/wp\/v2\/types\/page"}],"author":[{"embeddable":true,"href":"https:\/\/project.inria.fr\/jga2015\/wp-json\/wp\/v2\/users\/415"}],"replies":[{"embeddable":true,"href":"https:\/\/project.inria.fr\/jga2015\/wp-json\/wp\/v2\/comments?post=170"}],"version-history":[{"count":16,"href":"https:\/\/project.inria.fr\/jga2015\/wp-json\/wp\/v2\/pages\/170\/revisions"}],"predecessor-version":[{"id":257,"href":"https:\/\/project.inria.fr\/jga2015\/wp-json\/wp\/v2\/pages\/170\/revisions\/257"}],"up":[{"embeddable":true,"href":"https:\/\/project.inria.fr\/jga2015\/wp-json\/wp\/v2\/pages\/182"}],"wp:attachment":[{"href":"https:\/\/project.inria.fr\/jga2015\/wp-json\/wp\/v2\/media?parent=170"}],"curies":[{"name":"wp","href":"https:\/\/api.w.org\/{rel}","templated":true}]}}