

{"id":222,"date":"2015-08-25T17:57:55","date_gmt":"2015-08-25T15:57:55","guid":{"rendered":"https:\/\/project.inria.fr\/jga2015\/?page_id=222"},"modified":"2015-11-12T12:01:31","modified_gmt":"2015-11-12T11:01:31","slug":"repas","status":"publish","type":"page","link":"https:\/\/project.inria.fr\/jga2015\/pratique\/repas\/","title":{"rendered":"Repas"},"content":{"rendered":"<h3 style=\"text-align: justify;\"><strong>Petits-d\u00e9jeuners :<\/strong><\/h3>\n<p style=\"text-align: justify;\">Si vous \u00eates log\u00e9s \u00e0 l&rsquo;IESC, les petits-d\u00e9jeuners seront \u00e0 prendre sur place entre 8:00 et 9:00.<br \/>\nSi vous \u00eates log\u00e9s sur Carg\u00e8se, les petits-d\u00e9jeuners seront \u00e0 prendre dans les diff\u00e9rents caf\u00e9s du village. Une liste vous sera remise \u00e0 votre arriv\u00e9e.<\/p>\n<h3 style=\"text-align: justify;\"><strong>D\u00e9jeuners :<\/strong><\/h3>\n<p style=\"text-align: justify;\">Tous les d\u00e9jeuners seront pris sur le centre.<\/p>\n<h3 style=\"text-align: justify;\"><strong>D\u00eener :<\/strong><\/h3>\n<p style=\"text-align: justify;\">Les d\u00eeners \u00e0 la charge des participants seront \u00e0 prendre aux restaurants du village, mis \u00e0 part le d\u00eener du mercredi 18 novembre inclus dans les frais d&rsquo;inscription et qui sera servi \u00e0 l&rsquo;IESC. Pour information, les appartements \u00e9tant \u00e9quip\u00e9s de cuisine, il sera possible aux participants log\u00e9s sur place d&rsquo;y prendre leurs repas s&rsquo;ils le souhaitent.<\/p>\n<h3 style=\"text-align: justify;\"><strong>Important :<\/strong><\/h3>\n<p style=\"text-align: justify;\">Si vous avez des contraintes alimentaires particuli\u00e8res, merci de nous en avertir. Nous essaierons dans la mesure du possible d&rsquo;y r\u00e9pondre.<\/p>\n","protected":false},"excerpt":{"rendered":"<h3 style=\"text-align: justify;\"><strong>Petits-d\u00e9jeuners :<\/strong><\/h3>\n<p style=\"text-align: justify;\">Si vous \u00eates log\u00e9s \u00e0 l&rsquo;IESC, les petits-d\u00e9jeuners seront \u00e0 prendre sur place entre 8:00 et 9:00.<br \/> Si vous \u00eates log\u00e9s sur Carg\u00e8se, les petits-d\u00e9jeuners seront \u00e0 prendre dans les diff\u00e9rents caf\u00e9s du village. Une liste vous sera remise \u00e0 votre arriv\u00e9e.<\/p>\n<h3  \u2026\n\n<p class=\"continue-reading-button\"> <a class=\"continue-reading-link\" href=\"https:\/\/project.inria.fr\/jga2015\/pratique\/repas\/\">Lire la suite<i class=\"crycon-right-dir\"><\/i><\/a><\/p>\n","protected":false},"author":415,"featured_media":0,"parent":182,"menu_order":0,"comment_status":"closed","ping_status":"closed","template":"","meta":{"footnotes":""},"class_list":["post-222","page","type-page","status-publish","hentry"],"_links":{"self":[{"href":"https:\/\/project.inria.fr\/jga2015\/wp-json\/wp\/v2\/pages\/222","targetHints":{"allow":["GET"]}}],"collection":[{"href":"https:\/\/project.inria.fr\/jga2015\/wp-json\/wp\/v2\/pages"}],"about":[{"href":"https:\/\/project.inria.fr\/jga2015\/wp-json\/wp\/v2\/types\/page"}],"author":[{"embeddable":true,"href":"https:\/\/project.inria.fr\/jga2015\/wp-json\/wp\/v2\/users\/415"}],"replies":[{"embeddable":true,"href":"https:\/\/project.inria.fr\/jga2015\/wp-json\/wp\/v2\/comments?post=222"}],"version-history":[{"count":7,"href":"https:\/\/project.inria.fr\/jga2015\/wp-json\/wp\/v2\/pages\/222\/revisions"}],"predecessor-version":[{"id":369,"href":"https:\/\/project.inria.fr\/jga2015\/wp-json\/wp\/v2\/pages\/222\/revisions\/369"}],"up":[{"embeddable":true,"href":"https:\/\/project.inria.fr\/jga2015\/wp-json\/wp\/v2\/pages\/182"}],"wp:attachment":[{"href":"https:\/\/project.inria.fr\/jga2015\/wp-json\/wp\/v2\/media?parent=222"}],"curies":[{"name":"wp","href":"https:\/\/api.w.org\/{rel}","templated":true}]}}