

{"id":328,"date":"2015-11-03T14:33:24","date_gmt":"2015-11-03T13:33:24","guid":{"rendered":"https:\/\/project.inria.fr\/jga2015\/?page_id=328"},"modified":"2015-11-08T19:52:02","modified_gmt":"2015-11-08T18:52:02","slug":"social-events","status":"publish","type":"page","link":"https:\/\/project.inria.fr\/jga2015\/pratique\/social-events\/","title":{"rendered":"Social event"},"content":{"rendered":"<p><strong>Randonn\u00e9e \u00e0 la tour g\u00e9noise de la Punta d\u00b4Omigna. <\/strong>Voir <a href=\"http:\/\/paradisu.info\/randonnees\/tour-d-omigna.html\">lien <\/a>et <a href=\"http:\/\/www.toc2photo.com\/randonnee-corse-cargese-tour-domigna\/\">photos<\/a>. La carte est ci-dessous.<\/p>\n<p>Le point de d\u00e9part est situ\u00e9 \u00e0 4.5 km du centre de conf\u00e9rence, apr\u00e8s le village de Carg\u00e8se sur la gauche en partant vers la plage de Peru. Nous aurons 3 voitures Doblo 7 places et 1 voiture 5 places.<br \/>\n<strong>Aller\u00a0:<\/strong> 50 mn<br \/>\n<strong>Retour\u00a0:<\/strong> 45 mn<br \/>\n<strong>Exigences\u00a0:<\/strong> randonn\u00e9e c\u00f4ti\u00e8re facile sans mont\u00e9es notables.<br \/>\n<strong>Equipement\u00a0:<\/strong> eau (recommand\u00e9 1.5L), chaussures de sport ou de trekking, casquette ou chapeau.<\/p>\n<p><a href=\"https:\/\/project.inria.fr\/jga2015\/files\/2015\/11\/omigna.png\"><img loading=\"lazy\" decoding=\"async\" class=\"alignnone size-full wp-image-326\" src=\"https:\/\/project.inria.fr\/jga2015\/files\/2015\/11\/omigna.png\" alt=\"omigna\" width=\"1858\" height=\"1289\" srcset=\"https:\/\/project.inria.fr\/jga2015\/files\/2015\/11\/omigna.png 1858w, https:\/\/project.inria.fr\/jga2015\/files\/2015\/11\/omigna-300x208.png 300w, https:\/\/project.inria.fr\/jga2015\/files\/2015\/11\/omigna-1024x710.png 1024w, https:\/\/project.inria.fr\/jga2015\/files\/2015\/11\/omigna-216x150.png 216w, https:\/\/project.inria.fr\/jga2015\/files\/2015\/11\/omigna-150x104.png 150w, https:\/\/project.inria.fr\/jga2015\/files\/2015\/11\/omigna-900x624.png 900w\" sizes=\"auto, (max-width: 1858px) 100vw, 1858px\" \/><\/a><\/p>\n","protected":false},"excerpt":{"rendered":"<p><strong>Randonn\u00e9e \u00e0 la tour g\u00e9noise de la Punta d\u00b4Omigna. <\/strong>Voir <a href=\"http:\/\/paradisu.info\/randonnees\/tour-d-omigna.html\">lien <\/a>et <a href=\"http:\/\/www.toc2photo.com\/randonnee-corse-cargese-tour-domigna\/\">photos<\/a>. La carte est ci-dessous.<\/p>\n<p>Le point de d\u00e9part est situ\u00e9 \u00e0 4.5 km du centre de conf\u00e9rence, apr\u00e8s le village de Carg\u00e8se sur la gauche en partant vers la plage de Peru. Nous aurons 3  \u2026<\/p>\n<p class=\"continue-reading-button\"> <a class=\"continue-reading-link\" href=\"https:\/\/project.inria.fr\/jga2015\/pratique\/social-events\/\">Lire la suite<i class=\"crycon-right-dir\"><\/i><\/a><\/p>\n","protected":false},"author":45,"featured_media":0,"parent":182,"menu_order":0,"comment_status":"closed","ping_status":"closed","template":"","meta":{"footnotes":""},"class_list":["post-328","page","type-page","status-publish","hentry"],"_links":{"self":[{"href":"https:\/\/project.inria.fr\/jga2015\/wp-json\/wp\/v2\/pages\/328","targetHints":{"allow":["GET"]}}],"collection":[{"href":"https:\/\/project.inria.fr\/jga2015\/wp-json\/wp\/v2\/pages"}],"about":[{"href":"https:\/\/project.inria.fr\/jga2015\/wp-json\/wp\/v2\/types\/page"}],"author":[{"embeddable":true,"href":"https:\/\/project.inria.fr\/jga2015\/wp-json\/wp\/v2\/users\/45"}],"replies":[{"embeddable":true,"href":"https:\/\/project.inria.fr\/jga2015\/wp-json\/wp\/v2\/comments?post=328"}],"version-history":[{"count":5,"href":"https:\/\/project.inria.fr\/jga2015\/wp-json\/wp\/v2\/pages\/328\/revisions"}],"predecessor-version":[{"id":352,"href":"https:\/\/project.inria.fr\/jga2015\/wp-json\/wp\/v2\/pages\/328\/revisions\/352"}],"up":[{"embeddable":true,"href":"https:\/\/project.inria.fr\/jga2015\/wp-json\/wp\/v2\/pages\/182"}],"wp:attachment":[{"href":"https:\/\/project.inria.fr\/jga2015\/wp-json\/wp\/v2\/media?parent=328"}],"curies":[{"name":"wp","href":"https:\/\/api.w.org\/{rel}","templated":true}]}}