

{"id":4,"date":"2011-12-08T11:55:34","date_gmt":"2011-12-08T11:55:34","guid":{"rendered":"http:\/\/project.inria.fr\/template1\/?page_id=4"},"modified":"2015-08-27T15:11:07","modified_gmt":"2015-08-27T13:11:07","slug":"home","status":"publish","type":"page","link":"https:\/\/project.inria.fr\/jga2015\/","title":{"rendered":"Accueil"},"content":{"rendered":"<h2 style=\"text-align: center;\"><strong>16-20 novembre 2015, <a href=\"http:\/\/www.iesc.univ-corse.fr\/\">Institut d\u2019\u00e9tudes scientifiques de Carg\u00e8se<\/a> (IESC), Corse du sud<\/strong><\/h2>\n<p><a href=\"https:\/\/project.inria.fr\/jga2015\/files\/2011\/12\/iesc-2.png\"><img loading=\"lazy\" decoding=\"async\" class=\"  wp-image-61 aligncenter\" src=\"https:\/\/project.inria.fr\/jga2015\/files\/2011\/12\/iesc-2.png\" alt=\"iesc-2\" width=\"1187\" height=\"291\" srcset=\"https:\/\/project.inria.fr\/jga2015\/files\/2011\/12\/iesc-2.png 999w, https:\/\/project.inria.fr\/jga2015\/files\/2011\/12\/iesc-2-300x73.png 300w, https:\/\/project.inria.fr\/jga2015\/files\/2011\/12\/iesc-2-250x61.png 250w, https:\/\/project.inria.fr\/jga2015\/files\/2011\/12\/iesc-2-150x36.png 150w, https:\/\/project.inria.fr\/jga2015\/files\/2011\/12\/iesc-2-900x220.png 900w\" sizes=\"auto, (max-width: 1187px) 100vw, 1187px\" \/><\/a><\/p>\n<p style=\"text-align: justify;\">Les journ\u00e9es de g\u00e9om\u00e9trie algorithmique (JGA) rassemblent la communaut\u00e9 fran\u00e7aise de chercheurs en g\u00e9om\u00e9trie algorithmique.<\/p>\n<p style=\"text-align: justify;\">La g\u00e9om\u00e9trie algorithmique a pour objet l\u2019\u00e9tude, la conception et l\u2019analyse des structures de donn\u00e9es et algorithmes g\u00e9om\u00e9triques. Ce domaine se situe \u00e0 l\u2019interface entre les math\u00e9matiques et l\u2019informatique, \u00e9tant tout particuli\u00e8rement en lien avec la g\u00e9om\u00e9trie et la topologie, la statistique, la combinatoire, l\u2019algorithmique et la th\u00e9orie des graphes.\u00a0 Les r\u00e9sultats de la discipline sont \u00e0 la fois utilisateurs et g\u00e9n\u00e9rateurs d\u2019outils th\u00e9oriques fondamentaux, et motiv\u00e9s par les nombreux domaines d\u2019applications qui demandent de traiter de mani\u00e8re efficace des objets ou des masses de donn\u00e9es g\u00e9om\u00e9triques: imagerie m\u00e9dicale, robotique, vision par ordinateur, ing\u00e9nierie num\u00e9rique et bio-informatique.<\/p>\n<p style=\"text-align: justify;\"><em>Pour l&rsquo;\u00e9dition 2015, les journ\u00e9es de g\u00e9om\u00e9trie algorithmique sont une \u00e9cole th\u00e9matique du CNRS.<\/em><\/p>\n<h2 style=\"text-align: left;\"><strong>Sponsors<\/strong><\/h2>\n<table>\n<tbody>\n<tr>\n<td><a href=\"http:\/\/www.cnrs.fr\/\"><img loading=\"lazy\" decoding=\"async\" class=\"wp-image-75 aligncenter\" src=\"https:\/\/project.inria.fr\/jga2015\/files\/2015\/03\/logo-cnrs.png\" alt=\"logo-cnrs\" width=\"98\" height=\"98\" \/><\/a><\/td>\n<td><a href=\"http:\/\/www.gipsa-lab.grenoble-inp.fr\/\"><img loading=\"lazy\" decoding=\"async\" class=\"  wp-image-78 aligncenter\" src=\"https:\/\/project.inria.fr\/jga2015\/files\/2015\/03\/logo-gipsa.gif\" alt=\"logo-gipsa\" width=\"144\" height=\"98\" \/><\/a><\/td>\n<td><a href=\"http:\/\/www.inria.fr\/centre\/sophia\"><img loading=\"lazy\" decoding=\"async\" class=\"  wp-image-79 aligncenter\" src=\"https:\/\/project.inria.fr\/jga2015\/files\/2015\/03\/logo-inria.jpg\" alt=\"logo-inria\" width=\"229\" height=\"98\" srcset=\"https:\/\/project.inria.fr\/jga2015\/files\/2015\/03\/logo-inria.jpg 234w, https:\/\/project.inria.fr\/jga2015\/files\/2015\/03\/logo-inria-150x64.jpg 150w\" sizes=\"auto, (max-width: 229px) 100vw, 229px\" \/><\/a><\/td>\n<\/tr>\n<tr>\n<td><a href=\"http:\/\/www.lix.polytechnique.fr\/\"><img loading=\"lazy\" decoding=\"async\" class=\"  wp-image-81 aligncenter\" src=\"https:\/\/project.inria.fr\/jga2015\/files\/2015\/03\/logo-lix.png\" alt=\"logo-lix\" width=\"110\" height=\"98\" \/><\/a><\/td>\n<td><a href=\"https:\/\/www.gdr-im.fr\/\"><img loading=\"lazy\" decoding=\"async\" class=\"  wp-image-77 aligncenter\" src=\"https:\/\/project.inria.fr\/jga2015\/files\/2015\/03\/logo-gdrim.jpg\" alt=\"logo-gdrim\" width=\"179\" height=\"98\" srcset=\"https:\/\/project.inria.fr\/jga2015\/files\/2015\/03\/logo-gdrim.jpg 183w, https:\/\/project.inria.fr\/jga2015\/files\/2015\/03\/logo-gdrim-150x81.jpg 150w\" sizes=\"auto, (max-width: 179px) 100vw, 179px\" \/><\/a><\/td>\n<td><a href=\"http:\/\/www.3ds.com\/fr\"><img loading=\"lazy\" decoding=\"async\" class=\"  wp-image-76 aligncenter\" src=\"https:\/\/project.inria.fr\/jga2015\/files\/2015\/03\/logo-ds.png\" alt=\"logo-ds\" width=\"237\" height=\"67\" srcset=\"https:\/\/project.inria.fr\/jga2015\/files\/2015\/03\/logo-ds.png 169w, https:\/\/project.inria.fr\/jga2015\/files\/2015\/03\/logo-ds-150x42.png 150w\" sizes=\"auto, (max-width: 237px) 100vw, 237px\" \/><\/a><\/td>\n<\/tr>\n<\/tbody>\n<\/table>\n<p>&nbsp;<\/p>\n","protected":false},"excerpt":{"rendered":"<h2 style=\"text-align: center;\"><strong>16-20 novembre 2015, <a href=\"http:\/\/www.iesc.univ-corse.fr\/\">Institut d\u2019\u00e9tudes scientifiques de Carg\u00e8se<\/a> (IESC), Corse du sud<\/strong><\/h2>\n<p><a href=\"https:\/\/project.inria.fr\/jga2015\/files\/2011\/12\/iesc-2.png\"><img loading=\"lazy\" decoding=\"async\" class=\" wp-image-61 aligncenter\" src=\"https:\/\/project.inria.fr\/jga2015\/files\/2011\/12\/iesc-2.png\" alt=\"iesc-2\" width=\"1187\" height=\"291\" srcset=\"https:\/\/project.inria.fr\/jga2015\/files\/2011\/12\/iesc-2.png 999w, https:\/\/project.inria.fr\/jga2015\/files\/2011\/12\/iesc-2-300x73.png 300w, https:\/\/project.inria.fr\/jga2015\/files\/2011\/12\/iesc-2-250x61.png 250w, https:\/\/project.inria.fr\/jga2015\/files\/2011\/12\/iesc-2-150x36.png 150w, https:\/\/project.inria.fr\/jga2015\/files\/2011\/12\/iesc-2-900x220.png 900w\" sizes=\"auto, (max-width: 1187px) 100vw, 1187px\" \/><\/a><\/p>\n<p style=\"text-align: justify;\">Les journ\u00e9es de g\u00e9om\u00e9trie algorithmique (JGA)  \u2026<\/p>\n<p class=\"continue-reading-button\"> <a class=\"continue-reading-link\" href=\"https:\/\/project.inria.fr\/jga2015\/\">Lire la suite<i class=\"crycon-right-dir\"><\/i><\/a><\/p>\n","protected":false},"author":1,"featured_media":0,"parent":0,"menu_order":0,"comment_status":"closed","ping_status":"open","template":"templates\/template-onecolumn.php","meta":{"footnotes":""},"class_list":["post-4","page","type-page","status-publish","hentry"],"_links":{"self":[{"href":"https:\/\/project.inria.fr\/jga2015\/wp-json\/wp\/v2\/pages\/4","targetHints":{"allow":["GET"]}}],"collection":[{"href":"https:\/\/project.inria.fr\/jga2015\/wp-json\/wp\/v2\/pages"}],"about":[{"href":"https:\/\/project.inria.fr\/jga2015\/wp-json\/wp\/v2\/types\/page"}],"author":[{"embeddable":true,"href":"https:\/\/project.inria.fr\/jga2015\/wp-json\/wp\/v2\/users\/1"}],"replies":[{"embeddable":true,"href":"https:\/\/project.inria.fr\/jga2015\/wp-json\/wp\/v2\/comments?post=4"}],"version-history":[{"count":34,"href":"https:\/\/project.inria.fr\/jga2015\/wp-json\/wp\/v2\/pages\/4\/revisions"}],"predecessor-version":[{"id":250,"href":"https:\/\/project.inria.fr\/jga2015\/wp-json\/wp\/v2\/pages\/4\/revisions\/250"}],"wp:attachment":[{"href":"https:\/\/project.inria.fr\/jga2015\/wp-json\/wp\/v2\/media?parent=4"}],"curies":[{"name":"wp","href":"https:\/\/api.w.org\/{rel}","templated":true}]}}