

{"id":4,"date":"2011-12-08T11:55:34","date_gmt":"2011-12-08T11:55:34","guid":{"rendered":"http:\/\/project.inria.fr\/template1\/?page_id=4"},"modified":"2022-05-30T13:16:44","modified_gmt":"2022-05-30T11:16:44","slug":"home","status":"publish","type":"page","link":"https:\/\/project.inria.fr\/jga2022\/","title":{"rendered":"Home"},"content":{"rendered":"<p><\/p>\n<h2><strong>Presentation<\/strong><\/h2>\n<p>The JGA conference aims at gathering the students and researchers of the French research community in Computational Geometry and related fields, including (but not restricted to) Geometric and Topological Data Analysis, Combinatorics, Computer Graphics, Discrete Geometry, Optimal Transport and Geometric Measure Theory, among other areas.<\/p>\n<p>One of the main goals of the conference is to provide a friendly environment for all students so that young members of the community, including PhD students and postdocs, can present their recent results and interact with other researchers.<\/p>\n<p>The JGA 2022 will happen fully online, and thus easy to attend! A link for the event will be available a few days before the start of the conference.<\/p>\n<h2><strong>Invited Speakers<\/strong><\/h2>\n<p>We are delighted to announce that the following speakers will give keynote presentations at JGA 2022:<\/p>\n<ul>\n<li><a href=\"https:\/\/www.labri.fr\/perso\/mbonamy\/\"><strong>Marthe Bonamy<\/strong><\/a> (<a href=\"https:\/\/www.labri.fr\">LaBRI<\/a> at <a href=\"https:\/\/www.u-bordeaux.fr\/\">Universit\u00e9 de Bordeaux<\/a>) &#8211;\u00a0<em>Around the Four Colour Theorem<\/em><\/li>\n<li><a href=\"https:\/\/webusers.imj-prg.fr\/~arnau.padrol\/\"><strong>Arnau Padrol<\/strong><\/a> (<a href=\"http:\/\/www.imj-prg.fr\/\">Institut de Math\u00e9matiques de Jussieu<\/a> at <a href=\"http:\/\/www.sorbonne-universite.fr\/\">Sorbonne Universit\u00e9<\/a>) &#8211; <em>Counting Polytopes<\/em><\/li>\n<li><a href=\"https:\/\/www.gpeyre.com\/\"><strong>Gabriel Peyr\u00e9<\/strong><\/a> (<a href=\"http:\/\/www.dma.ens.fr\">DMA<\/a> at <a href=\"http:\/\/www.ens.fr\/\">\u00c9cole Normale Sup\u00e9rieure<\/a>) &#8211; <em>Scaling Optimal Transport for High Dimensional Learning<\/em><\/li>\n<\/ul>\n<h2><strong>Call for Abstracts<br \/>\n<\/strong><\/h2>\n<p>Young researchers are very much encouraged to submit an abstract for an oral presentation, via the <a href=\"https:\/\/docs.google.com\/forms\/d\/e\/1FAIpQLScetD6qY_MIoCzqBeqkz1ZR72jmLGUzLtKay_8gKC8W50l8oA\/viewform\">registration form<\/a>.<\/p>\n<h2><strong><a href=\"https:\/\/project.inria.fr\/jga2022\/conference-registration\/\">Registration<\/a><br \/>\n<\/strong><\/h2>\n<p>The registration has been closed.<\/p>\n<h2><strong>Organizing Committee<\/strong><\/h2>\n<ul>\n<li>Mathieu Carri\u00e8re (Inria Sophia Antipolis &#8211; M\u00e9diterran\u00e9e)<\/li>\n<li>Krist\u00f3f Husz\u00e1r (Inria Sophia Antipolis &#8211; M\u00e9diterran\u00e9e)<\/li>\n<li>Cl\u00e9ment Maria (Inria Sophia Antipolis &#8211; M\u00e9diterran\u00e9e)<\/li>\n<\/ul>\n<h2><strong>Sponsors<\/strong><\/h2>\n<p><a href=\"https:\/\/project.inria.fr\/jga2022\/files\/2022\/03\/Logo-INRIA-sans.jpg\"><img loading=\"lazy\" decoding=\"async\" class=\"alignnone size-medium wp-image-171\" src=\"https:\/\/project.inria.fr\/jga2022\/files\/2022\/03\/Logo-INRIA-sans-300x108.jpg\" alt=\"\" width=\"300\" height=\"108\" srcset=\"https:\/\/project.inria.fr\/jga2022\/files\/2022\/03\/Logo-INRIA-sans-300x108.jpg 300w, https:\/\/project.inria.fr\/jga2022\/files\/2022\/03\/Logo-INRIA-sans-768x278.jpg 768w, https:\/\/project.inria.fr\/jga2022\/files\/2022\/03\/Logo-INRIA-sans-1024x370.jpg 1024w, https:\/\/project.inria.fr\/jga2022\/files\/2022\/03\/Logo-INRIA-sans-150x54.jpg 150w, https:\/\/project.inria.fr\/jga2022\/files\/2022\/03\/Logo-INRIA-sans.jpg 2045w\" sizes=\"auto, (max-width: 300px) 100vw, 300px\" \/><\/a><a href=\"https:\/\/project.inria.fr\/jga2022\/files\/2022\/04\/logo_GDRIM_1.png\"><img loading=\"lazy\" decoding=\"async\" class=\"alignnone size-medium wp-image-179\" src=\"https:\/\/project.inria.fr\/jga2022\/files\/2022\/04\/logo_GDRIM_1-300x144.png\" alt=\"\" width=\"300\" height=\"144\" srcset=\"https:\/\/project.inria.fr\/jga2022\/files\/2022\/04\/logo_GDRIM_1-300x144.png 300w, https:\/\/project.inria.fr\/jga2022\/files\/2022\/04\/logo_GDRIM_1-150x72.png 150w, https:\/\/project.inria.fr\/jga2022\/files\/2022\/04\/logo_GDRIM_1.png 373w\" sizes=\"auto, (max-width: 300px) 100vw, 300px\" \/><\/a><\/p>\n<p>&nbsp;<\/p>","protected":false},"excerpt":{"rendered":"<p>Presentation The JGA conference aims at gathering the students and researchers of the French research community in Computational Geometry and related fields, including (but not restricted to) Geometric and Topological Data Analysis, Combinatorics, Computer Graphics, Discrete Geometry, Optimal Transport and Geometric Measure Theory, among other areas. One of the main\u2026<\/p>\n<p> <a class=\"continue-reading-link\" href=\"https:\/\/project.inria.fr\/jga2022\/\"><span>Continue reading<\/span><i class=\"crycon-right-dir\"><\/i><\/a> <\/p>\n","protected":false},"author":1,"featured_media":0,"parent":0,"menu_order":0,"comment_status":"closed","ping_status":"open","template":"","meta":{"footnotes":""},"class_list":["post-4","page","type-page","status-publish","hentry"],"_links":{"self":[{"href":"https:\/\/project.inria.fr\/jga2022\/wp-json\/wp\/v2\/pages\/4","targetHints":{"allow":["GET"]}}],"collection":[{"href":"https:\/\/project.inria.fr\/jga2022\/wp-json\/wp\/v2\/pages"}],"about":[{"href":"https:\/\/project.inria.fr\/jga2022\/wp-json\/wp\/v2\/types\/page"}],"author":[{"embeddable":true,"href":"https:\/\/project.inria.fr\/jga2022\/wp-json\/wp\/v2\/users\/1"}],"replies":[{"embeddable":true,"href":"https:\/\/project.inria.fr\/jga2022\/wp-json\/wp\/v2\/comments?post=4"}],"version-history":[{"count":47,"href":"https:\/\/project.inria.fr\/jga2022\/wp-json\/wp\/v2\/pages\/4\/revisions"}],"predecessor-version":[{"id":266,"href":"https:\/\/project.inria.fr\/jga2022\/wp-json\/wp\/v2\/pages\/4\/revisions\/266"}],"wp:attachment":[{"href":"https:\/\/project.inria.fr\/jga2022\/wp-json\/wp\/v2\/media?parent=4"}],"curies":[{"name":"wp","href":"https:\/\/api.w.org\/{rel}","templated":true}]}}