

{"id":333,"date":"2012-06-07T15:49:11","date_gmt":"2012-06-07T13:49:11","guid":{"rendered":"http:\/\/project.inria.fr\/keops\/?page_id=333"},"modified":"2012-07-24T17:17:12","modified_gmt":"2012-07-24T15:17:12","slug":"recherche-observer","status":"publish","type":"page","link":"https:\/\/project.inria.fr\/keops\/es\/recherche-2\/recherche-observer\/","title":{"rendered":"Investigacion :Observaci\u00f3n"},"content":{"rendered":"<p><\/p>\n<p><span style=\"font-size: large;\"><strong><span style=\"color: #ff0000;\">Din\u00e1mica de la retina no-est\u00e1ndar-sensor de comportamiento para el procesamiento de im\u00e1genes naturales.<\/span><\/strong><\/span><\/p>\n<p><strong>Objetivo:<\/strong> Recoger datos experimentales existentes y nuevos en la no-est\u00e1ndar de comportamiento de la retina\u00a0ganglios c\u00e9lulas con el fin de entender las capacidades de c\u00f3mputo de la retina en condiciones naturales\u00a0simulaciones din\u00e1micas.<\/p>\n<p><strong>M\u00e9todos<\/strong>: matrices multielectrodos (MEA) del sistema (64 X amplificador PLEXON, el Instrumento Nacional\u00a0(NI625X) tarjeta de adquisici\u00f3n (10-25 KHz) y los discos duros para el almacenamiento) para el potencial del campo o la espiga\u00a0la grabaci\u00f3n est\u00e1 en funcionamiento en nuestro laboratorio. MEA matrices est\u00e1n disponibles comercialmente (sistema multicanal).<br \/>\nLa retina se monta en una c\u00e1mara de perfusi\u00f3n con AMES o soluci\u00f3n equivalente, compuestos oxigenados y\u00a0mantuvo a 35 \u00b0 C, bajo condiciones de luz controladas. Labview software hecho en casa (SpikeHunter)\u00a0para la adquisici\u00f3n de la se\u00f1al, el control y la exportaci\u00f3n y visualizaci\u00f3n (SpikePlay) es el uso. Fuera de l\u00ednea\u00a0la visualizaci\u00f3n, el an\u00e1lisis, la agrupaci\u00f3n de la espiga y la respuesta correlogramas cruzados se realizan con MATLAB\u00a0las rutinas y las siguientes (Schwartz y Berry, 2008;. Schwartz et al, 2007) protocolos. Una ventaja\u00a0de la grabaci\u00f3n del mayor n\u00famero 50-100 utilizando conjuntos de acuerdos ambientales multilaterales, las neuronas al mismo tiempo es el acceso a la\u00a0\u00abLa poblaci\u00f3n de codificaci\u00f3n\u00bb de un conjunto de c\u00e9lulas ganglionares de la retina completa. Las caracter\u00edsticas fisiol\u00f3gicas\u00a0de las c\u00e9lulas ganglionares con respecto al est\u00edmulo im\u00e1genes naturales, incluyendo (por ejemplo) contraste-intensidad, color, textura, se utiliza para caracterizar las propiedades\u00a0de los despidos (transitorios, sostener) ON \/ OFF, el tama\u00f1o y la organizaci\u00f3n de los campos receptivos. La Universidad\u00a0de Valpara\u00edso es una instituci\u00f3n con una garant\u00eda de bienestar de los animales aprobado (A5823-01) de los NIH\u00a0(EE.UU.).<\/p>\n<p><a href=\"http:\/\/project.inria.fr\/keops\/files\/2012\/03\/Keopst1-1.jpg\"><img loading=\"lazy\" decoding=\"async\" title=\"Keopst1-1\" src=\"http:\/\/project.inria.fr\/keops\/files\/2012\/03\/Keopst1-1.jpg\" alt=\"\" width=\"1165\" height=\"748\" \/><\/a><br \/>\nLa figura muestra conjunta el protocolo y las muestras de datos. Recuadro A) Labview hecho en casa de software para los AMA<br \/>\nel registro de datos. Vemos alguna actividad espiga en algunos de los canales; B) MEA matriz X 64\u00a0electrodos, c) por ejemplo, el software hecho en casa SpikeIt dos canales de adquisici\u00f3n y en la parte inferior de la\u00a0secuencia de destellos de luz. Un canal muestra los picos; D) una base de datos del argumento primas con m\u00e1s canales y\u00a0(picos de actividad vertical oscura), e) POR EJEMPLO dos plantilla para espiga clasificaci\u00f3n de base en los datos de D) y F), por ejemplo\u00a0trama de respuesta de las c\u00e9lulas ganglionares de 3 diferentes (la alineaci\u00f3n trama es desplazar a comparar a D).<\/p>\n<p><strong>Pasos de la tarea:<\/strong><br \/>\n(i) Examen de los datos experimentales disponibles sobre las respuestas de la retina a los est\u00edmulos din\u00e1micos y naturales, las<br \/>\nmodelos propuestos y las propiedades emergentes de computaci\u00f3n (esta tarea preliminar es\u00a0importante en este contexto multidisciplinario).<br \/>\n(ii) dise\u00f1o de los nuevos protocolos de estimulaci\u00f3n y la validaci\u00f3n de la secuencia de im\u00e1genes naturales\u00a0estimulador.<br \/>\n(iii) los experimentos fisiol\u00f3gicos registro de la actividad de la retina, utilizando patch clamp y multielectrodos,m\u00e9todos, en los roedores y anfibios, en respuesta a un est\u00edmulo visual natural (por ejemplo, pel\u00edculas).<br \/>\n(iv) los datos bases y pre-procesamiento de las c\u00e9lulas ganglionares grabaciones.<\/p>\n<p><\/p>","protected":false},"excerpt":{"rendered":"<p>Din\u00e1mica de la retina no-est\u00e1ndar-sensor de comportamiento para el procesamiento de im\u00e1genes naturales. Objetivo: Recoger datos experimentales existentes y nuevos en la no-est\u00e1ndar de comportamiento de la retina\u00a0ganglios c\u00e9lulas con el fin de entender las capacidades de c\u00f3mputo de la retina en condiciones naturales\u00a0simulaciones din\u00e1micas. M\u00e9todos: matrices multielectrodos (MEA) del sistema (64 X amplificador PLEXON, &hellip; <\/p>\n<p><a class=\"more-link btn\" href=\"https:\/\/project.inria.fr\/keops\/es\/recherche-2\/recherche-observer\/\">Seguir leyendo<\/a><\/p>\n","protected":false},"author":36,"featured_media":0,"parent":128,"menu_order":1,"comment_status":"closed","ping_status":"closed","template":"","meta":{"footnotes":""},"class_list":["post-333","page","type-page","status-publish","hentry","nodate","item-wrap"],"_links":{"self":[{"href":"https:\/\/project.inria.fr\/keops\/es\/wp-json\/wp\/v2\/pages\/333","targetHints":{"allow":["GET"]}}],"collection":[{"href":"https:\/\/project.inria.fr\/keops\/es\/wp-json\/wp\/v2\/pages"}],"about":[{"href":"https:\/\/project.inria.fr\/keops\/es\/wp-json\/wp\/v2\/types\/page"}],"author":[{"embeddable":true,"href":"https:\/\/project.inria.fr\/keops\/es\/wp-json\/wp\/v2\/users\/36"}],"replies":[{"embeddable":true,"href":"https:\/\/project.inria.fr\/keops\/es\/wp-json\/wp\/v2\/comments?post=333"}],"version-history":[{"count":10,"href":"https:\/\/project.inria.fr\/keops\/es\/wp-json\/wp\/v2\/pages\/333\/revisions"}],"predecessor-version":[{"id":648,"href":"https:\/\/project.inria.fr\/keops\/es\/wp-json\/wp\/v2\/pages\/333\/revisions\/648"}],"up":[{"embeddable":true,"href":"https:\/\/project.inria.fr\/keops\/es\/wp-json\/wp\/v2\/pages\/128"}],"wp:attachment":[{"href":"https:\/\/project.inria.fr\/keops\/es\/wp-json\/wp\/v2\/media?parent=333"}],"curies":[{"name":"wp","href":"https:\/\/api.w.org\/{rel}","templated":true}]}}