

{"id":356,"date":"2012-06-07T17:18:32","date_gmt":"2012-06-07T15:18:32","guid":{"rendered":"http:\/\/project.inria.fr\/keops\/?page_id=356"},"modified":"2012-07-24T17:17:36","modified_gmt":"2012-07-24T15:17:36","slug":"recherche-simuler","status":"publish","type":"page","link":"https:\/\/project.inria.fr\/keops\/es\/recherche-2\/recherche-simuler\/","title":{"rendered":"Investigacion : Simulaci\u00f3n"},"content":{"rendered":"<p><\/p>\n<p><span style=\"font-size: large;\"><strong><span style=\"color: #ff0000;\">Inform\u00e1tica y dise\u00f1o num\u00e9rico de un no-est\u00e1ndar inspirado en la biolog\u00eda temprana visi\u00f3n de front-end.<\/span><\/strong><\/span><\/p>\n<p><strong>Objetivos:<\/strong> la simulaci\u00f3n efectiva del est\u00e1ndar y no est\u00e1ndar, el comportamiento de las c\u00e9lulas ganglionares de la retina de estimulaci\u00f3n visual natural.<\/p>\n<p><strong>M\u00e9todos:<\/strong> Con el fin de analizar el comportamiento de las c\u00e9lulas de la retina no-est\u00e1ndar &#8216;en un biol\u00f3gica plausible contexto, se propone utilizar software de simulaci\u00f3n de la retina: VirtualRetina. Este simulador se transforma una flujo de entrada de v\u00eddeo en los trenes de pico generada por las c\u00e9lulas ganglionares. El uso de VirtualRetina nos permite simulaciones a gran escala (hasta 100.000 neuronas) en un tiempo de c\u00e1lculo razonable de mantener un fuerte plausibilidad biol\u00f3gica. Su estructura se basa en los canales de modelado por un filtro lineal espacio-temporal seguido por una etapa de no-lineal con control de ganancia adaptable.<\/p>\n<p>La puesta en pr\u00e1ctica VirtualRetina existente va a ser completado en tres maneras:<\/p>\n<p>(I) A ra\u00edz de la estructura de la aplicaci\u00f3n de los canales actuales \u00ab, se propone a\u00f1adir la falta de canales est\u00e1ndar correspondientes a las c\u00e9lulas de la retina no est\u00e1ndar.<\/p>\n<p>(Ii) Tambi\u00e9n tenemos planes para modificar la estructura actual a fin de coincidir con los resultados de la simulaci\u00f3n con el datos experimentales, es decir, los canales no est\u00e1ndar tendr\u00e1 por ejemplo un no-lineal espacio-temporal de filtrado etapa.<\/p>\n<p>(Iii) Modificar tambi\u00e9n la estructura actual de VirtualRetina planeamos a\u00f1adir linealidades, las conexiones o las interacciones necesarias entre las capas retinianas para simular con \u00e9xito el comportamiento de los est\u00e1ndar de c\u00e9lulas de retina en la estimulaci\u00f3n visual natural.<\/p>\n<p>Estos tres pasos, en principio, nos permitir\u00e1 entender mejor el comportamiento de la no est\u00e1ndar c\u00e9lulas de la retina y su respuesta en la estimulaci\u00f3n visual naturales. Esta comprensi\u00f3n podr\u00eda proporcionar nuevas perspectivas para el modelado de la visi\u00f3n temprana de la corteza visual.<\/p>\n<p>Basado en este entendimiento, tenemos la intenci\u00f3n de implementar un nuevo inspiraci\u00f3n biol\u00f3gica a principios de visi\u00f3n frontal finalizar el proceso de las c\u00e9lulas de la retina. Esta implementaci\u00f3n nos permitir\u00e1 comprobar num\u00e9ricamente los modelos aqu\u00ed propuesto.<\/p>\n<p>Tenga en cuenta que el c\u00e1lculo r\u00e1pido, pero no en tiempo real se dirige aqu\u00ed. Estamos cuidadosamente va a optimizar el c\u00f3digo en arquitecturas secuenciales, mientras que su aplicaci\u00f3n en un hardware dedicado est\u00e1 fuera del alcance de este proyecto.<\/p>\n<p>Del mismo modo, para VirtualRetina, la modelizaci\u00f3n bio-inspirada desarrollado en este proyecto se va a apuntar dos cosas: la plausibilidad biol\u00f3gica (de Wohrer y Kornprobst 2009):<\/p>\n<p><a href=\"http:\/\/project.inria.fr\/keops\/files\/2012\/03\/keopst4-11.jpg\"><img loading=\"lazy\" decoding=\"async\" title=\"keopst4-1\" src=\"http:\/\/project.inria.fr\/keops\/files\/2012\/03\/keopst4-11.jpg\" alt=\"\" width=\"968\" height=\"416\" \/><\/a><\/p>\n<p>y eficaz de la imagen natural de an\u00e1lisis de la secuencia (de Wohrer y Kornprobst 2009):<\/p>\n<p><a href=\"http:\/\/project.inria.fr\/keops\/files\/2012\/03\/keopst4-2.jpg\"><img loading=\"lazy\" decoding=\"async\" title=\"keopst4-2\" src=\"http:\/\/project.inria.fr\/keops\/files\/2012\/03\/keopst4-2.jpg\" alt=\"\" width=\"960\" height=\"322\" \/><\/a><\/p>\n<p>Esta \u00faltima imagen considera que una entrada de degradaci\u00f3n visual (vista izquierda) y la detecci\u00f3n de contraste (X \/ parvo canal, centro-vista) y la detecci\u00f3n de movimiento (S \/ magno canal, a la derecha -view). Como se desarroll\u00f3 en la siguiente tarea, el aspecto clave es no tener en cuenta \u00abbellas\u00bb im\u00e1genes visuales, sino proporcionar a los operadores que trabajan en las secuencias de im\u00e1genes realistas. Los variacionales no lineales los operadores de la revisi\u00f3n y desarrollo en T2 y basado en el mecanismo biol\u00f3gicamente plausible (Vi\u00e9ville et al, 2007) se va a romper este l\u00edmite real y el mayor grado de visi\u00f3n temprana detectores para mejorar los mecanismos VirtualRetina reales.<\/p>\n<p>El l\u00edmite del enfoque actual es \u00abtiempo real\u00bb, ya que los algoritmos propuestos (relacionada con m\u00f3dulos de software reales disponibles a principios de T2 y T4) se ejecutan en aproximadamente 1\/100 del tipo de v\u00eddeo en los procesadores est\u00e1ndar. Para acelerar los algoritmos se encuentra fuera del alcance de este proyecto.<\/p>\n<p><strong>Pasos de la tarea:<\/strong><\/p>\n<p>i. Especificaci\u00f3n de la aplicaci\u00f3n de los operadores no est\u00e1ndar de las c\u00e9lulas.<\/p>\n<p>ii. Especificaci\u00f3n de la respuesta de las c\u00e9lulas normales de los naturales de los est\u00edmulos visuales.<\/p>\n<p>iii. Ejecuci\u00f3n de los puntos de referencia.<\/p>\n<p><\/p>","protected":false},"excerpt":{"rendered":"<p>Inform\u00e1tica y dise\u00f1o num\u00e9rico de un no-est\u00e1ndar inspirado en la biolog\u00eda temprana visi\u00f3n de front-end. Objetivos: la simulaci\u00f3n efectiva del est\u00e1ndar y no est\u00e1ndar, el comportamiento de las c\u00e9lulas ganglionares de la retina de estimulaci\u00f3n visual natural. M\u00e9todos: Con el fin de analizar el comportamiento de las c\u00e9lulas de la retina no-est\u00e1ndar &#8216;en un biol\u00f3gica &hellip; <\/p>\n<p><a class=\"more-link btn\" href=\"https:\/\/project.inria.fr\/keops\/es\/recherche-2\/recherche-simuler\/\">Seguir leyendo<\/a><\/p>\n","protected":false},"author":36,"featured_media":0,"parent":128,"menu_order":4,"comment_status":"closed","ping_status":"closed","template":"","meta":{"footnotes":""},"class_list":["post-356","page","type-page","status-publish","hentry","nodate","item-wrap"],"_links":{"self":[{"href":"https:\/\/project.inria.fr\/keops\/es\/wp-json\/wp\/v2\/pages\/356","targetHints":{"allow":["GET"]}}],"collection":[{"href":"https:\/\/project.inria.fr\/keops\/es\/wp-json\/wp\/v2\/pages"}],"about":[{"href":"https:\/\/project.inria.fr\/keops\/es\/wp-json\/wp\/v2\/types\/page"}],"author":[{"embeddable":true,"href":"https:\/\/project.inria.fr\/keops\/es\/wp-json\/wp\/v2\/users\/36"}],"replies":[{"embeddable":true,"href":"https:\/\/project.inria.fr\/keops\/es\/wp-json\/wp\/v2\/comments?post=356"}],"version-history":[{"count":11,"href":"https:\/\/project.inria.fr\/keops\/es\/wp-json\/wp\/v2\/pages\/356\/revisions"}],"predecessor-version":[{"id":651,"href":"https:\/\/project.inria.fr\/keops\/es\/wp-json\/wp\/v2\/pages\/356\/revisions\/651"}],"up":[{"embeddable":true,"href":"https:\/\/project.inria.fr\/keops\/es\/wp-json\/wp\/v2\/pages\/128"}],"wp:attachment":[{"href":"https:\/\/project.inria.fr\/keops\/es\/wp-json\/wp\/v2\/media?parent=356"}],"curies":[{"name":"wp","href":"https:\/\/api.w.org\/{rel}","templated":true}]}}