

{"id":422,"date":"2012-06-14T13:01:42","date_gmt":"2012-06-14T11:01:42","guid":{"rendered":"http:\/\/project.inria.fr\/keops\/?page_id=422"},"modified":"2012-07-24T17:17:48","modified_gmt":"2012-07-24T15:17:48","slug":"outcomes-observing","status":"publish","type":"page","link":"https:\/\/project.inria.fr\/keops\/es\/outcomes\/outcomes-observing\/","title":{"rendered":"Resultados : Observaci\u00f3n"},"content":{"rendered":"<p><strong><strong>Investigador principal<\/strong> : <a title=\"\" href=\"http:\/\/www.cnv.cl\/palacios\" rel=\"nofollow\">Adrian PALACIOS<\/a>.<\/strong><\/p>\n<p><a href=\"http:\/\/project.inria.fr\/keops\/files\/2012\/06\/keopsobs.png\"><img loading=\"lazy\" decoding=\"async\" class=\"alignleft\" title=\"keopsobs\" src=\"http:\/\/project.inria.fr\/keops\/files\/2012\/06\/keopsobs-300x115.png\" alt=\"\" width=\"300\" height=\"115\" \/><\/a><strong>Trabajo en curso :<\/strong> Diseno de Hardware y Software para obtener spikes sincronizados con la estimulacion natural.<\/p>\n<p>[A] Construyendo un generador de imagenes sequancial.<\/p>\n<p>[B] Construyendo un OLED para la presentacion de estimulos<\/p>\n<p>[C] Implementacion del Spike Sorting Algorithm (en colaboracion con O. Marre)<\/p>\n<p><strong><\/strong>Para reunir datos experimentales existentes y nuevos en los comportamientos est\u00e1ndar y no est\u00e1ndar de la retina ganglios c\u00e9lulas con el fin de entender el capacidades de c\u00f3mputo de la retina en condiciones naturale<\/p>\n<p>&#8211; Visual-estimulador del desarrollo : Los est\u00edmulos artificiales + Naturales<\/p>\n<p>&#8211; La preparaci\u00f3n de la imagen natural de los est\u00edmulos<\/p>\n<p>&#8211; Spike de clasificaci\u00f3n de la ejecuci\u00f3n y la evaluaci\u00f3n comparativa<\/p>\n<p>&#8211; C\u00e1lculo del campo receptivo y la evaluaci\u00f3n comparativa<\/p>\n<p><strong>Publications<\/strong><\/p>\n<p><a href=\"http:\/\/www-sop.inria.fr\/members\/Bruno.Cessac\/\">Spike train statistics from empirical facts to theory:\u00a0the case of the retina, (B. Cessac and A. Palacios.) In Mathematical Problems in Computational Biology and Biomedicine, F. Cazals\u00a0and P. Kornprobst editors, Springer, submitted.<\/a><\/p>\n<p style=\"padding-left: 30px;\">Resumen: En este cap\u00edtulo se centra en los m\u00e9todos de la f\u00edsica estad\u00edstica y la teor\u00eda de la probabilidad que permite el an\u00e1lisis de los trenes de espigas en las redes neuronales. Toma como un ejemplo de la retina se presentan obras recientes de intentar comprender c\u00f3mo c\u00e9lulas de la retina ganglionares codificar la informaci\u00f3n transmitida a la corteza visual a trav\u00e9s de el nervio \u00f3ptico, mediante el an\u00e1lisis de sus estad\u00edsticas de tren pico. Se compara la m\u00e1xima entrop\u00eda modelos utilizados en la literatura de an\u00e1lisis de tren de la retina a la alza resultados rigurosos se establecen la forma exacta de las estad\u00edsticas de tren en alza basado en la conductancia de integraci\u00f3n y fuego las redes neuronales.<\/p>\n<p><\/p>","protected":false},"excerpt":{"rendered":"<p>Investigador principal : Adrian PALACIOS. Trabajo en curso : Diseno de Hardware y Software para obtener spikes sincronizados con la estimulacion natural. [A] Construyendo un generador de imagenes sequancial. [B] Construyendo un OLED para la presentacion de estimulos [C] Implementacion del Spike Sorting Algorithm (en colaboracion con O. Marre) Para reunir datos experimentales existentes y &hellip; <\/p>\n<p><a class=\"more-link btn\" href=\"https:\/\/project.inria.fr\/keops\/es\/outcomes\/outcomes-observing\/\">Seguir leyendo<\/a><\/p>\n","protected":false},"author":36,"featured_media":0,"parent":413,"menu_order":1,"comment_status":"closed","ping_status":"closed","template":"","meta":{"footnotes":""},"class_list":["post-422","page","type-page","status-publish","hentry","nodate","item-wrap"],"_links":{"self":[{"href":"https:\/\/project.inria.fr\/keops\/es\/wp-json\/wp\/v2\/pages\/422","targetHints":{"allow":["GET"]}}],"collection":[{"href":"https:\/\/project.inria.fr\/keops\/es\/wp-json\/wp\/v2\/pages"}],"about":[{"href":"https:\/\/project.inria.fr\/keops\/es\/wp-json\/wp\/v2\/types\/page"}],"author":[{"embeddable":true,"href":"https:\/\/project.inria.fr\/keops\/es\/wp-json\/wp\/v2\/users\/36"}],"replies":[{"embeddable":true,"href":"https:\/\/project.inria.fr\/keops\/es\/wp-json\/wp\/v2\/comments?post=422"}],"version-history":[{"count":15,"href":"https:\/\/project.inria.fr\/keops\/es\/wp-json\/wp\/v2\/pages\/422\/revisions"}],"predecessor-version":[{"id":654,"href":"https:\/\/project.inria.fr\/keops\/es\/wp-json\/wp\/v2\/pages\/422\/revisions\/654"}],"up":[{"embeddable":true,"href":"https:\/\/project.inria.fr\/keops\/es\/wp-json\/wp\/v2\/pages\/413"}],"wp:attachment":[{"href":"https:\/\/project.inria.fr\/keops\/es\/wp-json\/wp\/v2\/media?parent=422"}],"curies":[{"name":"wp","href":"https:\/\/api.w.org\/{rel}","templated":true}]}}