

{"id":426,"date":"2012-06-14T13:03:21","date_gmt":"2012-06-14T11:03:21","guid":{"rendered":"http:\/\/project.inria.fr\/keops\/?page_id=426"},"modified":"2013-03-05T18:02:15","modified_gmt":"2013-03-05T17:02:15","slug":"outcomes-modelling","status":"publish","type":"page","link":"https:\/\/project.inria.fr\/keops\/es\/outcomes\/outcomes-modelling\/","title":{"rendered":"Resultados : Modelaci\u00f3n"},"content":{"rendered":"<p><\/p>\n<p><strong><strong>Investigador principal<\/strong> : <strong><a title=\"\" href=\"http:\/\/www.cinv.cl\/investigacion\/investigadores\/patricio-orio\" rel=\"nofollow\">Patricio ORIO<\/a> and <\/strong><strong><a title=\"\" href=\"http:\/\/www.loria.fr\/%7Evthierry\" rel=\"nofollow\">Thierry VIEVILLE<\/a>,<\/strong><\/strong><\/p>\n<p><a href=\"http:\/\/project.inria.fr\/keops\/files\/2012\/06\/keopssim1.png\"><img loading=\"lazy\" decoding=\"async\" class=\"alignleft\" title=\"keopssim1\" src=\"http:\/\/project.inria.fr\/keops\/files\/2012\/06\/keopssim1-300x177.png\" alt=\"\" width=\"300\" height=\"177\" \/><\/a><strong>El trabajo en curso : <\/strong>Para el desarrollo de nuevos modelos funcionales de las organizaciones no-lineal local operadores visuales con el fin de encontrar a din\u00e1mica y estad\u00edstica pre-procesamiento de secuencias de im\u00e1genes naturales.<\/p>\n<p>\u25cf Evaluaci\u00f3n \/ An\u00e1lisis de los m\u00e9todos de la ACI<\/p>\n<p>\u25cf Modelado de movimiento de selectividad direcci\u00f3n observada<\/p>\n<p>\u25cf Estad\u00edsticas de la imagen del operador local y\u00a0 global<\/p>\n<p><strong>Publications :<\/strong><\/p>\n<p>Carvajal, C., Escobar, M.-J., Palacios, A. (2011)\u00a0 A Principal Componente Analysis for Color Vision in Animals. to be submitted to J. Of Vision.<\/p>\n<p>Carvajal, C., Escobar M.-J., Soto, C., Palacios, A. (2011). Psychophysical comparison of n-chromatic and achromatic color vision channels extracted from PCA analysis on photopigments. VII Anual Meeting, Chilean Society for Neuroscience; 2011 Sep 27-29; Santa Cruz, Chile.<\/p>\n<p>Keskes, M. (2011)\u00a0 Modeling early vision with artificial neural networks.\u00a0 Master research report, U. Paris Descartes et E.N.I.T. Tunis.<\/p>\n<p>Astudillo, A., Vieville, T., Escobar, M.-J., Palacios A. (2011) Relevant features identification in natural images to allow there use in retinal biology. VII Anual Meeting, Chilean Society for Neuroscience; 2011 Sep 27-29; Santa Cruz, Chile.<\/p>\n<p>Taouali W., Vi\u00e9ville T., Rougier N. P., Alexandre F. (2011) <a href=\"http:\/\/www.ncbi.nlm.nih.gov\/pubmed\/21945195\">No clock to rule them all<\/a>. J. of Physiology \u2013 Paris \u00a0 105, 1-3 (2011) 83-90<\/p>\n<p><\/p>","protected":false},"excerpt":{"rendered":"<p>Investigador principal : Patricio ORIO and Thierry VIEVILLE, El trabajo en curso : Para el desarrollo de nuevos modelos funcionales de las organizaciones no-lineal local operadores visuales con el fin de encontrar a din\u00e1mica y estad\u00edstica pre-procesamiento de secuencias de im\u00e1genes naturales. \u25cf Evaluaci\u00f3n \/ An\u00e1lisis de los m\u00e9todos de la ACI \u25cf Modelado de &hellip; <\/p>\n<p><a class=\"more-link btn\" href=\"https:\/\/project.inria.fr\/keops\/es\/outcomes\/outcomes-modelling\/\">Seguir leyendo<\/a><\/p>\n","protected":false},"author":36,"featured_media":0,"parent":413,"menu_order":2,"comment_status":"closed","ping_status":"closed","template":"","meta":{"footnotes":""},"class_list":["post-426","page","type-page","status-publish","hentry","nodate","item-wrap"],"_links":{"self":[{"href":"https:\/\/project.inria.fr\/keops\/es\/wp-json\/wp\/v2\/pages\/426","targetHints":{"allow":["GET"]}}],"collection":[{"href":"https:\/\/project.inria.fr\/keops\/es\/wp-json\/wp\/v2\/pages"}],"about":[{"href":"https:\/\/project.inria.fr\/keops\/es\/wp-json\/wp\/v2\/types\/page"}],"author":[{"embeddable":true,"href":"https:\/\/project.inria.fr\/keops\/es\/wp-json\/wp\/v2\/users\/36"}],"replies":[{"embeddable":true,"href":"https:\/\/project.inria.fr\/keops\/es\/wp-json\/wp\/v2\/comments?post=426"}],"version-history":[{"count":20,"href":"https:\/\/project.inria.fr\/keops\/es\/wp-json\/wp\/v2\/pages\/426\/revisions"}],"predecessor-version":[{"id":456,"href":"https:\/\/project.inria.fr\/keops\/es\/wp-json\/wp\/v2\/pages\/426\/revisions\/456"}],"up":[{"embeddable":true,"href":"https:\/\/project.inria.fr\/keops\/es\/wp-json\/wp\/v2\/pages\/413"}],"wp:attachment":[{"href":"https:\/\/project.inria.fr\/keops\/es\/wp-json\/wp\/v2\/media?parent=426"}],"curies":[{"name":"wp","href":"https:\/\/api.w.org\/{rel}","templated":true}]}}