

{"id":432,"date":"2012-06-14T13:06:12","date_gmt":"2012-06-14T11:06:12","guid":{"rendered":"http:\/\/project.inria.fr\/keops\/?page_id=432"},"modified":"2014-01-09T22:23:06","modified_gmt":"2014-01-09T21:23:06","slug":"outcomes-simulating","status":"publish","type":"page","link":"https:\/\/project.inria.fr\/keops\/es\/outcomes\/outcomes-simulating\/","title":{"rendered":"Resultados : Simulaci\u00f3n"},"content":{"rendered":"<p><\/p>\n<p><strong><strong>Investigador principal<\/strong> : <a title=\"\" href=\"http:\/\/www.profesores.elo.utfsm.cl\/%7Emjescobar\" rel=\"nofollow\">Maria-Jos\u00e9 ESCOBAR-SILVA<\/a>.<\/strong><\/p>\n<p><a href=\"http:\/\/project.inria.fr\/keops\/files\/2012\/06\/keopsapp.png\"><img loading=\"lazy\" decoding=\"async\" class=\"alignleft\" title=\"keopsapp\" src=\"http:\/\/project.inria.fr\/keops\/files\/2012\/06\/keopsapp-188x300.png\" alt=\"\" width=\"188\" height=\"300\" \/><\/a><strong>El trabajo en curso :\u00a0 <\/strong>La simulaci\u00f3n efectiva de c\u00e9lulas ganglionares standard y no standard de la retina, para simular el comportamiento visual bajo estimulaci\u00f3n natural.<\/p>\n<p>\u25cf A\u00f1adir una capa de c\u00e9lulas amacrinas Starburst, que interactuen con\u00a0c\u00e9lulas bipolares y ganglionares.<\/p>\n<p>\u25cf A\u00f1adir una capa de c\u00e9lulas ganglionares selectivas al movimiento de direcci\u00f3n.<\/p>\n<p>\u25cf Adici\u00f3n de conectividad selectiva de c\u00e9lulas ganglionares para obtener la selectividad al movimiento de direcci\u00f3n.<\/p>\n<p><\/p>","protected":false},"excerpt":{"rendered":"<p>Investigador principal : Maria-Jos\u00e9 ESCOBAR-SILVA. El trabajo en curso :\u00a0 La simulaci\u00f3n efectiva de c\u00e9lulas ganglionares standard y no standard de la retina, para simular el comportamiento visual bajo estimulaci\u00f3n natural. \u25cf A\u00f1adir una capa de c\u00e9lulas amacrinas Starburst, que interactuen con\u00a0c\u00e9lulas bipolares y ganglionares. \u25cf A\u00f1adir una capa de c\u00e9lulas ganglionares selectivas al movimiento &hellip; <\/p>\n<p><a class=\"more-link btn\" href=\"https:\/\/project.inria.fr\/keops\/es\/outcomes\/outcomes-simulating\/\">Seguir leyendo<\/a><\/p>\n","protected":false},"author":36,"featured_media":638,"parent":413,"menu_order":4,"comment_status":"closed","ping_status":"closed","template":"","meta":{"footnotes":""},"class_list":["post-432","page","type-page","status-publish","has-post-thumbnail","hentry","nodate","item-wrap"],"_links":{"self":[{"href":"https:\/\/project.inria.fr\/keops\/es\/wp-json\/wp\/v2\/pages\/432","targetHints":{"allow":["GET"]}}],"collection":[{"href":"https:\/\/project.inria.fr\/keops\/es\/wp-json\/wp\/v2\/pages"}],"about":[{"href":"https:\/\/project.inria.fr\/keops\/es\/wp-json\/wp\/v2\/types\/page"}],"author":[{"embeddable":true,"href":"https:\/\/project.inria.fr\/keops\/es\/wp-json\/wp\/v2\/users\/36"}],"replies":[{"embeddable":true,"href":"https:\/\/project.inria.fr\/keops\/es\/wp-json\/wp\/v2\/comments?post=432"}],"version-history":[{"count":16,"href":"https:\/\/project.inria.fr\/keops\/es\/wp-json\/wp\/v2\/pages\/432\/revisions"}],"predecessor-version":[{"id":864,"href":"https:\/\/project.inria.fr\/keops\/es\/wp-json\/wp\/v2\/pages\/432\/revisions\/864"}],"up":[{"embeddable":true,"href":"https:\/\/project.inria.fr\/keops\/es\/wp-json\/wp\/v2\/pages\/413"}],"wp:featuredmedia":[{"embeddable":true,"href":"https:\/\/project.inria.fr\/keops\/es\/wp-json\/wp\/v2\/media\/638"}],"wp:attachment":[{"href":"https:\/\/project.inria.fr\/keops\/es\/wp-json\/wp\/v2\/media?parent=432"}],"curies":[{"name":"wp","href":"https:\/\/api.w.org\/{rel}","templated":true}]}}