

{"id":485,"date":"2012-06-18T16:59:45","date_gmt":"2012-06-18T14:59:45","guid":{"rendered":"http:\/\/project.inria.fr\/keops\/?page_id=485"},"modified":"2012-07-24T17:18:14","modified_gmt":"2012-07-24T15:18:14","slug":"laconeu12-neural-coding-and-natural-image-statistics","status":"publish","type":"page","link":"https:\/\/project.inria.fr\/keops\/es\/dissemination\/laconeu12-neural-coding-and-natural-image-statistics\/","title":{"rendered":"Laconeu&#8217;12 : Codificaci\u00f3n neuronal de las im\u00e1genes naturales y Estad\u00edsticas"},"content":{"rendered":"<p><iframe loading=\"lazy\" width=\"900\" height=\"2000\" src=\"http:\/\/www.laconeu.cl\"><br \/>\n  Please connect to <a href=\"http:\/\/www.laconeu.cl\">http:\/\/www.laconeu.cl<\/a><br \/>\n<\/iframe><\/p>","protected":false},"excerpt":{"rendered":"<p>Please connect to http:\/\/www.laconeu.cl<\/p>\n","protected":false},"author":36,"featured_media":0,"parent":482,"menu_order":1,"comment_status":"closed","ping_status":"closed","template":"","meta":{"footnotes":""},"class_list":["post-485","page","type-page","status-publish","hentry","nodate","item-wrap"],"_links":{"self":[{"href":"https:\/\/project.inria.fr\/keops\/es\/wp-json\/wp\/v2\/pages\/485","targetHints":{"allow":["GET"]}}],"collection":[{"href":"https:\/\/project.inria.fr\/keops\/es\/wp-json\/wp\/v2\/pages"}],"about":[{"href":"https:\/\/project.inria.fr\/keops\/es\/wp-json\/wp\/v2\/types\/page"}],"author":[{"embeddable":true,"href":"https:\/\/project.inria.fr\/keops\/es\/wp-json\/wp\/v2\/users\/36"}],"replies":[{"embeddable":true,"href":"https:\/\/project.inria.fr\/keops\/es\/wp-json\/wp\/v2\/comments?post=485"}],"version-history":[{"count":4,"href":"https:\/\/project.inria.fr\/keops\/es\/wp-json\/wp\/v2\/pages\/485\/revisions"}],"predecessor-version":[{"id":660,"href":"https:\/\/project.inria.fr\/keops\/es\/wp-json\/wp\/v2\/pages\/485\/revisions\/660"}],"up":[{"embeddable":true,"href":"https:\/\/project.inria.fr\/keops\/es\/wp-json\/wp\/v2\/pages\/482"}],"wp:attachment":[{"href":"https:\/\/project.inria.fr\/keops\/es\/wp-json\/wp\/v2\/media?parent=485"}],"curies":[{"name":"wp","href":"https:\/\/api.w.org\/{rel}","templated":true}]}}