

{"id":4,"date":"2011-12-08T11:55:34","date_gmt":"2011-12-08T11:55:34","guid":{"rendered":"http:\/\/project.inria.fr\/template1\/?page_id=4"},"modified":"2012-10-01T14:46:28","modified_gmt":"2012-10-01T12:46:28","slug":"home","status":"publish","type":"page","link":"https:\/\/project.inria.fr\/keops\/fr\/","title":{"rendered":"Accueil"},"content":{"rendered":"<p>Algorithmes pour la mod\u00e9lisation du syst\u00e8me visuel: de la vision naturelle aux applications num\u00e9riques.<\/p>\n<p style=\"text-align: center;\"><a href=\"http:\/\/project.inria.fr\/keops\/files\/2012\/02\/keops2-arch.png\"><img loading=\"lazy\" decoding=\"async\" class=\"wp-image-54 aligncenter\" title=\"keops2-arch\" src=\"http:\/\/project.inria.fr\/keops\/files\/2012\/02\/keops2-arch-300x150.png\" alt=\"keops2-arch\" width=\"300\" height=\"150\" srcset=\"https:\/\/project.inria.fr\/keops\/files\/2012\/02\/keops2-arch-300x150.png 300w, https:\/\/project.inria.fr\/keops\/files\/2012\/02\/keops2-arch-1024x514.png 1024w, https:\/\/project.inria.fr\/keops\/files\/2012\/02\/keops2-arch.png 1027w\" sizes=\"auto, (max-width: 300px) 100vw, 300px\" \/><\/a><\/p>\n<p>OBJECTIFS DU PROJET:<\/p>\n<p>-Fournir les nouveaux faits concernant\u00a0 le comportement des cellules r\u00e9tiniennes non-standard<\/p>\n<p>-Prendre en compte des sc\u00e9narios d&rsquo;images naturelles<\/p>\n<p>-Conception innovantes d&rsquo;op\u00e9rateurs visuels<\/p>\n<p>-Pour \u00eatre compar\u00e9s et exp\u00e9riment\u00e9<\/p>\n<p>-Utilisation des m\u00e9thodes et outils statistiques de haut niveau<\/p>\n<p style=\"text-align: justify;\">KEOPS se propose d\u2019\u00e9tudier et de mod\u00e9liser le comportement du cellules ganglionnaires\u00a0 non-standard de la r\u00e9tine\u00a0 dans\u00a0 sc\u00e9narios naturels. KEOPS tente \u00e9galement d\u2019int\u00e9grer les mod\u00e8les qui en r\u00e9sultent dans des applications r\u00e9elles d\u2019ing\u00e9nierie, cr\u00e9ant de nouvelles dynamiques au d\u00e9but du processus visuel. La r\u00e9tine ,endroit accessible du cerveau, est un mod\u00e8le unique pour \u00e9tudier les principes du codage neuronal pour les sc\u00e9narios naturels. Une \u00e9tude r\u00e9cente propose que certaines fonctions visuelles (par exemple la perception du mouvement, l\u2019orientation, la pr\u00e9diction temporelle d\u2019anticipation, le contraste), que l&rsquo;on pensait \u00eatre une r\u00e9serv\u00e9e aux centres c\u00e9r\u00e9braux sup\u00e9rieurs, sont effectivement effectu\u00e9es au niveau r\u00e9tine. L&rsquo;anatomie et la s\u00e9gr\u00e9gation physiologique de sc\u00e8nes visuelles dans des canaux spatiaux, temporels et chromatiques commence \u00e0 la r\u00e9tine par l\u2019action de r\u00e9seaux neuronaux locaux. Cependant, comment l\u2019articulation pr\u00e9cise de cette r\u00e9seau de neurones contribue \u00e0 trouver des solutions locales et de la perception globale n\u00e9cessaires pour r\u00e9soudre t\u00e2che de fonctions visuelles reste en g\u00e9n\u00e9ral un myst\u00e8re.\u00a0 KEOPS vise donc \u00e0 \u00e9tudier la complexit\u00e9 des cellules ganglionnaires de la r\u00e9tine (la sortie vers le cerveau), les comportements observ\u00e9s dans les sc\u00e9narios naturels et d\u2019appliquer ce r\u00e9sultat \u00e0 des syst\u00e8mes visuels artificiels.<\/p>\n<p style=\"text-align: justify;\">\n<p><\/p>","protected":false},"excerpt":{"rendered":"<p>Algorithmes pour la mod\u00e9lisation du syst\u00e8me visuel: de la vision naturelle aux applications num\u00e9riques. OBJECTIFS DU PROJET: -Fournir les nouveaux faits concernant\u00a0 le comportement des cellules r\u00e9tiniennes non-standard -Prendre en compte des sc\u00e9narios d&rsquo;images naturelles -Conception innovantes d&rsquo;op\u00e9rateurs visuels -Pour \u00eatre compar\u00e9s et exp\u00e9riment\u00e9 -Utilisation des m\u00e9thodes et outils statistiques de haut niveau KEOPS se &hellip; <\/p>\n<p><a class=\"more-link btn\" href=\"https:\/\/project.inria.fr\/keops\/fr\/\">Lire la suite<\/a><\/p>\n","protected":false},"author":2,"featured_media":0,"parent":0,"menu_order":1,"comment_status":"closed","ping_status":"open","template":"","meta":{"footnotes":""},"class_list":["post-4","page","type-page","status-publish","hentry","nodate","item-wrap"],"_links":{"self":[{"href":"https:\/\/project.inria.fr\/keops\/fr\/wp-json\/wp\/v2\/pages\/4","targetHints":{"allow":["GET"]}}],"collection":[{"href":"https:\/\/project.inria.fr\/keops\/fr\/wp-json\/wp\/v2\/pages"}],"about":[{"href":"https:\/\/project.inria.fr\/keops\/fr\/wp-json\/wp\/v2\/types\/page"}],"author":[{"embeddable":true,"href":"https:\/\/project.inria.fr\/keops\/fr\/wp-json\/wp\/v2\/users\/2"}],"replies":[{"embeddable":true,"href":"https:\/\/project.inria.fr\/keops\/fr\/wp-json\/wp\/v2\/comments?post=4"}],"version-history":[{"count":19,"href":"https:\/\/project.inria.fr\/keops\/fr\/wp-json\/wp\/v2\/pages\/4\/revisions"}],"predecessor-version":[{"id":45,"href":"https:\/\/project.inria.fr\/keops\/fr\/wp-json\/wp\/v2\/pages\/4\/revisions\/45"}],"wp:attachment":[{"href":"https:\/\/project.inria.fr\/keops\/fr\/wp-json\/wp\/v2\/media?parent=4"}],"curies":[{"name":"wp","href":"https:\/\/api.w.org\/{rel}","templated":true}]}}