

{"id":422,"date":"2012-06-14T13:01:42","date_gmt":"2012-06-14T11:01:42","guid":{"rendered":"http:\/\/project.inria.fr\/keops\/?page_id=422"},"modified":"2012-07-24T17:17:48","modified_gmt":"2012-07-24T15:17:48","slug":"outcomes-observing","status":"publish","type":"page","link":"https:\/\/project.inria.fr\/keops\/fr\/outcomes\/outcomes-observing\/","title":{"rendered":"R\u00e9sultats : Observer"},"content":{"rendered":"<p><strong>Investigateur principal : <strong><a title=\"\" href=\"http:\/\/www.cnv.cl\/palacios\" rel=\"nofollow\">Adrian PALACIOS<\/a>.<\/strong><\/strong><\/p>\n<p><a href=\"http:\/\/project.inria.fr\/keops\/files\/2012\/06\/keopsobs.png\"><img loading=\"lazy\" decoding=\"async\" class=\"alignleft\" title=\"keopsobs\" src=\"http:\/\/project.inria.fr\/keops\/files\/2012\/06\/keopsobs-300x115.png\" alt=\"\" width=\"300\" height=\"115\" \/><\/a><strong>Le travail en cours:<\/strong> conception mat\u00e9rielle et logicielle d&rsquo;un nouvel enregistrement mis en place pour obtenir des r\u00e9ponses pointes synchronis\u00e9s avec la pr\u00e9sentation du stimulus naturel.<br \/>\n[A] Construire un g\u00e9n\u00e9rateur de s\u00e9quences Images<br \/>\n[B] Construire un dispositif OLED de programmation pour la pr\u00e9sentation des stimuli<br \/>\n[C] de mise en \u0153uvre d&rsquo;un algorithme de tri Spike (en collaboration avec O. Marre)<\/p>\n<p><strong><\/strong>Recueillir des nouvelles et existantes des faits exp\u00e9rimentaux sur les comportements standard et non-standard de la r\u00e9tine de cellules des ganglions afin de comprendre la capacit\u00e9s de calcul de la r\u00e9tine sous naturelle sc\u00e8nes.<\/p>\n<p>&#8211; D\u00e9veloppement d&rsquo;un stimulateur visuel : stimuli\u00a0 atificiels\u00a0 et naturels<\/p>\n<p>&#8211; Pr\u00e9paration de simuli naturels<\/p>\n<p>&#8211; Mise en \u0153uvre et analyse comparative de m\u00e9thodes de d\u00e9tection de spikes<\/p>\n<p>&#8211; Calcul du champ r\u00e9ceptif et analyse comparative de la ltt\u00e9rature sur ces sujets<\/p>\n<p><strong>Publications : <\/strong><\/p>\n<p><a href=\"http:\/\/www-sop.inria.fr\/members\/Bruno.Cessac\/\">Spike train statistics from empirical facts to theory:\u00a0the case of the retina, (B. Cessac and A. Palacios.) In Mathematical Problems in Computational Biology and Biomedicine, F. Cazals\u00a0and P. Kornprobst editors, Springer, submitted.<\/a><\/p>\n<p style=\"padding-left: 30px;\">R\u00e9sum\u00e9: Ce chapitre se concentre sur les m\u00e9thodes de la physique statistique et la th\u00e9orie des probabilit\u00e9s permettant l&rsquo;analyse de trains de potentiels d&rsquo;actions dans les r\u00e9seaux neuronaux. Prenant en exemple la r\u00e9tine, nous pr\u00e9sentons les travaux r\u00e9cents permettant de comprendre comment les cellules ganglionnaires r\u00e9tiniennes codent les informations transmises au cortex visuel par l&rsquo;interm\u00e9diaire du nerf optique, en utilisant l&rsquo;analyse de leurs statistiques de train de spikess. Nous comparons les mod\u00e8les d&rsquo;entropie maximale utilis\u00e9s dans la litt\u00e9rature de l&rsquo;analyse de trains de spikes aux r\u00e9sultats rigoureux \u00e9tablissant la forme exacte de telles statistiques, consid\u00e9rant des r\u00e9seaux de neurones bas\u00e9s sur un mod\u00e8le de type int\u00e8gre-et-tire.<\/p>\n<p><\/p>","protected":false},"excerpt":{"rendered":"<p>Investigateur principal : Adrian PALACIOS. Le travail en cours: conception mat\u00e9rielle et logicielle d&rsquo;un nouvel enregistrement mis en place pour obtenir des r\u00e9ponses pointes synchronis\u00e9s avec la pr\u00e9sentation du stimulus naturel. [A] Construire un g\u00e9n\u00e9rateur de s\u00e9quences Images [B] Construire un dispositif OLED de programmation pour la pr\u00e9sentation des stimuli [C] de mise en \u0153uvre &hellip; <\/p>\n<p><a class=\"more-link btn\" href=\"https:\/\/project.inria.fr\/keops\/fr\/outcomes\/outcomes-observing\/\">Lire la suite<\/a><\/p>\n","protected":false},"author":36,"featured_media":0,"parent":413,"menu_order":1,"comment_status":"closed","ping_status":"closed","template":"","meta":{"footnotes":""},"class_list":["post-422","page","type-page","status-publish","hentry","nodate","item-wrap"],"_links":{"self":[{"href":"https:\/\/project.inria.fr\/keops\/fr\/wp-json\/wp\/v2\/pages\/422","targetHints":{"allow":["GET"]}}],"collection":[{"href":"https:\/\/project.inria.fr\/keops\/fr\/wp-json\/wp\/v2\/pages"}],"about":[{"href":"https:\/\/project.inria.fr\/keops\/fr\/wp-json\/wp\/v2\/types\/page"}],"author":[{"embeddable":true,"href":"https:\/\/project.inria.fr\/keops\/fr\/wp-json\/wp\/v2\/users\/36"}],"replies":[{"embeddable":true,"href":"https:\/\/project.inria.fr\/keops\/fr\/wp-json\/wp\/v2\/comments?post=422"}],"version-history":[{"count":15,"href":"https:\/\/project.inria.fr\/keops\/fr\/wp-json\/wp\/v2\/pages\/422\/revisions"}],"predecessor-version":[{"id":654,"href":"https:\/\/project.inria.fr\/keops\/fr\/wp-json\/wp\/v2\/pages\/422\/revisions\/654"}],"up":[{"embeddable":true,"href":"https:\/\/project.inria.fr\/keops\/fr\/wp-json\/wp\/v2\/pages\/413"}],"wp:attachment":[{"href":"https:\/\/project.inria.fr\/keops\/fr\/wp-json\/wp\/v2\/media?parent=422"}],"curies":[{"name":"wp","href":"https:\/\/api.w.org\/{rel}","templated":true}]}}