

{"id":428,"date":"2012-06-14T13:04:44","date_gmt":"2012-06-14T11:04:44","guid":{"rendered":"http:\/\/project.inria.fr\/keops\/?page_id=428"},"modified":"2014-01-08T10:40:03","modified_gmt":"2014-01-08T09:40:03","slug":"outcomes-analysing","status":"publish","type":"page","link":"https:\/\/project.inria.fr\/keops\/fr\/outcomes\/outcomes-analysing\/","title":{"rendered":"R\u00e9sultat : Analyser"},"content":{"rendered":"<p><\/p>\n<p><strong>Investigateur principal :\u00a0<strong><strong> <\/strong><a title=\"\" href=\"http:\/\/www-sop.inria.fr\/members\/Bruno.Cessac\/\" rel=\"nofollow\">Bruno CESSAC<\/a>.<\/strong><\/strong><\/p>\n<p><a href=\"http:\/\/project.inria.fr\/keops\/files\/2012\/06\/keopsan.png\"><img loading=\"lazy\" decoding=\"async\" class=\"alignleft\" title=\"keopsan\" src=\"http:\/\/project.inria.fr\/keops\/files\/2012\/06\/keopsan-300x182.png\" alt=\"\" width=\"300\" height=\"182\" \/><\/a><\/p>\n<p><strong><strong>Travail en cours : <\/strong><\/strong>Analyse <strong><strong><\/strong><\/strong>au niveau du r\u00e9seau local, le propri\u00e9t\u00e9s statistiques des cellules ganglionnaires pic de sortie trains, y compris des m\u00e9canismes d&rsquo;adaptation.<\/p>\n<ul>\n<li>Analyse des statistiques biologiques d&rsquo;ordre \u00e9l\u00e9v\u00e9<\/li>\n<li>Am\u00e9lioration des performances de l&rsquo;algorithme<\/li>\n<li>Estimation param\u00e9trique de mod\u00e8les de r\u00e9seau<\/li>\n<\/ul>\n<p><strong>Publications et r\u00e9sultats:<\/strong><\/p>\n<p><a href=\"http:\/\/www.mathematical-neuroscience.com\/content\/1\/1\/8\">Cessac, B. (2011) Statistics of spike trains in conductance-based neural networks: Rigorous results, The Journal of Mathematical Neuroscience 2011, 1:8 (25 August 2011).<\/a><\/p>\n<p><a href=\"http:\/\/www-sop.inria.fr\/members\/Bruno.Cessac\/\">Cessac, B. and Palacios, A. (2012) \u00ab\u00a0Spike train statistics from empirical facts to theory: the case of the retina\u00a0\u00bb, In Mathematical Problems in\u00a0Computational Biology and Biomedicine, F. Cazals and P. Kornprobst, Springer, to appear.<\/a><\/p>\n<p><a href=\"http:\/\/www.sciencedirect.com\/science\/article\/pii\/S0928425711000441\">Vasquez, J.C., Palacios, A., Marre, O., Berry II, M. and Cessac, B. Gibbs distribution analysis of temporal correlation structure on\u00a0multicell spike trains from retina ganglion cells, J. Physiol. Paris (submitted)<\/a><\/p>\n<p>Event Neural Assembly Simulation (Enas) biblioth\u00e8que logicielle ouverte C++\u00a0 (interop\u00e9rable avec\u00a0 Matlab, Java, Python, disposant d&rsquo;une interface Gtk GUI) qui met \u00e0 disposition des :<\/p>\n<p>&#8211; M\u00e9thodes statistiques et des outils num\u00e9riques pour analyser et simuler les statistiques de trains de potentiels obtenus \u00e0 partir d&rsquo;enregistrements MEA sur la r\u00e9tine.<\/p>\n<p>&#8211; M\u00e9thodes variationnelles et des outils d&rsquo;estimation pour estimer et optimiser les param\u00e8tres d&rsquo;un ensemble de neurones.<\/p>\n<p><strong><a href=\"http:\/\/enas.gforge.inria.fr\"> http:\/\/enas.gforge.inria.fr<\/a><\/strong><\/p>\n<p><\/p>","protected":false},"excerpt":{"rendered":"<p>Investigateur principal :\u00a0 Bruno CESSAC. Travail en cours : Analyse au niveau du r\u00e9seau local, le propri\u00e9t\u00e9s statistiques des cellules ganglionnaires pic de sortie trains, y compris des m\u00e9canismes d&rsquo;adaptation. Analyse des statistiques biologiques d&rsquo;ordre \u00e9l\u00e9v\u00e9 Am\u00e9lioration des performances de l&rsquo;algorithme Estimation param\u00e9trique de mod\u00e8les de r\u00e9seau Publications et r\u00e9sultats: Cessac, B. (2011) Statistics of &hellip; <\/p>\n<p><a class=\"more-link btn\" href=\"https:\/\/project.inria.fr\/keops\/fr\/outcomes\/outcomes-analysing\/\">Lire la suite<\/a><\/p>\n","protected":false},"author":36,"featured_media":586,"parent":413,"menu_order":3,"comment_status":"closed","ping_status":"closed","template":"","meta":{"footnotes":""},"class_list":["post-428","page","type-page","status-publish","has-post-thumbnail","hentry","nodate","item-wrap"],"_links":{"self":[{"href":"https:\/\/project.inria.fr\/keops\/fr\/wp-json\/wp\/v2\/pages\/428","targetHints":{"allow":["GET"]}}],"collection":[{"href":"https:\/\/project.inria.fr\/keops\/fr\/wp-json\/wp\/v2\/pages"}],"about":[{"href":"https:\/\/project.inria.fr\/keops\/fr\/wp-json\/wp\/v2\/types\/page"}],"author":[{"embeddable":true,"href":"https:\/\/project.inria.fr\/keops\/fr\/wp-json\/wp\/v2\/users\/36"}],"replies":[{"embeddable":true,"href":"https:\/\/project.inria.fr\/keops\/fr\/wp-json\/wp\/v2\/comments?post=428"}],"version-history":[{"count":37,"href":"https:\/\/project.inria.fr\/keops\/fr\/wp-json\/wp\/v2\/pages\/428\/revisions"}],"predecessor-version":[{"id":863,"href":"https:\/\/project.inria.fr\/keops\/fr\/wp-json\/wp\/v2\/pages\/428\/revisions\/863"}],"up":[{"embeddable":true,"href":"https:\/\/project.inria.fr\/keops\/fr\/wp-json\/wp\/v2\/pages\/413"}],"wp:featuredmedia":[{"embeddable":true,"href":"https:\/\/project.inria.fr\/keops\/fr\/wp-json\/wp\/v2\/media\/586"}],"wp:attachment":[{"href":"https:\/\/project.inria.fr\/keops\/fr\/wp-json\/wp\/v2\/media?parent=428"}],"curies":[{"name":"wp","href":"https:\/\/api.w.org\/{rel}","templated":true}]}}