

{"id":435,"date":"2012-06-14T13:07:16","date_gmt":"2012-06-14T11:07:16","guid":{"rendered":"http:\/\/project.inria.fr\/keops\/?page_id=435"},"modified":"2013-09-05T15:16:13","modified_gmt":"2013-09-05T13:16:13","slug":"outcomes-application","status":"publish","type":"page","link":"https:\/\/project.inria.fr\/keops\/fr\/outcomes\/outcomes-application\/","title":{"rendered":"R\u00e9sultats : Application"},"content":{"rendered":"<p><strong>Investigateur principal : <a title=\"\" href=\"http:\/\/www.loria.fr\/%7Efalex\/\" rel=\"nofollow\">Frederic ALEXANDRE<\/a>.<\/strong><\/p>\n<p><a href=\"http:\/\/project.inria.fr\/keops\/files\/2012\/06\/keopsapp2.png\"><img loading=\"lazy\" decoding=\"async\" class=\"alignleft\" title=\"keopsapp2\" src=\"http:\/\/project.inria.fr\/keops\/files\/2012\/06\/keopsapp2-300x186.png\" alt=\"\" width=\"300\" height=\"186\" \/><\/a><strong>Travail en cours : <\/strong>Valider les m\u00e9canismes de vision pr\u00e9coce non-standard bio-inspir\u00e9e sur un jeu de donn\u00e9es r\u00e9alistes en ciblant le cas de la vision d\u00e9grad\u00e9e:<\/p>\n<p>\u25cf Sp\u00e9cification d&rsquo;un ensemble de donn\u00e9es de r\u00e9f\u00e9rence<\/p>\n<p>\u25cf D\u00e9ploiement de la plate-forme de d\u00e9monstration<\/p>\n<p>\u25cf R\u00e9alisation des tests<\/p>\n<p>\u00a0<\/p>\n<p><strong>Publications:<\/strong><\/p>\n<p><a href=\"http:\/\/www.pnas.org\/content\/early\/2012\/08\/01\/1201209109.abstract\">Postsynaptic dysfunction is associated with spatial and object recognition memory loss in a natural<\/a><br \/>\n<a href=\"http:\/\/www.pnas.org\/content\/early\/2012\/08\/01\/1201209109.abstract\">model of Alzheimer\u2019s disease<\/a>.<a href=\"http:\/\/www.pnas.org\/search?author1=%C3%81lvaro+O.+Ardiles&#038;sortspec=date&#038;submit=Submit\"> \u00c1lvaro O. Ardiles<\/a>,<a href=\"http:\/\/www.pnas.org\/search?author1=Cheril+C.+Tapia-Rojas&#038;sortspec=date&#038;submit=Submit\"> Cheril C. Tapia-Rojas<\/a>,<a href=\"http:\/\/www.pnas.org\/search?author1=Madhuchhanda+Mandal&#038;sortspec=date&#038;submit=Submit\"> Madhuchhanda Mandal<\/a>,<a href=\"http:\/\/www.pnas.org\/search?author1=Fr%C3%A9d%C3%A9ric+Alexandre&#038;sortspec=date&#038;submit=Submit\"> Fr\u00e9d\u00e9ric Alexandre<\/a>,<a href=\"http:\/\/www.pnas.org\/search?author1=Alfredo+Kirkwood&#038;sortspec=date&#038;submit=Submit\"> Alfredo Kirkwood<\/a>,<a href=\"http:\/\/www.pnas.org\/search?author1=Nibaldo+C.+Inestrosa&#038;sortspec=date&#038;submit=Submit\"> Nibaldo C. Inestrosa<\/a>,<a href=\"http:\/\/www.pnas.org\/search?author1=Adrian+G.+Palacios&#038;sortspec=date&#038;submit=Submit\"> Adrian G. Palacios<\/a>. <em>Proceedings of the National Academy of Sciences<\/em> (06 August 2012), <a href=\"http:\/\/dx.doi.org\/10.1073\/pnas.1201209109\">doi:10.1073\/pnas.1201209109<\/a>.<\/p>\n<p>\u00a0<\/p>\n<p>\u00a0<\/p>","protected":false},"excerpt":{"rendered":"<p>Investigateur principal : Frederic ALEXANDRE. Travail en cours : Valider les m\u00e9canismes de vision pr\u00e9coce non-standard bio-inspir\u00e9e sur un jeu de donn\u00e9es r\u00e9alistes en ciblant le cas de la vision d\u00e9grad\u00e9e: \u25cf Sp\u00e9cification d&rsquo;un ensemble de donn\u00e9es de r\u00e9f\u00e9rence \u25cf D\u00e9ploiement de la plate-forme de d\u00e9monstration \u25cf R\u00e9alisation des tests \u00a0 Publications: Postsynaptic dysfunction is &hellip; <\/p>\n<p><a class=\"more-link btn\" href=\"https:\/\/project.inria.fr\/keops\/fr\/outcomes\/outcomes-application\/\">Lire la suite<\/a><\/p>\n","protected":false},"author":36,"featured_media":0,"parent":413,"menu_order":5,"comment_status":"closed","ping_status":"closed","template":"","meta":{"footnotes":""},"class_list":["post-435","page","type-page","status-publish","hentry","nodate","item-wrap"],"_links":{"self":[{"href":"https:\/\/project.inria.fr\/keops\/fr\/wp-json\/wp\/v2\/pages\/435","targetHints":{"allow":["GET"]}}],"collection":[{"href":"https:\/\/project.inria.fr\/keops\/fr\/wp-json\/wp\/v2\/pages"}],"about":[{"href":"https:\/\/project.inria.fr\/keops\/fr\/wp-json\/wp\/v2\/types\/page"}],"author":[{"embeddable":true,"href":"https:\/\/project.inria.fr\/keops\/fr\/wp-json\/wp\/v2\/users\/36"}],"replies":[{"embeddable":true,"href":"https:\/\/project.inria.fr\/keops\/fr\/wp-json\/wp\/v2\/comments?post=435"}],"version-history":[{"count":15,"href":"https:\/\/project.inria.fr\/keops\/fr\/wp-json\/wp\/v2\/pages\/435\/revisions"}],"predecessor-version":[{"id":851,"href":"https:\/\/project.inria.fr\/keops\/fr\/wp-json\/wp\/v2\/pages\/435\/revisions\/851"}],"up":[{"embeddable":true,"href":"https:\/\/project.inria.fr\/keops\/fr\/wp-json\/wp\/v2\/pages\/413"}],"wp:attachment":[{"href":"https:\/\/project.inria.fr\/keops\/fr\/wp-json\/wp\/v2\/media?parent=435"}],"curies":[{"name":"wp","href":"https:\/\/api.w.org\/{rel}","templated":true}]}}