

{"id":435,"date":"2012-06-14T13:07:16","date_gmt":"2012-06-14T11:07:16","guid":{"rendered":"http:\/\/project.inria.fr\/keops\/?page_id=435"},"modified":"2013-09-05T15:16:13","modified_gmt":"2013-09-05T13:16:13","slug":"outcomes-application","status":"publish","type":"page","link":"https:\/\/project.inria.fr\/keops\/outcomes\/outcomes-application\/","title":{"rendered":"Outcomes : Application"},"content":{"rendered":"<p><strong>Principal investigator : <a title=\"\" href=\"http:\/\/www.loria.fr\/%7Efalex\/\" rel=\"nofollow\">Frederic ALEXANDRE<\/a>.<\/strong><\/p>\n<p><a href=\"http:\/\/project.inria.fr\/keops\/files\/2012\/06\/keopsapp2.png\"><img loading=\"lazy\" decoding=\"async\" class=\"size-medium wp-image-581 alignleft\" title=\"keopsapp2\" alt=\"\" src=\"http:\/\/project.inria.fr\/keops\/files\/2012\/06\/keopsapp2-300x186.png\" width=\"300\" height=\"186\" srcset=\"https:\/\/project.inria.fr\/keops\/files\/2012\/06\/keopsapp2-300x186.png 300w, https:\/\/project.inria.fr\/keops\/files\/2012\/06\/keopsapp2-1024x635.png 1024w, https:\/\/project.inria.fr\/keops\/files\/2012\/06\/keopsapp2.png 1566w\" sizes=\"auto, (max-width: 300px) 100vw, 300px\" \/><\/a><strong>On going work :<\/strong> Validate the non-standard bio-inspired early-vision\u00a0front-end on realistic data set, targeting low vision\u00a0applications.<\/p>\n<p>\u25cf Specification of a set of benchmarks<\/p>\n<p>\u25cf Deployment of the benchmark platform<\/p>\n<p>\u25cf Realization of the tests<\/p>\n<p><strong>Publications:<\/strong><\/p>\n<p>&nbsp;<\/p>\n<p style=\"padding-left: 30px;\">To flee or not to flee? Neural Field dynamics shape information flows in a model of the thalamocortical visual system. Carlos Carvajal, Thierry Vi\u00e9ville, Fr\u00e9d\u00e9ric Alexandre BC &#8211; Bernstein Conference &#8211; September 24-27, 2013; T\u00fcbingen, Germany<\/p>\n<dl class=\"NoticeRes\">\n<dd class=\"ValeurRes Titre\"><a href=\"http:\/\/hal.inria.fr\/hal-00826704\" target=\"_blank\">Impact of the Konio pathway in the thalamocortical visual system: a modeling study<\/a><\/dd>\n<dd class=\"ValeurRes Auteurs\">carlos,carvajal; thierry,vieville; frederic,alexandre<\/dd>\n<dd class=\"ValeurRes Detail\"><i>CNS &#8211; 22nd Annual Computational Neuroscience Meeting &#8211; 2013<\/i>, <span class=\"MoisConf\">Jul <\/span>2013, Paris, France.<\/dd>\n<\/dl>\n<dl class=\"NoticeRes\">\n<dd class=\"ValeurRes Titre\"><a href=\"http:\/\/hal.inria.fr\/hal-00826099\" target=\"_blank\">When early vision in the retina attempts to take decisions about visual motion events : the role of konio cells.<\/a><\/dd>\n<dd class=\"ValeurRes Auteurs\">elaa,teftef; carlos,carvajal; thierry,vieville; frederic,alexandre<\/dd>\n<dd class=\"ValeurRes Detail\">Universit\u00e9 Pierre et Marie Curie (Paris 6). <i>Third International Symposium on Biology of Decision Making<\/i>, <span class=\"MoisConf\">May <\/span>2013, Paris, France.<\/dd>\n<\/dl>\n<dl class=\"NoticeRes\">\n<dd class=\"ValeurRes Titre\"><a href=\"http:\/\/hal.inria.fr\/hal-00842314\" target=\"_blank\">Impact of the Konio pathway in the thalamocortical visual system: a modeling study<\/a><\/dd>\n<dd class=\"ValeurRes Auteurs\">carlos,carvajal; thierry,vieville; frederic,alexandre<\/dd>\n<dd class=\"ValeurRes Detail\">[Poster]. <i>Twenty Second Annual Computational Neuroscience Meeting : CNS 2013<\/i>, <span class=\"MoisConf\">Jul <\/span>2013, Paris, France, P6<\/dd>\n<\/dl>\n<dl class=\"NoticeRes\">\n<dd class=\"ValeurRes Titre\"><a href=\"http:\/\/hal.inria.fr\/hal-00783091\" target=\"_blank\">Modeling non-standard retinal in\/out function using computer vision variational methods<\/a><\/dd>\n<dd class=\"ValeurRes Auteurs\">elaa,teftef; maria-jose,escobar; aland,astudillo; carlos,carvajal; bruno,cessac; adrian,palacios; thierry,vieville; frederic,alexandre<\/dd>\n<dd class=\"ValeurRes Detail\">[Research Report], 2013, pp. 28. RR-8217<\/dd>\n<\/dl>\n<dl class=\"NoticeRes\">\n<dd class=\"ValeurRes Titre\"><a href=\"http:\/\/hal.inria.fr\/hal-00756471\" target=\"_blank\">Konio Pathway: An Instinctive Visual Mechanism for Survival and Decision Making?<\/a><\/dd>\n<dd class=\"ValeurRes Auteurs\">carlos,carvajal; thierry,vieville; frederic,alexandre<\/dd>\n<dd class=\"ValeurRes Detail\"><i>NeuroComp\/KEOpS&#8217;12 workshop beyond the retina: from computational models to outcomes in bioengineering. Focus on architecture and dynamics sustaining information flows in the visuomotor system.<\/i>, <span class=\"MoisConf\">Oct <\/span>2012, Bordeaux, France.<\/dd>\n<\/dl>\n<dl class=\"NoticeRes\">\n<dd class=\"ValeurRes Titre\"><a href=\"http:\/\/hal.inria.fr\/hal-00826923\" target=\"_blank\">Psychophysical comparison of n-chromatic and achromatic color vision channels extracted from PCA analysis on photopigments<\/a><\/dd>\n<dd class=\"ValeurRes Auteurs\">carlos,carvajal; maria-jose,escobar; carolina,soto; adrian,palacios<\/dd>\n<dd class=\"ValeurRes Detail\"><i>VII Annual Meeting, Chilean Society for Neuroscience &#8211; 2011<\/i>, <span class=\"MoisConf\">Sep <\/span>2011, Santa Cruz, Chile.<\/dd>\n<\/dl>\n<p>New research track :<\/p>\n<p><a href=\"http:\/\/www.pnas.org\/content\/early\/2012\/08\/01\/1201209109.abstract\">Postsynaptic dysfunction is associated with spatial and object recognition memory loss in a natural<\/a><br \/>\n<a href=\"http:\/\/www.pnas.org\/content\/early\/2012\/08\/01\/1201209109.abstract\">model of Alzheimer\u2019s disease<\/a>.<a href=\"http:\/\/www.pnas.org\/search?author1=%C3%81lvaro+O.+Ardiles&amp;sortspec=date&amp;submit=Submit\"> \u00c1lvaro O. Ardiles<\/a>,<a href=\"http:\/\/www.pnas.org\/search?author1=Cheril+C.+Tapia-Rojas&amp;sortspec=date&amp;submit=Submit\"> Cheril C. Tapia-Rojas<\/a>,<a href=\"http:\/\/www.pnas.org\/search?author1=Madhuchhanda+Mandal&amp;sortspec=date&amp;submit=Submit\"> Madhuchhanda Mandal<\/a>,<a href=\"http:\/\/www.pnas.org\/search?author1=Fr%C3%A9d%C3%A9ric+Alexandre&amp;sortspec=date&amp;submit=Submit\"> Fr\u00e9d\u00e9ric Alexandre<\/a>,<a href=\"http:\/\/www.pnas.org\/search?author1=Alfredo+Kirkwood&amp;sortspec=date&amp;submit=Submit\"> Alfredo Kirkwood<\/a>,<a href=\"http:\/\/www.pnas.org\/search?author1=Nibaldo+C.+Inestrosa&amp;sortspec=date&amp;submit=Submit\"> Nibaldo C. Inestrosa<\/a>,<a href=\"http:\/\/www.pnas.org\/search?author1=Adrian+G.+Palacios&amp;sortspec=date&amp;submit=Submit\"> Adrian G. Palacios<\/a>. <em>Proceedings of the National Academy of Sciences<\/em> (06 August 2012), <a href=\"http:\/\/dx.doi.org\/10.1073\/pnas.1201209109\">doi:10.1073\/pnas.1201209109<\/a><\/p>\n<p><strong><br \/>\n<\/strong><\/p>","protected":false},"excerpt":{"rendered":"<p>Principal investigator : Frederic ALEXANDRE. On going work : Validate the non-standard bio-inspired early-vision\u00a0front-end on realistic data set, targeting low vision\u00a0applications. \u25cf Specification of a set of benchmarks \u25cf Deployment of the benchmark platform \u25cf Realization of the tests Publications: &nbsp; To flee or not to flee? Neural Field dynamics shape information flows in a &hellip; <\/p>\n<p><a class=\"more-link btn\" href=\"https:\/\/project.inria.fr\/keops\/outcomes\/outcomes-application\/\">Continue reading<\/a><\/p>\n","protected":false},"author":36,"featured_media":0,"parent":413,"menu_order":5,"comment_status":"closed","ping_status":"closed","template":"","meta":{"footnotes":""},"class_list":["post-435","page","type-page","status-publish","hentry","nodate","item-wrap"],"_links":{"self":[{"href":"https:\/\/project.inria.fr\/keops\/wp-json\/wp\/v2\/pages\/435","targetHints":{"allow":["GET"]}}],"collection":[{"href":"https:\/\/project.inria.fr\/keops\/wp-json\/wp\/v2\/pages"}],"about":[{"href":"https:\/\/project.inria.fr\/keops\/wp-json\/wp\/v2\/types\/page"}],"author":[{"embeddable":true,"href":"https:\/\/project.inria.fr\/keops\/wp-json\/wp\/v2\/users\/36"}],"replies":[{"embeddable":true,"href":"https:\/\/project.inria.fr\/keops\/wp-json\/wp\/v2\/comments?post=435"}],"version-history":[{"count":15,"href":"https:\/\/project.inria.fr\/keops\/wp-json\/wp\/v2\/pages\/435\/revisions"}],"predecessor-version":[{"id":851,"href":"https:\/\/project.inria.fr\/keops\/wp-json\/wp\/v2\/pages\/435\/revisions\/851"}],"up":[{"embeddable":true,"href":"https:\/\/project.inria.fr\/keops\/wp-json\/wp\/v2\/pages\/413"}],"wp:attachment":[{"href":"https:\/\/project.inria.fr\/keops\/wp-json\/wp\/v2\/media?parent=435"}],"curies":[{"name":"wp","href":"https:\/\/api.w.org\/{rel}","templated":true}]}}