

{"id":83,"date":"2025-10-09T10:19:50","date_gmt":"2025-10-09T08:19:50","guid":{"rendered":"https:\/\/project.inria.fr\/learnnet\/?page_id=83"},"modified":"2026-03-18T17:37:55","modified_gmt":"2026-03-18T16:37:55","slug":"project-partners","status":"publish","type":"page","link":"https:\/\/project.inria.fr\/learnnet\/project-partners\/","title":{"rendered":"Project Partners"},"content":{"rendered":"<p><strong>Inria<\/strong><\/p>\n\n\n\n<p><strong>MARACAS<\/strong> (Malcolm Egan, Jean-Marie Gorce, Claire Goursaud, Maxime Guillaud)<br><strong>NEO<\/strong> (Giovanni Neglia) <br><strong>COATI<\/strong> (Chuan Xu, Fr\u00e9d\u00e9ric Grimoire)<br><strong>EPIONE<\/strong> (Marco Lorenzi)<br><strong>PREMEDICAL<\/strong> (Aur\u00e9lien Bellet)<br><strong>STATIFY<\/strong> (Florence Forbes)<br><strong>THOTH<\/strong> (Hadrien Hendrikx)<br><strong>TRIBE<\/strong> (Nadjib Achir, C\u00e9dric Adjih)<br><\/p>\n\n\n\n<p><strong>Nokia Bell Labs<\/strong><\/p>\n\n\n\n<p><strong>AIRL<\/strong> (Calvin Chen, Fabio Pianese, T. Zhan)<br><strong>NSSR<\/strong> (Alberto Conte, Marie Line Alberi Morel)<\/p>\n\n\n\n<p><\/p>","protected":false},"excerpt":{"rendered":"<p>Inria MARACAS (Malcolm Egan, Jean-Marie Gorce, Claire Goursaud, Maxime Guillaud)NEO (Giovanni Neglia) COATI (Chuan Xu, Fr\u00e9d\u00e9ric Grimoire)EPIONE (Marco Lorenzi)PREMEDICAL (Aur\u00e9lien Bellet)STATIFY (Florence Forbes)THOTH (Hadrien Hendrikx)TRIBE (Nadjib Achir, C\u00e9dric Adjih) Nokia Bell Labs AIRL (Calvin Chen, Fabio Pianese, T. Zhan)NSSR (Alberto Conte, Marie Line Alberi Morel)<\/p>\n<p> <a class=\"continue-reading-link\" href=\"https:\/\/project.inria.fr\/learnnet\/project-partners\/\"><span>Continue reading<\/span><i class=\"crycon-right-dir\"><\/i><\/a> <\/p>\n","protected":false},"author":1247,"featured_media":0,"parent":0,"menu_order":0,"comment_status":"closed","ping_status":"closed","template":"","meta":{"footnotes":""},"class_list":["post-83","page","type-page","status-publish","hentry"],"_links":{"self":[{"href":"https:\/\/project.inria.fr\/learnnet\/wp-json\/wp\/v2\/pages\/83","targetHints":{"allow":["GET"]}}],"collection":[{"href":"https:\/\/project.inria.fr\/learnnet\/wp-json\/wp\/v2\/pages"}],"about":[{"href":"https:\/\/project.inria.fr\/learnnet\/wp-json\/wp\/v2\/types\/page"}],"author":[{"embeddable":true,"href":"https:\/\/project.inria.fr\/learnnet\/wp-json\/wp\/v2\/users\/1247"}],"replies":[{"embeddable":true,"href":"https:\/\/project.inria.fr\/learnnet\/wp-json\/wp\/v2\/comments?post=83"}],"version-history":[{"count":4,"href":"https:\/\/project.inria.fr\/learnnet\/wp-json\/wp\/v2\/pages\/83\/revisions"}],"predecessor-version":[{"id":113,"href":"https:\/\/project.inria.fr\/learnnet\/wp-json\/wp\/v2\/pages\/83\/revisions\/113"}],"wp:attachment":[{"href":"https:\/\/project.inria.fr\/learnnet\/wp-json\/wp\/v2\/media?parent=83"}],"curies":[{"name":"wp","href":"https:\/\/api.w.org\/{rel}","templated":true}]}}