

{"id":63,"date":"2019-06-19T11:40:01","date_gmt":"2019-06-19T09:40:01","guid":{"rendered":"https:\/\/project.inria.fr\/limah\/?page_id=63"},"modified":"2020-02-14T17:33:51","modified_gmt":"2020-02-14T16:33:51","slug":"publications","status":"publish","type":"page","link":"https:\/\/project.inria.fr\/limah\/publications\/","title":{"rendered":"Publications"},"content":{"rendered":"<p><\/p>\n<h6><strong>PhD theses<\/strong><\/h6>\n<ul>\n<li id=\"aui_3_4_0_1_304\"><label>Thomas P\u00e9rennou<\/label>: <a href=\"http:\/\/limah.irisa.fr\/docs\/these_thomas_perennou_2019.pdf\">L&#8217;appr\u00e9hension des hyperliens en droit de l&#8217;Union europ\u00e9enne<\/a><label>, PhD thesis, University of Rennes 1, September <\/label> <label> : 2019<\/label><\/li>\n<li><label>Salom\u00e9 Cojean: <\/label> <a href=\"http:\/\/limah.irisa.fr\/docs\/these_salome_cojean_2018.pdf\"> \u00c9tayage des activit\u00e9s de recherche d\u2019information et d\u2019apprentissage en environnement vid\u00e9o : apports de la segmentation et de la structuration<\/a><label>, PhD thesis, University of Rennes 2, October <\/label> <label> : 2018<\/label><\/li>\n<li><label>R\u00e9mi Bois: <\/label> <a href=\"https:\/\/tel.archives-ouvertes.fr\/tel-01734657\"> Hypergraphes multim\u00e9dias dirig\u00e9s navigables : construction et exploitation<\/a><label>, PhD thesis, University of Rennes 1, December <\/label> <label> : 2017 <\/label><\/li>\n<\/ul>\n<h6><strong>Peer-reviewed international journals<\/strong><\/h6>\n<ul>\n<li><label> Salom\u00e9 Cojean, \u00c9ric Jamet: <\/label> <a href=\"http:\/\/limah.irisa.fr\/docs\/Cojean_Jamet_Journal_2018.pdf\"> The Role of Scaffolding in Improving Information Seeking in Videos<\/a><label>, Journal of Computer Assisted Learning <\/label> <label> : 2018 <\/label><\/li>\n<li><label>Salom\u00e9 Cojean, \u00c9ric Jamet: <\/label> <a href=\"https:\/\/hal.archives-ouvertes.fr\/hal-01730594\"> Facilitating Information-Seeking Activity in Instructional Videos: The Combined Effects of Micro- and Macroscaffolding<\/a><label>, Computers in Human Behavior, Vol 74, pages 294-302 <\/label> <label> : 2017 <\/label><\/li>\n<\/ul>\n<h6><strong>Peer-reviewed international conferences<\/strong><\/h6>\n<ul>\n<li><label>Salom\u00e9 Cojean, \u00c9ric Jamet: <\/label> <a href=\"https:\/\/www.learntechlib.org\/p\/181199\/\"> The Impact of Scaffolding on Characteristics of Mental Models During Information-Seeking Activity<\/a><label>, E-Learn: World Conference on E-Learning in Corporate, Government, Healthcare, and Higher Education. Association for the Advancement of Computing in Education (AACE), Vancouver, Canada, October <\/label> <label> : 2017 <\/label><\/li>\n<li><label>R\u00e9mi Bois, Guillaume Gravier, \u00c9ric Jamet, Maxime Robert, Emmanuel Morin, Pascale S\u00e9billot: <\/label> <a href=\"https:\/\/hal.archives-ouvertes.fr\/hal-01578932\"> Language-based Construction of Explorable News Graphs for Journalists<\/a><label>, Empirical Methods in Natural Language Processing (EMNLP) &#8211; Workshop on Natural Language Processing meets Journalism, Copenhagen, Denmark, September <\/label> <label> : 2017 <\/label><\/li>\n<li><label>R\u00e9mi Bois, Guillaume Gravier, \u00c9ric Jamet, Emmanuel Morin, Maxime Robert, Pascale S\u00e9billot: <\/label> <a href=\"https:\/\/hal.archives-ouvertes.fr\/hal-01522413\"> Linking Multimedia Content for Efficient News Browsing<\/a><label>, Annual ACM International Conference on Multimedia Retrieval (ICMR), Bucharest, Romania, June <\/label> <label> : 2017<\/label><\/li>\n<li><label>R\u00e9mi Bois, Vedran Vukotic, Anca-Roxana Simon, Ronan Sicre, Christian Raymond, Pascale S\u00e9billot, Guillaume Gravier: <\/label> <a href=\"https:\/\/hal.archives-ouvertes.fr\/hal-01498130\"> Exploiting Multimodality in Video Hyperlinking to Improve Target Diversity<\/a><label>, International Conference on Multimedia Modeling (MMM), Reykjavik, Iceland, January <\/label> <label> : 2017 <\/label><\/li>\n<li><label>Salom\u00e9 Cojean, \u00c9ric Jamet: <\/label> <a href=\"https:\/\/hal.archives-ouvertes.fr\/hal-01730622\"> Facilitating the Information Seeking Activity in Instructional Video: The Effects of Micro- and Macro-scaffolding<\/a><label>, European Association for Research and Instruction (EARLI) SIG 6&amp;7 &#8220;Instructional Design&#8221; and &#8220;Learning and Instruction with Computers&#8221;, Dijon, France, August <\/label> <label> : 2016 <\/label><\/li>\n<li><label>Vedran Vukotic, Christian Raymond, Guillaume Gravier: <\/label> <a href=\"https:\/\/hal.archives-ouvertes.fr\/hal-01314302\"> Bidirectional Joint Representation Learning with Symmetrical Deep Neural Networks for Multimodal and Crossmodal Applications<\/a><label>, ACM International Conference in Multimedia Retrieval (ICMR), New York, USA, June <\/label> <label> : 2016 <\/label><\/li>\n<li><label>Gr\u00e9goire Jadi, Vincent Claveau, B\u00e9atrice Daille, Laura Monceaux-Cachard: <\/label> <a href=\"https:\/\/hal.archives-ouvertes.fr\/hal-01394768\"> Evaluating Lexical Similarity to Build Sentiment Similarity<\/a><label>, 10th Language Resources and Evaluation Conference (LREC), Portoroz, Slovenia, May <\/label> <label> : 2016 <\/label><\/li>\n<li><label>Guillaume Gravier, Martin Ragot, Laurent Amsaleg, R\u00e9mi Bois, Gr\u00e9goire Jadi, \u00c9ric Jamet, Laura Monceaux, Pascale S\u00e9billot: <\/label> <a href=\"https:\/\/hal.archives-ouvertes.fr\/hal-01214829\"> Shaping-Up Multimedia Analytics: Needs and Expectations of Media Professionals<\/a><label>, 22nd International Conference on Multimedia Modelling (MMM), Special Session Perspectives on Multimedia Analytics, Miami, USA, January <\/label> <label> : 2016 <\/label><\/li>\n<li><label>Anca-Roxana Simon, R\u00e9mi Bois, Guillaume Gravier, Pascale S\u00e9billot, Emmanuel Morin, Sien Moens: <\/label> <a href=\"https:\/\/hal.archives-ouvertes.fr\/hal-01186429\"> Hierarchical Topic Models for Language-based Video Hyperlinking<\/a>,\u00a0<label> ISCA\/IEEE Workshop on Speech, Language and Audio in Multimedia (SLAM), Brisbane, Australia, October <\/label> <label> : 2015 <\/label><\/li>\n<\/ul>\n<h6><strong><label>National journals<\/label><\/strong><\/h6>\n<ul>\n<li><label><\/label><label>Thomas P\u00e9rennou<\/label>: <a href=\"http:\/\/limah.irisa.fr\/docs\/rjo_2019_perennou.pdf\">Le droit fondamental du public \u00e0 l\u2019information sur Internet dans la jurisprudence de la CJUE<\/a>, <label>Revue juridique de l&#8217;Ouest :<\/label><label> 2019<\/label><\/li>\n<\/ul>\n<h6><strong>Peer-reviewed national conferences<\/strong><\/h6>\n<ul>\n<li><label>Gr\u00e9goire Jadi, Laura Monceaux, Vincent Claveau, B\u00e9atrice Daille: <\/label> <a href=\"https:\/\/hal.archives-ouvertes.fr\/hal-01397188\"> Opinion Target Expression Extraction: From English to French<\/a><label>, 23e conf\u00e9rence Traitement automatique des langues naturelles (TALN), Paris, France, July <\/label> <label> : 2016 <\/label><\/li>\n<li>R<label>\u00e9mi Bois, Guillaume Gravier, Pascale S\u00e9billot, Emmanuel Morin: <\/label> <a href=\"https:\/\/hal.archives-ouvertes.fr\/hal-01196052\"> Vers une typologie de liens entre contenus journalistiques<\/a><label>, 22e conf\u00e9rence Traitement automatique des langues naturelles (TALN), short paper, Caen, France, June <\/label> <label> : 2015 <\/label><\/li>\n<\/ul>\n<h6><strong>Non-reviewed workshop communications<\/strong><\/h6>\n<ul>\n<li><label>Vincent Claveau, Christian Raymond: <\/label> <a href=\"https:\/\/hal.archives-ouvertes.fr\/hal-01643993\"> Participation de l&#8217;IRISA \u00e0 DeFT2017 : syst\u00e8mes de classification de complexit\u00e9 croissante<\/a><label>, Traitement automatique des langues naturelles (TALN) &#8211; Workshop DeFT 2017 &#8211; D\u00e9fi Fouille de texte, Orl\u00e9ans, France, June <\/label> <label> : 2017 <\/label><\/li>\n<li><label>Mika\u00efl Demirdelen, Mateusz Budnik, Gabriel Sargent, R\u00e9mi Bois, Guillaume Gravier: <\/label> <label>IRISA at TrecVid2017: <a href=\"https:\/\/hal.archives-ouvertes.fr\/hal-01643232\">Beyond Crossmodal and Multimodal Models for Video Hyperlinking<\/a>, <\/label><label>TRECVid 2017 Workshop, Gaithersburg, USA, November <\/label> <label> : 2017<\/label><label><\/label><\/li>\n<li><label> R\u00e9mi Bois, Vedran Vukotic, Ronan Sicre, Christian Raymond, Guillaume Gravier, Pascale S\u00e9billot: <\/label> <a href=\"https:\/\/hal.archives-ouvertes.fr\/hal-01400275\"> IRISA at TrecVid2016: Crossmodality, Multimodality and Monomodality for Video Hyperlinking<\/a><label>, TRECVid 2016 Workshop, Gaithersburg, USA, November <\/label> <label> : 2016 <\/label><\/li>\n<li><label>Anca-Roxana Simon, Ronan Sicre, R\u00e9mi Bois, Guillaume Gravier, Pascale S\u00e9billot: <\/label> <a href=\"https:\/\/hal.archives-ouvertes.fr\/hal-01403726\"> IRISA at TrecVid2015: Leveraging Multimodal LDA for Video Hyperlinking<\/a><label>, TRECVid 2015 Workshop, Gaithersburg, USA, November <\/label> <label> : 2015 <\/label><\/li>\n<li><label>Vedran Vukotic, Vincent Claveau, Christian Raymond: <\/label> <a href=\"https:\/\/hal.archives-ouvertes.fr\/hal-01226528\"> IRISA at DeFT 2015: Supervised and Unsupervised Methods in Sentiment Analysis<\/a><label>, 11th D\u00e9fi Fouille de Texte (DeFT), satellite workshop at TALN 2015, Caen, France, June <\/label> <label> : 2015 <\/label><\/li>\n<li><label>Nicolas Hernandez, Gr\u00e9goire Jadi, Joseph Lark, Laura Monceaux: <\/label> <a href=\"http:\/\/hal.univ-nantes.fr\/hal-01169063\"> Exploitation de lexiques pour la cat\u00e9gorisation fine d&#8217;\u00e9motions, de sentiments et d&#8217;opinions<\/a><label>, 11th D\u00e9fi Fouille de Texte (DeFT), satellite workshop at TALN 2015, Caen, France, June <\/label> <label> : 2015 <\/label><\/li>\n<\/ul>\n<h6><strong>Poster presentations<\/strong><\/h6>\n<ul>\n<li><label>Salom\u00e9 Cojean, \u00c9ric Jamet: <\/label> <a href=\"https:\/\/hal.archives-ouvertes.fr\/hal-01730625\"> Quels outils pour favoriser la recherche d&#8217;information dans les vid\u00e9os ? Effets sur les performances et les repr\u00e9sentations mentales<\/a><label>, Journ\u00e9es transversales de l&#8217;UFR Sciences Humaines de Rennes 2, poster, Rennes, France, May <\/label> <label> : 2017 <\/label><\/li>\n<\/ul>\n<p><strong><label>Technical reports<\/label><label><\/label><\/strong><\/p>\n<ul>\n<li><label><a href=\"http:\/\/limah.irisa.fr\/docs\/LIMAH Final Report_L.pdf\">LIMAH final report<\/a>, May <\/label> <label> : 2018 <\/label><\/li>\n<li><label>Sophie Barel, Florian H\u00e9mont: <a href=\"http:\/\/limah.irisa.fr\/docs\/rapportPREFICS V1.pdf\">Pratiques de recherches-productions et outil d&#8217;exploration<\/a>, Technical report, PREFics<\/label><label>, April <\/label> <label> : 2018 <\/label><\/li>\n<li><label>Maxime Robert: <a href=\"http:\/\/limah.irisa.fr\/docs\/TestsUtilisateur.pdf\">\u00c9valuation de l&#8217;interface LIMAH : tests utilisateurs<\/a>, Technical report, CRPCC,\u00a0 February<\/label><label> <\/label> <label> : 2016 <\/label><\/li>\n<li><label>Maxime Robert: <a href=\"http:\/\/limah.irisa.fr\/docs\/AnalyseFonctionnalitesExpertsPros.pdf\">Analyse des fonctionnalit\u00e9s propos\u00e9es par des experts scientifiques vs. des professionnels<\/a>, Technical report, CRPCC,\u00a0 April<\/label><label> <\/label> <label> : 2016 <\/label><\/li>\n<li><label>Martin Ragot: <a href=\"http:\/\/limah.irisa.fr\/docs\/Livrable Limah - Etude en amont.pdf\">\u00c9tude amont de l&#8217;interface LIMAH<\/a>, Technical report, CRPCC,\u00a0 March<\/label><label> <\/label> <label> : 2016 <\/label><\/li>\n<li><label>R\u00e9mi Bois: <a href=\"http:\/\/limah.irisa.fr\/docs\/29_06_2016corpus2016.pdf\">Corpus LIMAH<\/a>, Technical report, IRISA,\u00a0 June<\/label><label> <\/label> <label> : 2016 <\/label><label><\/label><label><\/label><\/li>\n<\/ul>\n<h6><strong>Invited talks<\/strong><\/h6>\n<ul>\n<li><label>Guillaume Gravier: Structuring multimedia collections with links for media analytics, Universidad de Chile, Chile,\u00a0<label>Invited talk<\/label><\/label><label> <\/label> <label> : 2017 <\/label><\/li>\n<li><label>Pascale S\u00e9billot, Tristan Allard: <\/label> <a href=\"http:\/\/limah.irisa.fr\/docs\/2017-10-06PIetDonnees.pdf\"> D\u00e9finition informatique de la donn\u00e9e num\u00e9rique et perceptions des contraintes de propri\u00e9t\u00e9s intellectuelles<\/a><label>, Colloque Propri\u00e9t\u00e9 intellectuelle et donn\u00e9es dans l&#8217;environnement num\u00e9rique. Facult\u00e9 de droit et de science politique, Invited talk, October <\/label> <label> : 2017 <\/label><\/li>\n<li><label>Guillaume Gravier: Structuring multimedia collections with links for media analytics, Katholieke Universiteit Leuven, Belgium,\u00a0<label>Invited talk<\/label><\/label><label> <\/label> <label> : 2017 <\/label><\/li>\n<li><label>Guillaume Gravier: Structuring multimedia collections with links for media analytics, ACM Multimedia TPS Workshop, New York, USA,\u00a0<label>Invited talk<\/label><\/label><label> <\/label> <label> : 2016<\/label><\/li>\n<li><label> Annie Blandin: <\/label> Un nouveau cadre l\u00e9gislatif pour le March\u00e9 unique num\u00e9rique<label>, Colloque Digital Single Market &#8211; 8es Rencontres de la Maison de l&#8217;Europe, Rennes, France, Novembre <\/label> <label> : 2015 <\/label><label><\/label><label><\/label><\/li>\n<\/ul>\n<p>&nbsp;<\/p>\n<p>&nbsp;<\/p>","protected":false},"excerpt":{"rendered":"<p>PhD theses Thomas P\u00e9rennou: L&#8217;appr\u00e9hension des hyperliens en droit de l&#8217;Union europ\u00e9enne, PhD thesis, University of Rennes 1, September : 2019 Salom\u00e9 Cojean: \u00c9tayage des\u2026<\/p>\n<p> <a class=\"continue-reading-link\" href=\"https:\/\/project.inria.fr\/limah\/publications\/\"><span>Continue reading<\/span><i class=\"crycon-right-dir\"><\/i><\/a> <\/p>\n","protected":false},"author":1611,"featured_media":0,"parent":0,"menu_order":0,"comment_status":"closed","ping_status":"closed","template":"","meta":{"footnotes":""},"class_list":["post-63","page","type-page","status-publish","hentry"],"_links":{"self":[{"href":"https:\/\/project.inria.fr\/limah\/wp-json\/wp\/v2\/pages\/63","targetHints":{"allow":["GET"]}}],"collection":[{"href":"https:\/\/project.inria.fr\/limah\/wp-json\/wp\/v2\/pages"}],"about":[{"href":"https:\/\/project.inria.fr\/limah\/wp-json\/wp\/v2\/types\/page"}],"author":[{"embeddable":true,"href":"https:\/\/project.inria.fr\/limah\/wp-json\/wp\/v2\/users\/1611"}],"replies":[{"embeddable":true,"href":"https:\/\/project.inria.fr\/limah\/wp-json\/wp\/v2\/comments?post=63"}],"version-history":[{"count":10,"href":"https:\/\/project.inria.fr\/limah\/wp-json\/wp\/v2\/pages\/63\/revisions"}],"predecessor-version":[{"id":88,"href":"https:\/\/project.inria.fr\/limah\/wp-json\/wp\/v2\/pages\/63\/revisions\/88"}],"wp:attachment":[{"href":"https:\/\/project.inria.fr\/limah\/wp-json\/wp\/v2\/media?parent=63"}],"curies":[{"name":"wp","href":"https:\/\/api.w.org\/{rel}","templated":true}]}}