

{"id":67,"date":"2023-05-10T10:41:09","date_gmt":"2023-05-10T08:41:09","guid":{"rendered":"https:\/\/project.inria.fr\/lint\/?page_id=67"},"modified":"2023-05-10T10:45:57","modified_gmt":"2023-05-10T08:45:57","slug":"consortium","status":"publish","type":"page","link":"https:\/\/project.inria.fr\/lint\/consortium\/","title":{"rendered":"Consortium"},"content":{"rendered":"<h2 class=\"wp-block-heading\">France<\/h2>\n\n\n\n<h3 class=\"wp-block-heading\">INRIA-Saclay<\/h3>\n\n\n\n<ul class=\"wp-block-list\"><li>Participants: <strong>Nadjib Achir<\/strong> (coordinator), Aline Carneiro Vianna, Ane Josiane Kouam Djuigne (PhD Student)<\/li><\/ul>\n\n\n\n<h3 class=\"wp-block-heading\">University Sorbonne Paris Nord<\/h3>\n\n\n\n<ul class=\"wp-block-list\"><li>Participants: Khaled Boussetta<\/li><\/ul>\n\n\n\n<h2 class=\"wp-block-heading\">South America &#8212; Argentina<\/h2>\n\n\n\n<h3 class=\"wp-block-heading\">Universidad de Buenos Aires <\/h3>\n\n\n\n<ul class=\"wp-block-list\"><li>Participants: <strong>Mariano Gast\u00f3n Beir\u00f3<\/strong> (<em>coordinator<\/em>), Jos\u00e9 Ignacio Alvarez-Hamelin, and Federico Mart\u00edn Funes (Master student)<\/li><\/ul>\n\n\n\n<h2 class=\"wp-block-heading\">South America &#8212; Chile<\/h2>\n\n\n\n<h3 class=\"wp-block-heading\">Universidad del Desarrollo<\/h3>\n\n\n\n<ul class=\"wp-block-list\"><li>Participants: <strong>Leo Ferres<\/strong> (coordinator)<\/li><\/ul>\n\n\n\n<h2 class=\"wp-block-heading\">South America &#8212; Brazil<\/h2>\n\n\n\n<h3 class=\"wp-block-heading\">Universidade Federal do Rio de Janeiro<\/h3>\n\n\n\n<ul class=\"wp-block-list\"><li><strong>Lu\u00eds Henrique Maciel Kosmalski Costa<\/strong> (coordinator), Miguel Elias Mitre Campista, Pedro Henrique Cruz Caminha, Rodrigo de Souza Couto<\/li><\/ul>\n\n\n\n<h3 class=\"wp-block-heading\">Universidade Federal de Minas Gerais<\/h3>\n\n\n\n<ul class=\"wp-block-list\"><li>Jussara Marques de Almeida, Jo\u0101o Paulo Esper<\/li><\/ul>\n\n\n\n<h3 class=\"wp-block-heading\">Universidade Federal de Goi\u00e1s<\/h3>\n\n\n\n<ul class=\"wp-block-list\"><li>Sand Luz Correa, Kleber Vieira Cardoso<\/li><\/ul>\n\n\n\n<p><\/p>","protected":false},"excerpt":{"rendered":"<p>France INRIA-Saclay Participants: Nadjib Achir (coordinator), Aline Carneiro Vianna, Ane Josiane Kouam Djuigne (PhD Student) University Sorbonne Paris Nord Participants: Khaled Boussetta South America &#8212; Argentina Universidad de Buenos Aires Participants: Mariano Gast\u00f3n Beir\u00f3 (coordinator), Jos\u00e9 Ignacio Alvarez-Hamelin, and Federico Mart\u00edn Funes (Master student) South America &#8212; Chile Universidad del\u2026<\/p>\n<p> <a class=\"continue-reading-link\" href=\"https:\/\/project.inria.fr\/lint\/consortium\/\"><span>Continue reading<\/span><i class=\"crycon-right-dir\"><\/i><\/a> <\/p>\n","protected":false},"author":1956,"featured_media":0,"parent":0,"menu_order":0,"comment_status":"closed","ping_status":"closed","template":"","meta":{"footnotes":""},"class_list":["post-67","page","type-page","status-publish","hentry"],"_links":{"self":[{"href":"https:\/\/project.inria.fr\/lint\/wp-json\/wp\/v2\/pages\/67","targetHints":{"allow":["GET"]}}],"collection":[{"href":"https:\/\/project.inria.fr\/lint\/wp-json\/wp\/v2\/pages"}],"about":[{"href":"https:\/\/project.inria.fr\/lint\/wp-json\/wp\/v2\/types\/page"}],"author":[{"embeddable":true,"href":"https:\/\/project.inria.fr\/lint\/wp-json\/wp\/v2\/users\/1956"}],"replies":[{"embeddable":true,"href":"https:\/\/project.inria.fr\/lint\/wp-json\/wp\/v2\/comments?post=67"}],"version-history":[{"count":8,"href":"https:\/\/project.inria.fr\/lint\/wp-json\/wp\/v2\/pages\/67\/revisions"}],"predecessor-version":[{"id":79,"href":"https:\/\/project.inria.fr\/lint\/wp-json\/wp\/v2\/pages\/67\/revisions\/79"}],"wp:attachment":[{"href":"https:\/\/project.inria.fr\/lint\/wp-json\/wp\/v2\/media?parent=67"}],"curies":[{"name":"wp","href":"https:\/\/api.w.org\/{rel}","templated":true}]}}