

{"id":101,"date":"2023-09-19T16:48:50","date_gmt":"2023-09-19T14:48:50","guid":{"rendered":"https:\/\/project.inria.fr\/liveit\/?page_id=101"},"modified":"2025-09-20T00:37:00","modified_gmt":"2025-09-19T22:37:00","slug":"francais-articles-et-communications","status":"publish","type":"page","link":"https:\/\/project.inria.fr\/liveit\/francais-articles-et-communications\/","title":{"rendered":"Articles and communications"},"content":{"rendered":"<div style=\"height:38px\" aria-hidden=\"true\" class=\"wp-block-spacer\"><\/div>\n\n\n\n<h3 class=\"wp-block-heading\">Published articles<\/h3>\n\n\n\n<ul class=\"wp-block-list\">\n<li><a href=\"https:\/\/hal.science\/hal-04699693v1\/document\" data-type=\"URL\" data-id=\"https:\/\/hal.science\/hal-04699693v1\/document\">Claudia Krogmeier, Emma Tison, Justin Dillmann, Arnaud Prouzeau, Antoinette Prouteau, et al.. Leveraging Augmented Reality for Understanding Schizophrenia -Design and Evaluation of a Dedi- cated Educational Tool. ISMAR 2024 &#8211; IEEE International Symposium on Mixed and Augmented Reality, Oct 2024, Seattle, United States. hal-04699693<\/a><\/li>\n<\/ul>\n\n\n\n<div style=\"height:100px\" aria-hidden=\"true\" class=\"wp-block-spacer\"><\/div>\n\n\n\n<h3 class=\"wp-block-heading\">Communications produced<\/h3>\n\n\n\n<div style=\"height:38px\" aria-hidden=\"true\" class=\"wp-block-spacer\"><\/div>\n\n\n<div class=\"wp-block-image\">\n<figure class=\"alignright size-full is-resized\"><a href=\"https:\/\/project.inria.fr\/liveit\/files\/2023\/09\/Capture-decran-2023-09-20-a-16.50.34.png\"><img loading=\"lazy\" decoding=\"async\" width=\"883\" height=\"585\" src=\"https:\/\/project.inria.fr\/liveit\/files\/2023\/09\/Capture-decran-2023-09-20-a-16.50.34.png\" alt=\"\" class=\"wp-image-198\" style=\"width:190px;height:126px\" srcset=\"https:\/\/project.inria.fr\/liveit\/files\/2023\/09\/Capture-decran-2023-09-20-a-16.50.34.png 883w, https:\/\/project.inria.fr\/liveit\/files\/2023\/09\/Capture-decran-2023-09-20-a-16.50.34-300x199.png 300w, https:\/\/project.inria.fr\/liveit\/files\/2023\/09\/Capture-decran-2023-09-20-a-16.50.34-768x509.png 768w, https:\/\/project.inria.fr\/liveit\/files\/2023\/09\/Capture-decran-2023-09-20-a-16.50.34-150x99.png 150w\" sizes=\"auto, (max-width: 883px) 100vw, 883px\" \/><\/a><\/figure><\/div>\n\n\n<p><span style=\"text-decoration: underline;\">Online articles<\/span><\/p>\n\n\n\n<ul id=\"block-fca991a9-d01a-4478-a5d5-c3e87178f6fd\" class=\"wp-block-list\">\n<li>Tison, E. (4 mai, 2023).\u00a0<em><a href=\"https:\/\/theconversation.com\/realite-virtuelle-et-sante-mentale-exit-le-divan-place-au-casque-202175\">R\u00e9alit\u00e9 virtuelle et sant\u00e9 mentale: exit le divan, place au casque ?<\/a>\u00a0<\/em>[Article en ligne]. The Conversation<\/li>\n<\/ul>\n\n\n\n<div style=\"height:39px\" aria-hidden=\"true\" class=\"wp-block-spacer\"><\/div>\n\n\n\n<p><span style=\"text-decoration: underline;\">Conferences and forums<\/span><\/p>\n\n\n\n<ul class=\"wp-block-list\">\n<li>Tison, E., Krogmeier, C., Dillmann, J., Prouzeau, A., Hachet, M., Prouteau, A. (1 April 2025)\u00a0<em>Augmented Reality in Mental Health Training: A Simulation of Schizophrenia Phenomena for Health Students<\/em>\u00a0[Oral communication].\u00a0Schizophrenia International Research Society, Chicago, Illinois, USA<\/li>\n\n\n\n<li>Tison, E., (13 March 2025) [demonstrations]. Schizophrenia Days : \u2018Diagnosis 2035: Dive into the future of mental health\u2019, Positives Minders, Lyon, France<\/li>\n\n\n\n<li>Tison, E., Krogmeier, C., Dillmann, J., Prouzeau, A., Hachet, M., Prouteau, A. (5 &amp; 6 December 2024).\u00a0<em>Destigmatising mental health training: the use of augmented reality<\/em>\u00a0[Oral communication + Workshop animation].\u00a0\u00a0Psy\u2019Novons congress \u2018Let&#8217;s make psychology the engine of innovation\u2019, Paris, France<\/li>\n\n\n\n<li>Tison, E., Krogmeier, C., Dillmann, J., Prouzeau, A., Hachet, M., Prouteau, A. (18 November 2024).\u00a0<em>Destigmatising mental health training: the use of augmented reality<\/em>\u00a0[Oral communication + Demonstration]. C2RP Regional Day \u2018Levers for raising awareness and training in Psychosocial Rehabilitation: Involving professionals and students in a recovery-oriented approach\u2019, Bruges, France.<\/li>\n\n\n\n<li>Tison, E., Krogmeier, C., Dillmann, J., Prouzeau, A., Hachet, M., Prouteau, A. (8 November 2024).\u00a0<em>Destigmatising mental health training: the use of augmented reality<\/em>\u00a0[Oral communication]. Fedrha Scientific Days \u2018Mental disability at all stages of life: living with it and supporting it\u2019, Bordeaux, France<\/li>\n\n\n\n<li>Tison, E. (28 April, 2024). Laboratoire de Psychologie (LabPsy), Universit\u00e9 de Bordeaux &amp; Bivwac, Institut national de recherche en informatique et en automatique (Inria-Bordeaux) [Laboratory stand and demonstrations]. Cognitive Sciences Forum, Paris, France<\/li>\n\n\n\n<li>Tison, E. (5 April 2024). <em>Experiencing schizophrenia symptoms through augmented reality: from assessing students needs to prototyping a simulation <\/em>[Poster]. SIRS, Florence, Italie<\/li>\n<\/ul>\n\n\n\n<div class=\"wp-block-file\"><a id=\"wp-block-file--media-b3799a86-ead9-4b45-8d8b-ba9eda0ad021\" href=\"https:\/\/project.inria.fr\/liveit\/files\/2024\/04\/Emma_TISON_SIRS_2024.png\" target=\"_blank\" rel=\"noreferrer noopener\">Emma_TISON_SIRS_2024<\/a><a href=\"https:\/\/project.inria.fr\/liveit\/files\/2024\/04\/Emma_TISON_SIRS_2024.png\" class=\"wp-block-file__button wp-element-button\" download aria-describedby=\"wp-block-file--media-b3799a86-ead9-4b45-8d8b-ba9eda0ad021\">T\u00e9l\u00e9charger<\/a><\/div>\n\n\n\n<ul id=\"block-b771e27b-7103-4028-8bc0-7ea287f03a16\" class=\"wp-block-list\">\n<li>Assor, A., Casamayou, V., Chauvergne, E., Corn, A., Dillmann, J., Dragicevic, P., Ferron, A., Hachet, M., Jansen, Y., Koval, M., Krogmeier, C., Le Meudec, J., Marlier, M., Petiot, L., Prouzeau, A., Tison, E. (March 25\u201329, 2024). <em>Visualisations immersives pour favoriser la compr\u00e9hension, la prise de conscience, et le bien-\u00eatre<\/em>. [Demonstration] In\u00a0IHM \u201924 : 35e\u00a0conf\u00e9rence Francophone sur l\u2019Interaction Humain-Machine, Paris, France<\/li>\n\n\n\n<li>Tison, E. (2 October, 2023). <em>CogTalk<\/em> : <em>Immersion dans les troubles du spectre schizophr\u00e9nique<\/em> [Oral communication]. AscoErgo, Bordeaux, France<\/li>\n\n\n\n<li>Tison, E.,\u00a0Prouteau, A., Hachet, M.\u00a0(2023, May).\u00a0<em>Immersion in schizophrenia spectrum disorders<\/em>\u00a0[Oral Communication]. Study days \u201cImmersion and synesthesia: sensory and imaginative absorption\u201d, Institut du Cerveau, Paris, France<\/li>\n\n\n\n<li>Tison, E.,\u00a0Prouteau, A., Hachet, M.\u00a0(2023, April).\u00a0<em>Thesis pitch: Immersion in schizophrenia spectrum disorders using augmented reality\u00a0<\/em>[Oral Communication].\u00a0Forum des Sciences Cognitives, Paris, France<\/li>\n<\/ul>\n\n\n\n<div style=\"height:79px\" aria-hidden=\"true\" class=\"wp-block-spacer\"><\/div>\n\n\n\n<h3 class=\"wp-block-heading\">In the press<\/h3>\n\n\n\n<div style=\"height:38px\" aria-hidden=\"true\" class=\"wp-block-spacer\"><\/div>\n\n\n<div class=\"wp-block-image is-style-default\">\n<figure class=\"alignright size-large is-resized\"><a href=\"https:\/\/project.inria.fr\/liveit\/files\/2024\/03\/Capture-decran-2024-03-19-a-15.12.17.png\"><img loading=\"lazy\" decoding=\"async\" width=\"1024\" height=\"279\" src=\"https:\/\/project.inria.fr\/liveit\/files\/2024\/03\/Capture-decran-2024-03-19-a-15.12.17-1024x279.png\" alt=\"\" class=\"wp-image-283\" style=\"width:444px;height:120px\" srcset=\"https:\/\/project.inria.fr\/liveit\/files\/2024\/03\/Capture-decran-2024-03-19-a-15.12.17-1024x279.png 1024w, https:\/\/project.inria.fr\/liveit\/files\/2024\/03\/Capture-decran-2024-03-19-a-15.12.17-300x82.png 300w, https:\/\/project.inria.fr\/liveit\/files\/2024\/03\/Capture-decran-2024-03-19-a-15.12.17-768x209.png 768w, https:\/\/project.inria.fr\/liveit\/files\/2024\/03\/Capture-decran-2024-03-19-a-15.12.17-150x41.png 150w, https:\/\/project.inria.fr\/liveit\/files\/2024\/03\/Capture-decran-2024-03-19-a-15.12.17.png 1061w\" sizes=\"auto, (max-width: 1024px) 100vw, 1024px\" \/><\/a><\/figure><\/div>\n\n\n<ul id=\"block-70b49bfd-72c7-4b15-9ed4-2086a9750e6c\" class=\"wp-block-list\">\n<li>(18 mars, 2024). <a href=\"https:\/\/www.20minutes.fr\/sante\/4081508-20240318-etudiants-sante-peau-schizophrene-grace-casque-realite-augmentee\">Des \u00e9tudiants en sant\u00e9 dans la peau d\u2019une personne ayant une schizophr\u00e9nie, gr\u00e2ce \u00e0 un casque de r\u00e9alit\u00e9 augment\u00e9e<\/a> [Article en ligne]. 20 minutes<\/li>\n<\/ul>","protected":false},"excerpt":{"rendered":"<p>Published articles Communications produced Online articles Conferences and forums In the press<\/p>\n<p> <a class=\"continue-reading-link\" href=\"https:\/\/project.inria.fr\/liveit\/francais-articles-et-communications\/\"><span>Continue reading<\/span><i class=\"crycon-right-dir\"><\/i><\/a> <\/p>\n","protected":false},"author":2370,"featured_media":0,"parent":0,"menu_order":0,"comment_status":"closed","ping_status":"closed","template":"","meta":{"footnotes":""},"class_list":["post-101","page","type-page","status-publish","hentry"],"_links":{"self":[{"href":"https:\/\/project.inria.fr\/liveit\/wp-json\/wp\/v2\/pages\/101","targetHints":{"allow":["GET"]}}],"collection":[{"href":"https:\/\/project.inria.fr\/liveit\/wp-json\/wp\/v2\/pages"}],"about":[{"href":"https:\/\/project.inria.fr\/liveit\/wp-json\/wp\/v2\/types\/page"}],"author":[{"embeddable":true,"href":"https:\/\/project.inria.fr\/liveit\/wp-json\/wp\/v2\/users\/2370"}],"replies":[{"embeddable":true,"href":"https:\/\/project.inria.fr\/liveit\/wp-json\/wp\/v2\/comments?post=101"}],"version-history":[{"count":52,"href":"https:\/\/project.inria.fr\/liveit\/wp-json\/wp\/v2\/pages\/101\/revisions"}],"predecessor-version":[{"id":386,"href":"https:\/\/project.inria.fr\/liveit\/wp-json\/wp\/v2\/pages\/101\/revisions\/386"}],"wp:attachment":[{"href":"https:\/\/project.inria.fr\/liveit\/wp-json\/wp\/v2\/media?parent=101"}],"curies":[{"name":"wp","href":"https:\/\/api.w.org\/{rel}","templated":true}]}}