

{"id":72,"date":"2024-10-08T13:50:12","date_gmt":"2024-10-08T11:50:12","guid":{"rendered":"https:\/\/project.inria.fr\/llm4code\/?page_id=72"},"modified":"2025-11-17T09:07:49","modified_gmt":"2025-11-17T08:07:49","slug":"meetings","status":"publish","type":"page","link":"https:\/\/project.inria.fr\/llm4code\/meetings\/","title":{"rendered":"Meetings"},"content":{"rendered":"\n<h2 class=\"wp-block-heading\">Annual meeting: 14 November 2025<\/h2>\n\n\n\n<p>Room Emmy Noether (Building: A, Floor: 0, Room: A002)<br>Centre Inria Paris, 48 Rue Barrault, 75013 Paris<\/p>\n\n\n\n<figure class=\"wp-block-table is-style-stripes\"><table><tbody><tr><td>9:00<\/td><td>Welcome\/Coffee (cafeteria 3rd floor)<\/td><td><\/td><\/tr><tr><td>9:30<\/td><td>Introduction<\/td><td>G. Baudart, M. Acher<\/td><\/tr><tr><td>9:45<\/td><td><a href=\"https:\/\/mybox.inria.fr\/f\/6cdc2af76a5f41ebaf46\/\">Software\u202fmigration\u202fand\u202fmodernisation<\/a><\/td><td>J\u2011B.\u202fEspinasse\u202f(SOPRA\u202fSTERIA +\u202fDIVERSE)<\/td><\/tr><tr><td>10:05<\/td><td><a href=\"https:\/\/mybox.inria.fr\/f\/4cff5ed6bca942a7bd34\/\">Code\u202fcompletion\u202ffor\u202flarge\u202fprojects\u202fand\u202fsmall\u202flanguages<\/a><\/td><td>O. Abedelkader\u202f(EVREF\u202f+\u202fLABRI)<\/td><\/tr><tr><td>10:25<\/td><td><a href=\"https:\/\/mybox.inria.fr\/f\/522dca32e9214ba5a8fa\/\">Babel:\u202fTranslation\u202ffrom\u202fone\u202fproof\u202fsystem\u202fto\u202fanother<\/a><\/td><td>T. Stoskopf (CASH + GALLINETTE)<\/td><\/tr><tr><td>10:45<\/td><td><a href=\"https:\/\/mybox.inria.fr\/f\/e2d241d55065499ab933\/\">Software\u202fEngineering\u202fAgents\u202ffor\u202fEmbodied\u202fController\u202fGeneration\u202fin\u202fMinigrid\u202fEnvironments<\/a><\/td><td>T. Boulet\u202f(FLOWERS\u202f+\u202fMNEMOSYNE)<\/td><\/tr><tr><td>11:05 <\/td><td><a href=\"https:\/\/mybox.inria.fr\/f\/a8fbdce08bf34bd6a01f\/\">Code\u202fCustomization\u202fwith\u202fVisual\u202fResults<\/a><\/td><td>C. Reux (DIVERSE\u202f+\u202fSPIRALS)<\/td><\/tr><tr><td>11:25<\/td><td><a href=\"https:\/\/mybox.inria.fr\/f\/39f7ad3d1ae04a35940a\/\">Self\u2011improving\u202flanguage\u202fmodels\u202ffor\u202fevolutionary\u202fprogram\u202fsynthesis<\/a><\/td><td>J. Pourcel\u202f(FLOWERS)<\/td><\/tr><tr><td>11:45<\/td><td><a href=\"https:\/\/mybox.inria.fr\/f\/f6a06fd251564862b91d\/\">Crrrocq: Chain of thoughts Retrieval assisted Recursive generation for ROCQ<\/a><\/td><td>J. Viennot\u202f(PICUBE\u202f+\u202fARGO)<\/td><\/tr><tr><td>12:05<\/td><td>Lunch<\/td><td><\/td><\/tr><tr><td>14:00<\/td><td><a href=\"https:\/\/mybox.inria.fr\/f\/4b76b6170f264958a2c0\/\">LLM\u2011based\u202fCo\u2011Evolution\u202fof\u202fConfigurable\u202fSoftware\u202fSystems<\/a><\/td><td>N. Zine\u202f(SPIRALS)<\/td><\/tr><tr><td>14:20<\/td><td><a href=\"https:\/\/mybox.inria.fr\/f\/71aa19b9feeb404ab53d\/\">When\u202fFaster\u202fIsn\u2019t\u202fGreener:\u202fThe\u202fHidden\u202fCosts\u202fof\u202fLLM\u2011Based\u202fCode\u202fOptimization<\/a><\/td><td>T. Coignion\u202f(SPIRALS)<\/td><\/tr><tr><td>14:40<\/td><td><a href=\"https:\/\/mybox.inria.fr\/f\/a406937fe61348dea22b\/\">Discovering\u202fnew\u202fmathematics\u202fwith\u202fautotelic\u202fgenerative\u202fAI\u202fagents<\/a><\/td><td>P. Tabbara\u202f(FLOWERS)<\/td><\/tr><tr><td>15:00<\/td><td><a href=\"https:\/\/mybox.inria.fr\/f\/d25911ec4f434256965e\/\">Use\u202fcases\u202ffor\u202ftraining\u202f\/\u202ffine\u2011tuning,\u202fbenchmarking,\u202fevaluation\u2026<\/a><\/td><td>T. Aynaud, \u202fB.Chauvet (Software Heritage)<\/td><\/tr><tr><td>15:30<\/td><td>Break<\/td><td><\/td><\/tr><tr><td>15:45<\/td><td>LLM4Code Improvements: <em>computational\u202fneeds,\u202fcollaborations,\u202freading\u202fgroup,\u202fwebsite\u202f&amp;\u202fdissemination<\/em><\/td><td><\/td><\/tr><tr><td>16:15<\/td><td>LLM4Code General discussions<\/td><td><\/td><\/tr><\/tbody><\/table><\/figure>\n\n\n\n<h2 class=\"wp-block-heading\">Kick-off meeting: 5 July 2024<\/h2>\n\n\n\n<p>Amphi Turing of Universit\u00e9 Paris-Cit\u00e9<br>Bat. Sophie Germain, Pl. Aur\u00e9lie Nemours, 75013 Paris<\/p>\n\n\n\n<figure class=\"wp-block-table is-style-stripes\"><table><tbody><tr><td>09:30<\/td><td>Welcome \/ Coffee<\/td><td><\/td><\/tr><tr><td>10:00<\/td><td>Introduction<\/td><td>J-F. Gerbeau<\/td><\/tr><tr><td>10:30<\/td><td><a href=\"https:\/\/mybox.inria.fr\/f\/cec3744b757d489dbf06\/\">Software migration and modernization<\/a><\/td><td>N. Anquetil, M. Acher<\/td><\/tr><tr><td>11:00<\/td><td><a href=\"https:\/\/mybox.inria.fr\/f\/91510b8bca964a098b4a\/?dl=1\">Generation of software variants<\/a><\/td><td>C. Quinton<\/td><\/tr><tr><td>11:30 <\/td><td><a href=\"https:\/\/mybox.inria.fr\/f\/fa8591bd473a406caeb5\/\">Translation from one proof system to another<\/a><\/td><td>C. Cohen<\/td><\/tr><tr><td>12:00<\/td><td>Lunch<\/td><td><\/td><\/tr><tr><td>14:00<\/td><td><a href=\"https:\/\/mybox.inria.fr\/f\/28fe76d006204e1dad55\/\">Self-improving coding skills with autotelic learning<\/a> (<a href=\"https:\/\/mybox.inria.fr\/f\/713943370cdb4a7eabaa\/\">focus ACES<\/a>)<\/td><td>P-Y. Oudeyer, J. Pourcel<\/td><\/tr><tr><td>14:30<\/td><td><a href=\"https:\/\/mybox.inria.fr\/f\/867eac2e9cfe42fd8602\/\">Controller synthesis for artificial agents in simulated environments<\/a><\/td><td>N. Fijalkow<\/td><\/tr><tr><td>15:00<\/td><td><a href=\"https:\/\/mybox.inria.fr\/f\/c0d3775323914e99b675\/\">Software Heritage and open models<\/a><\/td><td>R. Di Cosmo<\/td><\/tr><tr><td>15:30<\/td><td>Coffee<\/td><td><\/td><\/tr><tr><td>16:00<\/td><td><a href=\"https:\/\/mybox.inria.fr\/f\/a697fdd3f11744a4888c\/\">A proof assistant assistant<\/a><\/td><td>M. Lelarge<\/td><\/tr><tr><td>16:30<\/td><td><a href=\"https:\/\/mybox.inria.fr\/f\/8c24fe00108b4e90a2ed\/\">Code completion for large projects and small languages<\/a><\/td><td>R. Robbes<\/td><\/tr><tr><td>17:00<\/td><td><a href=\"https:\/\/mybox.inria.fr\/f\/17c83d8040a948868cab\/\">Continuous code co-evolution for mainstream languages and libraries<\/a><\/td><td>D. Khelladi<\/td><\/tr><tr><td>17:30<\/td><td>Discussions<\/td><td><\/td><\/tr><\/tbody><\/table><\/figure>\n\n\n\n<p><\/p>\n","protected":false},"excerpt":{"rendered":"<p>Annual meeting: 14 November 2025 Room Emmy Noether (Building: A, Floor: 0, Room: A002)Centre Inria Paris, 48 Rue Barrault, 75013 Paris 9:00 Welcome\/Coffee (cafeteria 3rd floor) 9:30 Introduction G. Baudart, M. Acher 9:45 Software\u202fmigration\u202fand\u202fmodernisation J\u2011B.\u202fEspinasse\u202f(SOPRA\u202fSTERIA +\u202fDIVERSE) 10:05 Code\u202fcompletion\u202ffor\u202flarge\u202fprojects\u202fand\u202fsmall\u202flanguages O. Abedelkader\u202f(EVREF\u202f+\u202fLABRI) 10:25 Babel:\u202fTranslation\u202ffrom\u202fone\u202fproof\u202fsystem\u202fto\u202fanother T. Stoskopf (CASH + GALLINETTE) 10:45 Software\u202fEngineering\u202fAgents\u202ffor\u202fEmbodied\u202fController\u202fGeneration\u202fin\u202fMinigrid\u202fEnvironments T.\u2026<\/p>\n<p> <a class=\"continue-reading-link\" href=\"https:\/\/project.inria.fr\/llm4code\/meetings\/\"><span>Continue reading<\/span><i class=\"crycon-right-dir\"><\/i><\/a> <\/p>\n","protected":false},"author":2510,"featured_media":0,"parent":0,"menu_order":0,"comment_status":"closed","ping_status":"closed","template":"","meta":{"footnotes":""},"class_list":["post-72","page","type-page","status-publish","hentry"],"_links":{"self":[{"href":"https:\/\/project.inria.fr\/llm4code\/wp-json\/wp\/v2\/pages\/72","targetHints":{"allow":["GET"]}}],"collection":[{"href":"https:\/\/project.inria.fr\/llm4code\/wp-json\/wp\/v2\/pages"}],"about":[{"href":"https:\/\/project.inria.fr\/llm4code\/wp-json\/wp\/v2\/types\/page"}],"author":[{"embeddable":true,"href":"https:\/\/project.inria.fr\/llm4code\/wp-json\/wp\/v2\/users\/2510"}],"replies":[{"embeddable":true,"href":"https:\/\/project.inria.fr\/llm4code\/wp-json\/wp\/v2\/comments?post=72"}],"version-history":[{"count":13,"href":"https:\/\/project.inria.fr\/llm4code\/wp-json\/wp\/v2\/pages\/72\/revisions"}],"predecessor-version":[{"id":135,"href":"https:\/\/project.inria.fr\/llm4code\/wp-json\/wp\/v2\/pages\/72\/revisions\/135"}],"wp:attachment":[{"href":"https:\/\/project.inria.fr\/llm4code\/wp-json\/wp\/v2\/media?parent=72"}],"curies":[{"name":"wp","href":"https:\/\/api.w.org\/{rel}","templated":true}]}}